{"id":35899,"date":"2022-11-14T11:57:15","date_gmt":"2022-11-14T11:57:15","guid":{"rendered":"https:\/\/www.meteo.cat\/wpweb\/?page_id=35899"},"modified":"2025-10-08T08:38:39","modified_gmt":"2025-10-08T08:38:39","slug":"butlleti-de-lany-pluviometric","status":"publish","type":"page","link":"https:\/\/www.meteo.cat\/wpweb\/climatologia\/butlletins-i-episodis-meteorologics\/butlleti-de-lany-pluviometric\/","title":{"rendered":"Butllet\u00ed de l\u2019any pluviom\u00e8tric"},"content":{"rendered":"\n<nav class=\"menu_ancores\" id=\"inici\" aria-label=\"Opcions de p\u00e0gina\">\n<ul>\n<li><a href=\"#ultimpluvio\"><i class=\"icon-link\" aria-hidden=\"true\"><\/i>Darrer butllet\u00ed<\/a><\/li>\n<li><a href=\"#pluvioanterior\"><i class=\"icon-link\" aria-hidden=\"true\"><\/i>Butlletins anteriors<\/a><\/li>\n<li><a href=\"#mescartopluvio\"><i class=\"icon-link\" aria-hidden=\"true\"><\/i>Hist\u00f2ric de cartografia<\/a><\/li>\n<\/ul>\n<\/nav>\n\n\n\n<div style=\"height:50px\" aria-hidden=\"true\" class=\"wp-block-spacer\"><\/div>\n\n\n\n<h2 id=\"ultimpluvio\">Darrer butllet\u00ed: Any pluviom\u00e8tric 2024-2025 pluj\u00f3s a Catalunya <\/h2>\n\n\n\n<ul class=\"llista-icon\"><li><i class=\"icon-linkfletxa\" aria-hidden=\"true\">&nbsp;<\/i><a href=\"https:\/\/static-m.meteo.cat\/wordpressweb\/wp-content\/uploads\/2025\/10\/08083734\/BCAP_2024-2025-2.pdf\" data-type=\"URL\">Butllet\u00ed de l&#8217;any pluviom\u00e8tric 2024\/2025<\/a> (data publicaci\u00f3 6 d&#8217;octubre de 2025)<\/li><\/ul>\n\n\n\n<div style=\"height:20px\" aria-hidden=\"true\" class=\"wp-block-spacer\"><\/div>\n\n\n\n<div class=\"wp-block-columns\">\n<div class=\"wp-block-column\">\n<h3 class=\"has-text-align-center text-color\">Precipitaci\u00f3<\/h3>\n\n\n\n<p>La precipitaci\u00f3 supera els 400 mm arreu del pa\u00eds, i tamb\u00e9 els 1.000 mm a una extensa \u00e0rea del nord i del nord-est del pa\u00eds o a la serra del Port. A l\u2019alta muntanya, els valors agafen el rang d\u2019entre els 1300 &#8211; 2000 mm.<\/p>\n<\/div>\n\n\n\n<div class=\"wp-block-column\">\n<h3 class=\"has-text-align-center text-color\">Percentatge de la precipitaci\u00f3 respecte de la mitjana clim\u00e0tica<\/h3>\n\n\n\n<p>Pluj\u00f3s a la major part, sobretot a la meitat oest. Molt pluj\u00f3s a petites \u00e0rees de l\u2019interior i de l\u2019extrem sud. Normal a gran part del quadrant nord-est i tamb\u00e9 al nord del Pirineu occidental. Nom\u00e9s en \u00e0rees orientals de l\u2019Empord\u00e0 i valls del nord del Pallars Sobir\u00e0 l\u2019any presenta un lleuger d\u00e8ficit respecte de la mitjana clim\u00e0tica.\n <\/p>\n<\/div>\n\n\n\n<div class=\"wp-block-column\">\n<h3 class=\"has-text-align-center text-color\">Precipitaci\u00f3 estacional<\/h3>\n\n\n\n<ul><li>Tardor 2024, en general plujosa, i molt plujosa al sud.  <\/li><li>Hivern 2024-2025, sec, o molt sec al sud. <li>Primavera 2025, una de les m\u00e9s plujoses de les darreres d\u00e8cades a gran part del territori.\n<\/li><li>Estiu 2025, irregular, pluj\u00f3s en \u00e0rees de l\u2019interior i del Pirineu, i sec en \u00e0rees del litoral i prelitoral, sobretot del sud.\n  <\/li><\/ul>\n<\/div>\n<\/div>\n\n\n\n<div class=\"wp-block-columns\">\n<div class=\"wp-block-column\">\n<figure class=\"wp-block-image size-large\"><img src=\"https:\/\/static-m.meteo.cat\/content\/climatologia\/cartografia\/ppt\/any-pluviometric\/2025\/png\/pptap_2024-2025_w.png\" alt=\"Mapa de la precipitaci\u00f3 acumulada durant l'any pluviom\u00e8tric 2024-2025.\"\/><\/figure>\n<\/div>\n\n\n\n<div class=\"wp-block-column\">\n<figure class=\"wp-block-image size-large\"><img src=\"https:\/\/static-m.meteo.cat\/content\/climatologia\/cartografia\/appt\/any-pluviometric\/2025\/png\/appt9120ap_2024-2025_w.png\" alt=\"Mapa del % de precipitaci\u00f3 acumulada respecte de la mitjana clim\u00e0tica any pluviom\u00e8tric 2024-2025.\"\/><\/figure>\n<\/div>\n\n\n\n<div class=\"wp-block-column\">\n<div class=\"wp-block-columns\">\n<div class=\"wp-block-column\">\n<figure class=\"wp-block-image size-large\"><img src=\"https:\/\/static-m.meteo.cat\/content\/climatologia\/cartografia\/appt\/estacional\/2024\/png\/appt9120_2024_tar_w.png\" alt=\"Mapa del % de precipitaci\u00f3 respecte la mitjana clim\u00e0tica tardor 2024\"\/><\/figure>\n\n\n\n<figure class=\"wp-block-image size-large\"><img src=\"https:\/\/static-m.meteo.cat\/content\/climatologia\/cartografia\/appt\/estacional\/2025\/png\/appt9120_2025_pri_w.png\" alt=\"Mapa del % de precipitaci\u00f3 respecte la mitjana clim\u00e0tica primavera 2025\"\/><\/figure>\n<\/div>\n\n\n\n<div class=\"wp-block-column\">\n<figure class=\"wp-block-image size-large\"><img src=\"https:\/\/static-m.meteo.cat\/content\/climatologia\/cartografia\/appt\/estacional\/2025\/png\/appt9120_2025_hiv_w.png\" alt=\"Mapa del % de precipitaci\u00f3 respecte la mitjana clim\u00e0tica hivern 2024-2025\"\/><\/figure>\n\n\n\n<figure class=\"wp-block-image size-large\"><img src=\"https:\/\/static-m.meteo.cat\/content\/climatologia\/cartografia\/appt\/estacional\/2025\/png\/appt9120_2025_est_w.png\" alt=\"Mapa del % de precipitaci\u00f3 respecte la mitjana clim\u00e0tica estiu 2025\"\/><\/figure>\n<\/div>\n<\/div>\n<\/div>\n<\/div>\n\n\n\n<div style=\"height:20px\" aria-hidden=\"true\" class=\"wp-block-spacer\"><\/div>\n\n\n\n<h3 class=\"text-color\">Destacat<\/h3>\n\n\n\n<p>A moltes zones, \u00e9s un any que es compta entre els m\u00e9s plujosos.<\/p>\n\n\n\n<a href=\"#inici\" title=\"Puja\" class=\"go-top\">Puja<\/a>\n\n\n\n<div style=\"height:50px\" aria-hidden=\"true\" class=\"wp-block-spacer\"><\/div>\n\n\n\n<h2 id=\"pluvioanterior\">Butlletins dels anys pluviom\u00e8trics anteriors<\/h2>\n\n\n\n<p>Podeu accedir als butlletins complets de mesos anteriors, en format PDF.<\/p>\n\n\n\n<form class=\"smc-combobox line\" name=\"jump2\" onsubmit=\"return redirectTo('var2')\">\n<label for=\"var2\">Triar butllet\u00ed: <\/label>\n<select id=\"var2\" name=\"myjumpbox\">\n<option value=\"https:\/\/static-m.meteo.cat\/wordpressweb\/wp-content\/uploads\/2024\/11\/06085928\/BCAP_2023-2024.pdf\">Any pluviom\u00e8tric 2023\/2024<\/option>\n<option value=\"https:\/\/static-m.meteo.cat\/wordpressweb\/wp-content\/uploads\/2023\/09\/27122941\/BCAP_2022-2023.pdf\">Any pluviom\u00e8tric 2022\/2023<\/option>\n<option value=\"https:\/\/static-m.meteo.cat\/wordpressweb\/wp-content\/uploads\/2022\/10\/20125715\/Any-pluvio-2021-2022.pdf\">Any pluviom\u00e8tric 2021\/2022<\/option>\n<option value=\"https:\/\/static-m.meteo.cat\/wordpressweb\/wp-content\/uploads\/2021\/10\/05102300\/Any-pluvio-2020-2021_v2.pdf\">Any pluviom\u00e8tric 2020\/2021<\/option>\n<option value=\"https:\/\/static-m.meteo.cat\/wordpressweb\/wp-content\/uploads\/2020\/09\/25090316\/Any-pluvio-2019-2020.pdf\">Any pluviom\u00e8tric 2019\/2020<\/option>\n<option value=\"https:\/\/static-m.meteo.cat\/wordpressweb\/wp-content\/uploads\/2019\/09\/30075915\/Any-pluvio-2018-2019.pdf\">Any pluviom\u00e8tric 2018\/2019<\/option>\n<option value=\"https:\/\/static-m.meteo.cat\/wordpressweb\/wp-content\/uploads\/2018\/10\/18103756\/Any-pluvio-2017-2018.pdf\">Any pluviom\u00e8tric 2017\/2018<\/option>\n<option value=\"https:\/\/static-m.meteo.cat\/wordpressweb\/wp-content\/uploads\/2017\/09\/29085903\/Any-pluvio-2016-2017.pdf\">Any pluviom\u00e8tric 2016\/2017<\/option>\n<option value=\"https:\/\/static-m.meteo.cat\/wordpressweb\/wp-content\/uploads\/2015\/06\/11155405\/Any-pluvio-2015-2016.pdf\">Any pluviom\u00e8tric 2015\/2016<\/option>\n<option value=\"https:\/\/static-m.meteo.cat\/wordpressweb\/wp-content\/uploads\/2015\/06\/08120932\/Any-pluvio-2014-2015.pdf\">Any pluviom\u00e8tric 2014\/2015<\/option>\n<option value=\"https:\/\/static-m.meteo.cat\/wordpressweb\/wp-content\/uploads\/2014\/11\/18075205\/any_pluviometric_2013-2014.pdf\">Any pluviom\u00e8tric 2013\/2014<\/option>\n<option value=\"https:\/\/static-m.meteo.cat\/wordpressweb\/wp-content\/uploads\/2014\/11\/18075205\/any_pluviometric_2012-2013.pdf\">Any pluviom\u00e8tric 2012\/2013<\/option>\n<option value=\"https:\/\/static-m.meteo.cat\/wordpressweb\/wp-content\/uploads\/2014\/11\/18075205\/any_pluviometric_2011-2012.pdf\">Any pluviom\u00e8tric 2011\/2012<\/option>\n<option value=\"https:\/\/static-m.meteo.cat\/wordpressweb\/wp-content\/uploads\/2014\/11\/18075205\/any_pluviometric_2010-2011.pdf\">Any pluviom\u00e8tric 2010\/2011<\/option>\n<option value=\"https:\/\/static-m.meteo.cat\/wordpressweb\/wp-content\/uploads\/2014\/11\/18075205\/any_pluviometric_2009-2010.pdf\">Any pluviom\u00e8tric 2009\/2010<\/option>\n<option value=\"https:\/\/static-m.meteo.cat\/wordpressweb\/wp-content\/uploads\/2014\/11\/18075205\/any_pluviometric_2008-2009.pdf\">Any pluviom\u00e8tric 2008\/2009<\/option>\n<option value=\"https:\/\/static-m.meteo.cat\/wordpressweb\/wp-content\/uploads\/2014\/11\/18075205\/any_pluviometric_2007-2008.pdf\">Any pluviom\u00e8tric 2007\/2008<\/option>\n<option value=\"https:\/\/static-m.meteo.cat\/wordpressweb\/wp-content\/uploads\/2014\/11\/18075205\/any_pluviometric_2006-2007.pdf\">Any pluviom\u00e8tric 2006\/2007<\/option>\n<option value=\"https:\/\/static-m.meteo.cat\/wordpressweb\/wp-content\/uploads\/2014\/11\/18075205\/any_pluviometric_2005-2006.pdf\">Any pluviom\u00e8tric 2005\/2006<\/option>\n<option value=\"https:\/\/static-m.meteo.cat\/wordpressweb\/wp-content\/uploads\/2014\/11\/18075205\/any_pluviometric_2004-2005.pdf\">Any pluviom\u00e8tric 2004\/2005<\/option>\n<option value=\"https:\/\/static-m.meteo.cat\/wordpressweb\/wp-content\/uploads\/2014\/11\/18075205\/any_pluviometric_2003-2004.pdf\">Any pluviom\u00e8tric 2003\/2004<\/option>\n<option value=\"https:\/\/static-m.meteo.cat\/wordpressweb\/wp-content\/uploads\/2014\/11\/18075205\/any_pluviometric_2002-2003.pdf\">Any pluviom\u00e8tric 2002\/2003<\/option>\n<option value=\"https:\/\/static-m.meteo.cat\/wordpressweb\/wp-content\/uploads\/2014\/11\/18075205\/any_pluviometric_2001-2002.pdf\">Any pluviom\u00e8tric 2001\/2002<\/option>\n<\/select>\n<input type=\"submit\" value=\"Obre fitxer\" class=\"go\">\n<\/form>\n\n\n\n<div style=\"height:50px\" aria-hidden=\"true\" class=\"wp-block-spacer\"><\/div>\n\n\n\n<h2 id=\"mescartopluvio\">Hist\u00f2ric de cartografia<\/h2>\n\n\n\n<ul class=\"llista-icon\"><li><i class=\"icon-linkfletxa\" aria-hidden=\"true\">&nbsp;<\/i>Voleu saber si aquest any pluviom\u00e8tric ha estat m\u00e9s sec o humit que els precedents? Accediu a <a title=\"Hist\u00f2ric mapes any pluviom\u00e8tric\" href=\"\/wpweb\/climatologia\/butlletins-i-episodis-meteorologics\/historic-de-cartografia-climatica\/historic-de-mapes-de-lany-pluviometric\/\"><strong>l&#8217;hist\u00f2ric dels mapes de l&#8217;any pluviom\u00e8tric<\/strong><\/a>.<\/li><\/ul>\n\n\n\n<p>Per entendre millor els mapes podeu consultar: <a href=\"\/wpweb\/climatologia\/recerca-i-divulgacio\/divulgacio-clima\/suport-a-la-interpretacio-dels-mapes\/\"><strong>suport a la interpretaci\u00f3 de la cartografia clim\u00e0tica<\/strong><\/a>.<\/p>\n","protected":false},"excerpt":{"rendered":"<p>Darrer butllet\u00ed Butlletins anteriors Hist\u00f2ric de cartografia Darrer butllet\u00ed: Any pluviom\u00e8tric 2024-2025 pluj\u00f3s a Catalunya &nbsp;Butllet\u00ed de l&#8217;any pluviom\u00e8tric 2024\/2025 (data publicaci\u00f3 6 d&#8217;octubre de 2025) Precipitaci\u00f3 La precipitaci\u00f3 supera els 400 mm arreu del pa\u00eds, i tamb\u00e9 els 1.000 mm a una extensa \u00e0rea del nord i del nord-est del pa\u00eds o a la [&hellip;]<\/p>\n","protected":false},"author":7,"featured_media":0,"parent":35871,"menu_order":4,"comment_status":"closed","ping_status":"closed","template":"","meta":{"_mi_skip_tracking":false,"_monsterinsights_sitenote_active":false,"_monsterinsights_sitenote_note":"","_monsterinsights_sitenote_category":0},"_links":{"self":[{"href":"https:\/\/www.meteo.cat\/wpweb\/wp-json\/wp\/v2\/pages\/35899"}],"collection":[{"href":"https:\/\/www.meteo.cat\/wpweb\/wp-json\/wp\/v2\/pages"}],"about":[{"href":"https:\/\/www.meteo.cat\/wpweb\/wp-json\/wp\/v2\/types\/page"}],"author":[{"embeddable":true,"href":"https:\/\/www.meteo.cat\/wpweb\/wp-json\/wp\/v2\/users\/7"}],"replies":[{"embeddable":true,"href":"https:\/\/www.meteo.cat\/wpweb\/wp-json\/wp\/v2\/comments?post=35899"}],"version-history":[{"count":23,"href":"https:\/\/www.meteo.cat\/wpweb\/wp-json\/wp\/v2\/pages\/35899\/revisions"}],"predecessor-version":[{"id":44423,"href":"https:\/\/www.meteo.cat\/wpweb\/wp-json\/wp\/v2\/pages\/35899\/revisions\/44423"}],"up":[{"embeddable":true,"href":"https:\/\/www.meteo.cat\/wpweb\/wp-json\/wp\/v2\/pages\/35871"}],"wp:attachment":[{"href":"https:\/\/www.meteo.cat\/wpweb\/wp-json\/wp\/v2\/media?parent=35899"}],"curies":[{"name":"wp","href":"https:\/\/api.w.org\/{rel}","templated":true}]}}