{"id":35891,"date":"2022-11-14T11:51:44","date_gmt":"2022-11-14T11:51:44","guid":{"rendered":"https:\/\/www.meteo.cat\/wpweb\/?page_id=35891"},"modified":"2026-04-07T16:45:53","modified_gmt":"2026-04-07T16:45:53","slug":"butlleti-anual","status":"publish","type":"page","link":"https:\/\/www.meteo.cat\/wpweb\/climatologia\/butlletins-i-episodis-meteorologics\/butlleti-anual\/","title":{"rendered":"Butllet\u00ed anual"},"content":{"rendered":"\n<nav class=\"menu_ancores\" id=\"inici\" aria-label=\"Opcions de p\u00e0gina\">\n<ul>\n<li><a href=\"#ultimanual\"><i class=\"icon-link\" aria-hidden=\"true\"><\/i>Darrer butllet\u00ed<\/a><\/li>\n<li><a href=\"#anualanterior\"><i class=\"icon-link\" aria-hidden=\"true\"><\/i>Butlletins anteriors<\/a><\/li>\n<li><a href=\"#mescartoanual\"><i class=\"icon-link\" aria-hidden=\"true\"><\/i>Hist\u00f2ric de cartografia<\/a><\/li>\n<\/ul>\n<\/nav>\n\n\n\n<div style=\"height:50px\" aria-hidden=\"true\" class=\"wp-block-spacer\"><\/div>\n\n\n\n<h2 id=\"ultimanual\">2025, any c\u00e0lid arreu i pluj\u00f3s a la majoria de comarques.<\/h2>\n\n\n\n<ul class=\"llista-icon\"><li><i class=\"icon-linkfletxa\" aria-hidden=\"true\">&nbsp;<\/i>\n<a href=\"https:\/\/static-m.meteo.cat\/wordpressweb\/wp-content\/uploads\/2026\/04\/07163239\/BCA_2025.pdf\">Butllet\u00ed clim\u00e0tic anual de 2025<\/a> (data publicaci\u00f3 7 d&#8217;abril de 2026)<\/li>\n<!--<li><i class=\"icon-linkfletxa\" aria-hidden=\"true\">&nbsp;<\/i>\n<\/li>-->\n<\/ul>\n\n\n\n<div style=\"height:20px\" aria-hidden=\"true\" class=\"wp-block-spacer\"><\/div>\n\n\n\n<div class=\"wp-block-columns\">\n<div class=\"wp-block-column\">\n<h3 class=\"has-text-align-center text-color\">Precipitaci\u00f3<\/h3>\n\n\n\n<p>Normal o pluj\u00f3s a bona part del pa\u00eds. En \u00e0rees de l&#8217;extrem sud s&#8217;ha situat entre els m\u00e9s plujosos dels darrers vint-i-cinc anys.<\/p>\n<\/div>\n\n\n\n<div class=\"wp-block-column\">\n<h3 class=\"has-text-align-center text-color\">Temperatura<\/h3>\n\n\n\n<p>C\u00e0lid arreu. El 80% de la superf\u00edcie presenta un valor d&#8217;anomalia d&#8217;entre +1 \u00b0C i +1,5 \u00b0C, amb els valors m\u00e9s elevats a \u00e0rees del litoral, prelitoral i tamb\u00e9 punts de l&#8217;interior <\/p>\n<\/div>\n\n\n\n<div class=\"wp-block-column\">\n<h3 class=\"has-text-align-center text-color\">Irradiaci\u00f3 solar global<\/h3>\n\n\n\n<p>Similar a la mitjana dels darrers deu anys. Una mica per sota en \u00e0rees d&#8217;Osona, Llu\u00e7an\u00e8s, sud del Bergued\u00e0, est de Solson\u00e8s i nord de l&#8217;Anoia. Nom\u00e9s petites \u00e0rees de la Val d&#8217;Aran, el Pla d&#8217;Urgell i de la Terra Alta  presenten valors positius.<\/p>\n<\/div>\n<\/div>\n\n\n\n<div class=\"wp-block-columns\">\n<div class=\"wp-block-column\">\n<figure class=\"wp-block-image size-large\"><img src=\"https:\/\/static-m.meteo.cat\/content\/climatologia\/cartografia\/appt\/anual\/2025\/png\/appt9120_2025_w.png\" alt=\"Mapa de Catalunya amb el % precipitaci\u00f3 acumulada respecte de la mitjana clim\u00e0tica. Any 2025. \"\/><\/figure>\n<\/div>\n\n\n\n<div class=\"wp-block-column\">\n<figure class=\"wp-block-image size-large\"><img src=\"https:\/\/static-m.meteo.cat\/content\/climatologia\/cartografia\/at\/anual\/2025\/png\/at9120_2025_w.png\" alt=\"Mapa de Catalunya amb la difer\u00e8ncia (\u00baC) entre la temperatura mitjana i la temperatura clim\u00e0tica. Any 2025\"\/><\/figure>\n<\/div>\n\n\n\n<div class=\"wp-block-column\">\n<figure class=\"wp-block-image size-large\"><img src=\"https:\/\/static-m.meteo.cat\/content\/climatologia\/cartografia\/ars\/anual\/2025\/png\/ars10_2025_w.png\" alt=\"Mapa de Catalunya amb l'anomalia de la irradiaci\u00f3 solar global (%). Any 2025.\n\"\/><\/figure>\n<\/div>\n<\/div>\n\n\n\n<div style=\"height:20px\" aria-hidden=\"true\" class=\"wp-block-spacer\"><\/div>\n\n\n\n<h3 class=\"text-color\">Destacat<\/h3>\n\n\n\n<ul><li>Al conjunt de Catalunya, <b>2025 \u00e9s el quart any m\u00e9s c\u00e0lid despr\u00e9s de 2024, 2023 i 2022, com a m\u00ednim des del 1950<\/b>, que \u00e9s des de quan es  disposa de s\u00e8ries clim\u00e0tiques amb bona cobertura geogr\u00e0fica. A algunes s\u00e8ries ubicades al litoral que ja disposen de m\u00e9s de 76 anys de dades, ha estat el segon o tercer any m\u00e9s c\u00e0lid, sovint empatant amb algun dels anys precedents (2022, 2023 i 2024).<\/li><li>\nAny normal o pluj\u00f3s, i fins i tot es pot qualificar de molt pluj\u00f3s al sud de Catalunya: a zones del <b>Montsi\u00e0 la precipitaci\u00f3 anual m\u00e9s que dobla el valor de la mitjana clim\u00e0tica<\/b>. Mar\u00e7, juliol i desembre destaquen perqu\u00e8 cadascun ha registrat la precipitaci\u00f3 mensual m\u00e9s elevada d&#8217;aquests mesos en el segle XXI.<\/li><\/ul>\n\n\n\n<div style=\"height:20px\" aria-hidden=\"true\" class=\"wp-block-spacer\"><\/div>\n\n\n\n<h3 class=\"text-color\">Episodis meteorol\u00f2gics <\/h3>\n\n\n\n<ul><li>\n<a href=\"https:\/\/static-m.meteo.cat\/wordpressweb\/wp-content\/uploads\/2025\/03\/12133235\/17112025_Fredorada_12_16_gener_2025.pdf\">Episodi de fred entre el 13 i 16 de gener amb gla\u00e7ades nocturnes que van ser gaireb\u00e9 generals a Catalunya<\/a> la temperatura m\u00ednima va ser de -5 \u00b0C a -10 \u00b0C a l&#8217;interior.\n<\/li><li>\n<a href=\"https:\/\/static-m.meteo.cat\/wordpressweb\/wp-content\/uploads\/2024\/03\/13115102\/10032024-NP-pluja-i-neu_v2.pdf\"><b>El 8 i 9 de mar\u00e7 precipitaci\u00f3 general<\/b> <\/a> que va acumular m\u00e9s de 50 mm a diverses \u00e0rees i prop de 100 mm al nord del Montseny. \n<\/li><li>\n<b>Episodi de precipitaci\u00f3 abundant del 6 al 9 de mar\u00e7<\/b>. Es van acumular fins a 200 mm a punts de l&#8217;Alta Garrotxa i el mass\u00eds del Port. La nevada va ser considerable a l&#8217;alta muntanya, amb m\u00e9s de mig metre de neu nova en alguns sectors.\n<\/li><li>\n<a href=\"https:\/\/static-m.meteo.cat\/wordpressweb\/wp-content\/uploads\/2025\/04\/30112756\/20250419_19_pedra_Pla_Lleida.pdf\">Tempesta que va afectar la plana de Lleida el dia 19 d&#8217;abril i que va produir una pedregada extraordin\u00e0ria.<\/a>\n<\/li><li>\n<b>Calorada entre els dies 29 i 3 de maig<\/b>, quan es van superar els 35 \u00b0C al pla de Lleida i a la vall de l&#8217;Ebre.\n<\/li><li>\n<b>Entre els dies 1 i 3 de juny<\/b> les tempestes van deixar m\u00e9s de 40 mm a la Val d&#8217;Aran. Localment van anar acompanyades de pedra, i al nord de la Garrotxa el dia 1 de juny es van mesurar pedres de fins a 6 cm, <a href=\"https:\/\/static-m.meteo.cat\/wordpressweb\/wp-content\/uploads\/2025\/06\/17105302\/informe_pedregada_garrotxa_juny_2025.pdf\"> essent l&#8217;episodi de pedra tan grossa m\u00e9s primerenc registrat.<\/a>\n<\/li><li>\n<b> Precipitaci\u00f3 entre el 4 i 6 de juliol <\/b> que va acumular m\u00e9s de 70 mm a punts de l&#8217;Alt Empord\u00e0, el Giron\u00e8s, la Selva i zones elevades del Ripoll\u00e8s. El dia 5 les tempestes van ser localment torrencials a punts d&#8217;Osona. <a href=\"https:\/\/static-m.meteo.cat\/wordpressweb\/wp-content\/uploads\/2025\/07\/16123514\/informe-esclafit-sallent-2025.pdf\">Esclafit el 5 de juliol entre Art\u00e9s i Sallent (el Bages)<\/a>\n<\/li><li>\n<b>El 23 de juliol <\/b> <a href=\"https:\/\/static-m.meteo.cat\/wordpressweb\/wp-content\/uploads\/2025\/08\/05092448\/informe_pedregada_general_juliol_2025.pdf\"> episodi de m\u00faltiples pedregades <\/a> d&#8217;afectaci\u00f3 general. El di\u00e0metre sovint va ser superior als 2 cm i fins als 5 cm.\n<\/li><li>\n<b>Onada de calor del 8 al 18 d&#8217;agost<\/b>. La temperatura m\u00e0xima va fergar els 44 \u00b0C a la Ribera d&#8217;Ebre en <a href=\"https:\/\/static-m.meteo.cat\/wordpressweb\/wp-content\/uploads\/2025\/10\/14113206\/Onada-de-calor-agost-2025.pdf\">una de les onades de calor m\u00e9s intenses i persistents registrades a Catalunya<\/a>, nom\u00e9s comparable amb les de l&#8217;agost de 2023 i de 2003.\n<\/li><li>\n<b>Tempestes del 18 al 21 d&#8217;agost <\/b>. Un episodi de tempestes va deixar m\u00e9s de 100 mm a punts del Pirineu i Prepirineu.\n<\/li><li>\n<b>El dia 1 de setembre<\/b>, <a href=\"https:\/\/static-m.meteo.cat\/wordpressweb\/wp-content\/uploads\/2025\/10\/14114010\/20250901_informe-esclafit-tordera-2025.pdf\"> un esclafit a Tordera (el Maresme)<\/a>, i el dia 13 de setembre <a href=\"https:\/\/static-m.meteo.cat\/wordpressweb\/wp-content\/uploads\/2025\/09\/30072840\/20250913_informe-esclafit-bergueda-llucanes.pdf\">esclafit als municipis de la Quar i Sag\u00e0s (el Bergued\u00e0) i Llu\u00e7\u00e0 i Sant Mart\u00ed d&#8217;Albars (el Llu\u00e7an\u00e8s)<\/a>. L&#8217;estaci\u00f3 de la Quar va mesurar 7,8 mm en un sol minut, registre de precipitaci\u00f3 minutal ins\u00f2lit mai abans mesurat per la Xarxa d&#8217;Estacions Meteorol\u00f2giques Autom\u00e0tiques (XEMA).<\/a>\n<\/li><li>\n<b>El 21 de setembre <\/b> episodi tempestu\u00f3s que va deixar <a href=\"https:\/\/static-m.meteo.cat\/wordpressweb\/wp-content\/uploads\/2025\/09\/30105708\/20250928_Aiguats-Ebre-28-29-setembre.pdf\"> m\u00e9s de 100 mm al prelitoral Central i Prepirienu.<\/a> Les tempestes van anar acompanyades de ratxes fortes o molt fortes de vent d&#8217;origen convectiu a Sant Jaume d&#8217;Enveja i a Balaguer, probablement produ\u00efdes per un esclafit. \n<\/li><li>\n<b>El 28 i 29 de setembre episodi d&#8217;aiguats a les Terres de l&#8217;Ebre <\/b> amb <a href=\"https:\/\/static-m.meteo.cat\/wordpressweb\/wp-content\/uploads\/2025\/09\/30105708\/20250928_Aiguats-Ebre-28-29-setembre.pdf\">precipitaci\u00f3 extremament abundant al delta de l&#8217;Ebre.<\/a>\n<\/li><li>\n<b>Episodi de precipitaic\u00f3 entre el 9 i 17 d&#8217;octubre <\/b> que va acumular m\u00e9s de 200 mm al Baix Ebre i al Montsi\u00e0.\n<\/li><li>\n<b> Aiguats del 14 al 17 de desembre i episodi de llevant del 25 al 29 de desembre <\/b> que va deixar m\u00e9s de 200 mm punts d&#8217;Osona i fins a 260,7 mm al PN del Port (el Baix Ebre). Al Pirineu oriental destaca la nevada amb gruixos superiors als 50 cm a cotes altes del Ripoll\u00e8s. El dia 25 la neu va emblanquinar punts del Priorat i de la Terra Alta.\n<\/li><\/ul>\n\n\n\n<a href=\"#inici\" title=\"Puja\" class=\"go-top\">Puja<\/a>\n\n\n\n<div style=\"height:50px\" aria-hidden=\"true\" class=\"wp-block-spacer\"><\/div>\n\n\n\n<h2 id=\"anualanterior\">Butlletins d&#8217;anys anteriors<\/h2>\n\n\n\n<p>Podeu accedir als butlletins complets d&#8217;anys anteriors, en format PDF.<\/p>\n\n\n\n<form class=\"smc-combobox line\" name=\"jump2\" onsubmit=\"return redirectTo('var2')\">\n<label for=\"var2\">Triar butllet\u00ed: <\/label>\n<select name=\"myjumpbox\" id=\"var2\">\n<option value=\"https:\/\/static-m.meteo.cat\/wordpressweb\/wp-content\/uploads\/2025\/04\/15135001\/BCA_2024.pdf\">Any 2024<\/option>\n<option value=\"https:\/\/static-m.meteo.cat\/wordpressweb\/wp-content\/uploads\/2024\/04\/11112647\/BCA_2023.pdf\">Any 2023<\/option>\n<option value=\"https:\/\/static-m.meteo.cat\/wordpressweb\/wp-content\/uploads\/2023\/06\/26103610\/BCA_2022.pdf\">Any 2022<\/option>\n<option value=\"https:\/\/static-m.meteo.cat\/wordpressweb\/wp-content\/uploads\/2022\/05\/03122107\/Butlleti-climatic-2021.pdf\">Any 2021<\/option>\n<option value=\"https:\/\/static-m.meteo.cat\/wordpressweb\/wp-content\/uploads\/2022\/03\/10113208\/Butlleti-climatic2020.pdf\">Any 2020<\/option>\n<option value=\"https:\/\/static-m.meteo.cat\/wordpressweb\/wp-content\/uploads\/2021\/04\/15125638\/Butllet%C3%AD-clim%C3%A0tic-2019-v3.pdf\">Any 2019<\/option><option value=\"https:\/\/static-m.meteo.cat\/wordpressweb\/wp-content\/uploads\/2021\/04\/15125626\/Butllet%C3%AD-clim%C3%A0tic-2018_v2.pdf\">Any 2018<\/option><option value=\"https:\/\/static-m.meteo.cat\/wordpressweb\/wp-content\/uploads\/2018\/11\/22161454\/Butllet%C3%AD-clim%C3%A0tic-2017-v2.pdf\">Any 2017<\/option><option value=\"https:\/\/static-m.meteo.cat\/wordpressweb\/wp-content\/uploads\/2015\/06\/13120413\/Butllet%C3%AD-clim%C3%A0tic-2016_v5.pdf\">Any 2016<\/option><option value=\"https:\/\/static-m.meteo.cat\/wordpressweb\/wp-content\/uploads\/2015\/06\/08120043\/Butllet%C3%AD_clim%C3%A0tic_2015.pdf\">Any 2015<\/option><option value=\"https:\/\/static-m.meteo.cat\/wordpressweb\/wp-content\/uploads\/2015\/06\/08120043\/Butlleti-anual-2014.pdf\">Any 2014<\/option><option value=\"https:\/\/static-m.meteo.cat\/wordpressweb\/wp-content\/uploads\/2014\/11\/18075144\/Butlleti_anual_2013.pdf\">Any 2013<\/option><option value=\"https:\/\/static-m.meteo.cat\/wordpressweb\/wp-content\/uploads\/2014\/11\/18075144\/Butlleti_anual_2012.pdf\">Any 2012<\/option><option value=\"https:\/\/static-m.meteo.cat\/wordpressweb\/wp-content\/uploads\/2014\/11\/18075144\/Butlleti_climatic-2011.pdf\">Any 2011<\/option><option value=\"https:\/\/static-m.meteo.cat\/wordpressweb\/wp-content\/uploads\/2014\/11\/18075144\/Butlleti_climatic_2010.pdf\">Any 2010<\/option><option value=\"https:\/\/static-m.meteo.cat\/wordpressweb\/wp-content\/uploads\/2014\/11\/18075144\/Butlleti_climatic_2009.pdf\">Any 2009<\/option><option value=\"https:\/\/static-m.meteo.cat\/wordpressweb\/wp-content\/uploads\/2014\/11\/18075144\/Butlleti_climatic_2008.pdf\">Any 2008<\/option><option value=\"https:\/\/static-m.meteo.cat\/wordpressweb\/wp-content\/uploads\/2014\/11\/18075144\/Butlleti_climatic_2007.pdf\">Any 2007<\/option><option value=\"https:\/\/static-m.meteo.cat\/wordpressweb\/wp-content\/uploads\/2014\/11\/18075144\/Butlleti_climatic_2006.pdf\">Any 2006<\/option><\/select>\n<input type=\"submit\" value=\"Obre fitxer\" class=\"go\">\n<\/form>\n\n\n\n<div style=\"height:50px\" aria-hidden=\"true\" class=\"wp-block-spacer\"><\/div>\n\n\n\n<h2 id=\"mescartoanual\">Hist\u00f2ric de cartografia<\/h2>\n\n\n\n<ul class=\"llista-icon\"><li><i class=\"icon-linkfletxa\" aria-hidden=\"true\">&nbsp;<\/i>Voleu comparar aquest any amb els darrers? Accediu a <a title=\"Hist\u00f2ric mapes clim\u00e0tics anuals\" href=\"\/wpweb\/climatologia\/butlletins-i-episodis-meteorologics\/historic-de-cartografia-climatica\/historic-de-mapes-climatics-anuals\/\"><strong>hist\u00f2ric de mapes clim\u00e0tics anuals<\/strong><\/a>.<\/li><\/ul>\n\n\n\n<p>Per entendre millor els mapes podeu consultar: <a href=\"\/wpweb\/climatologia\/recerca-i-divulgacio\/divulgacio-clima\/suport-a-la-interpretacio-dels-mapes\/\"><strong>suport a la interpretaci\u00f3 de la cartografia clim\u00e0tica<\/strong><\/a>.<\/p>\n","protected":false},"excerpt":{"rendered":"<p>Darrer butllet\u00ed Butlletins anteriors Hist\u00f2ric de cartografia 2025, any c\u00e0lid arreu i pluj\u00f3s a la majoria de comarques. &nbsp; Butllet\u00ed clim\u00e0tic anual de 2025 (data publicaci\u00f3 7 d&#8217;abril de 2026) Precipitaci\u00f3 Normal o pluj\u00f3s a bona part del pa\u00eds. En \u00e0rees de l&#8217;extrem sud s&#8217;ha situat entre els m\u00e9s plujosos dels darrers vint-i-cinc anys. Temperatura [&hellip;]<\/p>\n","protected":false},"author":7,"featured_media":0,"parent":35871,"menu_order":3,"comment_status":"closed","ping_status":"closed","template":"","meta":{"_mi_skip_tracking":false,"_monsterinsights_sitenote_active":false,"_monsterinsights_sitenote_note":"","_monsterinsights_sitenote_category":0},"_links":{"self":[{"href":"https:\/\/www.meteo.cat\/wpweb\/wp-json\/wp\/v2\/pages\/35891"}],"collection":[{"href":"https:\/\/www.meteo.cat\/wpweb\/wp-json\/wp\/v2\/pages"}],"about":[{"href":"https:\/\/www.meteo.cat\/wpweb\/wp-json\/wp\/v2\/types\/page"}],"author":[{"embeddable":true,"href":"https:\/\/www.meteo.cat\/wpweb\/wp-json\/wp\/v2\/users\/7"}],"replies":[{"embeddable":true,"href":"https:\/\/www.meteo.cat\/wpweb\/wp-json\/wp\/v2\/comments?post=35891"}],"version-history":[{"count":53,"href":"https:\/\/www.meteo.cat\/wpweb\/wp-json\/wp\/v2\/pages\/35891\/revisions"}],"predecessor-version":[{"id":45345,"href":"https:\/\/www.meteo.cat\/wpweb\/wp-json\/wp\/v2\/pages\/35891\/revisions\/45345"}],"up":[{"embeddable":true,"href":"https:\/\/www.meteo.cat\/wpweb\/wp-json\/wp\/v2\/pages\/35871"}],"wp:attachment":[{"href":"https:\/\/www.meteo.cat\/wpweb\/wp-json\/wp\/v2\/media?parent=35891"}],"curies":[{"name":"wp","href":"https:\/\/api.w.org\/{rel}","templated":true}]}}