{"id":35883,"date":"2022-11-14T11:40:53","date_gmt":"2022-11-14T11:40:53","guid":{"rendered":"https:\/\/www.meteo.cat\/wpweb\/?page_id=35883"},"modified":"2026-04-23T07:32:01","modified_gmt":"2026-04-23T07:32:01","slug":"butlleti-estacional","status":"publish","type":"page","link":"https:\/\/www.meteo.cat\/wpweb\/climatologia\/butlletins-i-episodis-meteorologics\/butlleti-estacional\/","title":{"rendered":"Butllet\u00ed estacional"},"content":{"rendered":"\n<nav class=\"menu_ancores\" id=\"inici\" aria-label=\"Opcions de p\u00e0gina\">\n<ul>\n<li><a href=\"#ultimestacional\"><i class=\"icon-link\" aria-hidden=\"true\"><\/i>Darrer butllet\u00ed<\/a><\/li>\n<li><a href=\"#estacionalanteriors\"><i class=\"icon-link\" aria-hidden=\"true\"><\/i>Butlletins anteriors<\/a><\/li>\n<li><a href=\"#mescartoestacional\"><i class=\"icon-link\" aria-hidden=\"true\"><\/i>Hist\u00f2ric de cartografia<\/a><\/li>\n<\/ul>\n<\/nav>\n\n\n\n<div style=\"height:50px\" aria-hidden=\"true\" class=\"wp-block-spacer\"><\/div>\n\n\n\n<h2 id=\"ultimestacional\">Hivern molt pluj\u00f3s i c\u00e0lid a Catalunya<\/h2>\n\n\n\n<ul class=\"llista-icon\"><li><i class=\"icon-linkfletxa\" aria-hidden=\"true\">\u00a0<\/i>B<a href=\"https:\/\/static-m.meteo.cat\/wordpressweb\/wp-content\/uploads\/2026\/04\/23072900\/BCE_2026_hiv.pdf\">utllet\u00ed de l&#8217;hivern 2025-2026<\/a> (data de publicaci\u00f3: 23 d&#8217;abril de 2026)<\/li><\/ul>\n\n\n\n<div style=\"height:20px\" aria-hidden=\"true\" class=\"wp-block-spacer\"><\/div>\n\n\n\n<div class=\"wp-block-columns\">\n<div class=\"wp-block-column\">\n<h3 class=\"has-text-align-center text-color\">Precipitaci\u00f3<\/h3>\n\n\n\n<p>Pluj\u00f3s al Pirineu i molt pluj\u00f3s a la resta, fins i tot, extremament pluj\u00f3s a sectors de Ponent, litoral i prelitoral sud i als dos extrems del pa\u00eds.<\/p>\n<\/div>\n\n\n\n<div class=\"wp-block-column\">\n<h3 class=\"has-text-align-center text-color\">Temperatura<\/h3>\n\n\n\n<p>C\u00e0lid pr\u00e0cticament arreu de Catalunya, sobretot a Ponent on l&#8217;anomalia de temperatura va superar els +2 \u00b0C. Nom\u00e9s a algunes \u00e0rees del Pirineu es pot qualificar de normal.<\/p>\n<\/div>\n\n\n\n<div class=\"wp-block-column\">\n<h3 class=\"has-text-align-center text-color\">Irradiaci\u00f3 solar global<\/h3>\n\n\n\n<p>Inferior a la mitjana a la major part del territori, si b\u00e9 es pot qualificar de normal al pla de Lleida.<\/p>\n<\/div>\n<\/div>\n\n\n\n<div class=\"wp-block-columns\">\n<div class=\"wp-block-column\">\n<figure class=\"wp-block-image size-large\"><a href=\"https:\/\/static-m.meteo.cat\/content\/climatologia\/cartografia\/appt\/estacional\/2026\/png\/appt9120_2026_hiv_w.png\"><img src=\"https:\/\/static-m.meteo.cat\/content\/climatologia\/cartografia\/appt\/estacional\/2026\/png\/appt9120_2026_hiv_w.png\" alt=\"Mapa de Catalunya de l'anomalia de la precipitaci\u00f3 respecte de la mitjana clim\u00e0tica 1991-2020 de l'hivern 2025-2026 (difer\u00e8ncia entre la precipitaci\u00f3 i la mitjana clim\u00e0tica)\"\/><\/a><\/figure>\n<\/div>\n\n\n\n<div class=\"wp-block-column\">\n<figure class=\"wp-block-image size-large\"><a href=\"https:\/\/static-m.meteo.cat\/content\/climatologia\/cartografia\/at\/estacional\/2026\/png\/at9120_2026_hiv_w.png\"><img src=\"https:\/\/static-m.meteo.cat\/content\/climatologia\/cartografia\/at\/estacional\/2026\/png\/at9120_2026_hiv_w.png\" alt=\"Mapa de Catalunya de l'anomalia de la temperatura respecte de la mitjana clim\u00e0tica 1991-2020 de la hivern 2025-2026 (difer\u00e8ncia entre la temperatura mitjana i la clim\u00e0tica)\"\/><\/a><\/figure>\n<\/div>\n\n\n\n<div class=\"wp-block-column\">\n<figure class=\"wp-block-image size-large\"><a href=\" https:\/\/static-m.meteo.cat\/content\/climatologia\/cartografia\/ars\/estacional\/2026\/png\/ars10_2026_hiv_w.png\"><img src=\"https:\/\/static-m.meteo.cat\/content\/climatologia\/cartografia\/ars\/estacional\/2026\/png\/ars10_2026_hiv_w.png\" alt=\"Mapa de Catalunya de l'anomalia (en %) de la irradiaci\u00f3 solar global de l'hivern 2025-2026 respecte de la mitjana dels \u00faltims 10 anys\"\/><\/a><\/figure>\n<\/div>\n<\/div>\n\n\n\n<div class=\"wp-block-columns\">\n<div class=\"wp-block-column\">\n<h3 class=\"text-color\">Vent<\/h3>\n\n\n\n<p>Al gener dos episodis de vent entre els dies 25 i 27, i entre el 30 i 31, amb cops de m\u00e9s de 100 km\/h a l&#8217;extrem sud del pa\u00eds (130 k\/h al Perell\u00f3).\nDel 9 al 12 de febrer vent de mestral amb cops superiors a 140 km\/h a l&#8217;extrem sud del pa\u00eds. El dia 12 ponentada amb ratxes superiors a 100 km\/h al litoral Central.\nDel 18 al 20 de febrer nou episodi de mestral amb cops superiors a 120 km\/h al Baix Ebre.<\/p>\n<\/div>\n\n\n\n<div class=\"wp-block-column\">\n<h3 class=\"text-color\">Situaci\u00f3 sin\u00f2ptica<\/h3>\n\n\n\n<p>Primera quinzena de desembre amb predomini anticil\u00f2nic, posteriorment despla\u00e7at cap al centre d\u2019Europa per permetre l\u2019arribada d\u2019embossaments d\u2019aire relativament fred en al\u00e7ada a la peninsula ib\u00e8rica que, juntament amb un flux humit procedent de la Mediterr\u00e0nia va afavorir una configuraci\u00f3 d&#8217;episodis de precipitaci\u00f3 abundant. Gener marcat pel domini de baixes atl\u00e0ntiques i circualaci\u00f3 zonal de l\u2019oest, a causa del bloqueig anticicl\u00f2nic al nord-est del continent europeu. El febrer tampoc va registrat cap advecci\u00f3 freda amb un flux marcadament zonal i el pas de pertorbacions atl\u00e0ntiques que van afectar sobretot la meitat oest de Catalunya.<\/p>\n<\/div>\n<\/div>\n\n\n\n<h3 class=\"text-color\">Destacat<\/h3>\n\n\n\n<p>Cal retrocedir fins l\u2019hivern 1995-1996 per trobar un hivern tan pluj\u00f3s al conjunt de Catalunya.<\/p>\n\n\n\n<div style=\"height:20px\" aria-hidden=\"true\" class=\"wp-block-spacer\"><\/div>\n\n\n\n<h3 class=\"text-color\">Episodis meteorol\u00f2gics<\/h3>\n\n\n\n<ul><li><strong>Episodi de precipitaci\u00f3 del 14 al 17 de desembre: <\/strong> la precipitaci\u00f3 va ser abundant als dos extrems de Catalunya amb acumulacions superiors als 150 mm al sud i puntualment tamb\u00e9 a l\u2019extrem nord-est.<\/li><li><strong>Episodi de precipitaci\u00f3 del 19 al 23 de desembre: <\/strong>una Depressi\u00f3 A\u00efllada a Nivells Alts (DANA) va afectar especialment el quadrant nord-est on es van registrar m\u00e9s de 100 mm.<\/li><li><strong>Episodi de llevant del 25 al 29 de desembre:<\/strong>l\u2019episodi de pluja m\u00e9s rellevant de desembre va ser causat per una DANA situada al mediterrani i un potent anticicl\u00f3 centrat al content Europeu que van canalitzar un flux de llevant que va deixar registres extraordinaris de precipitaci\u00f3 per l\u2019\u00e8poca de l\u2019any, amb m\u00e9s de 200 mm al quadrant nord-est i a l\u2019extrem sud del pa\u00eds.<\/li><li><strong>Nevada extensa a l&#8217;interior el dia 5 de gener:<\/strong> si b\u00e9 va es van acumular gruixos escassos, la nevada va ser extensa i va afectar cotes baixes de l\u2019interior de Catalunya, puntualment per sota els 500 metres. Els gruixos m\u00e9s destacables van superar els 10 cm a la Conca de Barber\u00e0 i punts de l\u2019Urgell.<\/li><li><strong> Nevada al Pirineu els dies 9 i 10 de gener:<\/strong> un front fred va fer baixar la cota de neu fins als 700 metres, si b\u00e9 els gruixos m\u00e9s destacats es van produir al vessant nord del Pirineu amb m\u00e9s de 40 cm de neu nova.\n<\/li><li><strong>Episodi de precipitaci\u00f3 entre el 16 i 20 de gener:<\/strong> la pluja va ser extensa els dies 17 i 18 i va acumular m\u00e9s de 50 mm al centre i oest del pa\u00eds. A les cotes altes del Pirineu es va acumular m\u00e9s de mig metre de neu. Els dies 18 i 19 potent llevantada que va afectar sobretot la Costa Brava on puntualment es van superar els 200 mm en 24 hores.<\/li><li><strong>Episodi de precipitaci\u00f3 del 24 al 28 de gener:<\/strong> una depressi\u00f3 va afectar el centre i est del territori amb m\u00e9s de 50 mm a l\u2019Alt Empord\u00e0. La neu va arribar a cotes baixes i puntualment es va situar per sota els 500 m.<\/li><li><strong>Episodi de precipitaci\u00f3 del 29 al 31 de gener:<\/strong> darrera pertorbaci\u00f3 del mes que va deixar m\u00e9s de 20 mm al Pirineu Occidental i un gruix de neu superior a 30 cm a les cotes altes del Pallars Sobir\u00e0.<\/li><li><strong>Nevada al Pirineu del 2 al 5 de febrer:<\/strong> un front fred va afectar fonamentalment el Pirineu, especialment el seu vessant sud.<\/li>\n<li><strong>Ponentada i precipitaci\u00f3 entre el 9 i 12 de febrer:<\/strong> fort episodi de vent de ponent a Catalunya que va afectar sobretot el litoral i prelitoral. La precipitaci\u00f3 va afectar el quadrant nord-oest on es van acumular m\u00e9s de 40 mm el dia 13 i al Pirineu la neu va acumular m\u00e9s de 15 cm al sector occidental.<\/li>\n<li><strong>Episodi de precipitaci\u00f3 entre el 13 i el 16 de febrer:<\/strong> una pertorbaci\u00f3, acompanyada amb forts cops de vent a les Terres de l\u2019Ebre, va deixar m\u00e9s de 60 mm al Pirineu occidental i es van registrar m\u00e9s de 40 cm de neu al sector occidental.<\/li><\/ul><\/ul>\n\n\n\n<a href=\"#inici\" title=\"Puja\" class=\"go-top\">Puja<\/a>\n\n\n\n<div style=\"height:50px\" aria-hidden=\"true\" class=\"wp-block-spacer\"><\/div>\n\n\n\n<h2 id=\"estacionalanteriors\">Butlletins d&#8217;estacions anteriors<\/h2>\n\n\n\n<p>Podeu accedir als butlletins complets d&#8217;estacions anteriors, en format PDF<\/p>\n\n\n\n<form class=\"smc-combobox line\" name=\"jump2\" onsubmit=\"return redirectTo('var2')\">\n<label for=\"var2\">Triar butllet\u00ed: <\/label>\n<select id=\"var2\" name=\"myjumpbox\">\n<option value=\"https:\/\/static-m.meteo.cat\/wordpressweb\/wp-content\/uploads\/2026\/01\/23114249\/BCE_2025_tar.pdf\">Tardor 2025<\/option>\n<option value=\"https:\/\/static-m.meteo.cat\/wordpressweb\/wp-content\/uploads\/2025\/10\/27084409\/BCE_2025_est.pdf\">Estiu 2025<\/option>\n<option value=\"https:\/\/static-m.meteo.cat\/wordpressweb\/wp-content\/uploads\/2025\/07\/11085518\/BCE_2025_pri-1.pdf\">Primavera 2025<\/option>\n<option value=\"https:\/\/static-m.meteo.cat\/wordpressweb\/wp-content\/uploads\/2025\/05\/22074407\/BCE_2025_hiv.pdf\">Hivern 2024-2025<\/option>\n<option value=\"https:\/\/static-m.meteo.cat\/wordpressweb\/wp-content\/uploads\/2025\/02\/17084238\/BCE_2024_tar.pdf\">Tardor 2024<\/option>\n<option value=\"https:\/\/static-m.meteo.cat\/wordpressweb\/wp-content\/uploads\/2024\/10\/11124406\/BCE_2024_est.pdf\">Estiu 2024<\/option>\n<option value=\"https:\/\/static-m.meteo.cat\/wordpressweb\/wp-content\/uploads\/2024\/07\/10124055\/BCE_2024_pri.pdf\">Primavera 2024<\/option>\n<option value=\"https:\/\/static-m.meteo.cat\/wordpressweb\/wp-content\/uploads\/2024\/04\/18104427\/BCE_2024_hiv.pdf\">Hivern 2023-2024<\/option>\n<option value=\"https:\/\/static-m.meteo.cat\/wordpressweb\/wp-content\/uploads\/2024\/01\/16114523\/BCE_2023_tar.pdf\">Tardor 2023<\/option>\n<option value=\"https:\/\/static-m.meteo.cat\/wordpressweb\/wp-content\/uploads\/2023\/11\/24123046\/BCE_2023_est-1.pdf\">Estiu 2023<\/option>\n<option value=\"https:\/\/static-m.meteo.cat\/wordpressweb\/wp-content\/uploads\/2023\/09\/05115044\/BCE_2023_pri.pdf\">Primavera 2023<\/option>\n<option value=\"https:\/\/static-m.meteo.cat\/wordpressweb\/wp-content\/uploads\/2024\/04\/11155343\/BCE_2023_hiv.pdf\">Hivern 2022-2023<\/option>\n<option value=\"https:\/\/static-m.meteo.cat\/wordpressweb\/wp-content\/uploads\/2023\/07\/18114921\/BCE_2022_tar.pdf\">Tardor 2022<\/option>\n<option value=\"https:\/\/static-m.meteo.cat\/wordpressweb\/wp-content\/uploads\/2023\/07\/18113711\/BCE_2022_est.pdf\">Estiu 2022<\/option>\n\n<option value=\"https:\/\/static-m.meteo.cat\/wordpressweb\/wp-content\/uploads\/2022\/07\/13102926\/Butlleti-primavera-2022.pdf\">Primavera 2022<\/option>\n\n<option value=\"https:\/\/static-m.meteo.cat\/wordpressweb\/wp-content\/uploads\/2022\/05\/04105035\/Butlleti-hivern-2021-2022-v2.pdf\">Hivern 2021-2022<\/option>\n<option value=\"https:\/\/static-m.meteo.cat\/wordpressweb\/wp-content\/uploads\/2022\/05\/03114408\/Butlleti-tardor-2021_v4.pdf\">Tardor 2021<\/option>\n<option value=\"https:\/\/static-m.meteo.cat\/wordpressweb\/wp-content\/uploads\/2022\/05\/03114324\/Butlleti-estiu-2021-v4.pdf\">Estiu 2021<\/option>\n<option value=\"https:\/\/static-m.meteo.cat\/wordpressweb\/wp-content\/uploads\/2022\/05\/03114353\/Butlleti-primavera-2021-v3.pdf\">Primavera 2021<\/option>\n<option value=\"https:\/\/static-m.meteo.cat\/wordpressweb\/wp-content\/uploads\/2021\/04\/15125703\/Butllet%C3%AD-hivern-2020-2021-v2.pdf\">Hivern 2020-2021<\/option>\n<option value=\"https:\/\/static-m.meteo.cat\/wordpressweb\/wp-content\/uploads\/2021\/01\/18142820\/Butllet%C3%AD-tardor-2020.pdf\">Tardor 2020<\/option>\n<option value=\"https:\/\/static-m.meteo.cat\/wordpressweb\/wp-content\/uploads\/2020\/10\/07095808\/Butllet%C3%AD-estiu-2020.pdf\">Estiu 2020<\/option>\n<option value=\"https:\/\/static-m.meteo.cat\/wordpressweb\/wp-content\/uploads\/2021\/07\/14123731\/Butlleti-primavera-2020_v2.pdf\">Primavera 2020<\/option><option value=\"https:\/\/static-m.meteo.cat\/wordpressweb\/wp-content\/uploads\/2020\/05\/12143717\/Butllet%C3%AD-hivern-2019-2020.pdf\">Hivern 2019-2020<\/option><option value=\"https:\/\/static-m.meteo.cat\/wordpressweb\/wp-content\/uploads\/2020\/01\/20152244\/Butllet%C3%AD-tardor-2019_v2.pdf\">Tardor 2019<\/option><option value=\"https:\/\/static-m.meteo.cat\/wordpressweb\/wp-content\/uploads\/2019\/10\/10104958\/Butllet%C3%AD-estiu-2019.pdf\">Estiu 2019<\/option><option value=\"https:\/\/static-m.meteo.cat\/wordpressweb\/wp-content\/uploads\/2019\/07\/04080423\/Butllet%C3%AD-primavera-2019.pdf\">Primavera 2019<\/option><option value=\"https:\/\/static-m.meteo.cat\/wordpressweb\/wp-content\/uploads\/2019\/04\/11092015\/Butllet%C3%AD-hivern-2018-2019.pdf\">Hivern 2018-2019<\/option><option value=\"https:\/\/static-m.meteo.cat\/wordpressweb\/wp-content\/uploads\/2019\/01\/16094738\/Butllet%C3%AD-tardor-2018.pdf\">Tardor 2018<\/option><option value=\"https:\/\/static-m.meteo.cat\/wordpressweb\/wp-content\/uploads\/2018\/11\/22161025\/Butllet%C3%AD-estiu-2018_v2.pdf\">Estiu 2018<\/option><option value=\"https:\/\/static-m.meteo.cat\/wordpressweb\/wp-content\/uploads\/2018\/11\/22161004\/Butllet%C3%AD-primavera-2018_v2.pdf\">Primavera 2018<\/option><option value=\"https:\/\/static-m.meteo.cat\/wordpressweb\/wp-content\/uploads\/2018\/11\/22160946\/Butllet%C3%AD-hivern-2017-2018_v2.pdf\">Hivern 2017-2018<\/option><option value=\"https:\/\/static-m.meteo.cat\/wordpressweb\/wp-content\/uploads\/2018\/11\/22160919\/Butllet%C3%AD_tardor_2017_v2.pdf\">Tardor 2017<\/option><option value=\"https:\/\/static-m.meteo.cat\/wordpressweb\/wp-content\/uploads\/2018\/11\/22160858\/Butllet%C3%AD_estiu_2017_v4.pdf\">Estiu 2017<\/option><option value=\"https:\/\/static-m.meteo.cat\/wordpressweb\/wp-content\/uploads\/2018\/11\/22160838\/Butllet%C3%AD_primavera_2017_v4.pdf\">Primavera 2017<\/option><option value=\"https:\/\/static-m.meteo.cat\/wordpressweb\/wp-content\/uploads\/2017\/07\/10095440\/Butllet%C3%AD-hivern-2017_v2.pdf\">Hivern 2016-2017<\/option><option value=\"https:\/\/static-m.meteo.cat\/wordpressweb\/wp-content\/uploads\/2017\/04\/24121057\/Butllet%C3%AD-tardor-2016_v2.pdf\">Tardor 2016<\/option><option value=\"https:\/\/static-m.meteo.cat\/wordpressweb\/wp-content\/uploads\/2017\/04\/25114713\/Butllet%C3%AD-estiu-2016_v3.pdf\">Estiu 2016<\/option><option value=\"https:\/\/static-m.meteo.cat\/wordpressweb\/wp-content\/uploads\/2021\/06\/25133353\/Butlleti-primavera-2016_v6.pdf\">Primavera 2016<\/option><option value=\"https:\/\/static-m.meteo.cat\/wordpressweb\/wp-content\/uploads\/2017\/04\/24153151\/Butllet%C3%AD-hivern-2015-2016_v4.pdf\">Hivern 2015\/2016<\/option><option value=\"https:\/\/static-m.meteo.cat\/wordpressweb\/wp-content\/uploads\/2015\/06\/08114832\/Butllet%C3%AD-tardor-2015.pdf\">Tardor 2015<\/option><option value=\"https:\/\/static-m.meteo.cat\/wordpressweb\/wp-content\/uploads\/2014\/11\/18075101\/Butllet%C3%AD-estiu-2015.pdf\">Estiu 2015<\/option><option value=\"https:\/\/static-m.meteo.cat\/wordpressweb\/wp-content\/uploads\/2015\/06\/08114832\/Butllet%C3%AD-primavera-2015.pdf\">Primavera 2015<\/option><option value=\"https:\/\/static-m.meteo.cat\/wordpressweb\/wp-content\/uploads\/2014\/11\/18075101\/Butllet%C3%AD-hivern-2014-2015.pdf\">Hivern 2014\/2015<\/option><option value=\"https:\/\/static-m.meteo.cat\/wordpressweb\/wp-content\/uploads\/2015\/02\/18101602\/Butllet%C3%AD-tardor-2014.pdf\">Tardor 2014<\/option><option value=\"https:\/\/static-m.meteo.cat\/wordpressweb\/wp-content\/uploads\/2014\/11\/18075101\/Butlleti_estiu_2014.pdf\">Estiu 2014<\/option><option value=\"https:\/\/static-m.meteo.cat\/wordpressweb\/wp-content\/uploads\/2014\/11\/18075101\/Butlleti_primavera_2014.pdf\">Primavera 2014<\/option><option value=\"https:\/\/static-m.meteo.cat\/wordpressweb\/wp-content\/uploads\/2014\/11\/18075101\/Butlleti_hivern_2013_2014.pdf\">Hivern 2013\/2014<\/option><option value=\"https:\/\/static-m.meteo.cat\/wordpressweb\/wp-content\/uploads\/2014\/11\/18075101\/Butlleti_tardor_2013.pdf\">Tardor 2013<\/option><option value=\"https:\/\/static-m.meteo.cat\/wordpressweb\/wp-content\/uploads\/2014\/11\/18075101\/Butlleti_estiu_2013.pdf\">Estiu 2013<\/option><option value=\"https:\/\/static-m.meteo.cat\/wordpressweb\/wp-content\/uploads\/2014\/11\/18075101\/Butlleti_primavera_2013.pdf\">Primavera 2013<\/option><option value=\"https:\/\/static-m.meteo.cat\/wordpressweb\/wp-content\/uploads\/2014\/11\/18075101\/Butlleti_hivern_2012_2013.pdf\">Hivern 2012\/2013<\/option><option value=\"https:\/\/static-m.meteo.cat\/wordpressweb\/wp-content\/uploads\/2014\/11\/18075101\/Butllet%C3%AD_tardor_2012.pdf\">Tardor 2012<\/option><option value=\"https:\/\/static-m.meteo.cat\/wordpressweb\/wp-content\/uploads\/2014\/11\/18075101\/Butlleti_estiu_2012.pdf\">Estiu 2012<\/option><option value=\"https:\/\/static-m.meteo.cat\/wordpressweb\/wp-content\/uploads\/2014\/11\/18075101\/Butlleti_primavera_2012.pdf\">Primavera 2012<\/option><option value=\"https:\/\/static-m.meteo.cat\/wordpressweb\/wp-content\/uploads\/2014\/11\/18075101\/Butlleti_hivern_2011_2012.pdf\">Hivern 2011\/2012<\/option><option value=\"https:\/\/static-m.meteo.cat\/wordpressweb\/wp-content\/uploads\/2014\/11\/18075101\/Butlleti_tardor_2011.pdf\">Tardor 2011<\/option><option value=\"https:\/\/static-m.meteo.cat\/wordpressweb\/wp-content\/uploads\/2014\/11\/18075101\/Butlleti_estiu_2011.pdf\">Estiu 2011<\/option><option value=\"https:\/\/static-m.meteo.cat\/wordpressweb\/wp-content\/uploads\/2014\/11\/18075101\/Butlleti_primavera_2011.pdf\">Primavera 2011<\/option><option value=\"https:\/\/static-m.meteo.cat\/wordpressweb\/wp-content\/uploads\/2014\/11\/18075101\/Butlleti_hivern_2010_2011.pdf\">Hivern 2010\/2011<\/option><option value=\"https:\/\/static-m.meteo.cat\/wordpressweb\/wp-content\/uploads\/2014\/11\/18075101\/tardor_2010.pdf\">Tardor 2010<\/option><option value=\"https:\/\/static-m.meteo.cat\/wordpressweb\/wp-content\/uploads\/2014\/11\/18075101\/estiu_2010.pdf\">Estiu 2010<\/option><option value=\"https:\/\/static-m.meteo.cat\/wordpressweb\/wp-content\/uploads\/2014\/11\/18075101\/primavera_2010.pdf\">Primavera 2010<\/option><option value=\"https:\/\/static-m.meteo.cat\/wordpressweb\/wp-content\/uploads\/2014\/11\/18075101\/hivern_2010.pdf\">Hivern 2009\/2010<\/option><option value=\"https:\/\/static-m.meteo.cat\/wordpressweb\/wp-content\/uploads\/2014\/11\/18075101\/tardor_2009.pdf\">Tardor 2009<\/option><option value=\"https:\/\/static-m.meteo.cat\/wordpressweb\/wp-content\/uploads\/2014\/11\/18075101\/estiu_2009.pdf\">Estiu 2009<\/option><option value=\"https:\/\/static-m.meteo.cat\/wordpressweb\/wp-content\/uploads\/2014\/11\/18075101\/primavera_2009.pdf\">Primavera 2009<\/option><option value=\"https:\/\/static-m.meteo.cat\/wordpressweb\/wp-content\/uploads\/2014\/11\/18075101\/hivern_2009.pdf\">Hivern 2008\/2009<\/option><option value=\"https:\/\/static-m.meteo.cat\/wordpressweb\/wp-content\/uploads\/2014\/11\/18075101\/tardor_2008.pdf\">Tardor 2008<\/option><option value=\"https:\/\/static-m.meteo.cat\/wordpressweb\/wp-content\/uploads\/2014\/11\/18075101\/estiu_2008.pdf\">Estiu 2008<\/option><option value=\"https:\/\/static-m.meteo.cat\/wordpressweb\/wp-content\/uploads\/2014\/11\/18075101\/primavera_2008.pdf\">Primavera 2008<\/option><option value=\"https:\/\/static-m.meteo.cat\/wordpressweb\/wp-content\/uploads\/2014\/11\/18075101\/hivern_2008.pdf\">Hivern 2007\/2008<\/option><option value=\"https:\/\/static-m.meteo.cat\/wordpressweb\/wp-content\/uploads\/2014\/11\/18075101\/tardor_2007.pdf\">Tardor 2007<\/option><option value=\"https:\/\/static-m.meteo.cat\/wordpressweb\/wp-content\/uploads\/2014\/11\/18075101\/estiu_2007.pdf\">Estiu 2007<\/option><option value=\"https:\/\/static-m.meteo.cat\/wordpressweb\/wp-content\/uploads\/2014\/11\/18075101\/primavera_2007.pdf\">Primavera 2007<\/option><option value=\"https:\/\/static-m.meteo.cat\/wordpressweb\/wp-content\/uploads\/2014\/11\/18075101\/hivern_2007.pdf\">Hivern 2006\/2007<\/option><\/select>\n<input type=\"submit\" value=\"Obre fitxer\" class=\"go\">\n<\/form>\n\n\n\n<div style=\"height:50px\" aria-hidden=\"true\" class=\"wp-block-spacer\"><\/div>\n\n\n\n<h2 id=\"mescartoestacional\">Hist\u00f2ric de cartografia<\/h2>\n\n\n\n<ul class=\"llista-icon\"><li><i class=\"icon-linkfletxa\" aria-hidden=\"true\">&nbsp;<\/i>Voleu saber si aquesta estaci\u00f3 ha estat m\u00e9s c\u00e0lida o m\u00e9s freda que la de l&#8217;any passat? Accediu a <a href=\"\/wpweb\/climatologia\/butlletins-i-episodis-meteorologics\/historic-de-cartografia-climatica\/historic-de-mapes-de-temperatura-estacional\/\"><strong>l&#8217;hist\u00f2ric de mapes de temperatura estacional<\/strong><\/a>.<\/li><li><i class=\"icon-linkfletxa\" aria-hidden=\"true\">&nbsp;<\/i>Aquesta darrera estaci\u00f3 ha estat m\u00e9s plujosa o m\u00e9s seca que la de fa tres anys? Accediu a <a href=\"\/wpweb\/climatologia\/butlletins-i-episodis-meteorologics\/historic-de-cartografia-climatica\/historic-de-mapes-de-precipitacio-estacional\/\"><strong>l&#8217;hist\u00f2ric de mapes de precipitaci\u00f3 estacional<\/strong><\/a>.<\/li><li><i class=\"icon-linkfletxa\" aria-hidden=\"true\">&nbsp;<\/i>Com ha estat la irradiaci\u00f3 solar de l&#8217;estaci\u00f3 en comparaci\u00f3 amb per\u00edodes anteriors? Accediu a <a href=\"\/wpweb\/climatologia\/butlletins-i-episodis-meteorologics\/historic-de-cartografia-climatica\/historic-de-mapes-dirradiacio-solar-estacional-i-anual\/\"><strong>l&#8217;hist\u00f2ric de mapes d&#8217;irradiaci\u00f3 solar estacional<\/strong><\/a>.<\/li><\/ul>\n\n\n\n<p>Per entendre millor els mapes podeu consultar: <a href=\"https:\/\/www.meteo.cat\/wpweb\/climatologia\/recerca-i-divulgacio\/divulgacio-clima\/suport-a-la-interpretacio-dels-mapes\/\"><strong>suport a la interpretaci\u00f3 de la cartografia clim\u00e0tica<\/strong><\/a>.<\/p>\n","protected":false},"excerpt":{"rendered":"<p>Darrer butllet\u00ed Butlletins anteriors Hist\u00f2ric de cartografia Hivern molt pluj\u00f3s i c\u00e0lid a Catalunya \u00a0Butllet\u00ed de l&#8217;hivern 2025-2026 (data de publicaci\u00f3: 23 d&#8217;abril de 2026) Precipitaci\u00f3 Pluj\u00f3s al Pirineu i molt pluj\u00f3s a la resta, fins i tot, extremament pluj\u00f3s a sectors de Ponent, litoral i prelitoral sud i als dos extrems del pa\u00eds. Temperatura [&hellip;]<\/p>\n","protected":false},"author":7,"featured_media":0,"parent":35871,"menu_order":2,"comment_status":"closed","ping_status":"closed","template":"","meta":{"_mi_skip_tracking":false,"_monsterinsights_sitenote_active":false,"_monsterinsights_sitenote_note":"","_monsterinsights_sitenote_category":0},"_links":{"self":[{"href":"https:\/\/www.meteo.cat\/wpweb\/wp-json\/wp\/v2\/pages\/35883"}],"collection":[{"href":"https:\/\/www.meteo.cat\/wpweb\/wp-json\/wp\/v2\/pages"}],"about":[{"href":"https:\/\/www.meteo.cat\/wpweb\/wp-json\/wp\/v2\/types\/page"}],"author":[{"embeddable":true,"href":"https:\/\/www.meteo.cat\/wpweb\/wp-json\/wp\/v2\/users\/7"}],"replies":[{"embeddable":true,"href":"https:\/\/www.meteo.cat\/wpweb\/wp-json\/wp\/v2\/comments?post=35883"}],"version-history":[{"count":117,"href":"https:\/\/www.meteo.cat\/wpweb\/wp-json\/wp\/v2\/pages\/35883\/revisions"}],"predecessor-version":[{"id":45410,"href":"https:\/\/www.meteo.cat\/wpweb\/wp-json\/wp\/v2\/pages\/35883\/revisions\/45410"}],"up":[{"embeddable":true,"href":"https:\/\/www.meteo.cat\/wpweb\/wp-json\/wp\/v2\/pages\/35871"}],"wp:attachment":[{"href":"https:\/\/www.meteo.cat\/wpweb\/wp-json\/wp\/v2\/media?parent=35883"}],"curies":[{"name":"wp","href":"https:\/\/api.w.org\/{rel}","templated":true}]}}