{"id":35858,"date":"2022-11-14T11:05:31","date_gmt":"2022-11-14T11:05:31","guid":{"rendered":"https:\/\/www.meteo.cat\/wpweb\/?page_id=35858"},"modified":"2023-02-22T10:37:59","modified_gmt":"2023-02-22T10:37:59","slug":"climatologies-comarcals","status":"publish","type":"page","link":"https:\/\/www.meteo.cat\/wpweb\/climatologia\/el-clima\/climatologies-comarcals\/","title":{"rendered":"Climatologies comarcals"},"content":{"rendered":"\n<p>Per a totes les comarques es presenta una descripci\u00f3 clim\u00e0tica general, la qual es basa en la divisi\u00f3 clim\u00e0tica de Catalunya segons el r\u00e8gim termopluviom\u00e8tric.<\/p>\n\n\n\n<p>L\u2019SMC treballa constantment en la localitzaci\u00f3 i la recuperaci\u00f3 de totes les dades meteorol\u00f2giques existents a Catalunya, \u00e9s el que s&#8217;anomena &#8220;rescat de dades&#8221;. Posteriorment, aquestes dades se sotmeten a un control de qualitat i an\u00e0lisi d&#8217;homogene\u00eftat, per tal que donin informaci\u00f3 fiable i representativa. Actualment, s&#8217;est\u00e0 treballant en l&#8217;elaboraci\u00f3 de les climatologies per al trentenni de refer\u00e8ncia 1991-2020. Provisionalment, es mostren en aquest apartat les climatologies corresponents als per\u00edodes 1961-1990 i\/o 1971-2000, agrupades per comarques. A hores d&#8217;ara, vint-i-quatre comarques disposen, com a m\u00ednim, d&#8217;una s\u00e8rie clim\u00e0tica per als dos per\u00edodes de refer\u00e8ncia.<\/p>\n\n\n\n<div style=\"height:20px\" aria-hidden=\"true\" class=\"wp-block-spacer\"><\/div>\n\n\n\n<p>Per descarregar-vos les climatologies en format PDF, seleccioneu la comarca desitjada i feu clic a &#8220;Obre fitxer&#8221;.<\/p>\n\n\n\n<form class=\"smc-combobox line\" name=\"jump2\" onsubmit=\"return redirectTo('com2')\">\n<label for=\"com2\">Tria la comarca: <\/label>\n<select name=\"myjumpbox\" aria-label=\"Selecciona la comarca\" id=\"com2\">\n<option value=\"\">Comarca<\/option>\n\n<option value=\"https:\/\/static-m.meteo.cat\/wordpressweb\/wp-content\/uploads\/2014\/11\/13083422\/AltCamp.pdf\">Alt Camp<\/option>\n<option value=\"https:\/\/static-m.meteo.cat\/wordpressweb\/wp-content\/uploads\/2014\/11\/13083422\/AltEmporda.pdf\">Alt Empord\u00e0<\/option>\n<option value=\"https:\/\/static-m.meteo.cat\/wordpressweb\/wp-content\/uploads\/2014\/11\/13083422\/AltPenedes.pdf\">Alt Pened\u00e8s<\/option>\n<option value=\"https:\/\/static-m.meteo.cat\/wordpressweb\/wp-content\/uploads\/2014\/11\/13083422\/AltUrgell.pdf\">Alt Urgell<\/option>\n<option value=\"https:\/\/static-m.meteo.cat\/wordpressweb\/wp-content\/uploads\/2014\/11\/13083422\/AltaRibagorca.pdf\">Alta Ribagor\u00e7a<\/option>\n<option value=\"https:\/\/static-m.meteo.cat\/wordpressweb\/wp-content\/uploads\/2014\/11\/13083422\/Anoia.pdf\">Anoia<\/option>\n<option value=\"https:\/\/static-m.meteo.cat\/wordpressweb\/wp-content\/uploads\/2015\/09\/30083307\/Bages.pdf\">Bages<\/option>\n<option value=\"https:\/\/static-m.meteo.cat\/wordpressweb\/wp-content\/uploads\/2014\/11\/13083422\/BaixCamp.pdf\">Baix Camp<\/option>\n<option value=\"https:\/\/static-m.meteo.cat\/wordpressweb\/wp-content\/uploads\/2014\/11\/13083422\/BaixEbre.pdf\">Baix Ebre<\/option>\n<option value=\"https:\/\/static-m.meteo.cat\/wordpressweb\/wp-content\/uploads\/2014\/11\/13083422\/BaixEmporda.pdf\">Baix Empord\u00e0<\/option>\n<option value=\"https:\/\/static-m.meteo.cat\/wordpressweb\/wp-content\/uploads\/2014\/11\/13083422\/BaixLlobregat.pdf\">Baix Llobregat<\/option>\n<option value=\"https:\/\/static-m.meteo.cat\/wordpressweb\/wp-content\/uploads\/2014\/11\/13083422\/BaixPenedes.pdf\">Baix Pened\u00e8s<\/option>\n<option value=\"https:\/\/static-m.meteo.cat\/wordpressweb\/wp-content\/uploads\/2014\/11\/13083422\/Barcelones.pdf\">Barcelon\u00e8s<\/option>\n<option value=\"https:\/\/static-m.meteo.cat\/wordpressweb\/wp-content\/uploads\/2014\/11\/13083422\/Bergueda.pdf\">Bergued\u00e0<\/option>\n<option value=\"https:\/\/static-m.meteo.cat\/wordpressweb\/wp-content\/uploads\/2014\/11\/13083422\/Cerdanya.pdf\">Cerdanya<\/option>\n<option value=\"https:\/\/static-m.meteo.cat\/wordpressweb\/wp-content\/uploads\/2014\/11\/13083422\/ConcaBarbera.pdf\">Conca de Barber\u00e0<\/option>\n<option value=\"https:\/\/static-m.meteo.cat\/wordpressweb\/wp-content\/uploads\/2014\/11\/13083422\/Garraf.pdf\">Garraf<\/option>\n<option value=\"https:\/\/static-m.meteo.cat\/wordpressweb\/wp-content\/uploads\/2014\/11\/13083422\/Garrigues.pdf\">Garrigues<\/option>\n<option value=\"https:\/\/static-m.meteo.cat\/wordpressweb\/wp-content\/uploads\/2014\/11\/13083422\/Garrotxa.pdf\">Garrotxa<\/option>\n<option value=\"https:\/\/static-m.meteo.cat\/wordpressweb\/wp-content\/uploads\/2015\/08\/06103704\/el_Giron%C3%A8s.pdf\">Giron\u00e8s<\/option>\n<option value=\"https:\/\/static-m.meteo.cat\/wordpressweb\/wp-content\/uploads\/2014\/11\/13083422\/Maresme.pdf\">Maresme<\/option>\n<option value=\"https:\/\/static-m.meteo.cat\/wordpressweb\/wp-content\/uploads\/2015\/08\/24101055\/Moian%C3%A8s.pdf\">Moian\u00e8s<\/option>\n<option value=\"https:\/\/static-m.meteo.cat\/wordpressweb\/wp-content\/uploads\/2014\/11\/13083422\/Montsia.pdf\">Montsi\u00e0<\/option>\n<option value=\"https:\/\/static-m.meteo.cat\/wordpressweb\/wp-content\/uploads\/2014\/11\/13083422\/Noguera.pdf\">Noguera<\/option>\n<option value=\"https:\/\/static-m.meteo.cat\/wordpressweb\/wp-content\/uploads\/2014\/11\/13083422\/Osona.pdf\">Osona<\/option>\n<option value=\"https:\/\/static-m.meteo.cat\/wordpressweb\/wp-content\/uploads\/2014\/11\/13083422\/PallarsJussa.pdf\">Pallars Juss\u00e0<\/option>\n<option value=\"https:\/\/static-m.meteo.cat\/wordpressweb\/wp-content\/uploads\/2014\/11\/13083422\/PallarsSobira.pdf\">Pallars Sobir\u00e0<\/option>\n<option value=\"https:\/\/static-m.meteo.cat\/wordpressweb\/wp-content\/uploads\/2014\/11\/13083422\/PlaUrgell.pdf\">Pla d&#8217;Urgell<\/option>\n<option value=\"https:\/\/static-m.meteo.cat\/wordpressweb\/wp-content\/uploads\/2014\/11\/13083422\/PlaEstany.pdf\">Pla de l&#8217;Estany<\/option>\n<option value=\"https:\/\/static-m.meteo.cat\/wordpressweb\/wp-content\/uploads\/2014\/11\/13083422\/Priorat.pdf\">Priorat<\/option>\n<option value=\"https:\/\/static-m.meteo.cat\/wordpressweb\/wp-content\/uploads\/2014\/11\/13083422\/RiberaEbre.pdf\">Ribera d&#8217;Ebre<\/option>\n<option value=\"https:\/\/static-m.meteo.cat\/wordpressweb\/wp-content\/uploads\/2014\/11\/13083422\/Ripolles.pdf\">Ripoll\u00e8s<\/option>\n<option value=\"https:\/\/static-m.meteo.cat\/wordpressweb\/wp-content\/uploads\/2014\/11\/13083422\/Segarra.pdf\">Segarra<\/option>\n<option value=\"https:\/\/static-m.meteo.cat\/wordpressweb\/wp-content\/uploads\/2014\/11\/13083422\/Segria.pdf\">Segri\u00e0<\/option>\n<option value=\"https:\/\/static-m.meteo.cat\/wordpressweb\/wp-content\/uploads\/2014\/11\/13083422\/Selva.pdf\">Selva<\/option>\n<option value=\"https:\/\/static-m.meteo.cat\/wordpressweb\/wp-content\/uploads\/2014\/11\/13083422\/Solsones.pdf\">Solson\u00e8s<\/option>\n<option value=\"https:\/\/static-m.meteo.cat\/wordpressweb\/wp-content\/uploads\/2014\/11\/13083422\/Tarragones.pdf\">Tarragon\u00e8s<\/option>\n<option value=\"https:\/\/static-m.meteo.cat\/wordpressweb\/wp-content\/uploads\/2014\/11\/13083422\/TerraAlta.pdf\">Terra Alta<\/option>\n<option value=\"https:\/\/static-m.meteo.cat\/wordpressweb\/wp-content\/uploads\/2014\/11\/13083422\/Urgell.pdf\">Urgell<\/option>\n<option value=\"https:\/\/static-m.meteo.cat\/wordpressweb\/wp-content\/uploads\/2014\/11\/13083422\/ValAran.pdf\">Val d&#8217;Aran<\/option>\n<option value=\"https:\/\/static-m.meteo.cat\/wordpressweb\/wp-content\/uploads\/2014\/11\/13083422\/VallesOccidental.pdf\">Vall\u00e8s Occidental<\/option>\n<option value=\"https:\/\/static-m.meteo.cat\/wordpressweb\/wp-content\/uploads\/2014\/11\/13083422\/VallesOriental.pdf\">Vall\u00e8s Oriental<\/option>\n\n<\/select>\n<input type=\"submit\" value=\"Obre fitxer\" class=\"go\">\n<\/form>\n\n\n\n<div style=\"height:20px\" aria-hidden=\"true\" class=\"wp-block-spacer\"><\/div>\n\n\n\n<div class=\"wp-block-image\"><figure class=\"alignleft size-large\"><img src=\"https:\/\/static-m.meteo.cat\/wordpresswebpre\/wp-content\/uploads\/2022\/10\/27095244\/exemple-climatologia-comarcal.gif\" alt=\"Exemple de la informaci\u00f3 disponible a les climatologies comarcal\" class=\"wp-image-31499\"\/><figcaption>Aquest \u00e9s un exemple del format i la informaci\u00f3 disponible en les climatologies comarcals (pdf). En cadascuna d&#8217;elles hi trobareu una descripci\u00f3 del clima de cada comarca, un climograma i una taula de dades mensual. <\/figcaption><\/figure><\/div>\n","protected":false},"excerpt":{"rendered":"<p>Per a totes les comarques es presenta una descripci\u00f3 clim\u00e0tica general, la qual es basa en la divisi\u00f3 clim\u00e0tica de Catalunya segons el r\u00e8gim termopluviom\u00e8tric. L\u2019SMC treballa constantment en la localitzaci\u00f3 i la recuperaci\u00f3 de totes les dades meteorol\u00f2giques existents a Catalunya, \u00e9s el que s&#8217;anomena &#8220;rescat de dades&#8221;. Posteriorment, aquestes dades se sotmeten a [&hellip;]<\/p>\n","protected":false},"author":7,"featured_media":0,"parent":35826,"menu_order":3,"comment_status":"closed","ping_status":"closed","template":"template-sidebar.php","meta":{"_mi_skip_tracking":false,"_monsterinsights_sitenote_active":false,"_monsterinsights_sitenote_note":"","_monsterinsights_sitenote_category":0},"_links":{"self":[{"href":"https:\/\/www.meteo.cat\/wpweb\/wp-json\/wp\/v2\/pages\/35858"}],"collection":[{"href":"https:\/\/www.meteo.cat\/wpweb\/wp-json\/wp\/v2\/pages"}],"about":[{"href":"https:\/\/www.meteo.cat\/wpweb\/wp-json\/wp\/v2\/types\/page"}],"author":[{"embeddable":true,"href":"https:\/\/www.meteo.cat\/wpweb\/wp-json\/wp\/v2\/users\/7"}],"replies":[{"embeddable":true,"href":"https:\/\/www.meteo.cat\/wpweb\/wp-json\/wp\/v2\/comments?post=35858"}],"version-history":[{"count":10,"href":"https:\/\/www.meteo.cat\/wpweb\/wp-json\/wp\/v2\/pages\/35858\/revisions"}],"predecessor-version":[{"id":37165,"href":"https:\/\/www.meteo.cat\/wpweb\/wp-json\/wp\/v2\/pages\/35858\/revisions\/37165"}],"up":[{"embeddable":true,"href":"https:\/\/www.meteo.cat\/wpweb\/wp-json\/wp\/v2\/pages\/35826"}],"wp:attachment":[{"href":"https:\/\/www.meteo.cat\/wpweb\/wp-json\/wp\/v2\/media?parent=35858"}],"curies":[{"name":"wp","href":"https:\/\/api.w.org\/{rel}","templated":true}]}}