{"id":35482,"date":"2022-09-29T05:57:51","date_gmt":"2022-09-29T05:57:51","guid":{"rendered":"https:\/\/www.meteo.cat\/wpweb\/?page_id=35482"},"modified":"2022-11-30T08:15:36","modified_gmt":"2022-11-30T08:15:36","slug":"adveccio-radar","status":"publish","type":"page","link":"https:\/\/www.meteo.cat\/wpweb\/divulgacio\/equipaments-meteorologics\/adveccio-radar\/","title":{"rendered":"Advecci\u00f3 radar"},"content":{"rendered":"\n<p>El producte d\u2019advecci\u00f3 s\u2019obt\u00e9 a partir de les imatges radar obtingudes mitjan\u00e7ant la Xarxa de Radars Meteorol\u00f2gics (XRAD). La metodologia que s\u2019utilitza es coneix com a Short-Term Ensemble Prediction System (STEPS) i s\u2019implementa a trav\u00e9s de la llibreria de codi lliure pySTEPS (Pulkkinen et al., 2019). Aquesta metodologia es basa a obtenir primer un camp de moviment a partir de les tres darreres imatges radar disponibles. S\u2019assumeix que, a una hora vista, el camp de precipitaci\u00f3 es despla\u00e7ar\u00e0 seguint el camp de moviment calculat. Per tant, s&#8217;utilitza aquest camp per extrapolar l&#8217;\u00faltima imatge radar disponible i obtenir una predicci\u00f3 amb un horitz\u00f3 de pron\u00f2stic d&#8217;una hora. <\/p>\n\n\n\n<p>Tota predicci\u00f3 t\u00e9 un cert grau d&#8217;incertesa. En el cas de la precipitaci\u00f3 hi pot haver, entre d&#8217;altres, processos de creixement i decreixement de la intensitat de precipitaci\u00f3, aix\u00ed com canvis en el despla\u00e7ament de les \u00e0rees de precipitaci\u00f3. La metodologia emprada permet tenir en compte part d&#8217;aquesta incertesa, generant diferents prediccions amb la introducci\u00f3 de petits canvis en la intensitat de precipitaci\u00f3. El producte final s\u2019obt\u00e9 a partir de la combinaci\u00f3 de totes elles.<\/p>\n\n\n\n<p>El proc\u00e9s per obtenir el producte d&#8217;advecci\u00f3 radar es descriu a trav\u00e9s de les imatges seg\u00fcents:<\/p>\n\n\n\n<ol><li>S\u2019utilitzen les tres darreres imatges radar. En aquest cas, per a fer una predicci\u00f3 iniciada a les 07:30, necessitem les imatges de les 07:18, 07:24 i 07:30.<\/li><\/ol>\n\n\n\n<video controls=\"\" width=\"300\" src=\"https:\/\/static-m.meteo.cat\/wordpressweb\/wp-content\/uploads\/2022\/09\/28082643\/xrad.mp4\" title=\"Exemple tres imatges radar en moviment\"><\/video>\n\n\n\n<div style=\"height:30px\" aria-hidden=\"true\" class=\"wp-block-spacer\"><\/div>\n\n\n\n<ol start=\"2\"><li>Es calcula el camp de moviment a partir de les tres imatges seleccionades.<\/li><\/ol>\n\n\n\n<video controls=\"\" width=\"300\" src=\"https:\/\/static-m.meteo.cat\/wordpressweb\/wp-content\/uploads\/2022\/09\/28082644\/xrad_q.mp4\" title=\"Camp de moviment definit a partir de radar\"><\/video>\n\n\n\n<div style=\"height:30px\" aria-hidden=\"true\" class=\"wp-block-spacer\"><\/div>\n\n\n\n<ol start=\"3\"><li>S\u2019aplica el camp de moviment a la darrera imatge radar disponible (en aquest cas, la de les 07:30) i es projecta el camp de precipitaci\u00f3 a una hora vista amb intervals de 6 minuts.<\/li><\/ol>\n\n\n\n<video controls=\"\" width=\"300\" src=\"https:\/\/static-m.meteo.cat\/wordpressweb\/wp-content\/uploads\/2022\/09\/28082643\/adveccio_q.mp4\" title=\"Projecci\u00f3 del camp de precipitaci\u00f3 a una hora\"><\/video>\n\n\n\n<div style=\"height:30px\" aria-hidden=\"true\" class=\"wp-block-spacer\"><\/div>\n\n\n\n<ol start=\"4\"><li>S\u2019obt\u00e9 el producte final. Aquest camp a l\u2019hora de mostrar-se a la web es converteix de reflectivitat a intensitat de precipitaci\u00f3.<\/li><\/ol>\n\n\n\n<video controls=\"\" width=\"300\" src=\"https:\/\/static-m.meteo.cat\/wordpressweb\/wp-content\/uploads\/2022\/09\/28082642\/adveccio.mp4\" title=\"Predicci\u00f3 de la intensitat de precipitaci\u00f3 a una hora\"><\/video>\n\n\n\n<div style=\"height:50px\" aria-hidden=\"true\" class=\"wp-block-spacer\"><\/div>\n\n\n\n<p>Pulkkinen, S., Nerini, D., P\u00e9rez Hortal, A. A., Velasco-Forero, C., Seed, A., Germann, U., &amp; Foresti, L. (2019). <span lang=\"en\"> Pysteps: an open-source Python library for probabilistic precipitation nowcasting (v1. 0). Geoscientific Model Development<\/span>, 12(10), 4185-4219.<\/p>\n","protected":false},"excerpt":{"rendered":"<p>El producte d\u2019advecci\u00f3 s\u2019obt\u00e9 a partir de les imatges radar obtingudes mitjan\u00e7ant la Xarxa de Radars Meteorol\u00f2gics (XRAD). La metodologia que s\u2019utilitza es coneix com a Short-Term Ensemble Prediction System (STEPS) i s\u2019implementa a trav\u00e9s de la llibreria de codi lliure pySTEPS (Pulkkinen et al., 2019). Aquesta metodologia es basa a obtenir primer un camp [&hellip;]<\/p>\n","protected":false},"author":1,"featured_media":0,"parent":12148,"menu_order":4,"comment_status":"closed","ping_status":"closed","template":"template-sidebar.php","meta":{"_mi_skip_tracking":false,"_monsterinsights_sitenote_active":false,"_monsterinsights_sitenote_note":"","_monsterinsights_sitenote_category":0},"_links":{"self":[{"href":"https:\/\/www.meteo.cat\/wpweb\/wp-json\/wp\/v2\/pages\/35482"}],"collection":[{"href":"https:\/\/www.meteo.cat\/wpweb\/wp-json\/wp\/v2\/pages"}],"about":[{"href":"https:\/\/www.meteo.cat\/wpweb\/wp-json\/wp\/v2\/types\/page"}],"author":[{"embeddable":true,"href":"https:\/\/www.meteo.cat\/wpweb\/wp-json\/wp\/v2\/users\/1"}],"replies":[{"embeddable":true,"href":"https:\/\/www.meteo.cat\/wpweb\/wp-json\/wp\/v2\/comments?post=35482"}],"version-history":[{"count":5,"href":"https:\/\/www.meteo.cat\/wpweb\/wp-json\/wp\/v2\/pages\/35482\/revisions"}],"predecessor-version":[{"id":35624,"href":"https:\/\/www.meteo.cat\/wpweb\/wp-json\/wp\/v2\/pages\/35482\/revisions\/35624"}],"up":[{"embeddable":true,"href":"https:\/\/www.meteo.cat\/wpweb\/wp-json\/wp\/v2\/pages\/12148"}],"wp:attachment":[{"href":"https:\/\/www.meteo.cat\/wpweb\/wp-json\/wp\/v2\/media?parent=35482"}],"curies":[{"name":"wp","href":"https:\/\/api.w.org\/{rel}","templated":true}]}}