{"id":3383,"date":"2015-06-08T12:50:50","date_gmt":"2015-06-08T12:50:50","guid":{"rendered":"https:\/\/www.meteo.cat\/wpweb\/?page_id=3383"},"modified":"2022-12-27T09:15:08","modified_gmt":"2022-12-27T09:15:08","slug":"projectes-de-clima-del-pirineu","status":"publish","type":"page","link":"https:\/\/www.meteo.cat\/wpweb\/climatologia\/recerca-i-divulgacio\/projectes-de-clima-del-pirineu\/","title":{"rendered":"El canvi clim\u00e0tic al Pirineu"},"content":{"rendered":"\n<p>Les \u00e0rees de muntanya s\u00f3n un dels \u00e0mbits m\u00e9s sensibles al canvi clim\u00e0tic. L&#8217;any 2010, la Comunitat de Treball dels Pirineus (CTP) integrada per les regions i pa\u00efsos que formen part de l&#8217;\u00e0mbit pirinenc va impulsar la creaci\u00f3 de l&#8217;<a href=\"https:\/\/www.opcc-ctp.org\/\" target=\"_blank\" rel=\"noreferrer noopener\"><strong>Observatori Pirinenc del Canvi Clim\u00e0tic<\/strong><\/a> (OPCC) per tal de millorar el coneixement del fenomen en aquest sector. A partir de llavors, s&#8217;han desenvolupat diversos projectes de recerca finan\u00e7ats dins del marc d&#8217;ajuts INTERREG (POCTEFA), ens els que hi ha intervingut l&#8217;SMC. <\/p>\n\n\n\n<ul><li>Entre 2016 i 2019, es va dur a terme el <strong><a href=\"https:\/\/www.opcc-ctp.org\/ca\/opcc\" target=\"_blank\" rel=\"noreferrer noopener\">projecte CLIMPY<\/a><\/strong>, que perseguia estudiar i comprendre l\u2019evoluci\u00f3 del clima als Pirineus per reduir la vulnerabilitat dels sistemes naturals i humans als impactes del canvi clim\u00e0tic i donar suport a la seva adaptaci\u00f3 als seus efectes negatius, mitjan\u00e7ant la transfer\u00e8ncia de coneixement. L&#8217;SMC va estar involucrat en crear la primera base de dades di\u00e0ria de temperatura, precipitaci\u00f3 i gruix de neu per a tot el Pirineu, amb dades que cobrien el per\u00edode 1959-2010. <\/li><li>Entre 2020 i 2022 el projecte <strong><a href=\"https:\/\/www.opcc-ctp.org\/es\/proyecto\/opcc-adapyr\" target=\"_blank\" rel=\"noreferrer noopener\">OPCC-ADAPYR<\/a><\/strong> va donar continu\u00eftat a l&#8217;anterior projecte CLIMPY, i en va sortir, entre d&#8217;altres, la definici\u00f3 de l&#8217;Estrat\u00e8gia Pirinenca de Canvi Clim\u00e0tic i l&#8217;emissi\u00f3 del primer Butllet\u00ed d&#8217;Indicadors de Canvi Clim\u00e0tic dels Pirineus (BICCPIR).<\/li><\/ul>\n\n\n\n<p>Tot seguit, podeu accedir al <a href=\"https:\/\/www.opcc-ctp.org\/ca\/geoportal\" target=\"_blank\" rel=\"noreferrer noopener\">Geoportal de l&#8217;OPCC<\/a> amb totes les dades generades en el marc dels diferents projectes, i tamb\u00e9 a la <a href=\"https:\/\/www.opcc-ctp.org\/ca\/contenido\/butlleti-climatic-biccpir\" target=\"_blank\" rel=\"noreferrer noopener\">primera edici\u00f3 del BICCPIR<\/a>.<\/p>\n\n\n\n<div style=\"height:40px\" aria-hidden=\"true\" class=\"wp-block-spacer\"><\/div>\n\n\n\n<h2>M\u00e9s informaci\u00f3<\/h2>\n\n\n\n<p><a href=\"http:\/\/www.opcc-ctp.org\/ca\" target=\"_blank\" rel=\"noopener noreferrer\">Observatori Pirinenc del Canvi Clim\u00e0tic (OPCC)<\/a><\/p>\n\n\n\n<div class=\"wp-block-columns\"><\/div>\n\n\n\n<p><\/p>\n","protected":false},"excerpt":{"rendered":"<p>Les \u00e0rees de muntanya s\u00f3n un dels \u00e0mbits m\u00e9s sensibles al canvi clim\u00e0tic. L&#8217;any 2010, la Comunitat de Treball dels Pirineus (CTP) integrada per les regions i pa\u00efsos que formen part de l&#8217;\u00e0mbit pirinenc va impulsar la creaci\u00f3 de l&#8217;Observatori Pirinenc del Canvi Clim\u00e0tic (OPCC) per tal de millorar el coneixement del fenomen en aquest [&hellip;]<\/p>\n","protected":false},"author":7,"featured_media":0,"parent":6254,"menu_order":2,"comment_status":"closed","ping_status":"closed","template":"template-sidebar.php","meta":{"_mi_skip_tracking":false,"_monsterinsights_sitenote_active":false,"_monsterinsights_sitenote_note":"","_monsterinsights_sitenote_category":0},"_links":{"self":[{"href":"https:\/\/www.meteo.cat\/wpweb\/wp-json\/wp\/v2\/pages\/3383"}],"collection":[{"href":"https:\/\/www.meteo.cat\/wpweb\/wp-json\/wp\/v2\/pages"}],"about":[{"href":"https:\/\/www.meteo.cat\/wpweb\/wp-json\/wp\/v2\/types\/page"}],"author":[{"embeddable":true,"href":"https:\/\/www.meteo.cat\/wpweb\/wp-json\/wp\/v2\/users\/7"}],"replies":[{"embeddable":true,"href":"https:\/\/www.meteo.cat\/wpweb\/wp-json\/wp\/v2\/comments?post=3383"}],"version-history":[{"count":58,"href":"https:\/\/www.meteo.cat\/wpweb\/wp-json\/wp\/v2\/pages\/3383\/revisions"}],"predecessor-version":[{"id":36662,"href":"https:\/\/www.meteo.cat\/wpweb\/wp-json\/wp\/v2\/pages\/3383\/revisions\/36662"}],"up":[{"embeddable":true,"href":"https:\/\/www.meteo.cat\/wpweb\/wp-json\/wp\/v2\/pages\/6254"}],"wp:attachment":[{"href":"https:\/\/www.meteo.cat\/wpweb\/wp-json\/wp\/v2\/media?parent=3383"}],"curies":[{"name":"wp","href":"https:\/\/api.w.org\/{rel}","templated":true}]}}