{"id":33146,"date":"2022-01-10T07:58:34","date_gmt":"2022-01-10T07:58:34","guid":{"rendered":"https:\/\/www.meteo.cat\/wpweb\/?page_id=33146"},"modified":"2026-03-10T12:35:36","modified_gmt":"2026-03-10T12:35:36","slug":"estacions-automatiques-de-particulars","status":"publish","type":"page","link":"https:\/\/www.meteo.cat\/wpweb\/observacions\/estacions-automatiques-de-particulars\/","title":{"rendered":"Estacions autom\u00e0tiques de particulars"},"content":{"rendered":"\n<p><strong>Vols compartir les teves dades meteorol\u00f2giques? <a href=\"https:\/\/www.ccma.cat\/tv3\/meteodadestv3\/continguts-usuari\/1740\/\" target=\"_blank\" rel=\"noreferrer noopener nofollow\" title=\"(obre en finestra nova)\">Dona\u2019t d\u2019alta com a col.laborador meteorol\u00f2gic del servei de MeteodadesTV3<\/a><\/strong>.<\/p>\n\n\n\n<p class=\"sr-only\">Visor no accessible. Per accedir a les dades d&#8217;estacions en temps real pots anar a <a href=\"https:\/\/www.meteo.cat\/observacions\/xema\/dades\">https:\/\/www.meteo.cat\/observacions\/xema\/dades<\/a>.<\/p>\n\n\n\n<div style=\"height: 90vh; width: 100%;\"><iframe loading=\"lazy\" width=\"100%\" height=\"100%\" frameborder=\"0\" scrolling=\"no\" marginheight=\"0\" marginwidth=\"0\" title=\"Mapa de Catalunya amb dades d'estacions autom\u00e0tiques dels particulars donats d'alta a Meteodades de TV3\" src=\"https:\/\/meteotv3.icgc.cat\/#\/visor\/smc\/0c15e325-df90-4330-92a5-fe32bf4de8ea\"><\/iframe><\/div>\n\n\n\n<div class=\"wp-block-image\"><figure class=\"alignright size-large\"><img src=\"https:\/\/static-m.meteo.cat\/wordpressweb\/wp-content\/uploads\/2021\/11\/18154817\/gene_icgc.png\" alt=\"Logo Corporaci\u00f3 Catalana de Mitjans Audiovisuals (CCMA) i logo Institut Cartogr\u00e0fic i Geol\u00f2gic de Catalunya (ICGC).\"\/><\/figure><\/div>\n\n\n\n<div style=\"height:20px\" aria-hidden=\"true\" class=\"wp-block-spacer\"><\/div>\n\n\n\n<p>En el mapa es mostren les dades de les estacions autom\u00e0tiques d&#8217;observadors particulars d&#8217;arreu de Catalunya. Aquestes estacions aporten una informaci\u00f3 de gran valor i que complementa les xarxes de les institucions p\u00fabliques. Les dades s&#8217;utilitzen per tasques de vigil\u00e0ncia meteorol\u00f2gica i l&#8217;SMC no certificar\u00e0 els valors exposats al web. <\/p>\n\n\n\n<p>Aquest visor forma part d&#8217;un projecte entre l&#8217;<a title=\"(obre en finestra nova)\" href=\"https:\/\/www.icgc.cat\/\" target=\"_blank\" rel=\"noreferrer noopener nofollow\">Institut Cartogr\u00e0fic i Geol\u00f2gic de Catalunya<\/a> (ICGC), la <a title=\"(obre en finestra nova)\" href=\"https:\/\/www.ccma.cat\/\" target=\"_blank\" rel=\"noreferrer noopener nofollow\">Corporaci\u00f3 Catalana de Mitjans Audiovisuals<\/a> (CCMA) i el Servei Meteorol\u00f2gic de Catalunya. El projecte es mant\u00e9 actiu i es continua treballant per implementar millores. <\/p>\n\n\n\n<p><\/p>\n","protected":false},"excerpt":{"rendered":"<p>Vols compartir les teves dades meteorol\u00f2giques? Dona\u2019t d\u2019alta com a col.laborador meteorol\u00f2gic del servei de MeteodadesTV3. Visor no accessible. Per accedir a les dades d&#8217;estacions en temps real pots anar a https:\/\/www.meteo.cat\/observacions\/xema\/dades. En el mapa es mostren les dades de les estacions autom\u00e0tiques d&#8217;observadors particulars d&#8217;arreu de Catalunya. Aquestes estacions aporten una informaci\u00f3 de gran [&hellip;]<\/p>\n","protected":false},"author":1,"featured_media":0,"parent":461,"menu_order":0,"comment_status":"closed","ping_status":"closed","template":"","meta":{"_mi_skip_tracking":false,"_monsterinsights_sitenote_active":false,"_monsterinsights_sitenote_note":"","_monsterinsights_sitenote_category":0},"_links":{"self":[{"href":"https:\/\/www.meteo.cat\/wpweb\/wp-json\/wp\/v2\/pages\/33146"}],"collection":[{"href":"https:\/\/www.meteo.cat\/wpweb\/wp-json\/wp\/v2\/pages"}],"about":[{"href":"https:\/\/www.meteo.cat\/wpweb\/wp-json\/wp\/v2\/types\/page"}],"author":[{"embeddable":true,"href":"https:\/\/www.meteo.cat\/wpweb\/wp-json\/wp\/v2\/users\/1"}],"replies":[{"embeddable":true,"href":"https:\/\/www.meteo.cat\/wpweb\/wp-json\/wp\/v2\/comments?post=33146"}],"version-history":[{"count":13,"href":"https:\/\/www.meteo.cat\/wpweb\/wp-json\/wp\/v2\/pages\/33146\/revisions"}],"predecessor-version":[{"id":45236,"href":"https:\/\/www.meteo.cat\/wpweb\/wp-json\/wp\/v2\/pages\/33146\/revisions\/45236"}],"up":[{"embeddable":true,"href":"https:\/\/www.meteo.cat\/wpweb\/wp-json\/wp\/v2\/pages\/461"}],"wp:attachment":[{"href":"https:\/\/www.meteo.cat\/wpweb\/wp-json\/wp\/v2\/media?parent=33146"}],"curies":[{"name":"wp","href":"https:\/\/api.w.org\/{rel}","templated":true}]}}