{"id":32144,"date":"2021-08-17T11:56:00","date_gmt":"2021-08-17T11:56:00","guid":{"rendered":"https:\/\/www.meteo.cat\/wpweb\/?page_id=32144"},"modified":"2022-04-19T07:14:05","modified_gmt":"2022-04-19T07:14:05","slug":"1921-08-17_100-anys-dels-aiguats-de-sant-cinto-i-santa-elena-1921","status":"publish","type":"page","link":"https:\/\/www.meteo.cat\/wpweb\/divulgacio\/publicacions\/efemerides\/1921-08-17_100-anys-dels-aiguats-de-sant-cinto-i-santa-elena-1921\/","title":{"rendered":"100 anys dels Aiguats de Sant Cinto i Santa Elena (1921)"},"content":{"rendered":"\n<p><strong>PUBLICADA EL 17\/08\/2021<\/strong><\/p>\n\n\n\n<p>(descarrega&#8217;l en format <a href=\"https:\/\/static-m.meteo.cat\/wordpressweb\/wp-content\/uploads\/2021\/08\/05152359\/100anys-Aiguat-St-Cinto-i-Sta-Elena-Catalunya-1718AGO1921_FINAL.pdf\" target=\"_blank\" rel=\"noreferrer noopener\">PDF<\/a>)<\/p>\n\n\n\n<p>Entre el <strong>17 i 18 d\u2019agost de 1921<\/strong>, ara fa cent anys, va tenir lloc un episodi de tempestes molt fortes que van acumular m\u00e9s <strong>de 100 mm en poc m\u00e9s de 2 hores<\/strong>. Es van produir importants riuades i inundacions a bona part de Catalunya, per\u00f2 sobretot a les conques del Francol\u00ed i el Gai\u00e0 (nit del 17 d\u2019agost) i a l\u2019Empord\u00e0 (matinada del 18 d\u2019agost). Aquest episodi es coneix amb el nom popular de l\u2019<strong>Aiguat de Sant Cinto<\/strong> a les conques del Francol\u00ed i el Gai\u00e0, ja que el 17 d\u2019agost \u00e9s el dia de <strong>Sant Jacint (Cinto)<\/strong>. Tamb\u00e9 \u00e9s conegut amb el nom de l\u2019<strong>Aiguat de Santa Elena <\/strong>a l\u2019Empord\u00e0, ja que el 18 d\u2019agost \u00e9s del dia de <strong>Santa Elena<\/strong>.<\/p>\n\n\n\n<div class=\"wp-block-image\"><figure class=\"aligncenter size-large\"><a href=\"https:\/\/static-m.meteo.cat\/wordpressweb\/wp-content\/uploads\/2021\/07\/30182318\/Foto-TerresdelGaia-Gainada-SantCinto-1921.jpg\"><img loading=\"lazy\" width=\"768\" height=\"441\" src=\"https:\/\/static-m.meteo.cat\/wordpressweb\/wp-content\/uploads\/2021\/07\/30182318\/Foto-TerresdelGaia-Gainada-SantCinto-1921.jpg\" alt=\"Danys produ\u00efts pel violent desbordament del Gai\u00e0 del 17\/08\/1921 a la Riera de Gai\u00e0 (Tarragon\u00e8s)\" class=\"wp-image-32147\"\/><\/a><figcaption><strong>Imatge dels avellaners, fang i pedres dipositats sota la muntanya del Castellot a la Riera de Gai\u00e0 (Tarragon\u00e8s) per la forta crescuda del Gai\u00e0 durant la nit del 17 d\u2019agost de 1921 (Font: Fam\u00edlia Terrafeta).<\/strong><\/figcaption><\/figure><\/div>\n\n\n\n<div class=\"wp-block-image\"><figure class=\"aligncenter size-large is-resized\"><a href=\"https:\/\/static-m.meteo.cat\/wordpressweb\/wp-content\/uploads\/2021\/07\/30182334\/Foto-Cadaques-Aiguat-de-Sta-Elena-1921-LRoisin-SocietatAmicsCadaques.jpg\"><img loading=\"lazy\" src=\"https:\/\/static-m.meteo.cat\/wordpressweb\/wp-content\/uploads\/2021\/07\/30182334\/Foto-Cadaques-Aiguat-de-Sta-Elena-1921-LRoisin-SocietatAmicsCadaques.jpg\" alt=\"Danys produ\u00efts per la violenta crescuda de la riera sa Rierassa de Cadaqu\u00e9s (Alt Empord\u00e0) el 18\/08\/1921.\" class=\"wp-image-32148\" width=\"768\" height=\"534\"\/><\/a><figcaption><strong>Pont completament destru\u00eft per la violenta crescuda de sa Rierassa de Cadaqu\u00e9s (Alt Empord\u00e0) durant la matinada del 18 d\u2019agost de 1921 (Font: Societat l\u2019Amistat de Cadaqu\u00e9s).<\/strong><\/figcaption><\/figure><\/div>\n\n\n\n<h2><strong>Descripci\u00f3 general<\/strong><\/h2>\n\n\n\n<p>La pres\u00e8ncia d\u2019una borrasca a la pen\u00ednsula Ib\u00e8rica, for\u00e7a intensa per a l\u2019\u00e8poca de l\u2019any, va facilitar que l\u2019activitat tempestuosa comenc\u00e9s vora les 15 h del 17 d\u2019agost de 1921 cap a les comarques de les Terres de Ponent i de l\u2019Ebre amb tempestes fortes per\u00f2 de curta durada. Cap al vespre, es va formar una l\u00ednia de tempestes molt intenses i for\u00e7a est\u00e0tiques cap a l\u2019Alt Camp i rodalies, les quals van acumular m\u00e9s de 100 mm en unes dues hores en localitats com <strong>Valls <\/strong>o<strong> Casafort (Nulles)<\/strong>. Aquesta l\u00ednia de tempestes va anar progressant i generalitzant-se cap al nord durant la matinada del 17 al 18 d\u2019agost. Es van anar repetint valors d\u2019intensitat de precipitaci\u00f3 molt elevats aix\u00ed com acumulacions destacables de precipitaci\u00f3 cap a la Catalunya Central i les comarques del nord-est. Finalment, els aiguats van acabar afectant l\u2019Empord\u00e0 i el Rossell\u00f3 cap al mat\u00ed del 18 d\u2019agost de 1921. Les tempestes van venir acompanyades de molta activitat el\u00e8ctrica i fortes r\u00e0fegues de vent.<\/p>\n\n\n\n<p>Els registres de precipitaci\u00f3 van ser molt irregulars, com sol ser habitual en una situaci\u00f3 de tempestes a l\u2019estiu, a m\u00e9s amb difer\u00e8ncies molt destacables en els valors acumulats en pocs kil\u00f2metres. Per exemple, a la comarca de l\u2019Alt Camp es van registrar <strong>142 mm <\/strong>a<strong> Valls<\/strong>, i en canvi a uns 4,5 km en l\u00ednia recta cap a l\u2019oest van registrar-se <strong>0 mm <\/strong>a <strong>Picamoixons<\/strong>. Es van acumular m\u00e9s 100 mm en nombrosos indrets del pa\u00eds situats a les serralades prelitoral i litoral des de la conca del Francol\u00ed fins a la conca de la Tet (Rossell\u00f3).<\/p>\n\n\n\n<p>Des del vespre del 17 d\u2019agost fins al migdia del 18 d\u2019agost de 1921 van acumular-se fins a <strong>187,2 mm<\/strong> a <strong>Girona<\/strong>, <strong>180,3 mm<\/strong> a <strong>l\u2019Escala (Baix Empord\u00e0)<\/strong>, <strong>177,3 mm<\/strong> a <strong>Cadaqu\u00e9s (Alt Empord\u00e0)<\/strong>, <strong>174,0 mm<\/strong> a <strong>Santa Coloma de Farners (Selva)<\/strong> i <strong>170,8 mm<\/strong> a <strong>Perpiny\u00e0 (Rossell\u00f3)<\/strong>. A la seg\u00fcent taula es mostra un llistat dels valors de precipitaci\u00f3 acumulada superiors als <strong>100 mm<\/strong> a les estacions meteorol\u00f2giques manuals disponibles a Catalunya des de les <strong>07 UTC<\/strong> del <strong>17\/08\/1921<\/strong> fins a les <strong>07 UTC<\/strong> del <strong>19\/08\/1921<\/strong>. Cal esmentar que els valors de precipitaci\u00f3 a les estacions meteorol\u00f2giques manuals es mesuren cap a les 07 UTC, anotant la precipitaci\u00f3 recollida durant les 24 hores anteriors i assignant aquest valor al dia anterior en qu\u00e8 es realitza la mesura. Aquest interval de temps de 24 h, que no correspon exactament amb el dia civil, es coneix com a <strong>dia pluviom\u00e8tric<\/strong>.<\/p>\n\n\n\n<div class=\"wp-block-image\"><figure class=\"aligncenter size-large is-resized\"><a href=\"https:\/\/static-m.meteo.cat\/wordpressweb\/wp-content\/uploads\/2021\/07\/30182251\/Taula-PPT100mm-1718AGO1921.jpg\"><img loading=\"lazy\" src=\"https:\/\/static-m.meteo.cat\/wordpressweb\/wp-content\/uploads\/2021\/07\/30182251\/Taula-PPT100mm-1718AGO1921.jpg\" alt=\"Llista de pluvi\u00f2metres manuals que van superar els 100 mm de precipitaci\u00f3 acumulada (del 17 al 18 d'agost de 1921)\" class=\"wp-image-32146\" width=\"680\" height=\"575\"\/><\/a><\/figure><\/div>\n\n\n\n<h2><strong>An\u00e0lisi meteorol\u00f2gica<\/strong><\/h2>\n\n\n\n<blockquote class=\"wp-block-quote\"><p><em>L\u2019an\u00e0lisi meteorol\u00f2gica de l\u2019episodi s\u2019ha fet a partir de les <\/em><a href=\"http:\/\/www.esrl.noaa.gov\/psd\/data\/gridded\/data.20thC_ReanV2c.monolevel.html\" target=\"_blank\" rel=\"noreferrer noopener\"><em>rean\u00e0lisis del 20CRP<\/em><\/a><em> (Compo et al., 2011) (1851-2014) obtingudes per l\u2019NCEP-NCAR (Centres Nacionals de Predicci\u00f3 Ambiental i de Recerca de l\u2019Atmosfera dels EUA). Aquestes rean\u00e0lisis meteorol\u00f2giques, per al per\u00edode anterior a l\u2019any 1948, s\u2019han simulat tenint en compte nom\u00e9s dades antigues mesurades en superf\u00edcie a tot el m\u00f3n i dades de contorn de variables meteorol\u00f2giques procedents de simulacions clim\u00e0tiques a nivell global. Aquestes simulacions s\u2019han desenvolupat aplicant una t\u00e8cnica d\u2019assimilaci\u00f3 de dades per conjunts, minimitzant biaixos i errors pel fet de no tenir dades mesurades a diferents nivells de l\u2019atmosfera (dades que s\u00ed s\u00f3n disponibles a trav\u00e9s dels radiosondatges des del 1948, i tamb\u00e9 a partir dels diferents sat\u00e8l\u00b7lits meteorol\u00f2gics des del 1979). Per tant, els camps de les variables meteorol\u00f2giques principals de les rean\u00e0lisis s\u00f3n f\u00edsicament consistents amb les dades en superf\u00edcie disponibles en el moment, per\u00f2 s\u00f3n nom\u00e9s una aproximaci\u00f3 o estimaci\u00f3 a la configuraci\u00f3 real que hi havia aleshores.<\/em><\/p><\/blockquote>\n\n\n\n<p>La primera quinzena del mes d\u2019agost de 1921 va ser for\u00e7a c\u00e0lida dominada per la influ\u00e8ncia d\u2019una dorsal africana que va provocar valors de temperatura m\u00e0xima superiors als 35 \u00b0C a les Terres de l\u2019Ebre, de Ponent aix\u00ed com la Catalunya Central i valls del prelitoral. Puntualment es van assolir valors per damunt dels 40 \u00b0C a la Ribera d\u2019Ebre, amb un valor m\u00e0xim de 42,0 \u00b0C a Flix \u2013 F\u00e0brica Ercros el 8 d\u2019agost de 1921. Aquesta situaci\u00f3 va propiciar la formaci\u00f3 d\u2019una massa c\u00e0lida i humida sobre la mar Mediterr\u00e0nia.<\/p>\n\n\n\n<p>La situaci\u00f3 meteorol\u00f2gica durant l\u2019episodi va venir caracteritzada per l\u2019arribada d\u2019una borrasca des de les Illes Brit\u00e0niques la qual va entrar pel golf de Lle\u00f3 el vespre del 17 d\u2019agost, amb un important embossament d\u2019aire fred associat a 500 hPa (uns 5.500 m d\u2019altitud) amb un valor de temperatura inferior als -20 \u00b0C en el seu centre sobre el Cant\u00e0bric. La matinada del 18 d\u2019agost, el centre de la pertorbaci\u00f3 (amb valors de pressi\u00f3 inferiors als 1006 hPa) va situar-se sobre la vertical del Pa\u00eds Valenci\u00e0 i va provocar un flux de vent del sud-est cap a la costa catalana aportant una massa d\u2019aire c\u00e0lid i humit, la qual \u00e9s potencialment molt inestable. Aquesta massa es va veure obligada a ascendir pels relleus litorals i prelitorals. Aquest ascens es va veure afavorit r\u00e0pidament, ja que hi havia condicions d\u2019inestabilitat. Existia un important cisallament del vent amb l\u2019altura (canvi de la direcci\u00f3 del vent: sud\/sud-est en superf\u00edcie, sud\/sud-oest a 850 hPa i sud-oest\/oest a 500 hPa). Per tant, van desencadenar-se tempestes molt intenses entre el vespre del 17 d\u2019agost i la matinada del 18 d\u2019agost a diferents punts del pa\u00eds que van deixar valors molt abundants de precipitaci\u00f3.<\/p>\n\n\n\n<p>A continuaci\u00f3 es presenten els mapes de les <a href=\"http:\/\/www.esrl.noaa.gov\/psd\/data\/20thC_Rean\/\">rean\u00e0lisis del 20CRP<\/a> (NOAA-ESRL, EUA) del 17\/08\/1921 a les 18 UTC (mapes de l\u2019esquerra) i del 18\/08\/1921 a les 00 UTC (mapes de la dreta) per als camps de temperatura, altura geopotencial i vent a 500 i 850 hPa (mapes superiors i centrals). Tamb\u00e9 es mostren els camps en superf\u00edcie de temperatura a 2 m, pressi\u00f3 al nivell del mar i vent a 10 m (mapes inferiors). En tots ells es poden identificar els trets meteorol\u00f2gics generals de l\u2019episodi&nbsp; comentats anteriorment.<\/p>\n\n\n\n<div class=\"wp-block-image\"><figure class=\"aligncenter size-large\"><a href=\"https:\/\/static-m.meteo.cat\/wordpressweb\/wp-content\/uploads\/2021\/07\/30182250\/Reanalisis-20CRP-17AGO1921_18Z18AGO1921_00Z.jpg\"><img loading=\"lazy\" width=\"739\" height=\"1024\" src=\"https:\/\/static-m.meteo.cat\/wordpressweb\/wp-content\/uploads\/2021\/07\/30182250\/Reanalisis-20CRP-17AGO1921_18Z18AGO1921_00Z-739x1024.jpg\" alt=\"Mapes de les rean\u00e0lisis del 20CRP (NOAA-ESRL, EUA)\" class=\"wp-image-32145\"\/><\/a><\/figure><\/div>\n\n\n\n<h2><strong>Danys produ\u00efts<\/strong><\/h2>\n\n\n\n<p>Com a conseq\u00fc\u00e8ncia dels forts aiguats registrats en diferents punts de la serralada Prelitoral molts rius i rieres van patir desbordaments sobtats que van provocar importants danys materials. Van desbordar-se els rius<strong> Francol\u00ed, Gai\u00e0, Foix, Anoia, de Calders, Llobregat, M\u00e8der, G\u00fcell, Onyar, Ter, Dar\u00f3 i Muga<\/strong> i les rieres del <strong>Carme<\/strong>, <strong>de la Llacuna<\/strong>, <strong>de Santa Coloma, Gavarressa i sa Rierassa, <\/strong>aix\u00ed com nombrosos barrancs i torrents del litoral i prelitoral des del Baix Camp fins a l\u2019Alt Empord\u00e0 i el Rossell\u00f3. <\/p>\n\n\n\n<p>La for\u00e7a de les aig\u00fces va endur-se nombrosos ponts, va destruir molts molins aix\u00ed com que quedessin completament arrasats molts camps, sobretot a les conques del Francol\u00ed i el Gai\u00e0 i a la zona de l\u2019Empord\u00e0. El desbordament del Gai\u00e0 tamb\u00e9 se\u2019n va endur les vies del ferrocarril entre Altafulla i Tamarit (Tarragon\u00e8s).<\/p>\n\n\n\n<h2><strong>Enlla\u00e7os o articles d\u2019inter\u00e8s<\/strong><\/h2>\n\n\n\n<p>&#8211; Blanch i Torrebadell, Joan Carles (2010): <a href=\"https:\/\/raco.cat\/index.php\/Resclosa\/article\/view\/226352\" target=\"_blank\" rel=\"noreferrer noopener\">La &#8220;Gaianada del 21&#8221; a la Riera del Gai\u00e0<\/a>. <em>Revista La Reclosa<\/em> n\u00fam. 10, pp. 63-80. <\/p>\n\n\n\n<p>&#8211; Compo, G. P., J. S. Whitaker, P. D. Sardeshmukh, N. Matsui, R. J. Allan, X. Yin, B. E. Gleason Jr., R. S. Vose, G. Rutledge, P. Bessemoulin, S. Br\u00f6nnimann, M. Brunet, R. I. Crouthamel, A. N. Grant, P. Y. Groisman, P. D. Jones, M. C. Kruk, A. C. Kruger, G. J. Marshall, M. Maugeri, H. Y. Mok, \u00d8. Nordli, T. F. Ross, R. M. Trigo, X. L. Wang, S. D. Woodruff i S. J. Worley (2011): \u201c<a href=\"http:\/\/onlinelibrary.wiley.com\/doi\/10.1002\/qj.776\/pdf\">The Twentieth Century Reanalysis Project<\/a>\u201d. <em>Q. J. R. Meteorol. Soc.<\/em>, 137, pp. 1-28.<\/p>\n\n\n\n<p>&#8211; Santesmases i Oll\u00e9, Josep (2010): <a href=\"https:\/\/raco.cat\/index.php\/Resclosa\/article\/view\/226353\/345502\" target=\"_blank\" rel=\"noreferrer noopener\">Los nats no ho havien vist. L\u2019Aiguat de Sant Cinto a la conca mitjana del Gai\u00e0<\/a>. <em>Revista La Reclosa<\/em> n\u00fam. 10, pp. 81-116.<\/p>\n\n\n\n<p>&#8211; SMC (1921): <a href=\"https:\/\/static-m.meteo.cat\/wordpressweb\/wp-content\/uploads\/2019\/09\/27062434\/NDE-1_2_Pluges-a-Catalunya-durant-lestiu-del-1921-per-Joaquim-Febrer-i-Un-pluvi%C3%B2graf-dintensitats-pel-Dr.-Ramon-Jard%C3%AD.pdf\" target=\"_blank\" rel=\"noreferrer noopener\">Pluges a Catalunya durant l\u2019estiu de 1921<\/a> per Joaquim Febrer. Nota d\u2019Estudi n\u00fam. 1. Servei Meteorol\u00f2gic de Catalunya, Barcelona, 5 pp.<\/p>\n","protected":false},"excerpt":{"rendered":"<p>PUBLICADA EL 17\/08\/2021 (descarrega&#8217;l en format PDF) Entre el 17 i 18 d\u2019agost de 1921, ara fa cent anys, va tenir lloc un episodi de tempestes molt fortes que van acumular m\u00e9s de 100 mm en poc m\u00e9s de 2 hores. Es van produir importants riuades i inundacions a bona part de Catalunya, per\u00f2 sobretot [&hellip;]<\/p>\n","protected":false},"author":7,"featured_media":0,"parent":18384,"menu_order":0,"comment_status":"closed","ping_status":"closed","template":"template-sidebar.php","meta":{"_mi_skip_tracking":false,"_monsterinsights_sitenote_active":false,"_monsterinsights_sitenote_note":"","_monsterinsights_sitenote_category":0},"_links":{"self":[{"href":"https:\/\/www.meteo.cat\/wpweb\/wp-json\/wp\/v2\/pages\/32144"}],"collection":[{"href":"https:\/\/www.meteo.cat\/wpweb\/wp-json\/wp\/v2\/pages"}],"about":[{"href":"https:\/\/www.meteo.cat\/wpweb\/wp-json\/wp\/v2\/types\/page"}],"author":[{"embeddable":true,"href":"https:\/\/www.meteo.cat\/wpweb\/wp-json\/wp\/v2\/users\/7"}],"replies":[{"embeddable":true,"href":"https:\/\/www.meteo.cat\/wpweb\/wp-json\/wp\/v2\/comments?post=32144"}],"version-history":[{"count":36,"href":"https:\/\/www.meteo.cat\/wpweb\/wp-json\/wp\/v2\/pages\/32144\/revisions"}],"predecessor-version":[{"id":34094,"href":"https:\/\/www.meteo.cat\/wpweb\/wp-json\/wp\/v2\/pages\/32144\/revisions\/34094"}],"up":[{"embeddable":true,"href":"https:\/\/www.meteo.cat\/wpweb\/wp-json\/wp\/v2\/pages\/18384"}],"wp:attachment":[{"href":"https:\/\/www.meteo.cat\/wpweb\/wp-json\/wp\/v2\/media?parent=32144"}],"curies":[{"name":"wp","href":"https:\/\/api.w.org\/{rel}","templated":true}]}}