{"id":297,"date":"2014-12-14T11:27:41","date_gmt":"2014-12-14T11:27:41","guid":{"rendered":"http:\/\/\/wpweb\/?page_id=297"},"modified":"2019-10-08T07:52:41","modified_gmt":"2019-10-08T07:52:41","slug":"lobservacio-meteorologica","status":"publish","type":"page","link":"https:\/\/www.meteo.cat\/wpweb\/divulgacio\/conceptes-generals\/lobservacio-meteorologica\/","title":{"rendered":"L&#039;observaci\u00f3 meteorol\u00f2gica"},"content":{"rendered":"<p>La meteorologia \u00e9s l&#8217;estudi de tot all\u00f2 que est\u00e0 susp\u00e8s a l&#8217;aire (aquest \u00e9s el significat de la paraula en grec). Aix\u00f2 vol dir que aquesta ci\u00e8ncia estudia tot all\u00f2 que observem a l&#8217;atmosfera, ja siguin els n\u00favols, la precipitaci\u00f3, el vent, la temperatura, etc. Per estudiar tots aquests fen\u00f2mens es necessiten estacions meteorol\u00f2giques, que s\u00f3n capaces de mesurar la major part de les variables meteorol\u00f2giques, radars, sat\u00e8l\u00b7lits, etc.<\/p>\n<p>El conjunt de variables meteorol\u00f2giques ens descriu el que anomenem estat del temps, condicions meteorol\u00f2giques o temps atmosf\u00e8ric.<\/p>\n<p>Abans, les estacions meteorol\u00f2giques eren manuals, \u00e9s a dir, que calia alg\u00fa que consult\u00e9s el term\u00f2metre o el pluvi\u00f2metre i anot\u00e9s en un paper els valors de temperatura o de pluja que havia mesurat. Avui en dia la major part de les estacions meteorol\u00f2giques s\u00f3n autom\u00e0tiques. Aix\u00f2 vol dir que funcionen amb electricitat i que els sensors que mesuren la pluja, el vent, la temperatura, la humitat, etc., funcionen sols i envien les dades que prenen fins el centre meteorol\u00f2gic del qual dep\u00e8n l&#8217;estaci\u00f3. Aix\u00f2 t\u00e9 avantatges: donen dades molt sovint, es poden fer gr\u00e0fics amb l&#8217;evoluci\u00f3 de les variables, no cal que ning\u00fa vagi a prendre dades els 365 dies de l&#8217;any, etc. Per\u00f2 tamb\u00e9 t\u00e9 inconvenients: si falla l&#8217;electricitat, s&#8217;aturen, en general no mesuren la visibilitat, els tipus de n\u00favols, la calamarsa o la neu, i cal fer-ne un manteniment molt estricte.<\/p>\n<p>I per qu\u00e8 s\u00f3n tan necess\u00e0ries les estacions meteorol\u00f2giques? Hi ha gent que creu que calen moltes estacions per poder fer la predicci\u00f3 del temps. Doncs no! La predicci\u00f3 meteorol\u00f2gica funciona amb models num\u00e8rics que no necessiten gaires dades meteorol\u00f2giques de superf\u00edcie.<\/p>\n","protected":false},"excerpt":{"rendered":"<p>La meteorologia \u00e9s l&#8217;estudi de tot all\u00f2 que est\u00e0 susp\u00e8s a l&#8217;aire (aquest \u00e9s el significat de la paraula en grec). Aix\u00f2 vol dir que aquesta ci\u00e8ncia estudia tot all\u00f2 que observem a l&#8217;atmosfera, ja siguin els n\u00favols, la precipitaci\u00f3, el vent, la temperatura, etc. Per estudiar tots aquests fen\u00f2mens es necessiten estacions meteorol\u00f2giques, que [&hellip;]<\/p>\n","protected":false},"author":2,"featured_media":0,"parent":126,"menu_order":0,"comment_status":"closed","ping_status":"closed","template":"template-sidebar.php","meta":{"_mi_skip_tracking":false,"_monsterinsights_sitenote_active":false,"_monsterinsights_sitenote_note":"","_monsterinsights_sitenote_category":0},"_links":{"self":[{"href":"https:\/\/www.meteo.cat\/wpweb\/wp-json\/wp\/v2\/pages\/297"}],"collection":[{"href":"https:\/\/www.meteo.cat\/wpweb\/wp-json\/wp\/v2\/pages"}],"about":[{"href":"https:\/\/www.meteo.cat\/wpweb\/wp-json\/wp\/v2\/types\/page"}],"author":[{"embeddable":true,"href":"https:\/\/www.meteo.cat\/wpweb\/wp-json\/wp\/v2\/users\/2"}],"replies":[{"embeddable":true,"href":"https:\/\/www.meteo.cat\/wpweb\/wp-json\/wp\/v2\/comments?post=297"}],"version-history":[{"count":3,"href":"https:\/\/www.meteo.cat\/wpweb\/wp-json\/wp\/v2\/pages\/297\/revisions"}],"predecessor-version":[{"id":11922,"href":"https:\/\/www.meteo.cat\/wpweb\/wp-json\/wp\/v2\/pages\/297\/revisions\/11922"}],"up":[{"embeddable":true,"href":"https:\/\/www.meteo.cat\/wpweb\/wp-json\/wp\/v2\/pages\/126"}],"wp:attachment":[{"href":"https:\/\/www.meteo.cat\/wpweb\/wp-json\/wp\/v2\/media?parent=297"}],"curies":[{"name":"wp","href":"https:\/\/api.w.org\/{rel}","templated":true}]}}