{"id":29620,"date":"2020-10-23T08:06:04","date_gmt":"2020-10-23T08:06:04","guid":{"rendered":"https:\/\/www.meteo.cat\/wpweb\/?page_id=29620"},"modified":"2022-06-17T09:38:47","modified_gmt":"2022-06-17T09:38:47","slug":"accessibilitat","status":"publish","type":"page","link":"https:\/\/www.meteo.cat\/wpweb\/accessibilitat\/","title":{"rendered":"Declaraci\u00f3 d\u2019accessibilitat del web meteo.cat"},"content":{"rendered":"\n<p>El <strong>Servei Meteorol\u00f2gic de Catalunya<\/strong> (<abbr title=\"Servei Meteorol\u00f2gic de Catalunya\">SMC<\/abbr>) s\u2019ha comprom\u00e8s a fer accessibles els seus webs de conformitat amb el Reial Decret 1112\/2018, de 7 de setembre, sobre accessibilitat dels llocs web i aplicacions per a dispositius m\u00f2bils del sector p\u00fablic (en endavant, Reial Decret 1112\/2018, de 7 de setembre).<\/p>\n\n\n\n<p>La present declaraci\u00f3 d\u2019accessibilitat s\u2019aplica al lloc web<strong> https:\/\/www.meteo.cat<\/strong><\/p>\n\n\n\n<h2 class=\"taula-continguts-titol\" id=\"taula_continguts\">Taula de continguts<\/h2>\n\n\n\n<ol class=\"taula-continguts\"><li><a href=\"#bloc1\"> Situaci\u00f3 de compliment<\/a><\/li><li><a href=\"#bloc2\">Contingut no accessible<\/a><\/li><li><a href=\"#bloc3\">Preparaci\u00f3 de la present declaraci\u00f3 d\u2019accessibilitat<\/a><\/li><li><a href=\"#bloc4\">Observacions i dades de contacte<\/a><\/li><li><a href=\"#bloc7\">Altres informacions<\/a><\/li><li><a href=\"#bloc8\">El comprom\u00eds de l&#8217;<abbr title=\"Servei Meteorol\u00f2gic de Catalunya\">SMC<\/abbr> per l&#8217;accessibilitat<\/a><\/li><\/ol>\n\n\n\n<div style=\"height:50px\" aria-hidden=\"true\" class=\"wp-block-spacer\"><\/div>\n\n\n\n<hr class=\"wp-block-separator is-style-default\"\/>\n\n\n\n<div style=\"height:50px\" aria-hidden=\"true\" class=\"wp-block-spacer\"><\/div>\n\n\n\n<h2 id=\"bloc1\">Situaci\u00f3 de compliment<\/h2>\n\n\n\n<p>Aquest lloc web \u00e9s \u00ab<strong>no conforme<\/strong>\u00bb&nbsp;amb el Reial Decret 1112\/2018, de 7 de setembre, a causa de les excepcions i la manca de conformitat dels aspectes que s\u2019indiquen a continuaci\u00f3. <\/p>\n\n\n\n<a href=\"#taula_continguts\" title=\"Puja\" class=\"go-top\">Puja<\/a>\n\n\n\n<div style=\"height:50px\" aria-hidden=\"true\" class=\"wp-block-spacer\"><\/div>\n\n\n\n<h2 id=\"bloc2\">Contingut no accessible<\/h2>\n\n\n\n<p>El contingut que es recull a continuaci\u00f3 no \u00e9s accessible pels seg\u00fcents motius:<\/p>\n\n\n\n<ul><li><strong>Manca de conformitat amb el Reial Decret 1112\/2018, de 7 de setembre<\/strong>: <ul><li>El lloc web t\u00e9&nbsp; imatges, mapes&nbsp; i gr\u00e0vids sense texts alternatius.<\/li><li>Els v\u00eddeos no contenen audiodescripcions ni subt\u00edtols.<\/li><li>Els documents PDF contenen imatges sense alternatives i manca de marcat de taules i encap\u00e7alaments. En aquest tipus de documents tamb\u00e9 es detecten contrasts de colors que poden ser insuficients per a alguns perfils d\u2019usuari.<\/li><li>El contrast de color no acompleix els requeriments necessaris en alguns elements i texts.<\/li><li>L\u2019estructura d\u2019encap\u00e7alaments de les p\u00e0gines cont\u00e9 alguns salts en la seva jerarquia.<\/li><li>El redimensionament del text pot fer que alguns continguts es superposin.<\/li><li>Es detecten imatges de text.<\/li><li>L\u2019ordre de navegaci\u00f3 del focus no sempre \u00e9s adequat.<\/li><li>El focus no sempre \u00e9s visible.<\/li><li>No tots els enlla\u00e7os contenen informaci\u00f3 contextual suficient.<\/li><li>El focus del teclat no sempre \u00e9s visible.<\/li><li>Es detecten elements en moviment sense un mecanisme que permeti aturar-los.<\/li><li>Algunes opcions no indiquen que actualitzen contingut quan l\u2019usuari introdueix dades ni quan es produeixen canvis a la p\u00e0gina.<\/li><li>En alguns formularis no es notifiquen els errors a l\u2019usuari quan els emplena i tampoc se li ofereixen suggeriments per corregir-los.<\/li><li>El validador autom\u00e0tic del W3c indica que existeixen errors en el codi HTML.<\/li><li>Alguns elements interactius no s\u00f3n accessibles per als lectors de pantalla.<\/li><\/ul><\/li><\/ul>\n\n\n\n<a href=\"#taula_continguts\" title=\"Puja\" class=\"go-top\">Puja<\/a>\n\n\n\n<div style=\"height:50px\" aria-hidden=\"true\" class=\"wp-block-spacer\"><\/div>\n\n\n\n<h2 id=\"bloc3\">Preparaci\u00f3 de la present declaraci\u00f3 d\u2019accessibilitat<\/h2>\n\n\n\n<p>La present declaraci\u00f3 va ser preparada el 13 de maig de 2021.<\/p>\n\n\n\n<p>El m\u00e8tode utilitzat per preparar la declaraci\u00f3 va ser l\u2019auditoria d\u2019accessibilitat externa duta a terme per la consultora en accessibilitat web TOTHOMweb.<\/p>\n\n\n\n<p>Darrera revisi\u00f3 de la declaraci\u00f3: 13 de maig de 2021<\/p>\n\n\n\n<a href=\"#taula_continguts\" title=\"Puja\" class=\"go-top\">Puja<\/a>\n\n\n\n<div style=\"height:50px\" aria-hidden=\"true\" class=\"wp-block-spacer\"><\/div>\n\n\n\n<h2 id=\"bloc4\">Observacions i dades de contacte <\/h2>\n\n\n\n<h3 class=\"text-color\">Comunicacions<\/h3>\n\n\n\n<p>Es poden realitzar comunicacions sobre requisits d\u2019accessibilitat (article 10.2.a del Reial Decret 1112\/2018), a trav\u00e9s de la seg\u00fcent&nbsp;<strong><a href=\"https:\/\/ovt.gencat.cat\/gsitfc\/AppJava\/generic\/conqxsGeneric.do?topicLevel1.id=500&amp;topicLevel2.id=20523&amp;webFormId=391&amp;set-locale=ca_ES\">b\u00fastia de contacte<\/a><\/strong>.<\/p>\n\n\n\n<p>Per exemple:<\/p>\n\n\n\n<ul><li>Informar sobre qualsevol possible incompliment per part d\u2019aquest lloc web.<\/li><li>Transmetre altres dificultats d\u2019acc\u00e9s al contingut.<\/li><li>Formular qualsevol altra consulta o suggeriment de millora relativa a l\u2019accessibilitat del lloc web.<\/li><\/ul>\n\n\n\n<p>Les comunicacions seran rebudes i traslladades per la Direcci\u00f3 General d\u2019Atenci\u00f3 Ciutadana, del Departament de la Vicepresid\u00e8ncia, Economia i Hisenda, com a Unitat Responsable d\u2019Accessibilitat Web en l\u2019\u00e0mbit auton\u00f2mic.<\/p>\n\n\n\n<div style=\"height:20px\" aria-hidden=\"true\" class=\"wp-block-spacer\"><\/div>\n\n\n\n<h3 class=\"text-color\">Sol\u00b7licituds d\u2019informaci\u00f3 accessible i queixes<\/h3>\n\n\n\n<p>Per\nfer sol\u00b7licituds d\u2019informaci\u00f3 accessible i queixes (article 12 del Reial Decret\n1112\/2018, de 7 de setembre) cal accedir al tr\u00e0mit \u201c<a href=\"https:\/\/web.gencat.cat\/ca\/tramits\/tramits-temes\/Continguts-accessibles-al-web\"><strong>Continguts\naccessibles al web<\/strong><\/a>\u201d i seguir la modalitat \u201c<a href=\"https:\/\/web.gencat.cat\/ca\/tramits\/tramits-temes\/Continguts-accessibles-al-web?moda=1\"><strong>Sol\u00b7licitar\ninformaci\u00f3 accessible o fer una queixa<\/strong><\/a>\u201d.<\/p>\n\n\n\n<p>Qualsevol\npersona f\u00edsica o jur\u00eddica pot formular queixes relatives al compliment dels\nrequisits del Reial Decret 1112\/2018, de 7 de setembre, i sol\u00b7licitar\ninformaci\u00f3 relativa a continguts que estiguin exclosos de l\u2019\u00e0mbit d\u2019aplicaci\u00f3\nd\u2019aquesta normativa.<\/p>\n\n\n\n<p>Les\nsol\u00b7licituds i queixes es registren conforme als requisits establerts per la\nLlei 39\/2015 d\u20191 d\u2019octubre, del Procediment Administratiu Com\u00fa de les\nAdministracions P\u00fabliques.<\/p>\n\n\n\n<div style=\"height:20px\" aria-hidden=\"true\" class=\"wp-block-spacer\"><\/div>\n\n\n\n<h3 class=\"text-color\">Procediment d\u2019aplicaci\u00f3<\/h3>\n\n\n\n<p>El procediment d\u2019aplicaci\u00f3 recollit a\nl\u2019article 13 del Reial Decret 1112\/2018, de 7 de setembre, es pot iniciar al\ntr\u00e0mit \u201c<a href=\"https:\/\/web.gencat.cat\/ca\/tramits\/tramits-temes\/Continguts-accessibles-al-web\"><strong>Continguts accessibles al web<\/strong><\/a>\u201d a\ntrav\u00e9s de la modalitat \u201c<a href=\"https:\/\/web.gencat.cat\/ca\/tramits\/tramits-temes\/Continguts-accessibles-al-web?category=&amp;moda=2\"><strong>Reclamar una sol\u00b7licitud<\/strong><\/a>\u201d.<\/p>\n\n\n\n<p>Si un cop realitzada una sol\u00b7licitud\nd\u2019informaci\u00f3 accessible o queixa, aquesta ha estat desestimada, no est\u00e0s\nd\u2019acord amb la decisi\u00f3 adoptada o la resposta no compleix amb els requisits de\nl\u2019article 12.5 del Reial Decret 1112\/2018, de 7 de setembre, pots iniciar una\nreclamaci\u00f3 per<\/p>\n\n\n\n<ul><li>con\u00e8ixer i oposar-te als motius de\nla desestimaci\u00f3<\/li><li>instar a l\u2019adopci\u00f3 de les mesures\noportunes en cas de no estar d\u2019acord amb la decisi\u00f3 adoptada<\/li><li>exposar les raons per les quals\nconsideres que la resposta no compleix amb els requisits exigits.<\/li><\/ul>\n\n\n\n<p>Tamb\u00e9 es pot iniciar una reclamaci\u00f3 en cas\nque hagin transcorregut 20 dies h\u00e0bils sense haver obtingut cap resposta.<\/p>\n\n\n\n<a href=\"#taula_continguts\" title=\"Puja\" class=\"go-top\">Puja<\/a>\n\n\n\n<div style=\"height:50px\" aria-hidden=\"true\" class=\"wp-block-spacer\"><\/div>\n\n\n\n<h2 id=\"bloc7\">Altres informacions<\/h2>\n\n\n\n<p>Continuem realitzant treballs d\u2019auditoria i consultoria per adequar les possibles disconformitats i aconseguir una accessibilitat plena al lloc web que permeti el seu \u00fas a qualsevol persona, independentment de les seves capacitats.<\/p>\n\n\n\n<a href=\"#taula_continguts\" title=\"Puja\" class=\"go-top\">Puja<\/a>\n\n\n\n<div style=\"height:50px\" aria-hidden=\"true\" class=\"wp-block-spacer\"><\/div>\n\n\n\n<h2 id=\"bloc8\">El comprom\u00eds de l&#8217;<abbr title=\"Servei Meteorol\u00f2gic de Catalunya\">SMC<\/abbr> per l&#8217;accessibilitat<\/h2>\n\n\n\n<p>El web meteo.cat s&#8217;ha constru\u00eft amb l&#8217;\u00e0nim de facilitar l&#8217;acc\u00e9s universal a totes les persones que el consulten independentment de les seves capacitats, f\u00edsiques, sensorials o intel\u00b7lectuals, i del context t\u00e8cnic d&#8217;\u00fas amb qu\u00e8 ho fan (tipus de dispositiu, programari, velocitat de la connexi\u00f3, condicions ambientals, etc.).<\/p>\n\n\n\n<p>Per aix\u00f2, es treballa amb l&#8217;objectiu d&#8217;adaptar tot el web a les recomanacions del Consorci World Wide Web W3C&nbsp;per tal d&#8217;eliminar les barreres que dificulten l&#8217;acc\u00e9s a la informaci\u00f3 i la comunicaci\u00f3. Aquestes recomanacions es concreten en les pautes d&#8217;accessibilitat del web&nbsp;<strong>WCAG 2.1<\/strong>.<\/p>\n\n\n\n<p>La&nbsp;<strong>Directiva (UE) 2016\/2102 del Parlament Europeu i del Consell de 26 d\u2019octubre de 2016<\/strong>&nbsp;estableix les normes que s\u2019exigeixen als estats membres per tal que tots els webs i aplicacions m\u00f2bils del sector p\u00fablic, independentment del dispositiu utilitzat per accedir-hi, compleixin els requisits d\u2019accessibilitat que es recullen a la&nbsp;<strong>norma EN 301 549 v2.1.2 (d\u2019agost de 2018)<\/strong>, de requisits d\u2019accessibilitat adequats per a la contractaci\u00f3 p\u00fablica de productes i serveis TIC a Europa.<\/p>\n\n\n\n<p>La norma EN 301 549 v2.1.2 es basa principalment en les&nbsp;<strong>Web Content Accessibility Guidelines (WCAG) 2.1, d\u2019agost de 2018<\/strong>. Concretament cal complir el nivell AA. No obstant aix\u00f2, la norma tamb\u00e9 t\u00e9 altres requisits addicionals, obligatoris i condicionals.<\/p>\n\n\n\n<p>La directiva \u00e9s d\u2019obligat compliment per\u00f2 no \u00e9s directament aplicable, per aix\u00f2 en l&#8217;\u00e0mbit estatal s\u2019ha desenvolupat un real decret que desenvolupa l\u2019abast i els requisits, com a m\u00ednim. La transposici\u00f3 estatal \u00e9s el&nbsp;<strong>Reial Decret 1112\/2018, de 7 de setembre<\/strong>, sobre accessibilitat dels llocs webs i aplicacions per a dispositius m\u00f2bils del sector p\u00fablic.<\/p>\n\n\n\n<a href=\"#taula_continguts\" title=\"Puja\" class=\"go-top\">Puja<\/a>\n","protected":false},"excerpt":{"rendered":"<p>El Servei Meteorol\u00f2gic de Catalunya (SMC) s\u2019ha comprom\u00e8s a fer accessibles els seus webs de conformitat amb el Reial Decret 1112\/2018, de 7 de setembre, sobre accessibilitat dels llocs web i aplicacions per a dispositius m\u00f2bils del sector p\u00fablic (en endavant, Reial Decret 1112\/2018, de 7 de setembre). La present declaraci\u00f3 d\u2019accessibilitat s\u2019aplica al lloc [&hellip;]<\/p>\n","protected":false},"author":1,"featured_media":0,"parent":0,"menu_order":11,"comment_status":"closed","ping_status":"closed","template":"template-sidebar.php","meta":{"_mi_skip_tracking":false,"_monsterinsights_sitenote_active":false,"_monsterinsights_sitenote_note":"","_monsterinsights_sitenote_category":0},"_links":{"self":[{"href":"https:\/\/www.meteo.cat\/wpweb\/wp-json\/wp\/v2\/pages\/29620"}],"collection":[{"href":"https:\/\/www.meteo.cat\/wpweb\/wp-json\/wp\/v2\/pages"}],"about":[{"href":"https:\/\/www.meteo.cat\/wpweb\/wp-json\/wp\/v2\/types\/page"}],"author":[{"embeddable":true,"href":"https:\/\/www.meteo.cat\/wpweb\/wp-json\/wp\/v2\/users\/1"}],"replies":[{"embeddable":true,"href":"https:\/\/www.meteo.cat\/wpweb\/wp-json\/wp\/v2\/comments?post=29620"}],"version-history":[{"count":37,"href":"https:\/\/www.meteo.cat\/wpweb\/wp-json\/wp\/v2\/pages\/29620\/revisions"}],"predecessor-version":[{"id":34661,"href":"https:\/\/www.meteo.cat\/wpweb\/wp-json\/wp\/v2\/pages\/29620\/revisions\/34661"}],"wp:attachment":[{"href":"https:\/\/www.meteo.cat\/wpweb\/wp-json\/wp\/v2\/media?parent=29620"}],"curies":[{"name":"wp","href":"https:\/\/api.w.org\/{rel}","templated":true}]}}