{"id":295,"date":"2014-12-14T11:26:53","date_gmt":"2014-12-14T11:26:53","guid":{"rendered":"http:\/\/\/wpweb\/?page_id=295"},"modified":"2019-10-08T07:52:20","modified_gmt":"2019-10-08T07:52:20","slug":"la-prediccio-del-temps-avui","status":"publish","type":"page","link":"https:\/\/www.meteo.cat\/wpweb\/divulgacio\/conceptes-generals\/la-prediccio-del-temps-avui\/","title":{"rendered":"La predicci\u00f3 del temps: avui"},"content":{"rendered":"<p>I qu\u00e8 es fa avui en dia? Es comen\u00e7a tamb\u00e9 tenint una descripci\u00f3 inicial de l&#8217;estat de l&#8217;atmosfera. S&#8217;obt\u00e9 de les previsions del dia anterior, d&#8217;algunes observacions d&#8217;estacions meteorol\u00f2giques de superf\u00edcie i d&#8217;observacions a diferents altituds, subministrades per globus sonda que es deixen anar i que s\u00f3n capa\u00e7os de pujar fins a m\u00e9s de 20 Km d&#8217;altitud i anar transmetent dades.<\/p>\n<p>Totes aquestes dades, introdu\u00efdes a un model meteorol\u00f2gic que sigui capa\u00e7 de simular el comportament de l&#8217;atmosfera mitjan\u00e7ant complicades equacions matem\u00e0tiques i que contingui molta informaci\u00f3 de la posici\u00f3 de les muntanyes, de la situaci\u00f3 de les masses d&#8217;aigua i de la seva temperatura, etc., i amb l&#8217;ajut dels ordinadors m\u00e9s potents del m\u00f3n, acaben donant lloc als mapes del temps.<\/p>\n<p>Aquests mapes, on figuren els anticiclons, les depressions i els fronts, si s\u00f3n interpretats per persones amb molta experi\u00e8ncia en la predicci\u00f3 meteorol\u00f2gica d&#8217;un cert lloc, proporcionen molta informaci\u00f3 del temps que pot fer, i constitueixen la base de la predicci\u00f3 del temps.<\/p>\n<p>I com es transmeten les dades? Doncs, avui no es fan servir ni els cavalls ni el tel\u00e8graf, sin\u00f3 Internet!!<\/p>\n","protected":false},"excerpt":{"rendered":"<p>I qu\u00e8 es fa avui en dia? Es comen\u00e7a tamb\u00e9 tenint una descripci\u00f3 inicial de l&#8217;estat de l&#8217;atmosfera. S&#8217;obt\u00e9 de les previsions del dia anterior, d&#8217;algunes observacions d&#8217;estacions meteorol\u00f2giques de superf\u00edcie i d&#8217;observacions a diferents altituds, subministrades per globus sonda que es deixen anar i que s\u00f3n capa\u00e7os de pujar fins a m\u00e9s de 20 [&hellip;]<\/p>\n","protected":false},"author":2,"featured_media":0,"parent":126,"menu_order":0,"comment_status":"closed","ping_status":"closed","template":"template-sidebar.php","meta":{"_mi_skip_tracking":false,"_monsterinsights_sitenote_active":false,"_monsterinsights_sitenote_note":"","_monsterinsights_sitenote_category":0},"_links":{"self":[{"href":"https:\/\/www.meteo.cat\/wpweb\/wp-json\/wp\/v2\/pages\/295"}],"collection":[{"href":"https:\/\/www.meteo.cat\/wpweb\/wp-json\/wp\/v2\/pages"}],"about":[{"href":"https:\/\/www.meteo.cat\/wpweb\/wp-json\/wp\/v2\/types\/page"}],"author":[{"embeddable":true,"href":"https:\/\/www.meteo.cat\/wpweb\/wp-json\/wp\/v2\/users\/2"}],"replies":[{"embeddable":true,"href":"https:\/\/www.meteo.cat\/wpweb\/wp-json\/wp\/v2\/comments?post=295"}],"version-history":[{"count":3,"href":"https:\/\/www.meteo.cat\/wpweb\/wp-json\/wp\/v2\/pages\/295\/revisions"}],"predecessor-version":[{"id":11920,"href":"https:\/\/www.meteo.cat\/wpweb\/wp-json\/wp\/v2\/pages\/295\/revisions\/11920"}],"up":[{"embeddable":true,"href":"https:\/\/www.meteo.cat\/wpweb\/wp-json\/wp\/v2\/pages\/126"}],"wp:attachment":[{"href":"https:\/\/www.meteo.cat\/wpweb\/wp-json\/wp\/v2\/media?parent=295"}],"curies":[{"name":"wp","href":"https:\/\/api.w.org\/{rel}","templated":true}]}}