{"id":293,"date":"2014-12-14T11:25:40","date_gmt":"2014-12-14T11:25:40","guid":{"rendered":"http:\/\/\/wpweb\/?page_id=293"},"modified":"2019-10-08T07:51:59","modified_gmt":"2019-10-08T07:51:59","slug":"la-prediccio-del-temps-abans","status":"publish","type":"page","link":"https:\/\/www.meteo.cat\/wpweb\/divulgacio\/conceptes-generals\/la-prediccio-del-temps-abans\/","title":{"rendered":"La predicci\u00f3 del temps: abans"},"content":{"rendered":"<p>Fa molts anys, la predicci\u00f3 del temps era molt dif\u00edcil.<\/p>\n<p>Imagineu com es feia, per exemple, fa 500 anys. Aleshores, l&#8217;\u00fanica predicci\u00f3 era la que es basava en l&#8217;experi\u00e8ncia de la gent que havia observat el temps tota la vida al seu poble.<\/p>\n<p>Aix\u00f2 encara passa avui als pobles petits, on els pagesos es fixen en la posici\u00f3 d&#8217;uns n\u00favols, en el gir del vent o en el comportament dels animals per intentar saber qu\u00e8 passar\u00e0 a la tardar o l&#8217;endem\u00e0. Per\u00f2 aquest sistema no funciona per saber qu\u00e8 passar\u00e0 d&#8217;aqu\u00ed a tres dies o qu\u00e8 passar\u00e0 a un poble que est\u00e0 situat en una altra vall!<\/p>\n","protected":false},"excerpt":{"rendered":"<p>Fa molts anys, la predicci\u00f3 del temps era molt dif\u00edcil. Imagineu com es feia, per exemple, fa 500 anys. Aleshores, l&#8217;\u00fanica predicci\u00f3 era la que es basava en l&#8217;experi\u00e8ncia de la gent que havia observat el temps tota la vida al seu poble. Aix\u00f2 encara passa avui als pobles petits, on els pagesos es fixen [&hellip;]<\/p>\n","protected":false},"author":2,"featured_media":0,"parent":126,"menu_order":0,"comment_status":"closed","ping_status":"closed","template":"template-sidebar.php","meta":{"_mi_skip_tracking":false,"_monsterinsights_sitenote_active":false,"_monsterinsights_sitenote_note":"","_monsterinsights_sitenote_category":0},"_links":{"self":[{"href":"https:\/\/www.meteo.cat\/wpweb\/wp-json\/wp\/v2\/pages\/293"}],"collection":[{"href":"https:\/\/www.meteo.cat\/wpweb\/wp-json\/wp\/v2\/pages"}],"about":[{"href":"https:\/\/www.meteo.cat\/wpweb\/wp-json\/wp\/v2\/types\/page"}],"author":[{"embeddable":true,"href":"https:\/\/www.meteo.cat\/wpweb\/wp-json\/wp\/v2\/users\/2"}],"replies":[{"embeddable":true,"href":"https:\/\/www.meteo.cat\/wpweb\/wp-json\/wp\/v2\/comments?post=293"}],"version-history":[{"count":3,"href":"https:\/\/www.meteo.cat\/wpweb\/wp-json\/wp\/v2\/pages\/293\/revisions"}],"predecessor-version":[{"id":11918,"href":"https:\/\/www.meteo.cat\/wpweb\/wp-json\/wp\/v2\/pages\/293\/revisions\/11918"}],"up":[{"embeddable":true,"href":"https:\/\/www.meteo.cat\/wpweb\/wp-json\/wp\/v2\/pages\/126"}],"wp:attachment":[{"href":"https:\/\/www.meteo.cat\/wpweb\/wp-json\/wp\/v2\/media?parent=293"}],"curies":[{"name":"wp","href":"https:\/\/api.w.org\/{rel}","templated":true}]}}