{"id":288,"date":"2014-12-14T11:23:31","date_gmt":"2014-12-14T11:23:31","guid":{"rendered":"http:\/\/\/wpweb\/?page_id=288"},"modified":"2019-10-08T07:51:15","modified_gmt":"2019-10-08T07:51:15","slug":"el-vent","status":"publish","type":"page","link":"https:\/\/www.meteo.cat\/wpweb\/divulgacio\/conceptes-generals\/el-vent\/","title":{"rendered":"El vent"},"content":{"rendered":"<p>L&#8217;aire gaireb\u00e9 no est\u00e0 mai quiet. I no ho est\u00e0 perqu\u00e8 la temperatura no \u00e9s igual a tot arreu. Al cap\u00edtol anterior explic\u00e0vem que una difer\u00e8ncia de temperatura, segons la vertical, podia originar convecci\u00f3 (corrents verticals d&#8217;aire), per\u00f2 tots sabeu que sovint fa vent i aix\u00f2 vol dir que l&#8217;aire tamb\u00e9 \u00e9s mou en el pla horitzontal. L&#8217;aire c\u00e0lid \u00e9s meu lleuger que el fred, i aix\u00f2 fa que la pressi\u00f3 atmosf\u00e8rica (el pes de l&#8217;aire sobre els nostres caps) tamb\u00e9 sigui diferent d&#8217;unes zones a les altres.L&#8217;aire viatja de les zones de m\u00e9s pressi\u00f3 atmosf\u00e8rica a les de menys, intentant igualar-la.<\/p>\n<p>Hi ha diversos motius perqu\u00e8 la temperatura vari\u00ef:<\/p>\n<p>La distribuci\u00f3 de mars i terres n&#8217;\u00e9s un, ja que la terra s&#8217;escalfa molt m\u00e9s i molt m\u00e9s r\u00e0pid que no pas al mar.<\/p>\n<p>La coberta vegetal o rocosa del s\u00f2l tamb\u00e9 origina temperatures diferents, sobretot quan els toca el Sol.<\/p>\n<p>Per\u00f2 hi ha un motiu determinant i important\u00edssim que provoca una distribuci\u00f3 de temperatura molt diferent a la Terra: la seva forma.<\/p>\n<p>Si la terra fos plana i orientada cap al Sol, s&#8217;escalfaria tota de manera semblant, per\u00f2 no \u00e9s aix\u00ed. La Terra, com segur que sabeu, \u00e9s rodona. Aix\u00f2 fa que les \u00e0rees properes a l&#8217;equador, que estan encarades al Sol, s&#8217;escalfin molt, mentre que les zones polars, situades als dos extrems de la Terra, s&#8217;escalfen poc, ja que els raigs solars hi arriben molt inclinats. Per entrendre-ho millor podeu fer un experiment senzill: en una habitaci\u00f3 fosca enceneu una llanterna i il\u00b7lumineu des de prop una pilota apuntant al seu centre. Veureu un cercle petit de llum. Ara desplaceu la llanterna, sense variar-ne la inclinaci\u00f3, cap a un extrem de la pilota. Veureu que el feix de llum s&#8217;allarga i ocupa una superf\u00edcie molt m\u00e9s gran. Podeu imaginar f\u00e0cilment que l&#8217;energia associada al feix de llum es reparteix en m\u00e9s superf\u00edcie i, per tant, escalfa menys que quan est\u00e0 molt concentrada. Per aix\u00f2 fa molt m\u00e9s fred als pols que a l&#8217;equador.<\/p>\n<p>A m\u00e9s, la Terra viatja al voltant del Sol al llarg de l&#8217;any, i com que l&#8217;equador terrestre est\u00e0 una mica inclinat respecte del pla de la seva \u00f2rbita al voltant del Sol, la part de la Terra que est\u00e0 ben encarada cap al Sol varia al llarg de l&#8217;any. Aix\u00f2 \u00e9s el que fa que existeixin les estacions: la primavera, l&#8217;estiu, la tardor i l&#8217;hivern. Quan \u00e9s estiu a l&#8217;hemisferi nord \u00e9s hivern a l&#8217;hemisferi sud!<\/p>\n<p>Ara ja hem ent\u00e8s per qu\u00e8 fa m\u00e9s calor a l&#8217;equador que als pols. A l&#8217;equador tenim aire calent, que \u00e9s menys dens (pesa menys) que l&#8217;aire fred que hi ha als pols. Com que pesa menys hi haur\u00e0 baixes pressions, \u00e9s a dir, hi haur\u00e0 depressions. Com les D que segur que heu vist pintades als mapes del temps.<\/p>\n<p>Als pols, l&#8217;aire fred i dens far\u00e0 que la pressi\u00f3 sigui alta i hi haur\u00e0 altes pressions, o anticiclons, com els que s&#8217;assenyalen amb una A als mapes. L&#8217;aire equatorial ascendir\u00e0 i el lloc que deixar\u00e0 ser\u00e0 ocupat per aire m\u00e9s fred procedent dels pols. L&#8217;aire, circulant, intentar\u00e0 igualar les pressions.<\/p>\n<p>D&#8217;aquesta manera sempre hi hauria vent del nord a l&#8217;hemisferi nord i vent del sud a l&#8217;hemisferi sud. Per sobre d&#8217;aquests vents n&#8217;hi hauria de sentit contrari per tancar la circulaci\u00f3. Aquest seria un model molt senzill de circulaci\u00f3 atmosf\u00e8rica, per\u00f2 al cap\u00edtol seg\u00fcent veurem que no \u00e9s el real. I per qu\u00e8 no \u00e9s real? Doncs perqu\u00e8 la terra no est\u00e0 quieta sin\u00f3 que gira!<\/p>\n","protected":false},"excerpt":{"rendered":"<p>L&#8217;aire gaireb\u00e9 no est\u00e0 mai quiet. I no ho est\u00e0 perqu\u00e8 la temperatura no \u00e9s igual a tot arreu. Al cap\u00edtol anterior explic\u00e0vem que una difer\u00e8ncia de temperatura, segons la vertical, podia originar convecci\u00f3 (corrents verticals d&#8217;aire), per\u00f2 tots sabeu que sovint fa vent i aix\u00f2 vol dir que l&#8217;aire tamb\u00e9 \u00e9s mou en el [&hellip;]<\/p>\n","protected":false},"author":2,"featured_media":0,"parent":126,"menu_order":0,"comment_status":"closed","ping_status":"closed","template":"template-sidebar.php","meta":{"_mi_skip_tracking":false,"_monsterinsights_sitenote_active":false,"_monsterinsights_sitenote_note":"","_monsterinsights_sitenote_category":0},"_links":{"self":[{"href":"https:\/\/www.meteo.cat\/wpweb\/wp-json\/wp\/v2\/pages\/288"}],"collection":[{"href":"https:\/\/www.meteo.cat\/wpweb\/wp-json\/wp\/v2\/pages"}],"about":[{"href":"https:\/\/www.meteo.cat\/wpweb\/wp-json\/wp\/v2\/types\/page"}],"author":[{"embeddable":true,"href":"https:\/\/www.meteo.cat\/wpweb\/wp-json\/wp\/v2\/users\/2"}],"replies":[{"embeddable":true,"href":"https:\/\/www.meteo.cat\/wpweb\/wp-json\/wp\/v2\/comments?post=288"}],"version-history":[{"count":4,"href":"https:\/\/www.meteo.cat\/wpweb\/wp-json\/wp\/v2\/pages\/288\/revisions"}],"predecessor-version":[{"id":24247,"href":"https:\/\/www.meteo.cat\/wpweb\/wp-json\/wp\/v2\/pages\/288\/revisions\/24247"}],"up":[{"embeddable":true,"href":"https:\/\/www.meteo.cat\/wpweb\/wp-json\/wp\/v2\/pages\/126"}],"wp:attachment":[{"href":"https:\/\/www.meteo.cat\/wpweb\/wp-json\/wp\/v2\/media?parent=288"}],"curies":[{"name":"wp","href":"https:\/\/api.w.org\/{rel}","templated":true}]}}