{"id":2854,"date":"2017-04-04T12:40:46","date_gmt":"2017-04-04T11:40:46","guid":{"rendered":"http:\/\/10.116.16.72\/test\/?p=2854"},"modified":"2020-10-21T06:31:54","modified_gmt":"2020-10-21T06:31:54","slug":"apunts-sobre-la-climatologia-de-la-setmana-santa-2017","status":"publish","type":"page","link":"https:\/\/www.meteo.cat\/wpweb\/divulgacio\/publicacions\/miscellania\/apunts-sobre-la-climatologia-de-la-setmana-santa-2017\/","title":{"rendered":"Apunts sobre la climatologia de la Setmana Santa 2017"},"content":{"rendered":"\n<p style=\"text-align:left\"><strong>PUBLICADA EL 04\/02\/2017<\/strong><\/p>\n\n\n\n<h2><strong>0. Introducci\u00f3<\/strong><\/h2>\n\n\n\n<p>La Setmana Santa \u00e9s un dels primers per\u00edodes llargs de l\u2019any dedicats massivament a l\u2019oci i a les activitats a l\u2019aire lliure. Hi conviuen encara les activitats pr\u00f2pies dels esports d\u2019hivern i les primeres manifestacions del turisme de platja. Per tant, la meteorologia juga un paper destacat a l\u2019hora de la planificaci\u00f3 de les destinacions i el tipus d\u2019activitat.<\/p>\n\n\n\n<p>Aquest informe no pret\u00e9n ser una predicci\u00f3 meteorol\u00f2gica, sin\u00f3 un recull de la climatologia habitual a Catalunya durant el per\u00edode del 8 al 17 d\u2019abril, que \u00e9s en el que queda emmarcada la Setmana Santa enguany. M\u00e9s endavant, l\u2019\u00c0rea de Predicci\u00f3 del Servei Meteorol\u00f2gic de Catalunya (SMC) emetr\u00e0 un informe prec\u00eds sobre la predicci\u00f3 meteorol\u00f2gica.<\/p>\n\n\n\n<h2><strong>1. Font d\u2019informaci\u00f3<\/strong><\/h2>\n\n\n\n<p>L\u2019estudi es basa en les dades meteorol\u00f2giques registrades a la Xarxa d\u2019Estacions Meteorol\u00f2giques Autom\u00e0tiques (XEMA) de l\u2019SMC, majorit\u00e0riament dins del per\u00edode 2002-2016, \u00e9s a dir, quinze anys de dades que poden caracteritzar for\u00e7a b\u00e9 les caracter\u00edstiques clim\u00e0tiques del per\u00edode d\u2019estudi. Les variables analitzades han estat la temperatura m\u00e0xima, la temperatura m\u00ednima, la temperatura mitjana, la precipitaci\u00f3 i la velocitat del vent. A part, per a analitzar el comportament de la variable insolaci\u00f3 (hores de sol) tamb\u00e9 s\u2019han fet servir les dades procedents dels seg\u00fcents observatoris principals: Barcelona \u2013 Observatori Fabra, Observatori de l\u2019Ebre, Observatori de Lleida, Aeroport de Girona \u2013 Costa Brava i Aeroport de Reus.<\/p>\n\n\n\n<p>Les unitats de mesura s\u00f3n graus Celsius (\u00baC) per a la temperatura, mil\u2022l\u00edmetres (mm) per a la precipitaci\u00f3, quil\u00f2metres per hora (km\/h) per a la velocitat del vent i nombre d\u2019hores (h) d\u2019insolaci\u00f3.<\/p>\n\n\n\n<p>Els resultats es mostren en forma de mapes i d\u2019alguna taula, i per a una an\u00e0lisi m\u00e9s detallada, en forma d\u2019annex al final del document. Finalment, el per\u00edode sobre el qual se cenyeix l\u2019estudi \u00e9s el compr\u00e8s entre el 8 i el 17 d\u2019abril.<\/p>\n\n\n\n<h2><strong>2. Temperatura<\/strong><\/h2>\n\n\n\n<p>La variabilitat clim\u00e0tica de la primavera es posa de manifest quan s\u2019observa la figura 1, on es mostra la temperatura mitjana per al conjunt de Catalunya des del 2002 i dins del per\u00edode del 8 al 17 d\u2019abril. En els darrers 15 anys hi conviuen anys amb una mitjana inferior als 9 \u00baC amb d\u2019altres que freguen o superen els 15 \u00baC. \u00c9s, de ben segur, una de les \u00e8poques de l\u2019any amb una meteorologia m\u00e9s contrastada.<\/p>\n\n\n\n<div class=\"wp-block-image\"><figure class=\"aligncenter\"><img src=\"https:\/\/c1.staticflickr.com\/3\/2923\/33674181482_f39e6490a4.jpg\" alt=\"\"\/><figcaption>&#8211; Evoluci\u00f3 recent de la temperatura mitjana (TMm) per al conjunt de Catalunya, i per al per\u00edode entre el 8 i el 17 d\u2019abril. La mitjana s\u2019ha obtingut a partir de 108 EMA, excloent les ubicades a m\u00e9s de 2.000 m. &#8211;<\/figcaption><\/figure><\/div>\n\n\n\n<p>La figura 2 mostra una aproximaci\u00f3 geogr\u00e0fica a aquesta variabilitat a trav\u00e9s del mapa de la temperatura mitjana a Catalunya, per al per\u00edode 8-17 d\u2019abril. A les parts baixes del pa\u00eds (entre 0 i 500 m d\u2019altura aproximadament) la temperatura mitjana se situa al voltant dels 12-14 \u00baC. En aquest sentit, les comarques m\u00e9s meridionals i de la franja litoral central i sud s\u00f3n les m\u00e9s c\u00e0lides, amb una temperatura mitjana que se situa entre els 14 i els 15 \u00baC. Per contra, les comarques pirinenques s\u00f3n les m\u00e9s fredes, amb una mitjana per a aquest per\u00edode que no supera els 9 \u00baC, i a l\u2019alta muntanya, altures superior als 2.000 m, la temperatura mitjana no supera el valor d\u20191 \u00baC.<\/p>\n\n\n\n<p>En relaci\u00f3 a la temperatura m\u00e0xima mitjana (figura 3), aquesta se situa al voltant dels 18-19 \u00baC a bona part de les zones baixes. A la vall de l\u2019Ebre, part baixa de la vall del Llobregat, costa del Garraf i conurbaci\u00f3 barcelonina. A les valls prepirinenques, la mitjana de la temperatura m\u00e0xima volta els 18 \u00baC, mentre que a les parts m\u00e9s elevades del Pirineu, per damunt dels 2.000 m, la mitjana no puja dels 2 o 3 \u00baC. Durant aquest per\u00edode es poden registrar ja m\u00e0ximes absolutes relativament elevades, per damunt dels 23 \u00baC o 25 \u00baC i especialment a les comarques de Ponent i del sud. Hi s\u00f3n estranys per\u00f2 els dies que se superen els 30 \u00baC.<\/p>\n\n\n\n<div class=\"wp-block-image\"><figure class=\"aligncenter\"><img src=\"https:\/\/c1.staticflickr.com\/3\/2930\/33830333375_23f26fa231_z.jpg\" alt=\"\"\/><figcaption>&#8211; Temperatura mitjana a Catalunya entre el 8 i el 17 d\u2019abril, prenent com a per\u00edode de refer\u00e8ncia 2002-2016. &#8211;<\/figcaption><\/figure><\/div>\n\n\n\n<p>Finalment la temperatura m\u00ednima mitjana (figura 4), presenta un patr\u00f3 espacial for\u00e7a semblant al de la m\u00e0xima. El litoral central i sud registra els valors m\u00e9s c\u00e0lids, amb una mitjana que volta els 9 \u00baC, mentre que bona part de la plana prelitoral, Empord\u00e0 i depressi\u00f3 Central se situa al voltant dels 7 \u00baC. La temperatura m\u00ednima va disminuint progressivament a mesura que es guanya altura: 5 \u00baC a bona part de les valls prepirinenques, 3 \u00baC a les valls altes del Pirineu i -3 \u00baC a altures superiors a 2.000 m. Les m\u00ednimes absolutes, fora de l\u2019alta muntanya on les gla\u00e7ades hi s\u00f3n freq\u00fcents, encara poden assolir valors relativament freds i vorejar els 0 \u00baC a moltes planes de l\u2019interior (<a href=\"https:\/\/static-m.meteo.cat\/content\/blog\/2017\/04\/Annexos-Informe-climatic-Setmana_Santa-2017.pdf\" target=\"_blank\" rel=\"noopener noreferrer\">veure annex 1<\/a>).<\/p>\n\n\n\n<p>Per a m\u00e9s detalls sobre els registres termom\u00e8trics m\u00e9s habituals a m\u00e9s d\u2019un centenar d\u2019EMA, podeu consultar l\u2019annex 1 d\u2019aquest informe.<\/p>\n\n\n\n<div class=\"wp-block-image\"><figure class=\"aligncenter\"><img src=\"https:\/\/c1.staticflickr.com\/4\/3843\/33830333135_6147ce2cc3_z.jpg\" alt=\"\"\/><figcaption>&#8211; Mitjana de la temperatura m\u00e0xima a Catalunya entre el 8 i el 17 d\u2019abril, prenent com a per\u00edode de refer\u00e8ncia 2002-2016. &#8211;<\/figcaption><\/figure><\/div>\n\n\n\n<div class=\"wp-block-image\"><figure class=\"aligncenter\"><img src=\"https:\/\/c1.staticflickr.com\/4\/3933\/33674180682_80b519f7f3_z.jpg\" alt=\"\"\/><figcaption>&#8211; Mitjana de la temperatura m\u00ednima a Catalunya entre el 8 i el 17 d\u2019abril, prenent com a per\u00edode de refer\u00e8ncia 2002-2016. &#8211;<\/figcaption><\/figure><\/div>\n\n\n\n<h2><strong>3. Precipitaci\u00f3<\/strong><\/h2>\n\n\n\n<p>Com succeeix amb la temperatura, la precipitaci\u00f3 tamb\u00e9 presenta una elevada variabilitat temporal i espacial entre el 8 i el 17 d\u2019abril. Malgrat tot, \u00e9s un per\u00edode amb una pluviometria gens menyspreable. La figura 5 il\u2022lustra la precipitaci\u00f3 mitjana a Catalunya (sense considerar les EMA d\u2019alta muntanya) dins d\u2019aquest per\u00edode de la present Setmana Santa. S\u2019aprecia que la mitjana \u00e9s relativament estable, al voltant dels 20 mm de precipitaci\u00f3 mitjana acumulada i no hi ha cap any on la mitjana sigui inferior als 15 mm.<\/p>\n\n\n\n<div class=\"wp-block-image\"><figure class=\"aligncenter\"><img src=\"https:\/\/c1.staticflickr.com\/3\/2862\/33674180272_297acbf576.jpg\" alt=\"\"\/><figcaption>&#8211; Evoluci\u00f3 recent de la precipitaci\u00f3 mitjana per al conjunt de Catalunya, i per al per\u00edode entre el 8 i el 17 d\u2019abril. La mitjana s\u2019ha obtingut a partir de 108 EMA. &#8211;<\/figcaption><\/figure><\/div>\n\n\n\n<p>Des del punt de vista espacial, les comarques amb relleu m\u00e9s accidentat s\u00f3n les que registren totals pluviom\u00e8trics m\u00e9s elevats de mitjana (figura 6). Aix\u00ed, el Pirineu occidental i del Ripoll\u00e8s i els Ports acumulen totals que superen els 35 mm en els deu dies del per\u00edode. Per contra, les \u00e0rees amb una mitjana de precipitaci\u00f3 m\u00e9s modesta, inferior als 15 mm, se situen a cavall de la plana lleidatana i l\u2019eix Pened\u00e8s-Anoia.<\/p>\n\n\n\n<p>Pel que fa als m\u00e0xims possibles de precipitaci\u00f3 en 24 h, els m\u00e9s freq\u00fcents se situen a la forquilla dels 25 a 40 mm, per\u00f2 tamb\u00e9 s\u2019han produ\u00eft registres remarcables en els darrers quinze anys, fins i tot superiors als 80 mm (<a href=\"https:\/\/static-m.meteo.cat\/content\/blog\/2017\/04\/Annexos-Informe-climatic-Setmana_Santa-2017.pdf\" target=\"_blank\" rel=\"noopener noreferrer\">veure annex 2<\/a>). Per contra, tamb\u00e9 s\u2019han donat per\u00edodes eixuts on l\u2019acumulat ha estat de 0 mm a bona part del pa\u00eds (anys 2011 i 2013).<\/p>\n\n\n\n<p>Finalment, de mitjana i per al conjunt del pa\u00eds, els dies de precipitaci\u00f3 (dies amb una precipitaci\u00f3 superior a 0,2 mm) se situen entre 2 i 3 dies dins del per\u00edode d\u2019estudi. Novament, el Pirineu occidental i les \u00e0rees m\u00e9s abruptes del Ripoll\u00e8s i Bergued\u00e0 concentren els m\u00e0xims, amb m\u00e9s de 4 dies, i els m\u00ednims es localitzen al delta de l\u2019Ebre amb menys de 2 dies. Cal esmentar que l\u2019\u00e0rea dels Ports que concentra totals pluviom\u00e8trics molt importants, no destaca pel que fa al nombre de dies de precipitaci\u00f3, que se situa al voltant dels 2-3 dies. Aix\u00f2 indica una marcada concentraci\u00f3 de la precipitaci\u00f3 en molt pocs dies.<\/p>\n\n\n\n<p>M\u00e9s informaci\u00f3 sobre la pluviometria mitjana per a m\u00e9s d\u2019un centenar d\u2019EMA es pot consultar a l\u2019annex 2 d\u2019aquest document.<\/p>\n\n\n\n<div class=\"wp-block-image\"><figure class=\"aligncenter\"><img src=\"https:\/\/c1.staticflickr.com\/3\/2927\/33830332785_d8a25a5b8f_z.jpg\" alt=\"\"\/><figcaption>&#8211; Mitjana de la precipitaci\u00f3 acumulada a Catalunya entre el 8 i el 17 d\u2019abril, prenent com a per\u00edode de refer\u00e8ncia 2002-2016. &#8211;<\/figcaption><\/figure><\/div>\n\n\n\n<div class=\"wp-block-image\"><figure class=\"aligncenter\"><img src=\"https:\/\/c1.staticflickr.com\/3\/2842\/33830332515_4fc1910873_z.jpg\" alt=\"\"\/><figcaption>&#8211; Mitjana del nombre de dies de precipitaci\u00f3 (&gt;0,2 mm) a Catalunya entre el 8 i el 17 d\u2019abril, prenent com a per\u00edode de refer\u00e8ncia 2002-2016. &#8211;<\/figcaption><\/figure><\/div>\n\n\n\n<h2><strong>4. Vent<\/strong><\/h2>\n\n\n\n<p>Per a una mostra d\u2019estacions m\u00e9s limitada (aquelles que disposen de registres de vent a 10 m) i per a un per\u00edode d\u2019an\u00e0lisi m\u00e9s redu\u00eft, 2010-2016 (per a assegurar l\u2019homogene\u00eftat dels registres), tot seguit es mostren els principals trets clim\u00e0tics de la variable vent, dins del per\u00edode d\u2019an\u00e0lisi.<\/p>\n\n\n\n<p>La velocitat mitjana di\u00e0ria per al conjunt de Catalunya se situa al voltant dels 10 km\/h, per\u00f2 amb una gran variabilitat en funci\u00f3 de l\u2019indret. Aix\u00ed, els sectors tradicionalment m\u00e9s ventats del pa\u00eds (l\u2019Alt Empord\u00e0, les Terres de l\u2019Ebre i els relleus m\u00e9s elevats) concentren les mitjanes m\u00e9s altes, superant els 12 km\/h.<\/p>\n\n\n\n<p>Potser el m\u00e9s il\u2022lustratiu de la din\u00e0mica del vent durant el per\u00edode d\u2019an\u00e0lisi \u00e9s el percentatge de dies amb una ratxa m\u00e0xima de vent moderada (&gt;30 km\/h) i forta (&gt;50 km\/h). En aquest sentit, a bona part de la geografia els dies amb una ratxa superior a 30 km\/h \u00e9s superior al 50%, cosa que no ha de sorprendre pel fet que en aquesta \u00e8poca de l\u2019any la din\u00e0mica de brises comen\u00e7a a estar molt ben establerta. Pel que fa als dies amb vent fort, superior als 50 km\/h, \u00e9s insignificant a bona part de les EMA analitzades i nom\u00e9s supera el 20% a les comarques i indrets m\u00e9s ventats anteriorment indicats.<\/p>\n\n\n\n<p>Per tal d\u2019aprofundir en l\u2019an\u00e0lisi, a l\u2019<a href=\"https:\/\/static-m.meteo.cat\/content\/blog\/2017\/04\/Annexos-Informe-climatic-Setmana_Santa-2017.pdf\" target=\"_blank\" rel=\"noopener noreferrer\">annex 3<\/a> es pot consultar un resum detallat per a una seixantena d\u2019EMA.<\/p>\n\n\n\n<h2><strong>5. Insolaci\u00f3<\/strong><\/h2>\n\n\n\n<p>Finalment, aquest informe avalua la variable insolaci\u00f3 a partir dels registres de cinc estacions meteorol\u00f2giques que observen aquesta variable, i que disposen de registres continus i d\u2019una \u00e0mplia cobertura temporal (1981-2010).<\/p>\n\n\n\n<p>Malgrat que la cobertura espacial \u00e9s menor que en les anteriors variables, \u00e9s possible identificar un cert patr\u00f3 espacial (taula 1). Les comarques de l\u2019interior, representades en aquest cas per Lleida, concentren la mitjana d\u2019insolaci\u00f3 m\u00e9s elevada, amb 8,2 hores, que representen el 62% del total d\u2019hores de sol possible. Tamb\u00e9 els observatoris m\u00e9s meridionals, en aquest cas Reus i Observatori de l\u2019Ebre, registren mitjanes d\u2019insolaci\u00f3 al voltant de les 7 h. Per contra, l\u2019Aeroport de Girona, amb 5,9 hores, seria la que registraria de mitjana els cels m\u00e9s ennuvolats dels cinc observatoris.<\/p>\n\n\n\n<div class=\"wp-block-image\"><figure class=\"aligncenter\"><img src=\"https:\/\/c1.staticflickr.com\/4\/3934\/33791020156_63e185b0f5.jpg\" alt=\"\"\/><figcaption>&#8211; Taula amb la mitjana d\u2019insolaci\u00f3 (hores de sol efectiu) i percentatge sobre el m\u00e0xim possible, a cinc observatoris catalans entre els dies 8 i 17 d\u2019abril. El per\u00edode de refer\u00e8ncia per al c\u00e0lcul de la mitjana \u00e9s 1981-2010. &#8211;<\/figcaption><\/figure><\/div>\n\n\n\n<h2><strong>6. Conclusions<\/strong><\/h2>\n\n\n\n<p>El present estudi no t\u00e9 la voluntat de ser una predicci\u00f3 de com ser\u00e0 la Setmana Santa del 2017, sin\u00f3 un resum de com \u00e9s clim\u00e0ticament el per\u00edode compr\u00e8s entre el 8 i el 17 d\u2019abril, i basant-se en una \u00e0mplia mostra de registres.<\/p>\n\n\n\n<p>El mes d\u2019abril es troba inscrit en plena primavera, un dels per\u00edodes m\u00e9s variables des del punt de vista meteorol\u00f2gic, amb trets encara propis de l\u2019hivern i aspectes cada cop m\u00e9s freq\u00fcents de l\u2019estiu.<\/p>\n\n\n\n<p>En aquestes dates, la temperatura mitjana a Catalunya en els darrers 15 anys (2002-2016) se situa al voltant dels 12 \u00baC, per\u00f2 amb grans difer\u00e8ncies geogr\u00e0fiques. Aix\u00ed, les comarques m\u00e9s meridionals i de la franja costanera central i sud registren mitjanes entre 14 i 15 \u00baC, i for\u00e7a comarques del prelitoral i les comarques de Ponent se situen entre els 12 i 14 \u00baC. A mida que es va guanyant altura, la mitjana va disminuint i s\u00f3n inferiors als 10 o 9 \u00baC a tot el Pirineu i Prepirineu. Als cims per damunt dels 2000 m la mitjana no supera 1 \u00baC. Aquest per\u00edode tamb\u00e9 registra una elevada variabilitat temporal, i analitzant el comportament de la temperatura mitjana des de 2002, hi trobem com a anys extrems el 2011 amb una mitjana de 15 \u00baC i el 2004 amb una de 8,6 \u00baC.<\/p>\n\n\n\n<p>Aquest per\u00edode registra ja trets estiuencs, que es manifesten amb la temperatura m\u00e0xima, i registres superiors a 23 o 25 \u00baC no s\u00f3n estranys de trobar a les comarques meridionals i de la depressi\u00f3 Central. Per contra, les \u00faltimes fuetades de l\u2019hivern tamb\u00e9 es poden produir i encara s\u00f3n freq\u00fcents les temperatures m\u00ednimes que volten els 0 \u00baC a moltes planes de l\u2019interior. Al Pirineu les gla\u00e7ades hi s\u00f3n plenament presents.<\/p>\n\n\n\n<p>La pluviometria en el per\u00edode del 8 al 17 d\u2019abril \u00e9s relativament elevada, voltant els 20 mm de mitjana al conjunt del pa\u00eds, assolint-se els m\u00e0xims (per damunt dels 30 mm) al Pirineu occidental, al Ripoll\u00e8s i als Ports. Hi s\u00f3n assegurats una mitjana de dos o tres dies de pluja dins del per\u00edode, xifra m\u00e9s elevada (al voltant dels quatre dies) a les comarques del Pirineu occidental i nord del Bergued\u00e0 i del Ripoll\u00e8s.<\/p>\n\n\n\n<p>Pel que fa a vent, no \u00e9s un per\u00edode especialment ventat, a excepci\u00f3 de les \u00e0rees que ho s\u00f3n tradicionalment (Alt Empord\u00e0, Terres de l\u2019Ebre i punts m\u00e9s elevats). Nom\u00e9s en aquests sectors els dies de vent fort s\u00f3n de m\u00e9s d\u2019un 20%.<\/p>\n\n\n\n<p>Finalment, pel que fa a la insolaci\u00f3, les comarques de Ponent s\u00f3n les que gaudeixen de mitjana de m\u00e9s hores de sol (m\u00e9s de 8 h), mentre que al nord-est la mitjana \u00e9s sensiblement inferior, al voltant de 6 h.<\/p>\n\n\n\n<p><a href=\"https:\/\/static-m.meteo.cat\/content\/blog\/2017\/04\/Annexos-Informe-climatic-Setmana_Santa-2017.pdf\" target=\"_blank\" rel=\"noopener noreferrer\">ANNEXOS<\/a><\/p>\n","protected":false},"excerpt":{"rendered":"<p>PUBLICADA EL 04\/02\/2017 0. Introducci\u00f3 La Setmana Santa \u00e9s un dels primers per\u00edodes llargs de l\u2019any dedicats massivament a l\u2019oci i a les activitats a l\u2019aire lliure. Hi conviuen encara les activitats pr\u00f2pies dels esports d\u2019hivern i les primeres manifestacions del turisme de platja. Per tant, la meteorologia juga un paper destacat a l\u2019hora de [&hellip;]<\/p>\n","protected":false},"author":7,"featured_media":0,"parent":18378,"menu_order":0,"comment_status":"open","ping_status":"open","template":"template-sidebar.php","meta":{"_mi_skip_tracking":false,"_monsterinsights_sitenote_active":false,"_monsterinsights_sitenote_note":"","_monsterinsights_sitenote_category":0},"_links":{"self":[{"href":"https:\/\/www.meteo.cat\/wpweb\/wp-json\/wp\/v2\/pages\/2854"}],"collection":[{"href":"https:\/\/www.meteo.cat\/wpweb\/wp-json\/wp\/v2\/pages"}],"about":[{"href":"https:\/\/www.meteo.cat\/wpweb\/wp-json\/wp\/v2\/types\/page"}],"author":[{"embeddable":true,"href":"https:\/\/www.meteo.cat\/wpweb\/wp-json\/wp\/v2\/users\/7"}],"replies":[{"embeddable":true,"href":"https:\/\/www.meteo.cat\/wpweb\/wp-json\/wp\/v2\/comments?post=2854"}],"version-history":[{"count":7,"href":"https:\/\/www.meteo.cat\/wpweb\/wp-json\/wp\/v2\/pages\/2854\/revisions"}],"predecessor-version":[{"id":29111,"href":"https:\/\/www.meteo.cat\/wpweb\/wp-json\/wp\/v2\/pages\/2854\/revisions\/29111"}],"up":[{"embeddable":true,"href":"https:\/\/www.meteo.cat\/wpweb\/wp-json\/wp\/v2\/pages\/18378"}],"wp:attachment":[{"href":"https:\/\/www.meteo.cat\/wpweb\/wp-json\/wp\/v2\/media?parent=2854"}],"curies":[{"name":"wp","href":"https:\/\/api.w.org\/{rel}","templated":true}]}}