{"id":274,"date":"2014-12-14T11:11:01","date_gmt":"2014-12-14T11:11:01","guid":{"rendered":"http:\/\/\/wpweb\/?page_id=274"},"modified":"2019-10-08T07:49:54","modified_gmt":"2019-10-08T07:49:54","slug":"la-humitat","status":"publish","type":"page","link":"https:\/\/www.meteo.cat\/wpweb\/divulgacio\/conceptes-generals\/la-humitat\/","title":{"rendered":"La humitat"},"content":{"rendered":"<p>L\u2019aigua \u00e9s l\u2019\u00fanic compost que es troba a la Terra en els seus tres estats: &nbsp;s\u00f2lid, l\u00edquid i gas\u00f3s.<\/p>\n<p>A les muntanyes o a les regions polars hi ha molta aigua en estat s\u00f2lid, en forma de gla\u00e7 o de neu. En general, a la temperatura m\u00e9s habitual, sabem que l\u2019aigua \u00e9s l\u00edquida. Si l\u2019escalfem fins els 100 graus cent\u00edgrads l\u2019aigua bull i s\u2019evapora, convertint-se en un gas. Per\u00f2 a temperatures m\u00e9s baixes tamb\u00e9 hi ha evaporaci\u00f3, tot i que a un ritme molt m\u00e9s lent que quan bull. L\u2019aigua dels mars, dels rius, dels llacs, i la que cont\u00e9 la superf\u00edcie de la Terra cont\u00ednuament s\u2019est\u00e0 evaporant, sobretot quan la temperatura \u00e9s alta, quan fa vent o quan la humitat de l\u2019aire \u00e9s baixa. Les plantes tamb\u00e9 aporten vapor d\u2019aigua a l\u2019atmosfera en el proc\u00e9s conegut com a transpiraci\u00f3.<\/p>\n<p>L\u2019aire pot contenir una certa quantitat de vapor d\u2019aigua, invisible als nostres ulls. A partir d\u2019una determinada quantitat, per\u00f2, no en pot mantenir m\u00e9s i aquest comen\u00e7a a condensar-se, \u00e9s a dir, passar a la fase l\u00edquida. Aleshores es formen petites gotes que poc a poc es fan visibles: \u00e9s un n\u00favol (o boira si est\u00e0 prop de terra). Aix\u00ed doncs un n\u00favol est\u00e0 format per aigua l\u00edquida i no per vapor d\u2019aigua (si no, no es veuria!). El reflex de la llum del Sol en les gotes d\u2019aigua fa que el veiem de color blanc.<\/p>\n","protected":false},"excerpt":{"rendered":"<p>L\u2019aigua \u00e9s l\u2019\u00fanic compost que es troba a la Terra en els seus tres estats: &nbsp;s\u00f2lid, l\u00edquid i gas\u00f3s. A les muntanyes o a les regions polars hi ha molta aigua en estat s\u00f2lid, en forma de gla\u00e7 o de neu. En general, a la temperatura m\u00e9s habitual, sabem que l\u2019aigua \u00e9s l\u00edquida. Si l\u2019escalfem [&hellip;]<\/p>\n","protected":false},"author":2,"featured_media":0,"parent":126,"menu_order":0,"comment_status":"closed","ping_status":"closed","template":"template-sidebar.php","meta":{"_mi_skip_tracking":false,"_monsterinsights_sitenote_active":false,"_monsterinsights_sitenote_note":"","_monsterinsights_sitenote_category":0},"_links":{"self":[{"href":"https:\/\/www.meteo.cat\/wpweb\/wp-json\/wp\/v2\/pages\/274"}],"collection":[{"href":"https:\/\/www.meteo.cat\/wpweb\/wp-json\/wp\/v2\/pages"}],"about":[{"href":"https:\/\/www.meteo.cat\/wpweb\/wp-json\/wp\/v2\/types\/page"}],"author":[{"embeddable":true,"href":"https:\/\/www.meteo.cat\/wpweb\/wp-json\/wp\/v2\/users\/2"}],"replies":[{"embeddable":true,"href":"https:\/\/www.meteo.cat\/wpweb\/wp-json\/wp\/v2\/comments?post=274"}],"version-history":[{"count":5,"href":"https:\/\/www.meteo.cat\/wpweb\/wp-json\/wp\/v2\/pages\/274\/revisions"}],"predecessor-version":[{"id":24243,"href":"https:\/\/www.meteo.cat\/wpweb\/wp-json\/wp\/v2\/pages\/274\/revisions\/24243"}],"up":[{"embeddable":true,"href":"https:\/\/www.meteo.cat\/wpweb\/wp-json\/wp\/v2\/pages\/126"}],"wp:attachment":[{"href":"https:\/\/www.meteo.cat\/wpweb\/wp-json\/wp\/v2\/media?parent=274"}],"curies":[{"name":"wp","href":"https:\/\/api.w.org\/{rel}","templated":true}]}}