{"id":269,"date":"2014-12-14T11:09:09","date_gmt":"2014-12-14T11:09:09","guid":{"rendered":"http:\/\/\/wpweb\/?page_id=269"},"modified":"2019-10-08T07:49:30","modified_gmt":"2019-10-08T07:49:30","slug":"latmosfera","status":"publish","type":"page","link":"https:\/\/www.meteo.cat\/wpweb\/divulgacio\/conceptes-generals\/latmosfera\/","title":{"rendered":"L&#039;atmosfera"},"content":{"rendered":"<p>L&#8217;atmosfera \u00e9s una capa gasosa que envolta la Terra. Est\u00e0 formada per una barreja de gasos. Els m\u00e9s abundants s\u00f3n el nitrogen i l&#8217;oxigen. Aquest darrer ens \u00e9s imprescindible per respirar! Hi ha d&#8217;altres gasos que, tot i ser minoritaris, s\u00f3n molt importants, com l&#8217;oz\u00f3, que ens protegeix de la radiaci\u00f3 ultraviolada que ve del Sol i que ens podria fer mal a la pell. Tamb\u00e9 s\u00f3n importants el di\u00f2xid de carboni, que conserva la calor de la Terra i fa que la temperatura no sigui massa baixa i el vapor d&#8217;aigua, que \u00e9s el causant de la formaci\u00f3 dels n\u00favols que fan possible la pluja i la neu, tan necess\u00e0ries per la vida al nostre planeta.<\/p>\n<p>L&#8217;atmosfera es divideix en quatre capes que es diferencien per l&#8217;evoluci\u00f3 de la temperatura en cadascuna d&#8217;elles. La primer capa \u00e9s la troposfera, on la temperatura baixa a mesura que pugem, des d&#8217;uns 15 graus cent\u00edgrads fins uns -60. A la segona, l&#8217;estratosfera, la temperatura puja, des dels -60 fins els zero graus. A la tercera, la mesosfera, la temperatura torna a baixar fins uns -90. A la darrera, la termosfera, la temperatura es dispara, per\u00f2 com que gaireb\u00e9 no hi ha aire, la temperatura no t\u00e9 el mateix sentit que t\u00e9 prop de la superf\u00edcie, i un term\u00f2metre no ens la marcaria b\u00e9.<\/p>\n","protected":false},"excerpt":{"rendered":"<p>L&#8217;atmosfera \u00e9s una capa gasosa que envolta la Terra. Est\u00e0 formada per una barreja de gasos. Els m\u00e9s abundants s\u00f3n el nitrogen i l&#8217;oxigen. Aquest darrer ens \u00e9s imprescindible per respirar! Hi ha d&#8217;altres gasos que, tot i ser minoritaris, s\u00f3n molt importants, com l&#8217;oz\u00f3, que ens protegeix de la radiaci\u00f3 ultraviolada que ve del [&hellip;]<\/p>\n","protected":false},"author":2,"featured_media":0,"parent":126,"menu_order":0,"comment_status":"closed","ping_status":"closed","template":"template-sidebar.php","meta":{"_mi_skip_tracking":false,"_monsterinsights_sitenote_active":false,"_monsterinsights_sitenote_note":"","_monsterinsights_sitenote_category":0},"_links":{"self":[{"href":"https:\/\/www.meteo.cat\/wpweb\/wp-json\/wp\/v2\/pages\/269"}],"collection":[{"href":"https:\/\/www.meteo.cat\/wpweb\/wp-json\/wp\/v2\/pages"}],"about":[{"href":"https:\/\/www.meteo.cat\/wpweb\/wp-json\/wp\/v2\/types\/page"}],"author":[{"embeddable":true,"href":"https:\/\/www.meteo.cat\/wpweb\/wp-json\/wp\/v2\/users\/2"}],"replies":[{"embeddable":true,"href":"https:\/\/www.meteo.cat\/wpweb\/wp-json\/wp\/v2\/comments?post=269"}],"version-history":[{"count":3,"href":"https:\/\/www.meteo.cat\/wpweb\/wp-json\/wp\/v2\/pages\/269\/revisions"}],"predecessor-version":[{"id":11906,"href":"https:\/\/www.meteo.cat\/wpweb\/wp-json\/wp\/v2\/pages\/269\/revisions\/11906"}],"up":[{"embeddable":true,"href":"https:\/\/www.meteo.cat\/wpweb\/wp-json\/wp\/v2\/pages\/126"}],"wp:attachment":[{"href":"https:\/\/www.meteo.cat\/wpweb\/wp-json\/wp\/v2\/media?parent=269"}],"curies":[{"name":"wp","href":"https:\/\/api.w.org\/{rel}","templated":true}]}}