{"id":26327,"date":"2020-05-26T08:38:31","date_gmt":"2020-05-26T08:38:31","guid":{"rendered":"https:\/\/www.meteo.cat\/wpweb\/?page_id=26327"},"modified":"2025-05-30T09:06:28","modified_gmt":"2025-05-30T09:06:28","slug":"distribucio-territorial-de-llindars","status":"publish","type":"page","link":"https:\/\/www.meteo.cat\/wpweb\/divulgacio\/la-prediccio-meteorologica\/situacio-meteorologica-de-perill\/distribucio-territorial-de-llindars\/","title":{"rendered":"Distribuci\u00f3 territorial de llindars"},"content":{"rendered":"\n<nav class=\"ancores\" id=\"inici\">\n<a href=\"#vent\">Llindar de vent<\/a>\n<a href=\"#fred\">Llindar de fred<\/a>\n<a href=\"#calor\">Llindar de calor<\/a>\n<a href=\"#calornocturna\">Llindar de calor nocturna<\/a>\n<\/nav>\n\n\n\n<div style=\"height:50px\" aria-hidden=\"true\" class=\"wp-block-spacer\"><\/div>\n\n\n\n<h2 id=\"vent\">Llindar de vent<\/h2>\n\n\n\n<p>El llindar de vent s\u2019ha definit per comarques analitzant la perillositat a partir de la freq\u00fc\u00e8ncia de superaci\u00f3 de certs llindars de ratxa m\u00e0xima de vent. <\/p>\n\n\n\n<figure class=\"wp-block-image size-large is-resized\"><a href=\"https:\/\/static-m.meteo.cat\/wordpressweb\/wp-content\/uploads\/2023\/11\/14091600\/mapaPercentilsvent.png\"><img loading=\"lazy\" src=\"https:\/\/static-m.meteo.cat\/wordpressweb\/wp-content\/uploads\/2023\/11\/14091600\/mapaPercentilsvent-974x1024.png\" alt=\"Mapa de Catalunya amb la representaci\u00f3 del llindar de vent per comarques\" class=\"wp-image-39101\" width=\"731\" height=\"768\"\/><\/a><\/figure>\n\n\n\n<p>Trobareu m\u00e9s informaci\u00f3 del proc\u00e9s de definici\u00f3 dels llindars a la p\u00e0gina del <a href=\"https:\/\/interior.gencat.cat\/ca\/arees_dactuacio\/proteccio_civil\/plans-proteccio-civil\/plans-especials\/ventcat\/index.html\">Pla Vencat<\/a> del Departament d\u2019Interior.<\/p>\n\n\n\n<div style=\"height:50px\" aria-hidden=\"true\" class=\"wp-block-spacer\"><\/div>\n\n\n\n<a href=\"#inici\" title=\"Puja\" class=\"go-top\">Puja<\/a>\n\n\n\n<h2 id=\"fred\">Llindar de fred<\/h2>\n\n\n\n<p>El llindar de fred intens \u00e9s diferent per cada punt de Catalunya i correspon al percentil 2 de la temperatura m\u00ednima di\u00e0ria de desembre a mar\u00e7 al llarg dels \u00faltims 10 anys. Aix\u00f2 significa que nom\u00e9s s\u2019ha assolit una temperatura inferior a aquest valor el 2% de dies del per\u00edode considerat. Primer es calcula el valor del llindar per les estacions autom\u00e0tiques de la XEMA i manuals de la XOM i a continuaci\u00f3 es fa una interpolaci\u00f3 per m\u00e8todes cartogr\u00e0fics que permet obtenir els valors per cada punt de Catalunya, que es mostren al mapa i la taula seg\u00fcents.<\/p>\n\n\n\n<figure class=\"wp-block-image size-large\"><img loading=\"lazy\" width=\"725\" height=\"1024\" src=\"https:\/\/static-m.meteo.cat\/wordpressweb\/wp-content\/uploads\/2025\/05\/30082736\/P2TN1524-1-725x1024.png\" alt=\"Mapa de Catalunya amb la distribuci\u00f3 territorial del llindar de fred\" class=\"wp-image-43431\"\/><\/figure>\n\n\n\n<ul><li><a href=\"https:\/\/static-m.meteo.cat\/wordpressweb\/wp-content\/uploads\/2025\/05\/30082951\/percentils_2015_2024.pdf\">Taula de llindars de fred per municipis (pdf)<\/a><\/li><li><a href=\"https:\/\/static-m.meteo.cat\/wordpressweb\/wp-content\/uploads\/2025\/05\/30085823\/Percentils_2015_2024_.csv\">Fitxer amb els llindars de fred per municipi (CSV)<\/a><\/li><\/ul>\n\n\n\n<div style=\"height:50px\" aria-hidden=\"true\" class=\"wp-block-spacer\"><\/div>\n\n\n\n<a href=\"#inici\" title=\"Puja\" class=\"go-top\">Puja<\/a>\n\n\n\n<h2 id=\"calor\">Llindar de calor<\/h2>\n\n\n\n<p> El llindar de calor intensa \u00e9s diferent per cada punt de Catalunya i correspon al percentil 98 de la temperatura m\u00e0xima di\u00e0ria de juny, juliol i agost al llarg dels \u00faltims 10 anys. Aix\u00f2 significa que nom\u00e9s s\u2019ha assolit una temperatura superior a aquest valor el 2% de dies del per\u00edode considerat. Primer es calcula el valor del llindar per les estacions autom\u00e0tiques de la XEMA i manuals de la XOM i a continuaci\u00f3 es fa una interpolaci\u00f3 per m\u00e8todes cartogr\u00e0fics que permet obtenir els valors per cada punt de Catalunya, que es mostren al mapa i la taula seg\u00fcents. <\/p>\n\n\n\n<figure class=\"wp-block-image size-large\"><img loading=\"lazy\" width=\"725\" height=\"1024\" src=\"https:\/\/static-m.meteo.cat\/wordpressweb\/wp-content\/uploads\/2025\/05\/30082810\/P98TX1524-725x1024.png\" alt=\"Mapa de Catalunya amb la distribuci\u00f3 territorial del llindar de calor\" class=\"wp-image-43432\"\/><\/figure>\n\n\n\n<ul><li><a href=\"https:\/\/static-m.meteo.cat\/wordpressweb\/wp-content\/uploads\/2025\/05\/30082951\/percentils_2015_2024.pdf\">Taula de llindars de calor per municipis (pdf)<\/a><\/li><li><a href=\"https:\/\/static-m.meteo.cat\/wordpressweb\/wp-content\/uploads\/2025\/05\/30085823\/Percentils_2015_2024_.csv\">Fitxer  amb els  llindars de calor per municipi (CSV)<\/a><\/li><\/ul>\n\n\n\n<div style=\"height:50px\" aria-hidden=\"true\" class=\"wp-block-spacer\"><\/div>\n\n\n\n<a href=\"#inici\" title=\"Puja\" class=\"go-top\">Puja<\/a>\n\n\n\n<h2 id=\"calornocturna\">Llindar de calor nocturna<\/h2>\n\n\n\n<p>El llindar de calor nocturna intensa \u00e9s diferent per cada punt de Catalunya i correspon al percentil 98 de la temperatura m\u00ednima nocturna de juny, juliol i agost al llarg dels \u00faltims 10 anys. Aix\u00f2 significa que nom\u00e9s s\u2019ha mesurat una temperatura m\u00ednima nocturna superior a aquest valor el 2% de dies del per\u00edode considerat. Primer es calcula el valor del llindar per les estacions autom\u00e0tiques de la XEMA i manuals de la XOM i a continuaci\u00f3 es fa una interpolaci\u00f3 per m\u00e8todes cartogr\u00e0fics que permet obtenir els valors per cada punt de Catalunya, que es mostren al mapa i la taula seg\u00fcents. <\/p>\n\n\n\n<figure class=\"wp-block-image size-large\"><img loading=\"lazy\" width=\"725\" height=\"1024\" src=\"https:\/\/static-m.meteo.cat\/wordpressweb\/wp-content\/uploads\/2025\/05\/30082838\/P98TN1524-725x1024.png\" alt=\"Mapa de Catalunya amb la distribuci\u00f3 territorial del llindar de calor nocturna\" class=\"wp-image-43433\"\/><\/figure>\n\n\n\n<ul><li><a href=\"https:\/\/static-m.meteo.cat\/wordpressweb\/wp-content\/uploads\/2025\/05\/30085533\/Percentils_calor_nocturna_2015_2024.pdf\">Taula de llindars de calor nocturna per municipis (pdf)<\/a><\/li><li><a href=\"https:\/\/static-m.meteo.cat\/wordpressweb\/wp-content\/uploads\/2025\/05\/30085937\/Percentil_calor_nocturna_2015_2024.csv\">Fitxer amb els llindars de calor nocturna per municipi (CSV)<\/a><\/li><\/ul>\n\n\n\n<div style=\"height:50px\" aria-hidden=\"true\" class=\"wp-block-spacer\"><\/div>\n\n\n\n<a href=\"#inici\" title=\"Puja\" class=\"go-top\">Puja<\/a>\n\n\n\n<p><\/p>\n","protected":false},"excerpt":{"rendered":"<p>Llindar de vent Llindar de fred Llindar de calor Llindar de calor nocturna Llindar de vent El llindar de vent s\u2019ha definit per comarques analitzant la perillositat a partir de la freq\u00fc\u00e8ncia de superaci\u00f3 de certs llindars de ratxa m\u00e0xima de vent. Trobareu m\u00e9s informaci\u00f3 del proc\u00e9s de definici\u00f3 dels llindars a la p\u00e0gina del [&hellip;]<\/p>\n","protected":false},"author":4,"featured_media":0,"parent":26325,"menu_order":0,"comment_status":"closed","ping_status":"closed","template":"template-sidebar.php","meta":{"_mi_skip_tracking":false,"_monsterinsights_sitenote_active":false,"_monsterinsights_sitenote_note":"","_monsterinsights_sitenote_category":0},"_links":{"self":[{"href":"https:\/\/www.meteo.cat\/wpweb\/wp-json\/wp\/v2\/pages\/26327"}],"collection":[{"href":"https:\/\/www.meteo.cat\/wpweb\/wp-json\/wp\/v2\/pages"}],"about":[{"href":"https:\/\/www.meteo.cat\/wpweb\/wp-json\/wp\/v2\/types\/page"}],"author":[{"embeddable":true,"href":"https:\/\/www.meteo.cat\/wpweb\/wp-json\/wp\/v2\/users\/4"}],"replies":[{"embeddable":true,"href":"https:\/\/www.meteo.cat\/wpweb\/wp-json\/wp\/v2\/comments?post=26327"}],"version-history":[{"count":33,"href":"https:\/\/www.meteo.cat\/wpweb\/wp-json\/wp\/v2\/pages\/26327\/revisions"}],"predecessor-version":[{"id":43453,"href":"https:\/\/www.meteo.cat\/wpweb\/wp-json\/wp\/v2\/pages\/26327\/revisions\/43453"}],"up":[{"embeddable":true,"href":"https:\/\/www.meteo.cat\/wpweb\/wp-json\/wp\/v2\/pages\/26325"}],"wp:attachment":[{"href":"https:\/\/www.meteo.cat\/wpweb\/wp-json\/wp\/v2\/media?parent=26327"}],"curies":[{"name":"wp","href":"https:\/\/api.w.org\/{rel}","templated":true}]}}