{"id":2606,"date":"2016-09-02T11:46:11","date_gmt":"2016-09-02T10:46:11","guid":{"rendered":"http:\/\/10.116.16.72\/test\/?p=2606"},"modified":"2024-11-07T16:06:15","modified_gmt":"2024-11-07T16:06:15","slug":"1926-08-31_90-anys-laiguat-sant-ramon","status":"publish","type":"page","link":"https:\/\/www.meteo.cat\/wpweb\/divulgacio\/publicacions\/efemerides\/1926-08-31_90-anys-laiguat-sant-ramon\/","title":{"rendered":"90 anys de l&#8217;Aiguat de Sant Ramon (1926)"},"content":{"rendered":"\n<p><strong>PUBLICADA EL 02\/09\/2016 <\/strong><\/p>\n\n\n\n<p>Aquesta setmana es compleixen <strong>90 anys<\/strong> dels catastr\u00f2fics aiguats que van tenir lloc a gran part del litoral i prelitoral de Catalunya amb nombrosos valors de precipitaci\u00f3 superiors als <strong>100 mm en 24 h <\/strong>entre el <strong>31 d\u2019agost<\/strong> i l\u2019<strong>1 de setembre de 1926<\/strong>. <strong>El Francol\u00ed, el Gai\u00e0, el Foix, el Llobregat, el Bes\u00f2s<\/strong> <strong>i el Ter <\/strong>(entre d\u2019altres) varen desbordar-se, aix\u00ed com nombrosos torrents, barrancs i rieres, causant <strong>44 morts<\/strong> i incomptables danys materials.<\/p>\n\n\n\n<p>Aquest episodi \u00e9s conegut amb el nom popular de l\u2019<strong>Aiguat de Sant Ramon<\/strong>, ja que la precipitaci\u00f3 m\u00e9s intensa va tenir lloc el dia de <strong>Sant Ramon Nonat<\/strong> (31 d\u2019agost). Els valors m\u00e0xims de precipitaci\u00f3 en 24 hores mesurats des del <strong>31 d\u2019agost de 1926 a les 7 UTC<\/strong> fins a l\u2019<strong>1 de setembre de 1926 a les 7 UTC<\/strong> van ser de <strong>175,7 mm<\/strong> a <strong>Vandell\u00f2s<\/strong>, <strong>162,0 mm<\/strong> a <strong>la Garriga<\/strong> i <strong>154,4 mm<\/strong> a <strong>Terrassa<\/strong>.<\/p>\n\n\n\n<div class=\"wp-block-image\"><figure class=\"aligncenter\"><a href=\"https:\/\/c3.staticflickr.com\/9\/8070\/28777758434_1c210e55d5_o.jpg\"><img src=\"https:\/\/c3.staticflickr.com\/9\/8070\/28777758434_1c210e55d5_o.jpg\" alt=\"Imatge del tren Val\u00e8ncia-Barcelona descarrilat per una esllavissada a les vies del ferrocarril, passada l\u2019estaci\u00f3 de l\u2019Ampolla, com a conseq\u00fc\u00e8ncia del fort aiguat caigut el 31 d\u2019agost de 1926\"\/><\/a><figcaption>Imatge del tren Val\u00e8ncia-Barcelona descarrilat per una esllavissada a les vies del ferrocarril, passada l\u2019estaci\u00f3 de l\u2019Ampolla, com a conseq\u00fc\u00e8ncia del fort aiguat caigut el 31 d\u2019agost de 1926. Aquest accident va provocar la mort de 20 persones i en va ferir 125 m\u00e9s (Setmanari La Hormiga de Oro, Barcelona, 9 de setembre de 1926; Font: Hemeroteca Digital de la Biblioteca Nacional de Espa\u00f1a).<\/figcaption><\/figure><\/div>\n\n\n\n<div class=\"wp-block-image\"><figure class=\"aligncenter\"><a href=\"https:\/\/c4.staticflickr.com\/8\/7749\/28780372443_5713ed198b_o.jpg\"><img src=\"https:\/\/c4.staticflickr.com\/8\/7749\/28780372443_5713ed198b_o.jpg\" alt=\"Imatges dels desperfectes causats dies despr\u00e9s pel fort aiguat del 31 d\u2019agost de 1926 a Sabadell a les vies dels Ferrocarrils Catalans i al pont de la carretera de Terrassa a Barcelona\"\/><\/a><figcaption>Imatges dels desperfectes causats dies despr\u00e9s pel fort aiguat del 31 d\u2019agost de 1926 a Sabadell a les vies dels Ferrocarrils Catalans i al pont de la carretera de Terrassa a Barcelona (Setmanari La Hormiga de Oro, Barcelona, 9 de setembre de 1926; Font: Hemeroteca Digital de la Biblioteca Nacional de Espa\u00f1a).<\/figcaption><\/figure><\/div>\n\n\n\n<h2><strong>Descripci\u00f3 de l\u2019episodi<\/strong><\/h2>\n\n\n\n<p>Entre la matinada del <strong>31 d\u2019agost<\/strong> i el mat\u00ed de l\u2019<strong>1 de setembre de 1926<\/strong> van tenir lloc importants nuclis tempestuosos, els quals es deurien organitzar possiblement en un sistema convectiu de mesoescala que va escombrar de sud a nord gaireb\u00e9 la totalitat del litoral i prelitoral de Catalunya. Es van registrar valors de precipitaci\u00f3 superiors als <strong>100 mm en 24 h<\/strong> des del <strong>Baix Camp<\/strong> fins a l\u2019<strong>Alt Empord\u00e0<\/strong>.<\/p>\n\n\n\n<p>La pluja torrencial va comen\u00e7ar caient al sud del pa\u00eds entre la matinada i mat\u00ed del dia 31. A la costa Central i la part central del pa\u00eds comen\u00e7\u00e0 a ploure amb intensitat a partir del migdia, i cap al vespre a la Costa Brava i comarques del Nord-Est. On plogu\u00e9 m\u00e9s fou al <strong>camp de Tarragona, Vall\u00e8s, Baix Llobregat, Pened\u00e8s, Garraf i Bages<\/strong>, amb registres de precipitaci\u00f3 superiors als <strong>125 mm en 24 h<\/strong>. Destaquen els <strong>175,7 mm<\/strong> mesurats a <strong>Vandell\u00f2s<\/strong>, <strong>162,0 mm<\/strong> a <strong>la Garriga<\/strong>, <strong>154,4 mm<\/strong> a <strong>Terrassa<\/strong>, <strong>145,6 mm<\/strong> a <strong>Olesa de Montserrat<\/strong> i <strong>141,3 mm<\/strong> a <strong>Vilafranca del Pened\u00e8s<\/strong> des del <strong>31 d\u2019agost de 1926 a les 7 UTC<\/strong> fins a l\u2019<strong>1 de setembre de 1926 a les 7 UTC<\/strong>.<\/p>\n\n\n\n<p>Si considerem la precipitaci\u00f3 total de l\u2019episodi, entre les <strong>7 UTC del 30 d\u2019agost<\/strong> i les <strong>7 UTC del 2 de setembre de 1926<\/strong>, tenim com a valors m\u00e0xims els <strong>186,8 mm<\/strong> a <strong>Vandell\u00f2s<\/strong> i <strong>181,5 mm<\/strong> a <strong>Olesa de Montserrat<\/strong>.<\/p>\n\n\n\n<p>A la resta de la pen\u00ednsula Ib\u00e8rica tamb\u00e9 es va patir l\u2019efecte de les tempestes, entre el 30 i 31 d\u2019agost, sobretot al Pa\u00eds Valenci\u00e0, l\u2019Arag\u00f3, Navarra, Castella, la Regi\u00f3 de M\u00farcia, Andalusia i Extremadura.<\/p>\n\n\n\n<p>A continuaci\u00f3 es mostra el llistat dels observatoris on la precipitaci\u00f3 va ser superior als 100 mm durant l\u2019episodi (des de les 07 UTC del 30\/08\/1926 fins a les 07 UTC del 02\/09\/1926) a la Xarxa d\u2019Observadors de Catalunya, aix\u00ed com la pluja di\u00e0ria enregistrada a cadascun d\u2019ells. La precipitaci\u00f3 caiguda a Catalunya durant aquest episodi va ser molt irregular, com sol ser habitual en episodis de tempestes generals, amb valors acumulats molt diferents en observatoris for\u00e7a propers entre ells. Per exemple, de les 07 UTC del dia 31 fins a les 07 UTC del dia 1 van registrar-se <strong>121,0 mm<\/strong> a <strong>Vallvidrera<\/strong> mentre a la <strong>pla\u00e7a de la Universitat de Barcelona<\/strong> (seu de la Universitat de Barcelona), a uns 6 km en l\u00ednia recta, la quantitat de pluja va ser de <strong>41,6 mm<\/strong>.<\/p>\n\n\n\n<p>Cal esmentar que els valors de pluja a les estacions meteorol\u00f2giques manuals es mesuren cap a les 07 UTC, anotant la precipitaci\u00f3 recollida durant les 24 hores anteriors i assignant aquest valor al dia anterior en qu\u00e8 es realitza la mesura. Per aquest motiu, part de la precipitaci\u00f3 abundant que va caure durant la matinada i mat\u00ed del dia 31 als observatoris del sud del pa\u00eds consta oficialment com a pluja del dia 30 i no del dia 31. Aquest interval de temps de 24 h que no correspon exactament amb el dia civil, es coneix com a <strong>dia pluviom\u00e8tric<\/strong>.<\/p>\n\n\n\n<div class=\"wp-block-image\"><figure class=\"aligncenter\"><a href=\"https:\/\/c1.staticflickr.com\/9\/8419\/28777758304_2bfb54dfac_z.jpg\"><img src=\"https:\/\/c1.staticflickr.com\/9\/8419\/28777758304_2bfb54dfac_z.jpg\" alt=\"Llista de `recipitaci\u00f3 acumulada durant l'aig\u00fcat de Sant Ram\u00f3n (1926)\"\/><\/a><\/figure><\/div>\n\n\n\n<p>A la seg\u00fcent taula es mostren nom\u00e9s els valors de precipitaci\u00f3 superiors als 100 mm (ordenats de major a menor precipitaci\u00f3 ) registrats el dia pluviom\u00e8tric del 31 d\u2019agost de 1926 a la Xarxa d\u2019Observadors de Catalunya.<\/p>\n\n\n\n<div class=\"wp-block-image\"><figure class=\"aligncenter\"><a href=\"https:\/\/c5.staticflickr.com\/9\/8014\/28777758204_0ec981fd0f_z.jpg\"><img src=\"https:\/\/c5.staticflickr.com\/9\/8014\/28777758204_0ec981fd0f_z.jpg\" alt=\"Valors de precipitaci\u00f3 superiors als 100 mm\"\/><\/a><\/figure><\/div>\n\n\n\n<h2><strong>An\u00e0lisi meteorol\u00f2gica<\/strong><\/h2>\n\n\n\n<p>La situaci\u00f3 meteorol\u00f2gica entre el 30 d\u2019agost i l\u20191 de setembre de 1926 va venir caracteritzada per una s\u00e8rie de factors que quan es donen alhora durant els mesos d\u2019estiu o inicis de la tardor s\u00f3n productors d\u2019importants aiguats a la Mediterr\u00e0nia occidental que poden acumular puntualment m\u00e9s de 150 mm. Primer de tot, cal destacar l\u2019important cisallament del vent amb l\u2019altura sobre l\u2019est de la pen\u00ednsula Ib\u00e8rica (entre llevant i sud-est en superf\u00edcie, sud a 850 hPa i sud-oest a 500 hPa), configuraci\u00f3 que afavoreix la inestabilitat i els ascensos verticals d\u2019aire, a part d\u2019aportar aire humit i potencialment inestable a la fa\u00e7ana mediterr\u00e0nia de la Pen\u00ednsula. Per una altra banda, es va produir el pas d\u2019un t\u00e0lveg a 500 hPa (~5.500 m d\u2019altura) sobre la vertical del golf de Biscaia, que va anar estrangulant-se i tacant-se la matinada de l\u20191 de setembre. Aquest t\u00e0lveg portava associat una bossa d\u2019aire fred amb temperatures al seu centre inferiors als &#8211; 12 \u00b0C (al migdia del dia 31), contrastant for\u00e7a amb la massa c\u00e0lida i humida que hi havia en superf\u00edcie i sobretot a nivells mitjans de la troposfera (850 hPa, ~1.500 m d\u2019altura) amb valors de temperatura superiors propers als 18 \u00b0C al sud de Catalunya. La pres\u00e8ncia d\u2019aire fred a les capes altes de la troposfera propici\u00e0 el desenvolupament d\u2019importants n\u00favols de tempesta. Finalment, cal destacar que en superf\u00edcie hi havia una \u00e0mplia zona de baixes pressions relatives damunt de la pen\u00ednsula Ib\u00e8rica fruit de la calor intensa que feia a finals d\u2019agost. Aquesta configuraci\u00f3 comportava un lleuger flux de vent de llevant, refor\u00e7ant-se les marinades i aportant aire c\u00e0lid, humit i potencialment molt inestable sobre Catalunya. Aquesta situaci\u00f3 afavor\u00ed tamb\u00e9 la pres\u00e8ncia de converg\u00e8ncies locals de vents en superf\u00edcie que ajudaren a disparar la convecci\u00f3 a les serres litorals o prelitorals del pa\u00eds, i com que en altura hi havia condicions d\u2019inestabilitat, es van formar potents tempestes que van descarregar forts aiguats.<\/p>\n\n\n\n<p>A continuaci\u00f3 es presenten els mapes de les <a href=\"http:\/\/www.esrl.noaa.gov\/psd\/data\/gridded\/data.20thC_ReanV2c.monolevel.html\" target=\"_blank\" rel=\"noopener noreferrer\">rean\u00e0lisis del 20CRP<\/a> (NCAR-NCEP, EUA) del 31\/08\/1926 a les 12 UTC (mapes de l\u2019esquerra) i del 01\/09\/1926 a les 00 UTC (mapes de la dreta) per als camps de temperatura i geopotencial a 500 i 850 hPa (mapes superiors i centrals). Tamb\u00e9 es mostren els camps de temperatura i pressi\u00f3 al nivell del mar en superf\u00edcie (mapes inferiors). En tots ells poden identificar-se els trets meteorol\u00f2gics generals de l\u2019episodi comentats anteriorment.<\/p>\n\n\n\n<div class=\"wp-block-image\"><figure class=\"aligncenter\"><a href=\"https:\/\/c3.staticflickr.com\/9\/8281\/28777758074_7004f5f51d_z.jpg\"><img src=\"https:\/\/c3.staticflickr.com\/9\/8281\/28777758074_7004f5f51d_z.jpg\" alt=\"Mapes de les rean\u00e0lisis del 20CRP (NCAR-NCEP, EUA) \"\/><\/a><\/figure><\/div>\n\n\n\n<h2><strong>Danys produ\u00efts<\/strong><\/h2>\n\n\n\n<p>Els aiguats van produir nombrosos desbordaments de rius del litoral i prelitoral de Catalunya, entre els quals destaquen els del <strong>Francol\u00ed, riu d\u2019Anguera, el Brugent, el Gai\u00e0, el Foix, el Llobregat, el Bes\u00f2s, el Ripoll i el Ter<\/strong>. Moltes rieres, torrents i barrancs del litoral i prelitoral des del Baix Ebre fins a l\u2019Alt Empord\u00e0 van sortir-se de mare, produint nombroses inundacions i danys materials. Totes les rieres del <strong>pla de<\/strong> <strong>Barcelona<\/strong> van desbordar-se i la gran majoria de carrers de la ciutat van transformar-se en torrents d\u2019aigua desbordats que van inundar baixos d\u2019habitatges. Aquest \u00faltim fet tamb\u00e9 pass\u00e0 a <strong>Tortosa, Valls, Nulles, Alcover, Reus, Sant Sadurn\u00ed d\u2019Anoia, Manresa, Sant Boi de Llobregat, l\u2019Hospitalet de Llobregat i Sant Feliu de Codines<\/strong>, entre d\u2019altres poblacions. Van patir fortes crescudes el barranc del Rastre (Tortosa), el torrents de Sant Francesc (Valls) i de la Pastera (Vilanova i la Geltr\u00fa), les rieres de Sitges, Sant Lloren\u00e7 (Gav\u00e0), de les Arenes (Terrassa i Rub\u00ed) i la de Sant Cugat (Sant Cugat del Vall\u00e8s), entre d\u2019altres.<\/p>\n\n\n\n<p>Entre els danys materials m\u00e9s importants que es van produir destaquen l&#8217;esfondrament de dues cases, a Sant Boi de Llobregat i Sant Andreu del Palomar (Barcelona), amb la mort de 8 persones, i l&#8217;arrossegament d&#8217;un vehicle i els seus ocupants per la for\u00e7a del Ripoll, amb 10 morts (9 ocupants del vehicle m\u00e9s un home que els va intentar salvar). La imprud\u00e8ncia d\u2019alguns en creuar amb un vehicle torrents o rieres, que normalment estan secs, t\u00e9 una llarga hist\u00f2ria negra al nostre pa\u00eds i no \u00e9s res nou de les \u00faltimes d\u00e8cades o anys. Aquest tipus d&#8217;accidents continuen esdevenint possiblement perqu\u00e8 se sobrevalora la protecci\u00f3 del vehicle i es menysprea la for\u00e7a del cabal d\u2019aigua.<\/p>\n\n\n\n<p>Per\u00f2, l&#8217;accident m\u00e9s greu, i on van haver-hi m\u00e9s morts, va ser el descarrilament d&#8217;un tren que viatjava entre Barcelona i Val\u00e8ncia, entre les estacions de l&#8217;Ampolla i l&#8217;Ametlla de Mar a conseq\u00fc\u00e8ncia del corriment de terres per la pluja que va malmetre les vies. El balan\u00e7 total de v\u00edctimes va ser molt elevat: 20 morts i 125 ferits de diversa consideraci\u00f3.<\/p>\n\n\n\n<p>A part dels importants registres de precipitaci\u00f3 assolits i dels danys materials associats, el m\u00e9s impactant va ser xifra total de 44 morts, gens habitual per a un episodi de precipitaci\u00f3 abundant esdevingut a finals d\u2019estiu.<\/p>\n\n\n\n<h2><strong>Enlla\u00e7os d\u2019inter\u00e8s<\/strong><\/h2>\n\n\n\n<p>&#8211; Ib\u00e1\u00f1ez Villanueva, J. (2014): \u201c<a href=\"http:\/\/historiadeltemps.blogspot.com.es\/2014\/09\/1926-laiguat-de-sant-ramon-i-2.html\" target=\"_blank\" rel=\"noopener noreferrer\">L\u2019aiguat de Sant Ramon (i 2)<\/a>\u201d, Barcelona: Hist\u00f2ries del temps, 1921-1930. (Article sobre l\u2019Aiguat de Sant Ramon a Catalunya, del Blog meteorol\u00f2gic de l\u2019observador Quim Ib\u00e1\u00f1ez Villanueva de Cerdanyola del Vall\u00e8s \u2013 Can Coll. En aquest blog es comenten curiositats i episodis meteorol\u00f2gics hist\u00f2rics esdevinguts a la ciutat de Barcelona i a Catalunya, des del segle XVII fins a l\u2019actualitat).<\/p>\n","protected":false},"excerpt":{"rendered":"<p>PUBLICADA EL 02\/09\/2016 Aquesta setmana es compleixen 90 anys dels catastr\u00f2fics aiguats que van tenir lloc a gran part del litoral i prelitoral de Catalunya amb nombrosos valors de precipitaci\u00f3 superiors als 100 mm en 24 h entre el 31 d\u2019agost i l\u20191 de setembre de 1926. El Francol\u00ed, el Gai\u00e0, el Foix, el Llobregat, [&hellip;]<\/p>\n","protected":false},"author":7,"featured_media":0,"parent":18384,"menu_order":0,"comment_status":"open","ping_status":"open","template":"template-sidebar.php","meta":{"_mi_skip_tracking":false,"_monsterinsights_sitenote_active":false,"_monsterinsights_sitenote_note":"","_monsterinsights_sitenote_category":0},"_links":{"self":[{"href":"https:\/\/www.meteo.cat\/wpweb\/wp-json\/wp\/v2\/pages\/2606"}],"collection":[{"href":"https:\/\/www.meteo.cat\/wpweb\/wp-json\/wp\/v2\/pages"}],"about":[{"href":"https:\/\/www.meteo.cat\/wpweb\/wp-json\/wp\/v2\/types\/page"}],"author":[{"embeddable":true,"href":"https:\/\/www.meteo.cat\/wpweb\/wp-json\/wp\/v2\/users\/7"}],"replies":[{"embeddable":true,"href":"https:\/\/www.meteo.cat\/wpweb\/wp-json\/wp\/v2\/comments?post=2606"}],"version-history":[{"count":9,"href":"https:\/\/www.meteo.cat\/wpweb\/wp-json\/wp\/v2\/pages\/2606\/revisions"}],"predecessor-version":[{"id":41723,"href":"https:\/\/www.meteo.cat\/wpweb\/wp-json\/wp\/v2\/pages\/2606\/revisions\/41723"}],"up":[{"embeddable":true,"href":"https:\/\/www.meteo.cat\/wpweb\/wp-json\/wp\/v2\/pages\/18384"}],"wp:attachment":[{"href":"https:\/\/www.meteo.cat\/wpweb\/wp-json\/wp\/v2\/media?parent=2606"}],"curies":[{"name":"wp","href":"https:\/\/api.w.org\/{rel}","templated":true}]}}