{"id":25910,"date":"2020-03-30T14:03:59","date_gmt":"2020-03-30T14:03:59","guid":{"rendered":"https:\/\/www.meteo.cat\/wpweb\/?page_id=25910"},"modified":"2020-10-19T07:52:35","modified_gmt":"2020-10-19T07:52:35","slug":"el-coronavirus-podria-fer-empitjorar-la-prediccio-meteorologica","status":"publish","type":"page","link":"https:\/\/www.meteo.cat\/wpweb\/divulgacio\/publicacions\/miscellania\/el-coronavirus-podria-fer-empitjorar-la-prediccio-meteorologica\/","title":{"rendered":"El coronavirus podria fer empitjorar la predicci\u00f3 meteorol\u00f2gica"},"content":{"rendered":"\n<p style=\"text-align:left\">PUBLICADA EL 29\/03\/2020<\/p>\n\n\n\n<p> La&nbsp;qualitat de la&nbsp;predicci\u00f3 meteorol\u00f2gica&nbsp;a escala global&nbsp;tamb\u00e9 podria veure\u2019s afectada negativament per la pand\u00e8mia de&nbsp;la&nbsp;COVID-19. La causa d\u2019aix\u00f2 \u00e9s la davallada dr\u00e0stica&nbsp;que ha experimentat&nbsp;el tr\u00e0nsit aeri, ja que els avions&nbsp;s\u00f3n una font molt&nbsp;nombrosa&nbsp;de dades meteorol\u00f2giques.<\/p>\n\n\n\n<p>&nbsp;&nbsp; <\/p>\n\n\n\n<figure class=\"wp-block-image\"><img loading=\"lazy\" width=\"760\" height=\"441\" src=\"https:\/\/static-m.meteo.cat\/wordpressweb\/wp-content\/uploads\/2020\/03\/30140333\/20200330_evolucio_transit_aeri-1.jpg\" alt=\"\" class=\"wp-image-25917\"\/><figcaption> <br>Figura 1.&nbsp;Evoluci\u00f3 del tr\u00e0nsit aeri&nbsp;a Europa&nbsp;entre els dies 22 i 29 de mar\u00e7 de 2020. La reducci\u00f3 respecte&nbsp;al mateix dia de l\u2019any passat s&#8217;acosta&nbsp;al&nbsp;90%. Font:&nbsp;eurocontrol.&nbsp; <\/figcaption><\/figure>\n\n\n\n<figure class=\"wp-block-image\"><img loading=\"lazy\" width=\"690\" height=\"439\" src=\"https:\/\/static-m.meteo.cat\/wordpressweb\/wp-content\/uploads\/2020\/03\/30135425\/20200330_European-AMDAR-coverage-2-March-2020-690px.jpg\" alt=\"\" class=\"wp-image-25912\"\/><\/figure>\n\n\n\n<figure class=\"wp-block-image\"><img loading=\"lazy\" width=\"690\" height=\"439\" src=\"https:\/\/static-m.meteo.cat\/wordpressweb\/wp-content\/uploads\/2020\/03\/30135440\/20200330_European-AMDAR-coverage-23-March-2020-690px.jpg\" alt=\"\" class=\"wp-image-25913\"\/><figcaption> <br>Figura 2.&nbsp;Cobertura de les dades&nbsp;meteorol\u00f2giques&nbsp;emeses pels avions el dia&nbsp;2&nbsp;de mar\u00e7 (a dalt) i el 23 de mar\u00e7 de 2020 (a baix). S\u2019aprecia la reducci\u00f3 de vols sobre Europa, que s\u2019ha accentuat encara m\u00e9s al llarg de la setmana seg\u00fcent (Font:&nbsp;Stewart Taylor, EUMETNET, via&nbsp;ECMWF).&nbsp; <\/figcaption><\/figure>\n\n\n\n<h2><strong>Per\u00f2 per qu\u00e8 s\u00f3n tan importants les dades observades pels avions?&nbsp;<\/strong>&nbsp;<\/h2>\n\n\n\n<p>En primer lloc, cal tenir present que&nbsp;qualsevol pron\u00f2stic meteorol\u00f2gic, m\u00e9s enll\u00e0 del molt curt termini (fins a 2 hores) es basa en les simulacions de models num\u00e8rics de previsi\u00f3 del temps, que representen la f\u00edsica de l\u2019atmosfera mitjan\u00e7ant equacions.&nbsp;<\/p>\n\n\n\n<p>Aix\u00ed doncs, per fer una predicci\u00f3 del temps, els models num\u00e8rics&nbsp;calculen l\u2019estat futur de l\u2019atmosfera, per\u00f2 aix\u00f2 nom\u00e9s ho poden fer si coneixen l\u2019estat actual.&nbsp;Dit d\u2019altra manera, cal con\u00e8ixer quin temps fa ara mateix per&nbsp;fer evolucionar les equacions que ens diran quin temps far\u00e0 en el futur.&nbsp;<\/p>\n\n\n\n<p>I aqu\u00ed \u00e9s on entren en joc les observacions que fan els avions.&nbsp;Per tal de tenir un vol segur, mesuren cont\u00ednuament la temperatura&nbsp;exterior i la velocitat i direcci\u00f3 del vent i gran part de les aeronaus comparteixen aquestes dades amb centres meteorol\u00f2gics de tot el m\u00f3n.&nbsp;&nbsp;<\/p>\n\n\n\n<p>En aquest sentit, les dades de vent dels avions s\u00f3n especialment rellevants, ja que tan sols els globus sonda&nbsp;i un sol sat\u00e8l\u00b7lit (l\u2019Aeolus, en \u00f2rbita des de&nbsp;l\u2019agost de 2018) s\u00f3n capa\u00e7os de mesurar el vent als nivells alts de la&nbsp;troposfera.&nbsp;&nbsp;<\/p>\n\n\n\n<h2><strong>Per qu\u00e8 po<\/strong><strong>t<\/strong><strong>&nbsp;empitjorar el pron\u00f2stic<\/strong><strong>&nbsp;meteorol\u00f2gic<\/strong><strong>?<\/strong>&nbsp;<\/h2>\n\n\n\n<p>En una nota informativa&nbsp;publicada&nbsp;el 24 de mar\u00e7 de 2020, el Centre Europeu de Predicci\u00f3&nbsp;a Mitj\u00e0 Termini (ECMWF)&nbsp;alertava d\u2019aquest risc. Per a justificar-ho, mostraven&nbsp;els resultats d\u2019un experiment que&nbsp;van dur&nbsp;a terme l\u2019any 2019, en qu\u00e8 feien una s\u00e8rie de pron\u00f2stics sense utilitzar les dades procedents dels&nbsp;avions. D\u2019aquesta manera, en podien avaluar l\u2019impacte.&nbsp;<\/p>\n\n\n\n<p>Cal remarcar, en aquest punt, que les&nbsp;observacions reportades per les aeronaus constitueixen&nbsp;la font m\u00e9s important de dades&nbsp;meteorol\u00f2giques&nbsp;que s\u2019utilitzen a l\u2019ECMWF, nom\u00e9s superades en nombre per les dades procedents dels sat\u00e8l\u00b7lits.&nbsp;<\/p>\n\n\n\n<p>El resultat de l\u2019experiment era&nbsp;que sense dades d\u2019avions el pron\u00f2stic empitjorava, especialment&nbsp;all\u00e0 on es concentra el tr\u00e0nsit aeri: a l\u2019hemisferi nord i a una altitud d\u2019uns 11 \u2013 12 km&nbsp;(vegeu Figura 3).&nbsp;<\/p>\n\n\n\n<figure class=\"wp-block-image\"><img loading=\"lazy\" width=\"690\" height=\"225\" src=\"https:\/\/static-m.meteo.cat\/wordpressweb\/wp-content\/uploads\/2020\/03\/30135701\/20200330_Error-difference-plot-with-without-aircraft-obs-690px.jpg\" alt=\"\" class=\"wp-image-25914\"\/><figcaption> <br>Figura 3. Variaci\u00f3 de l\u2019error en el vent quan es prescindeix de les dades d\u2019avions (en l\u2019escala del verd al vermell, l\u2019error augmenta). L\u2019impacte m\u00e9s gran es nota en els pron\u00f2stics fins a 24 hores, tot i que encara \u00e9s perceptible fins als 7 dies.&nbsp; <\/figcaption><\/figure>\n\n\n\n<p>Aix\u00ed doncs,&nbsp;a conseq\u00fc\u00e8ncia de la reducci\u00f3 del tr\u00e0nsit aeri, l\u2019ECMWF espera que el pron\u00f2stic empitjori al voltant d\u2019on es localitza el corrent en jet (entre 10 i 12 km d\u2019altitud)&nbsp;especialment en el curt termini.&nbsp;<\/p>\n\n\n\n<h2><strong>Es pot mitigar aquest buit d\u2019informaci\u00f3?<\/strong>&nbsp;<\/h2>\n\n\n\n<p>Una forma d\u2019omplir aquest buit d\u2019observacions, mentre durin les restriccions de mobilitat per la&nbsp;COVID-19, \u00e9s&nbsp;llen\u00e7ar m\u00e9s&nbsp;globus sonda, tal com han comen\u00e7at a fer en alguns pa\u00efsos. Les dades de sat\u00e8l\u00b7lit, s\u00ed que poden suplir, fins a cert punt, les observacions de temperatura, per\u00f2 no les de vent.&nbsp;<\/p>\n\n\n\n<p>De fet, com ja hem dit abans, nom\u00e9s hi ha un sat\u00e8l\u00b7lit, d\u2019\u00f2rbita polar,&nbsp;capa\u00e7 de mesurar el&nbsp;vent en al\u00e7ada:&nbsp;l\u2019Aeolus. Sense cap mena de dubte, les dades que aporti seran molt valuoses,&nbsp;per\u00f2 caldrien m\u00e9s sat\u00e8l\u00b7lits com aquests per&nbsp;garantir una bona cobertura a tot el planeta.&nbsp;<\/p>\n\n\n\n<p>Per a m\u00e9s informaci\u00f3, consulteu la nota informativa de l\u2019ECMWF:&nbsp;<a href=\"https:\/\/www.ecmwf.int\/en\/about\/media-centre\/news\/2020\/drop-aircraft-observations-could-have-impact-weather-forecasts\" target=\"_blank\" rel=\"noreferrer noopener\">https:\/\/www.ecmwf.int\/en\/about\/media-centre\/news\/2020\/drop-aircraft-observations-could-have-impact-weather-forecasts<\/a>&nbsp;<\/p>\n","protected":false},"excerpt":{"rendered":"<p>PUBLICADA EL 29\/03\/2020 La&nbsp;qualitat de la&nbsp;predicci\u00f3 meteorol\u00f2gica&nbsp;a escala global&nbsp;tamb\u00e9 podria veure\u2019s afectada negativament per la pand\u00e8mia de&nbsp;la&nbsp;COVID-19. La causa d\u2019aix\u00f2 \u00e9s la davallada dr\u00e0stica&nbsp;que ha experimentat&nbsp;el tr\u00e0nsit aeri, ja que els avions&nbsp;s\u00f3n una font molt&nbsp;nombrosa&nbsp;de dades meteorol\u00f2giques. &nbsp;&nbsp; Per\u00f2 per qu\u00e8 s\u00f3n tan importants les dades observades pels avions?&nbsp;&nbsp; En primer lloc, cal tenir present [&hellip;]<\/p>\n","protected":false},"author":2,"featured_media":0,"parent":18378,"menu_order":0,"comment_status":"closed","ping_status":"closed","template":"template-sidebar.php","meta":{"_mi_skip_tracking":false,"_monsterinsights_sitenote_active":false,"_monsterinsights_sitenote_note":"","_monsterinsights_sitenote_category":0},"_links":{"self":[{"href":"https:\/\/www.meteo.cat\/wpweb\/wp-json\/wp\/v2\/pages\/25910"}],"collection":[{"href":"https:\/\/www.meteo.cat\/wpweb\/wp-json\/wp\/v2\/pages"}],"about":[{"href":"https:\/\/www.meteo.cat\/wpweb\/wp-json\/wp\/v2\/types\/page"}],"author":[{"embeddable":true,"href":"https:\/\/www.meteo.cat\/wpweb\/wp-json\/wp\/v2\/users\/2"}],"replies":[{"embeddable":true,"href":"https:\/\/www.meteo.cat\/wpweb\/wp-json\/wp\/v2\/comments?post=25910"}],"version-history":[{"count":9,"href":"https:\/\/www.meteo.cat\/wpweb\/wp-json\/wp\/v2\/pages\/25910\/revisions"}],"predecessor-version":[{"id":29102,"href":"https:\/\/www.meteo.cat\/wpweb\/wp-json\/wp\/v2\/pages\/25910\/revisions\/29102"}],"up":[{"embeddable":true,"href":"https:\/\/www.meteo.cat\/wpweb\/wp-json\/wp\/v2\/pages\/18378"}],"wp:attachment":[{"href":"https:\/\/www.meteo.cat\/wpweb\/wp-json\/wp\/v2\/media?parent=25910"}],"curies":[{"name":"wp","href":"https:\/\/api.w.org\/{rel}","templated":true}]}}