{"id":2549,"date":"2016-05-24T10:53:23","date_gmt":"2016-05-24T09:53:23","guid":{"rendered":"http:\/\/10.116.16.72\/test\/?p=2549"},"modified":"2020-10-19T09:24:08","modified_gmt":"2020-10-19T09:24:08","slug":"normalitat-batre-records","status":"publish","type":"page","link":"https:\/\/www.meteo.cat\/wpweb\/divulgacio\/publicacions\/miscellania\/normalitat-batre-records\/","title":{"rendered":"La normalitat de batre r\u00e8cords"},"content":{"rendered":"\n<p><strong> PUBLICADA EL 24\/05\/2016<\/strong><\/p>\n\n\n\n<p>Sovint es sobrevalora el fet que es batin r\u00e8cords meteorol\u00f2gics, i s\u2019associa, de manera autom\u00e0tica, al canvi clim\u00e0tic. Tot i que \u00e9s evident que el canvi clim\u00e0tic est\u00e0 fent augmentar el ritme de la caiguda de r\u00e8cords associats a l\u2019alta temperatura, quan es parla de s\u00e8ries meteorol\u00f2giques no gaire llargues, els r\u00e8cords es baten \u2013i s\u2019han de batre\u2013 sovint.<\/p>\n\n\n\n<p>Anem a fer un exercici molt simple que explica de manera entenedora la facilitat de batre\u2019ls.<\/p>\n\n\n\n<p>En primer lloc, quants r\u00e8cords possibles a batre hi ha?<\/p>\n\n\n\n<p>Sense cap dubte, molts. De tota manera n\u2019hi ha de molt destacats i n\u2019hi ha de no tan destacats. Fem, primer, un rep\u00e0s dels m\u00e9s importants i indiscutiblement noticiables:<\/p>\n\n\n\n<ul><li>Temperatura m\u00e9s alta de la s\u00e8rie<\/li><li>Temperatura m\u00e9s baixa de la s\u00e8rie<\/li><li>Temperatura mitjana anual m\u00e9s alta de la s\u00e8rie<\/li><li>Temperatura mitjana anual m\u00e9s baixa de la s\u00e8rie<\/li><li>Any m\u00e9s pluj\u00f3s de la s\u00e8rie<\/li><li>Any m\u00e9s sec de la s\u00e8rie<\/li><\/ul>\n\n\n\n<p>Darrera d\u2019aquests, i a poca dist\u00e0ncia pel que fa al seu impacte, tindr\u00edem:<\/p>\n\n\n\n<ul><li>Temperatura m\u00e9s alta de la s\u00e8rie del mes de gener, febrer&#8230; (12 r\u00e8cords)<\/li><li>Temperatura m\u00e9s baixa de la s\u00e8rie del mes gener, febrer&#8230; (12 r\u00e8cords)<\/li><li>Temperatura mitjana m\u00e9s alta de la s\u00e8rie del mes de &#8230; (12 r\u00e8cords)<\/li><li>Temperatura mitjana m\u00e9s baixa de la s\u00e8rie del mes de &#8230; (12 r\u00e8cords)<\/li><li>Precipitaci\u00f3 m\u00e0xima del mes de &#8230; (12 r\u00e8cords)<\/li><\/ul>\n\n\n\n<p>Fins aqu\u00ed, fent una f\u00e0cil suma, ja surten ni m\u00e9s ni menys que&#8230; 66 r\u00e8cords!<\/p>\n\n\n\n<p>D\u2019aix\u00f2 es despr\u00e8n que, el primer any d\u2019una s\u00e8rie d\u2019una estaci\u00f3 meteorol\u00f2gica es baten, obligat\u00f2riament, 66 r\u00e8cords prou importants \u2013clar que tothom ent\u00e9n que batre\u2019ls el primer any no t\u00e9 gaire m\u00e8rit i, a m\u00e9s, el primer any no en s\u00f3n tants, perqu\u00e8 considerar, per exemple, que s\u2019ha batut el r\u00e8cord d\u2019any m\u00e9s c\u00e0lid i any m\u00e9s fred alhora \u00e9s poc rigor\u00f3s\u2013.<\/p>\n\n\n\n<p>Quan la s\u00e8rie es va allargant, es baten menys r\u00e8cords, l\u00f2gicament, per\u00f2 d\u00e9u n\u2019hi do. Per exemple, estad\u00edsticament, a una s\u00e8rie de 10 anys de dades, i si pensem que els r\u00e8cords cauran de manera m\u00e9s o menys homog\u00e8nia al llarg del temps \u2013que no t\u00e9 per qu\u00e8\u2013 li toca encara que es batin 6.6 r\u00e8cords l\u2019any (66\/10), \u00e9s a dir, gaireb\u00e9 7 r\u00e8cords en un any!<\/p>\n\n\n\n<p>Fins i tot en una s\u00e8rie de 30 anys, que habitualment es pren com a refer\u00e8ncia clim\u00e0tica, encara toca que es batin m\u00e9s de 2 r\u00e8cords l\u2019any.<\/p>\n\n\n\n<div class=\"wp-block-image\"><figure class=\"aligncenter\"><a href=\"https:\/\/static-m.meteo.cat\/content\/blog\/2016\/05\/Grafica.jpg\"><img src=\"https:\/\/static-m.meteo.cat\/content\/blog\/2016\/05\/Grafica.jpg\" alt=\"Grafica\" class=\"wp-image-2550\"\/><\/a><\/figure><\/div>\n\n\n\n<p>A la figura seg\u00fcent es pot veure aquesta evoluci\u00f3 de la freq\u00fc\u00e8ncia dels r\u00e8cords en una gr\u00e0fica:Si les s\u00e8ries del Servei Meteorol\u00f2gic de Catalunya tenen, de mitjana, una antiguitat d\u2019uns 15 anys, encara els toca batre m\u00e9s de 4 r\u00e8cords l\u2019any a cadascuna d\u2019elles. \u00c9s a dir, un r\u00e8cord cada 3 mesos!<\/p>\n\n\n\n<p>I tot aix\u00f2 sense parlar de r\u00e8cords menors, que no per aix\u00f2 poc medi\u00e0tics, com podrien ser:<\/p>\n\n\n\n<ul><li>La llargada de la ratxa seca (que s\u2019ha fet famosa l\u2019hivern passat)<\/li><li>El dia m\u00e9s pluj\u00f3s de la s\u00e8rie<\/li><li>La primavera, estiu, tardor o hivern m\u00e9s pluj\u00f3s, m\u00e9s sec, m\u00e9s fred, m\u00e9s c\u00e0lid (16 r\u00e8cords m\u00e9s)<\/li><li>La nevada m\u00e9s primerenca i la m\u00e9s tardana<\/li><li>La gla\u00e7ada m\u00e9s primerenca i la m\u00e9s tardana<\/li><li>La temperatura m\u00e0xima m\u00e9s baixa i la m\u00ednima m\u00e9s alta<\/li><li>El m\u00e0xim nombre de nits tropicals<\/li><li>La m\u00e0xima intensitat de pluja<\/li><li>&#8230;<\/li><\/ul>\n\n\n\n<p>Si sumem els que portem fins on ens hem aturat -perqu\u00e8 si no quedaria un article massa llarg-, ja en portem 92!<\/p>\n\n\n\n<p>Els lectors, si tenen curiositat i volen deixar-se impressionar menys quan sentin que s\u2019ha batut algun r\u00e8cord meteorol\u00f2gic, poden calcular quants r\u00e8cords, dels 92 citats fins ara, seria esperable que es batessin l\u2019any 2016 a una estaci\u00f3 que s\u2019hagu\u00e9s inaugurat el 1970. Facin joc!<\/p>\n","protected":false},"excerpt":{"rendered":"<p>PUBLICADA EL 24\/05\/2016 Sovint es sobrevalora el fet que es batin r\u00e8cords meteorol\u00f2gics, i s\u2019associa, de manera autom\u00e0tica, al canvi clim\u00e0tic. Tot i que \u00e9s evident que el canvi clim\u00e0tic est\u00e0 fent augmentar el ritme de la caiguda de r\u00e8cords associats a l\u2019alta temperatura, quan es parla de s\u00e8ries meteorol\u00f2giques no gaire llargues, els r\u00e8cords [&hellip;]<\/p>\n","protected":false},"author":2,"featured_media":0,"parent":18378,"menu_order":0,"comment_status":"open","ping_status":"open","template":"template-sidebar.php","meta":{"_mi_skip_tracking":false,"_monsterinsights_sitenote_active":false,"_monsterinsights_sitenote_note":"","_monsterinsights_sitenote_category":0},"_links":{"self":[{"href":"https:\/\/www.meteo.cat\/wpweb\/wp-json\/wp\/v2\/pages\/2549"}],"collection":[{"href":"https:\/\/www.meteo.cat\/wpweb\/wp-json\/wp\/v2\/pages"}],"about":[{"href":"https:\/\/www.meteo.cat\/wpweb\/wp-json\/wp\/v2\/types\/page"}],"author":[{"embeddable":true,"href":"https:\/\/www.meteo.cat\/wpweb\/wp-json\/wp\/v2\/users\/2"}],"replies":[{"embeddable":true,"href":"https:\/\/www.meteo.cat\/wpweb\/wp-json\/wp\/v2\/comments?post=2549"}],"version-history":[{"count":4,"href":"https:\/\/www.meteo.cat\/wpweb\/wp-json\/wp\/v2\/pages\/2549\/revisions"}],"predecessor-version":[{"id":29138,"href":"https:\/\/www.meteo.cat\/wpweb\/wp-json\/wp\/v2\/pages\/2549\/revisions\/29138"}],"up":[{"embeddable":true,"href":"https:\/\/www.meteo.cat\/wpweb\/wp-json\/wp\/v2\/pages\/18378"}],"wp:attachment":[{"href":"https:\/\/www.meteo.cat\/wpweb\/wp-json\/wp\/v2\/media?parent=2549"}],"curies":[{"name":"wp","href":"https:\/\/api.w.org\/{rel}","templated":true}]}}