{"id":25022,"date":"2019-12-10T13:54:12","date_gmt":"2019-12-10T13:54:12","guid":{"rendered":"https:\/\/www.meteo.cat\/wpweb\/?page_id=25022"},"modified":"2024-06-20T09:50:12","modified_gmt":"2024-06-20T09:50:12","slug":"interpretacio-del-producte-pluja-o-neu","status":"publish","type":"page","link":"https:\/\/www.meteo.cat\/wpweb\/divulgacio\/equipaments-meteorologics\/interpretacio-del-producte-pluja-o-neu\/","title":{"rendered":"Interpretaci\u00f3 del producte pluja o neu"},"content":{"rendered":"\n<p>El producte s\u2019obt\u00e9 a partir de la combinaci\u00f3 del camp de temperatura del term\u00f2metre humit calculat a partir de les dades de la Xarxa d&#8217;Estacions Autom\u00e0tiques (XEMA) i del camp de reflectivitat obtingut de la Xarxa de Radars Meteorol\u00f2gics (XRAD). &nbsp;S\u2019observen tres colors diferenciats: el vermell que correspon a la pluja, el verd a l\u2019aiguaneu i el blau a la neu. La frontera entre diferents tipus de precipitaci\u00f3 es determina aplicant els llindars seg\u00fcents:<\/p>\n\n\n\n<ul><li>Si la temperatura del term\u00f2metre humit \u00e9s inferior o igual a 0.7 \u00b0C, la precipitaci\u00f3 a la superf\u00edcie es considera neu.<\/li><li>Si la temperatura del term\u00f2metre humit \u00e9s superior a 1.1 \u00b0C, la precipitaci\u00f3 a la superf\u00edcie es considera pluja.<\/li><li>Si la temperatura del term\u00f2metre humit queda entre els dos llindars mencionats, la precipitaci\u00f3 a la superf\u00edcie es considera aiguaneu.<\/li><\/ul>\n\n\n\n<p>Cada\ncolor presenta diferents tonalitats, que corresponen a la intensitat de la\nprecipitaci\u00f3, \u00e9s a dir, a part de poder discriminar el tipus de precipitaci\u00f3\ntamb\u00e9 es pot apreciar la seva intensitat.<\/p>\n\n\n\n<p>El\nproc\u00e9s per obtenir el producte de pluja o neu es descriu a trav\u00e9s de les\nseg\u00fcents imatges:<\/p>\n\n\n\n<p>1. Camp d\u2019an\u00e0lisi de la temperatura del term\u00f2metre humit<\/p>\n\n\n\n<img loading=\"lazy\" width=\"997\" height=\"910\" src=\"https:\/\/static-m.meteo.cat\/wordpressweb\/wp-content\/uploads\/2024\/06\/20094003\/1_temperatura.png\" alt=\"Mapa de Catalunya on es representa la temperatura del term\u00f2metre humit.\" class=\"wp-image-40859\"\/>\n\n\n\n<p><\/p>\n\n\n\n<p>2. El camp anterior es classifica tenint en compte els llindars establerts per separar els tipus de precipitaci\u00f3.<\/p>\n\n\n\n<img loading=\"lazy\" width=\"997\" height=\"910\" src=\"https:\/\/static-m.meteo.cat\/wordpressweb\/wp-content\/uploads\/2024\/06\/20094150\/2_pon.png\" alt=\"Representaci\u00f3 al mapa de Catalunya del tipus de precipitaci\u00f3 estimat, pluja, aiguaneu o neu.\" class=\"wp-image-40860\"\/>\n\n\n\n<p>3.\nPer tal de delimitar la zona on hi ha precipitaci\u00f3 i on no, es fa servir el\ncamp de reflectivitat radar.<\/p>\n\n\n\n<img loading=\"lazy\" width=\"997\" height=\"910\" src=\"https:\/\/static-m.meteo.cat\/wordpressweb\/wp-content\/uploads\/2024\/06\/20094253\/3_radar.png\" alt=\"Imatge que mostra la reflectivitat del radar, per tant les zones amb precipitaci\u00f3. \" class=\"wp-image-40861\"\/>\n\n\n\n<p>4. Combinant les figures dels punts 2 i 3, s\u2019obt\u00e9 el producte de pluja o neu, el qual mostra informaci\u00f3 sobre el tipus de precipitaci\u00f3 i de la intensitat d\u2019aquesta.<\/p>\n\n\n\n<img loading=\"lazy\" width=\"997\" height=\"910\" src=\"https:\/\/static-m.meteo.cat\/wordpressweb\/wp-content\/uploads\/2024\/06\/20094355\/4_pon_radar.png\" alt=\"Mapa de Catalunya on es representa en vermell les zones amb pluja, en verd les zones amb aiguaneu i en blau les zones amb neu. \" class=\"wp-image-40862\"\/>\n\n\n\n<p><\/p>\n\n\n\n<div class=\"wp-block-image\"><figure class=\"aligncenter\"><img loading=\"lazy\" width=\"412\" height=\"45\" src=\"https:\/\/static-m.meteo.cat\/wordpressweb\/wp-content\/uploads\/2019\/12\/10135212\/image.png\" alt=\"\" class=\"wp-image-25249\"\/><\/figure><\/div>\n","protected":false},"excerpt":{"rendered":"<p>El producte s\u2019obt\u00e9 a partir de la combinaci\u00f3 del camp de temperatura del term\u00f2metre humit calculat a partir de les dades de la Xarxa d&#8217;Estacions Autom\u00e0tiques (XEMA) i del camp de reflectivitat obtingut de la Xarxa de Radars Meteorol\u00f2gics (XRAD). &nbsp;S\u2019observen tres colors diferenciats: el vermell que correspon a la pluja, el verd a l\u2019aiguaneu [&hellip;]<\/p>\n","protected":false},"author":2,"featured_media":0,"parent":12148,"menu_order":5,"comment_status":"closed","ping_status":"closed","template":"template-sidebar.php","meta":{"_mi_skip_tracking":false,"_monsterinsights_sitenote_active":false,"_monsterinsights_sitenote_note":"","_monsterinsights_sitenote_category":0},"_links":{"self":[{"href":"https:\/\/www.meteo.cat\/wpweb\/wp-json\/wp\/v2\/pages\/25022"}],"collection":[{"href":"https:\/\/www.meteo.cat\/wpweb\/wp-json\/wp\/v2\/pages"}],"about":[{"href":"https:\/\/www.meteo.cat\/wpweb\/wp-json\/wp\/v2\/types\/page"}],"author":[{"embeddable":true,"href":"https:\/\/www.meteo.cat\/wpweb\/wp-json\/wp\/v2\/users\/2"}],"replies":[{"embeddable":true,"href":"https:\/\/www.meteo.cat\/wpweb\/wp-json\/wp\/v2\/comments?post=25022"}],"version-history":[{"count":14,"href":"https:\/\/www.meteo.cat\/wpweb\/wp-json\/wp\/v2\/pages\/25022\/revisions"}],"predecessor-version":[{"id":40868,"href":"https:\/\/www.meteo.cat\/wpweb\/wp-json\/wp\/v2\/pages\/25022\/revisions\/40868"}],"up":[{"embeddable":true,"href":"https:\/\/www.meteo.cat\/wpweb\/wp-json\/wp\/v2\/pages\/12148"}],"wp:attachment":[{"href":"https:\/\/www.meteo.cat\/wpweb\/wp-json\/wp\/v2\/media?parent=25022"}],"curies":[{"name":"wp","href":"https:\/\/api.w.org\/{rel}","templated":true}]}}