{"id":24272,"date":"2019-10-10T06:36:47","date_gmt":"2019-10-10T06:36:47","guid":{"rendered":"https:\/\/www.meteo.cat\/wpweb\/?page_id=24272"},"modified":"2024-11-07T15:51:49","modified_gmt":"2024-11-07T15:51:49","slug":"1994-10-10-25-anys-de-laiguat-de-sant-tomas","status":"publish","type":"page","link":"https:\/\/www.meteo.cat\/wpweb\/divulgacio\/publicacions\/efemerides\/1994-10-10-25-anys-de-laiguat-de-sant-tomas\/","title":{"rendered":"25 anys de l&#8217;Aiguat de Sant Tom\u00e0s (1994)"},"content":{"rendered":"\n<p class=\"has-text-align-left\"><strong>PUBLICADA EL 10\/10\/2019<\/strong> \/\/ REVISADA EL 09\/10\/2024<\/p>\n\n\n\n<p class=\"has-text-align-left\">Entre el <strong>9 i 12 d\u2019octubre de 1994<\/strong>, ara fa vint-cinc anys, va tenir lloc un episodi de pluja torrencial que va provocar importants riuades i inundacions a bona part de Catalunya, sobretot al prelitoral. Les zones m\u00e9s afectades van ser les conques del <strong>Baix Ebre, el Siurana, l&#8217;Ondara, el Francol\u00ed, el Gai\u00e0, el Foix, l&#8217;Anoia, el Baix Llobregat, el Bes\u00f2s, la Tordera, el Dar\u00f3, el Ll\u00e9mena, el Fluvi\u00e0 i el Cap de Creus<\/strong>. En elles van produir-se danys econ\u00f2mics valorats en m\u00e9s <strong>15.000 milions de pessetes<\/strong> (<strong>90 milions d\u2019euros<\/strong>) i, el que \u00e9s m\u00e9s important, <strong>deu v\u00edctimes mortals<\/strong>. Aquest episodi es coneix amb el nom popular de l\u2019<strong>Aiguat de Sant Tom\u00e0s<\/strong>, ja que el 10 d\u2019octubre \u00e9s el dia de <strong>Sant Tom\u00e0s de Vilanova<\/strong>. S\u2019estima que a <strong>les muntanyes de Prades<\/strong> van superar-se els <strong>500 mm<\/strong> durant l\u2019episodi.<\/p>\n\n\n\n<p>El present article es basa en un d\u2019anterior sobre aquesta efem\u00e8ride que\nva escriure\u2019s en motiu del <a href=\"https:\/\/www.meteo.cat\/wpweb\/divulgacio\/publicacions\/efemerides\/1994-10-10_20-anys-de-laiguat-de-sant-tomas\/\">20\u00e8\naniversari de l\u2019episodi<\/a> publicat el 10 d\u2019octubre de 2014. S\u2019han actualitzat\nalgunes dades, s\u2019ha incorporat nova cartografia i s\u2019han refet els mapes de les\nrean\u00e0lisis meteorol\u00f2giques per tal de fer-los m\u00e9s entenedors.<\/p>\n\n\n\n<div class=\"wp-block-image\"><figure class=\"aligncenter size-full\"><a href=\"https:\/\/static-m.meteo.cat\/wordpressweb\/wp-content\/uploads\/2019\/10\/09132001\/FIG01-Montblanc-Francoli-10OCT1994.jpg\"><img loading=\"lazy\" width=\"576\" height=\"336\" src=\"https:\/\/static-m.meteo.cat\/wordpressweb\/wp-content\/uploads\/2019\/10\/09132001\/FIG01-Montblanc-Francoli-10OCT1994.jpg\" alt=\"El Francol\u00ed completament desbordat  per Montblanc \" class=\"wp-image-24286\"\/><\/a><figcaption><strong>El Francol\u00ed completament desbordat&nbsp; per Montblanc (Conca de Barber\u00e0) el 10 d\u2019octubre de 1994 <\/strong> <strong>(Font: Arxiu Comarcal de la Conca de Barber\u00e0).<\/strong><\/figcaption><\/figure><\/div>\n\n\n\n<div class=\"wp-block-image\"><figure class=\"aligncenter size-full\"><a href=\"https:\/\/static-m.meteo.cat\/wordpressweb\/wp-content\/uploads\/2019\/10\/09131959\/FIG02-TGN-Francoli-10OCT1994.jpg\"><img loading=\"lazy\" width=\"576\" height=\"379\" src=\"https:\/\/static-m.meteo.cat\/wordpressweb\/wp-content\/uploads\/2019\/10\/09131959\/FIG02-TGN-Francoli-10OCT1994.jpg\" alt=\"Desembocadura del Francol\u00ed al Port de Tarragona\" class=\"wp-image-24285\"\/><\/a><figcaption><strong>Desembocadura del Francol\u00ed al Port de Tarragona (Tarragon\u00e8s) el 10 d\u2019octubre de 1994 (Font: Generalitat de Catalunya).<\/strong><\/figcaption><\/figure><\/div>\n\n\n\n<h2><strong>Descripci\u00f3 general<\/strong><\/h2>\n\n\n\n<p>A mig mat\u00ed del 9 d\u2019octubre de 1994 va comen\u00e7ar a ploure a les comarques m\u00e9s meridionals de Catalunya. Cap a la tarda la pluja ja queia de forma moderada a pr\u00e0cticament tot el territori, afectant principalment al prelitoral. Durant la matinada del dia 10 la precipitaci\u00f3 va intensificar-se notablement, deixant registres de m\u00e9s de 200 mm en poques hores a les muntanyes de Prades i el Montsant. La pluja torrencial va continuar al llarg de tot el mat\u00ed a les comarques tarragonines, estenent-se cap a les barcelonines. Al nord-est del pa\u00eds la precipitaci\u00f3 no va intensificar-se fins a la tarda del dia 10, moment en qu\u00e8 va comen\u00e7ar a remetre a la meitat sud (excepte al mass\u00eds del Port on va continuar plovent). El dia 11 ja nom\u00e9s va ploure a les comarques gironines, amb aiguats especialment intensos al Baix Empord\u00e0, aix\u00ed com ruixats dispersos cap al delta de l&#8217;Ebre durant la nit i matinada de l&#8217;11 al 12.<\/p>\n\n\n\n<p>Els registres de precipitaci\u00f3 van ser extraordinaris a les muntanyes de Prades i el Montsant. Tamb\u00e9 va ploure molt a les muntanyes de l\u2019Alt Pened\u00e8s i les serres d\u2019Ancosa, Sant Lloren\u00e7 del Munt i Mare de D\u00e9u del Mont, aix\u00ed com a la conca del Ll\u00e9mena, l\u2019Empord\u00e0 i el Cap de Creus. Des de la tarda\/nit del dia 9 d\u2019octubre fins a la matinada del dia 12 van acumular-se <strong>426,2 mm<\/strong> a <strong>Alforja (Baix Camp)<\/strong>; <strong>413,0 mm<\/strong> a <strong>Cornudella de Montsant (Priorat)<\/strong>; <strong>384,0 mm<\/strong> a <strong>Torroella de Montgr\u00ed (Baix Empord\u00e0)<\/strong>; <strong>381,0 mm <\/strong>a <strong>Mas de Barberans (Montsi\u00e0)<\/strong> i <strong>377,0 mm<\/strong> a <strong>la Llacuna (Anoia)<\/strong>. \u00c9s molt possible que a la zona de les muntanyes de Prades entre <strong>la Mussara (Vilaplana, Baix Camp)<\/strong> i <strong>Farena (Mont-ral, Alt Camp)<\/strong> se superessin els <strong>500 mm<\/strong> durant aquest episodi. S\u2019ha de destacar que la gran majoria d\u2019aquesta pluja va caure durant unes 34 hores, tot i que m\u00e9s de la meitat de la precipitaci\u00f3 total de l\u2019episodi va concentrar-se en poc m\u00e9s de dues hores. Aquestes dades donen compte del car\u00e0cter torrencial de l\u2019Aiguat de Sant Tom\u00e0s.<\/p>\n\n\n\n<p>La precipitaci\u00f3 caiguda a Catalunya va ser molt irregular, amb valors acumulats molt diferents en observatoris for\u00e7a propers entre ells. Per exemple de les 07 UTC del dia 9 fins a les 07 UTC del dia 10 van registrar-se 250,0 mm a Alforja mentre a la Selva del Camp (Baix Camp), a uns 13 km en l\u00ednia recta, la quantitat de pluja va ser de nom\u00e9s 23,5 mm. O b\u00e9, de les 07 UTC del dia 10 fins a les 07 UTC del dia 11 van mesurar-se 218,0 mm a l\u2019Aer\u00f2drom de Sabadell (Vall\u00e8s Occidental) mentre a Rub\u00ed (Vall\u00e8s Occidental), a uns 9 km en l\u00ednia recta, van caure 71,5 mm. A la seg\u00fcent taula es mostra un llistat de les precipitacions acumulades superiors als <strong>240 mm<\/strong> a la Xarxa d\u2019Observadors de Catalunya i la Xarxa d\u2019Estacions Meteorol\u00f2giques Autom\u00e0tiques de l\u2019SMC des de les <strong>07 UTC<\/strong> del <strong>09\/10\/1994<\/strong> fins a les <strong>07 UTC<\/strong> del <strong>12\/10\/1994<\/strong>. Cal esmentar que els valors de precipitaci\u00f3 a les estacions meteorol\u00f2giques manuals es mesuren cap a les 07 UTC, anotant la precipitaci\u00f3 recollida durant les 24 hores anteriors i assignant aquest valor al dia anterior en qu\u00e8 es realitza la mesura. Per aquest motiu la gran quantitat de pluja caiguda la matinada del dia 10 a molts observatoris consta oficialment com a pluja del dia 9 i no del dia 10. Aquest interval de temps de 24 h que no correspon exactament amb el dia civil, es coneix com a <strong>dia pluviom\u00e8tric<\/strong>. <\/p>\n\n\n\n<div class=\"wp-block-image\"><figure class=\"aligncenter size-large is-resized\"><a href=\"https:\/\/static-m.meteo.cat\/wordpressweb\/wp-content\/uploads\/2024\/10\/09101643\/Taula-PPT-9-12-oct-1994.png\"><img loading=\"lazy\" src=\"https:\/\/static-m.meteo.cat\/wordpressweb\/wp-content\/uploads\/2024\/10\/09101643\/Taula-PPT-9-12-oct-1994-1024x1001.png\" alt=\"\" class=\"wp-image-41505\" width=\"768\" height=\"751\"\/><\/a><\/figure><\/div>\n\n\n\n<p>Tot seguit es mostra el mapa del camp de precipitaci\u00f3 total acumulada del 9 al 12 d&#8217;octubre de 1994. S\u2019ha obtingut a partir de les dades de 384 pluvi\u00f2metres manuals i autom\u00e0tics de la XEMA (Xarxa d&#8217;Estacions Meteorol\u00f2giques Autom\u00e0tiques del Servei Meteorol\u00f2gic de Catalunya). Les dades dels pluvi\u00f2metres manuals corresponen a l&#8217;interval de temps de les 07 UTC del 9 d&#8217;octubre a les 07 UTC del 13 d&#8217;octubre de 1994. La precipitaci\u00f3 m\u00e9s abundant es va quedar concentrada per una banda a la zona prelitoral de les comarques Tarragonines i del Pened\u00e8s i l&#8217;Anoia (els Ports, el Montsant, les muntanyes de Prades i la serra d&#8217;Ancosa) i per una altra banda la zona litoral de l\u2019Empord\u00e0 i la serralada Transversal. \u00c9s de destacar l\u2019extensa zona geogr\u00e0fica on van enregistrar-se m\u00e9s de 200 mm. Tamb\u00e9 pot observar-se la distribuci\u00f3 irregular de la precipitaci\u00f3 acumulada a tot el pa\u00eds, aix\u00ed com a les zones m\u00e9s allunyades de la influ\u00e8ncia del mar Mediterrani van ser les que van rebre menys precipitaci\u00f3: la Val d\u2019Aran i part de les Terres de Ponent.. <\/p>\n\n\n\n<div class=\"wp-block-image\"><figure class=\"aligncenter size-large is-resized\"><a href=\"https:\/\/static-m.meteo.cat\/wordpressweb\/wp-content\/uploads\/2024\/10\/09101859\/Mapa-PPT-9-12-oct-1994.png\"><img loading=\"lazy\" src=\"https:\/\/static-m.meteo.cat\/wordpressweb\/wp-content\/uploads\/2024\/10\/09101859\/Mapa-PPT-9-12-oct-1994-1024x978.png\" alt=\"\" class=\"wp-image-41506\" width=\"768\" height=\"734\"\/><\/a><\/figure><\/div>\n\n\n\n<h2><strong>An\u00e0lisi meteorol\u00f2gica<\/strong><\/h2>\n\n\n\n<p>La situaci\u00f3 meteorol\u00f2gica durant l\u2019episodi va venir caracteritzada per una profunda baixa situada al nord-est de les A\u00e7ores i un anticicl\u00f3 a l\u2019Europa central, la posici\u00f3 dels quals va ser for\u00e7a est\u00e0tica aquells dies. Aquests dos centres d\u2019acci\u00f3 van produir un marcada i cont\u00ednua advecci\u00f3 d\u2019aire c\u00e0lid i molt humit del nord d\u2019\u00c0frica sobre Catalunya a tots els nivells de la troposfera durant uns quants dies: del sud-est en superf\u00edcie, del sud a 850 hPa i del sud-oest a 500 hPa. L\u2019aire c\u00e0lid i humit \u00e9s potencialment molt inestable i la massa d\u2019aire nord-africana empesa cap a Catalunya es va veure obligada a ascendir violentament en topar contra la serralada Prelitoral, produint-se els forts aiguats del 10 i 11 d\u2019octubre. Contr\u00e0riament a com sol ser habitual en els episodis de pluja torrencial al pa\u00eds, no hi havia gaire aire fred en altura, ja que el centre de la baixa es trobava molt lluny de Catalunya, aix\u00ed com l\u2019eix central del t\u00e0lveg associat a la borrasca. Aquest fet va ser un dels causants principals que els aiguats m\u00e9s forts es donessin a la serralada Prelitoral i no a la costa catalana. <\/p>\n\n\n\n<p>A continuaci\u00f3 es presenten els mapes de les <a href=\"http:\/\/www.esrl.noaa.gov\/psd\/data\/20thC_Rean\/\">rean\u00e0lisis del 20CRP<\/a> (NOAA-ESRL, EUA) del 10\/10\/1994 a les 00 UTC (mapes de l\u2019esquerra) i a les 12 UTC (mapes de la dreta) per als camps de temperatura, altura geopotencial i vent a 500 i 850 hPa (mapes superiors i centrals). Tamb\u00e9 es mostren els camps en superf\u00edcie de temperatura a 2 m, pressi\u00f3 al nivell del mar i vent a 10 m (mapes inferiors). En tots ells es poden identificar els trets meteorol\u00f2gics generals de l\u2019episodi&nbsp; comentats anteriorment.<\/p>\n\n\n\n<p><\/p>\n\n\n\n<div class=\"wp-block-image\"><figure class=\"aligncenter size-large\"><a href=\"https:\/\/static-m.meteo.cat\/wordpressweb\/wp-content\/uploads\/2019\/10\/09131956\/FIG05-Renalisis-20CRP-10OCT1994_0012UTC.jpg\"><img loading=\"lazy\" width=\"740\" height=\"1024\" src=\"https:\/\/static-m.meteo.cat\/wordpressweb\/wp-content\/uploads\/2019\/10\/09131956\/FIG05-Renalisis-20CRP-10OCT1994_0012UTC-740x1024.jpg\" alt=\"Mapes de les rean\u00e0lisis del 20CRP (NOAA-ESRL, EUA) del 10\/10\/1994 \" class=\"wp-image-24284\"\/><\/a><\/figure><\/div>\n\n\n\n<h2><strong>Danys produ\u00efts<\/strong><\/h2>\n\n\n\n<p>Com a conseq\u00fc\u00e8ncia dels forts aiguats registrats en diferents punts de la serralada Prelitoral molts rius i rieres van patir desbordaments sobtats que van provocar importants danys materials, sobretot a les infraestructures i al teixit industrial. Van desbordar-se els rius<strong> Siurana, Cortiella, Montsant, Ondara, Milans, Francol\u00ed, Anguera, Brugent, Gai\u00e0, Foix, Anoia, Calders, Llobregat, Congost, Bes\u00f2s, Tordera, Dar\u00f3 i Fluvi\u00e0<\/strong>, les rieres d\u2019<strong>Alforja<\/strong>, <strong>Riudoms<\/strong>, <strong>Riudecanyes, Maspujols, Mura, Caldes, Tenes i Calonge, <\/strong>aix\u00ed com nombrosos barrancs i rieres del litoral i prelitoral des del Baix Ebre fins a l\u2019Alt Empord\u00e0. El pant\u00e0 de Riudecanyes (Baix Camp), que estava gaireb\u00e9 buit, va omplir-se en tan sols tres hores. <\/p>\n\n\n\n<p>La for\u00e7a de les aig\u00fces va endur-se nombrosos ponts, sobretot a la conca\ndel Francol\u00ed, deixant diverses viles incomunicades com la Riba (Alt Camp), i va\ninundar tot el barri del Serrallo de Tarragona (Tarragon\u00e8s). El complex petroqu\u00edmic\ndel camp de Tarragona va quedar tamb\u00e9 negat pel desbordament de les rieres que\nel creuen. Diversos ponts de les conques del Foix, Llobregat i Bes\u00f2s tamb\u00e9 van\nser malmesos o destru\u00efts.<\/p>\n\n\n\n<p>Les grans crescudes i desbordaments dels rius i rieres van veure\u2019s\nafavorits pel fet que els aiguats van tenir lloc despr\u00e9s d\u2019una primavera i\nestiu molt secs a gran part del pa\u00eds, que havien deixat el s\u00f2l amb unes\ncondicions de poca capacitat d\u2019absorci\u00f3. A m\u00e9s els nombrosos incendis forestals\nprodu\u00efts a la serralada Prelitoral (Priorat, Segarra, Alt Camp, Vall\u00e8s, Selva i\nAlt Empord\u00e0) durant l\u2019estiu van deixar molt vessants sense coberta vegetal. Per\ntot aix\u00f2, bona part de la pluja caiguda va anar a parar directament als cursos\nfluvials. En aquests indrets el record de l\u2019Aiguat de Sant Tom\u00e0s \u00e9s encara ben\nviu i molt tr\u00e0gic com a conseq\u00fc\u00e8ncia de la combinaci\u00f3 dels focs de l\u2019estiu i\nles inundacions d\u2019aquell octubre.<\/p>\n\n\n\n<h2><strong>Enlla\u00e7os d\u2019inter\u00e8s<\/strong><\/h2>\n\n\n\n<ul><li>Ar\u00fas, Joan (1998): \u201c<a href=\"http:\/\/oratge.org\/10-oct.html\">L\u2019Aiguat del 10 d\u2019octubre de 1994<\/a>\u201d (article sobre l\u2019episodi al blog del meteor\u00f2leg Joan Ar\u00fas, membre del Grup de Predicci\u00f3 i Vigil\u00e0ncia (GPV) de la Delegaci\u00f3 Territorial de l\u2019Ag\u00e8ncia Estatal de Meteorologia a Catalunya).<\/li><li>Aran, Montserrat; Ar\u00fas Dumenj\u00f3, Joan; Garc\u00eda, Carmen; L\u00f3pez P\u00e9rez, Jos\u00e9 Manuel; Satu\u00e9, Sara; V\u00e1zquez L\u00f3pez, Luis A.; Werner, Ernest (1999): &#8220;<a href=\"https:\/\/repositorio.aemet.es\/bitstream\/20.500.11765\/4225\/1\/4Simp_Pred_AI_14.pdf\">Las inundaciones del d\u00eda 10 de octubre de 1994<\/a>&#8220;. <em>IV Simposio Nacional de Predicci\u00f3n del Instituto Nacional de Meteorolog\u00eda<\/em>. Madrid, Instituto Nacional de Meteorolog\u00eda, pp. 111-121 (article de recerca publicat en un congr\u00e9s intern d&#8217;\u00e0mbit estatal de l&#8217;Institut Nacional de Meteorologia d&#8217;Espanya).<\/li><li>Revista Cambrils, n\u00fam. 279 (octubre 1994): \u201cRierada hist\u00f2rica\u201d [Diversos articles], pp. 3-10 i \u00a0pp. 11-21 (diversos articles sobre els efectes de les tr\u00e0giques inundacions pel desbordament de la riera d\u2019Alforja a Cambrils).<\/li><li>Diari Digital Tarragona 21: \u201c<a href=\"http:\/\/bit.ly\/2OAAUZE\">Vint-i-cinc anys de la riuada del 94: quan el cel ens va caure al damunt<\/a>\u201d. \u201c<a href=\"http:\/\/diaridigital.tarragona21.com\/joan-arus-25-anys-del-10-doctubre-de-1994\/\">Joan Ar\u00fas: 25 anys del 10 d\u2019octubre de 1994<\/a>\u201d. \u201c<a href=\"http:\/\/diaridigital.tarragona21.com\/eduard-marimon-que-va-passar-aquell-10-doctubre\/\">Eduard Marimon: Qu\u00e8 va passar aquell 10 d\u2019octubre?<\/a>\u201d (diversos reportatges especials amb motiu del 25\u00e8 aniversari de la riuada d\u2019octubre de 1994 a les comarques tarragonines, publicat el 10\/10\/2019).<\/li><li>V\u00eddeos amb el patrocini de l&#8217;Ajuntament de la Riba (Alt Camp) i confeccionats per J. Ribellas dels violents desbordaments del Brugent i del Francol\u00ed del 10 d\u2019octubre de 1994, a partir de diversos v\u00eddeos particulars de gent de la Riba: <a href=\"http:\/\/riuades.blogspot.com\/2008\/08\/fragment-primer.html\">fragment primer<\/a>, <a href=\"http:\/\/riuades.blogspot.com\/2008\/09\/fragment-segon.html\">fragment segon<\/a>, <a href=\"http:\/\/riuades.blogspot.com\/2008\/09\/fragment-tercer.html\">fragment tercer<\/a>, <a href=\"http:\/\/riuades.blogspot.com\/2008\/09\/fragment-quart.html\">fragment quart<\/a> i <a href=\"http:\/\/riuades.blogspot.com\/2008\/08\/lltima-riuada-del-10-doctubre-de-1994.html\">fragment cinqu\u00e8<\/a>. <\/li><li>V\u00eddeo del Youtube del desbordament i les inundacions del 10 d\u2019octubre de 1994 provocades pel <a href=\"https:\/\/www.youtube.com\/watch?v=8Jk-hfqCVWk\">Francol\u00ed a Tarragona<\/a> elaborat per Tinet (Diputaci\u00f3 de Tarragona). <\/li><\/ul>\n\n\n\n<p><\/p>\n","protected":false},"excerpt":{"rendered":"<p>PUBLICADA EL 10\/10\/2019 \/\/ REVISADA EL 09\/10\/2024 Entre el 9 i 12 d\u2019octubre de 1994, ara fa vint-cinc anys, va tenir lloc un episodi de pluja torrencial que va provocar importants riuades i inundacions a bona part de Catalunya, sobretot al prelitoral. Les zones m\u00e9s afectades van ser les conques del Baix Ebre, el Siurana, [&hellip;]<\/p>\n","protected":false},"author":7,"featured_media":0,"parent":18384,"menu_order":0,"comment_status":"closed","ping_status":"closed","template":"template-sidebar.php","meta":{"_mi_skip_tracking":false,"_monsterinsights_sitenote_active":false,"_monsterinsights_sitenote_note":"","_monsterinsights_sitenote_category":0},"_links":{"self":[{"href":"https:\/\/www.meteo.cat\/wpweb\/wp-json\/wp\/v2\/pages\/24272"}],"collection":[{"href":"https:\/\/www.meteo.cat\/wpweb\/wp-json\/wp\/v2\/pages"}],"about":[{"href":"https:\/\/www.meteo.cat\/wpweb\/wp-json\/wp\/v2\/types\/page"}],"author":[{"embeddable":true,"href":"https:\/\/www.meteo.cat\/wpweb\/wp-json\/wp\/v2\/users\/7"}],"replies":[{"embeddable":true,"href":"https:\/\/www.meteo.cat\/wpweb\/wp-json\/wp\/v2\/comments?post=24272"}],"version-history":[{"count":37,"href":"https:\/\/www.meteo.cat\/wpweb\/wp-json\/wp\/v2\/pages\/24272\/revisions"}],"predecessor-version":[{"id":41714,"href":"https:\/\/www.meteo.cat\/wpweb\/wp-json\/wp\/v2\/pages\/24272\/revisions\/41714"}],"up":[{"embeddable":true,"href":"https:\/\/www.meteo.cat\/wpweb\/wp-json\/wp\/v2\/pages\/18384"}],"wp:attachment":[{"href":"https:\/\/www.meteo.cat\/wpweb\/wp-json\/wp\/v2\/media?parent=24272"}],"curies":[{"name":"wp","href":"https:\/\/api.w.org\/{rel}","templated":true}]}}