{"id":23956,"date":"2019-09-10T07:13:29","date_gmt":"2019-09-10T07:13:29","guid":{"rendered":"https:\/\/www.meteo.cat\/wpweb\/?page_id=23956"},"modified":"2024-11-22T13:08:46","modified_gmt":"2024-11-22T13:08:46","slug":"sistema-de-gestio-de-qualitat","status":"publish","type":"page","link":"https:\/\/www.meteo.cat\/wpweb\/sobre-meteocat\/sistema-de-gestio-de-qualitat\/","title":{"rendered":"Sistema de Gesti\u00f3 de Qualitat"},"content":{"rendered":"\n<p>L\u2019abast del Sistema de Gesti\u00f3 de la Qualitat\ninclou les activitats desenvolupades per l&#8217;SMC, en concret els serveis de: <\/p>\n\n\n\n<ul><li>Modelitzaci\u00f3 meteorol\u00f2gica pel consum intern i extern<\/li><li>Predicci\u00f3<\/li><li>Vigil\u00e0ncia<\/li><li>Observaci\u00f3<\/li><li>Serveis Clim\u00e0tics<\/li><li>Productes de Canvi Clim\u00e0tic,<\/li><\/ul>\n\n\n\n<p>els serveis de suport necessaris per a la\nprestaci\u00f3 del servei, en concret:<\/p>\n\n\n\n<ul><li>Tecnologies de la Informaci\u00f3 i Comunicacions: tant els serveis relacionats amb sistemes f\u00edsics, \u00e9s a dir tot el maquinari inform\u00e0tic i de comunicacions, aix\u00ed com el programari comercial i tamb\u00e9 els serveis relacionats amb projectes TIC pel desenvolupament i manteniment de programari propi.<\/li><li>Sistemes d\u2019Observaci\u00f3: implementaci\u00f3 i manteniment de la infraestructura meteorol\u00f2gica.<\/li><li>Administraci\u00f3: sistemes de despesa i ingr\u00e9s amb tot el que hi ha al seu voltant, i tots els aspectes relatius a la qualitat.<\/li><\/ul>\n\n\n\n<p>Aquestes activitats es desenvolupen a\nCatalunya si b\u00e9 en algun cas es poden desenvolupar serveis de consultoria en\naltres pa\u00efsos.<\/p>\n\n\n\n<p>La tasca del Servei Meteorol\u00f2gic de Catalunya\nes du a terme principalment a les oficines centrals i a les infraestructures\nd&#8217;observaci\u00f3 i teledetecci\u00f3 meteorol\u00f2gica on s&#8217;hi realitzen tasques de\nmanteniment.<\/p>\n\n\n\n<p>Per realitzar aquestes activitats, l&#8217;empresa\nes suporta en la Llei&nbsp;15\/2011, de 14 de novembre, de Meteorologia i en els\nEstatuts de l&#8217;SMC.<\/p>\n\n\n\n<p><a href=\"https:\/\/static-m.meteo.cat\/content\/files\/METEOCAT_AR_Q_2024CAT.pdf\">Certificat ISO 9001:2015<\/a> <\/p>\n","protected":false},"excerpt":{"rendered":"<p>L\u2019abast del Sistema de Gesti\u00f3 de la Qualitat inclou les activitats desenvolupades per l&#8217;SMC, en concret els serveis de: Modelitzaci\u00f3 meteorol\u00f2gica pel consum intern i extern Predicci\u00f3 Vigil\u00e0ncia Observaci\u00f3 Serveis Clim\u00e0tics Productes de Canvi Clim\u00e0tic, els serveis de suport necessaris per a la prestaci\u00f3 del servei, en concret: Tecnologies de la Informaci\u00f3 i Comunicacions: tant [&hellip;]<\/p>\n","protected":false},"author":2,"featured_media":0,"parent":70,"menu_order":9,"comment_status":"closed","ping_status":"closed","template":"","meta":{"_mi_skip_tracking":false,"_monsterinsights_sitenote_active":false,"_monsterinsights_sitenote_note":"","_monsterinsights_sitenote_category":0},"_links":{"self":[{"href":"https:\/\/www.meteo.cat\/wpweb\/wp-json\/wp\/v2\/pages\/23956"}],"collection":[{"href":"https:\/\/www.meteo.cat\/wpweb\/wp-json\/wp\/v2\/pages"}],"about":[{"href":"https:\/\/www.meteo.cat\/wpweb\/wp-json\/wp\/v2\/types\/page"}],"author":[{"embeddable":true,"href":"https:\/\/www.meteo.cat\/wpweb\/wp-json\/wp\/v2\/users\/2"}],"replies":[{"embeddable":true,"href":"https:\/\/www.meteo.cat\/wpweb\/wp-json\/wp\/v2\/comments?post=23956"}],"version-history":[{"count":6,"href":"https:\/\/www.meteo.cat\/wpweb\/wp-json\/wp\/v2\/pages\/23956\/revisions"}],"predecessor-version":[{"id":41797,"href":"https:\/\/www.meteo.cat\/wpweb\/wp-json\/wp\/v2\/pages\/23956\/revisions\/41797"}],"up":[{"embeddable":true,"href":"https:\/\/www.meteo.cat\/wpweb\/wp-json\/wp\/v2\/pages\/70"}],"wp:attachment":[{"href":"https:\/\/www.meteo.cat\/wpweb\/wp-json\/wp\/v2\/media?parent=23956"}],"curies":[{"name":"wp","href":"https:\/\/api.w.org\/{rel}","templated":true}]}}