{"id":22094,"date":"2019-03-05T09:31:59","date_gmt":"2019-03-05T09:31:59","guid":{"rendered":"https:\/\/www.meteo.cat\/wpweb\/?page_id=22094"},"modified":"2022-11-30T08:22:03","modified_gmt":"2022-11-30T08:22:03","slug":"convenis-de-collaboracio-signats-durant-lany-2018","status":"publish","type":"page","link":"https:\/\/www.meteo.cat\/wpweb\/transparencia-i-bon-govern\/contractacio\/convenis-de-collaboracio-signats-durant-lany-2018\/","title":{"rendered":"Convenis de col\u00b7laboraci\u00f3 signats durant l&#8217;any 2018"},"content":{"rendered":"\n<p>Detall dels convenis:<\/p>\n\n\n\n<figure class=\"wp-block-table sortable\"><table><tbody><tr><th>N\u00fam. Conveni<\/th><th>Objecte<\/th><th>Data<\/th><th>Beneficiari<\/th><th>Import<\/th><\/tr><tr><td>CO.01\/18<\/td><td><a href=\"https:\/\/static-m.meteo.cat\/wordpressweb\/wp-content\/uploads\/2019\/03\/05092645\/CO0118-ObservatoriEbre.pdf\">Observatori de l&#8217;Ebre<\/a><\/td><td>06\/03\/2018<\/td><td>Universitat Ramon Llull-Fundaci\u00f3 Observatori de l&#8217;Ebre<\/td><td>30.000,00<\/td><\/tr><tr><td>CO.02\/18<\/td><td><a href=\"https:\/\/static-m.meteo.cat\/wordpressweb\/wp-content\/uploads\/2019\/03\/05092648\/CO0218-UAB.pdf\">Xarxa Aerobiol\u00f2gica<\/a><\/td><td>01\/12\/2017<\/td><td>Universitat Aut\u00f2noma de Barcelona<\/td><td>15.000,00<\/td><\/tr><tr><td>CO.03\/18<\/td><td>Participaci\u00f3 en el projecte futur d&#8217;alumnes de 3r i 4t d&#8217;ESO<\/td><td>01\/02\/2018<\/td><td>Escola Jesu\u00eftes del Clot<\/td><td> 0,00<\/td><\/tr><tr><td>CO.04\/18<\/td><td><a href=\"https:\/\/static-m.meteo.cat\/wordpressweb\/wp-content\/uploads\/2019\/03\/05092651\/CO0418-Addenda-UB-Beques-de-col%C2%B7laboraci%C3%B3.pdf\">Addenda convocat\u00f2ria beques de col\u00b7laboraci\u00f3<\/a><\/td><td>20\/03\/2018<\/td><td>Universitat de Barcelona<\/td><td> 0,00<\/td><\/tr><tr><td>CO.05\/18<\/td><td><a href=\"https:\/\/static-m.meteo.cat\/wordpressweb\/wp-content\/uploads\/2019\/03\/05092655\/CO0518-UPC-llamps.pdf\">Recerca en l&#8217;\u00e0mbit de l&#8217;electricitat atmosf\u00e8rica<\/a><\/td><td>16\/03\/2018<\/td><td>Universitat Polit\u00e8cnica de Catalunya<\/td><td>15.000,00<\/td><\/tr><tr><td>CO.06\/18<\/td><td><a href=\"https:\/\/static-m.meteo.cat\/wordpressweb\/wp-content\/uploads\/2019\/03\/05092658\/CO0618-TES-Fires-i-salons.pdf\">Participaci\u00f3 a fires i salons<\/a><\/td><td>19\/02\/2018<\/td><td>TES, INCASOL, FGC, IFERCAT, Ports, CIMALSA, Aeroports, TABASA, ACR, Habitatge, ATLL<\/td><td>18.000,00<\/td><\/tr><tr><td>CO.07\/17<\/td><td><a href=\"https:\/\/static-m.meteo.cat\/wordpressweb\/wp-content\/uploads\/2019\/03\/05092703\/CO0718-ADV-Terres-Ponent-ULeon.pdf\">Gesti\u00f3 i manteniment de la xarxa de gran\u00edmetres de Lleida<\/a><\/td><td>01\/03\/2018<\/td><td>Universidad de Leon i ADV Terres de Ponent<\/td><td>25.000,00<\/td><\/tr><tr><td>CO.08\/18<\/td><td><a href=\"https:\/\/static-m.meteo.cat\/wordpressweb\/wp-content\/uploads\/2019\/03\/05092708\/CO0818-LaMMA.pdf\">Protocol de col\u00b7laboraci\u00f3 en el coneixement de prediccions num\u00e9riques meteorol\u00f2giques<\/a><\/td><td>12\/11\/2018<\/td><td>LaMMA Consortium<\/td><td> 0,00<\/td><\/tr><tr><td>CO.09\/18<\/td><td><a href=\"https:\/\/static-m.meteo.cat\/wordpressweb\/wp-content\/uploads\/2019\/03\/05092711\/CO0918-FGC.pdf\">Pr\u00f2rroga conveni subministrament informaci\u00f3 meteorol\u00f2gica<\/a><\/td><td>01\/01\/2018<\/td><td>Ferrocarrils de la Generalitat de Catalunya<\/td><td>4.500,00<\/td><\/tr><tr><td>CO.10\/18<\/td><td><a href=\"https:\/\/static-m.meteo.cat\/wordpressweb\/wp-content\/uploads\/2019\/03\/05092713\/CO1018-Vallter-SA.pdf\">Pr\u00f2rroga conveni subministrament informaci\u00f3 meteorol\u00f2gica<\/a><\/td><td>02\/01\/2018<\/td><td>Vallter SA<\/td><td>1.000,00<\/td><\/tr><tr><td>CO.11\/18<\/td><td><a href=\"https:\/\/static-m.meteo.cat\/wordpressweb\/wp-content\/uploads\/2019\/03\/05092716\/CO1118-BR_SMC.pdf\">Realitzaci\u00f3 d&#8217;escenaris clim\u00e0tics futurs regionalitzats a molt alta resoluci\u00f3 d&#8217;onades de calor per l&#8217;Area Metropolitana de Barcelona<\/a><\/td><td>02\/05\/2018<\/td><td>Barcelona Regional Ag\u00e8ncia de Desenvolupament Urb\u00e0<\/td><td>4.200,00<\/td><\/tr><\/tbody><\/table><\/figure>\n","protected":false},"excerpt":{"rendered":"<p>Detall dels convenis: N\u00fam. Conveni Objecte Data Beneficiari Import CO.01\/18 Observatori de l&#8217;Ebre 06\/03\/2018 Universitat Ramon Llull-Fundaci\u00f3 Observatori de l&#8217;Ebre 30.000,00 CO.02\/18 Xarxa Aerobiol\u00f2gica 01\/12\/2017 Universitat Aut\u00f2noma de Barcelona 15.000,00 CO.03\/18 Participaci\u00f3 en el projecte futur d&#8217;alumnes de 3r i 4t d&#8217;ESO 01\/02\/2018 Escola Jesu\u00eftes del Clot 0,00 CO.04\/18 Addenda convocat\u00f2ria beques de col\u00b7laboraci\u00f3 20\/03\/2018 [&hellip;]<\/p>\n","protected":false},"author":2,"featured_media":0,"parent":8662,"menu_order":2,"comment_status":"closed","ping_status":"closed","template":"template-sidebar.php","meta":{"_mi_skip_tracking":false,"_monsterinsights_sitenote_active":false,"_monsterinsights_sitenote_note":"","_monsterinsights_sitenote_category":0},"_links":{"self":[{"href":"https:\/\/www.meteo.cat\/wpweb\/wp-json\/wp\/v2\/pages\/22094"}],"collection":[{"href":"https:\/\/www.meteo.cat\/wpweb\/wp-json\/wp\/v2\/pages"}],"about":[{"href":"https:\/\/www.meteo.cat\/wpweb\/wp-json\/wp\/v2\/types\/page"}],"author":[{"embeddable":true,"href":"https:\/\/www.meteo.cat\/wpweb\/wp-json\/wp\/v2\/users\/2"}],"replies":[{"embeddable":true,"href":"https:\/\/www.meteo.cat\/wpweb\/wp-json\/wp\/v2\/comments?post=22094"}],"version-history":[{"count":14,"href":"https:\/\/www.meteo.cat\/wpweb\/wp-json\/wp\/v2\/pages\/22094\/revisions"}],"predecessor-version":[{"id":36311,"href":"https:\/\/www.meteo.cat\/wpweb\/wp-json\/wp\/v2\/pages\/22094\/revisions\/36311"}],"up":[{"embeddable":true,"href":"https:\/\/www.meteo.cat\/wpweb\/wp-json\/wp\/v2\/pages\/8662"}],"wp:attachment":[{"href":"https:\/\/www.meteo.cat\/wpweb\/wp-json\/wp\/v2\/media?parent=22094"}],"curies":[{"name":"wp","href":"https:\/\/api.w.org\/{rel}","templated":true}]}}