{"id":21046,"date":"2018-11-07T13:57:14","date_gmt":"2018-11-07T13:57:14","guid":{"rendered":"https:\/\/www.meteo.cat\/wpweb\/?page_id=21046"},"modified":"2022-12-27T09:43:23","modified_gmt":"2022-12-27T09:43:23","slug":"informe-especial-de-lipcc-sobre-lobjectiu-dun-escalfament-global-d15-oc","status":"publish","type":"page","link":"https:\/\/www.meteo.cat\/wpweb\/divulgacio\/publicacions\/miscellania\/informe-especial-de-lipcc-sobre-lobjectiu-dun-escalfament-global-d15-oc\/","title":{"rendered":"Informe especial de l\u2019IPCC sobre l\u2019objectiu d\u2019un escalfament global d\u20191,5 \u00baC"},"content":{"rendered":"\n<p class=\"has-text-align-left\"><strong>PUBLICADA EL 07\/11\/2018<\/strong><\/p>\n\n\n\n<p>El passat 8 d\u2019octubre a la ciutat d\u2019Inchon (Rep\u00fablica de Corea) es va presentar un <a href=\"http:\/\/www.ipcc.ch\/report\/sr15\/\">informe especial de l\u2019IPCC<\/a> (Grup Intergovernamental d\u2019Experts sobre el Canvi Clim\u00e0tic) en qu\u00e8 es posaven de manifest els impactes al nostre planeta <strong>d&#8217;un escalfament global d&#8217;1,5 <\/strong><strong>\u00b0C sobre el nivell preindustrial<sup>(1)<\/sup> de la temperatura global de la Terra<\/strong>. Tamb\u00e9 s&#8217;hi abordava la q\u00fcesti\u00f3 de la reducci\u00f3 de les emissions de gasos amb efecte d\u2019hivernacle per tal d\u2019aconseguir aquest objectiu, en lloc dels 2 \u00b0C d&#8217;escalfament.<\/p>\n\n\n\n<p>El t\u00edtol complet de l\u2019informe \u00e9s: <em>Escalfament global d\u20191,5 <\/em><em>\u00b0C, Informe especial de l\u2019IPCC sobre els impactes de l&#8217;escalfament global d\u20191,5 <\/em><em>\u00b0C per sobre dels nivells preindustrials i les traject\u00f2ries corresponents que deurien seguir les emissions globals de gasos amb efecte d\u2019hivernacle, en el context d&#8217;enfortir la resposta global a l&#8217;amena\u00e7a del canvi clim\u00e0tic, el desenvolupament sostenible i els esfor\u00e7os per tal d\u2019erradicar la pobresa<\/em>.<\/p>\n\n\n\n<p>Noranta-un autors i editors-revisors de 40 pa\u00efsos han preparat l&#8217;informe especial de l\u2019IPCC en resposta a una invitaci\u00f3 feta per la <strong>Convenci\u00f3 Marc de les Nacions Unides sobre el Canvi Clim\u00e0tic<\/strong> (CMNUCC) quan es va aprovar <strong>l&#8217;Acord de Par\u00eds<\/strong> a l\u2019any 2015. Aquest informe especial compta amb m\u00e9s de 6000 refer\u00e8ncies citades i la contribuci\u00f3 de milers d&#8217;examinadors, tant experts com assessors governamentals, de tot el m\u00f3n.<\/p>\n\n\n\n<p>A l&#8217;informe es destaquen els impactes que s&#8217;evitarien si l&#8217;escalfament global qued\u00e9s restringit a 1,5 \u00b0C en comptes dels 2 \u00b0C assenyalats com el m\u00e0xim valor te\u00f2ric que es pot escalfar la Terra de forma reversible. Entre aquests impactes caldria destacar, per exemple, que el nivell mitj\u00e0 global del mar augmentaria 10 cm menys cap al 2100, que l&#8217;\u00c0rtic no quedaria lliure de gel amb tanta freq\u00fc\u00e8ncia, es donaria una menor probabilitat d\u2019ocurr\u00e8ncia de sequeres severes a la zona Mediterr\u00e0nia o l\u2019\u00c0frica meridional. Tamb\u00e9 disminuiria la mortalitat i morbiditat relacionades amb les onades de calor a les zones urbanes per l\u2019efecte d\u2019illa de calor, i es podrien salvar parcialment els esculls de corall, pr\u00e0cticament abocats a la seva desaparici\u00f3 amb un escalfament global de 2 \u00b0C.<\/p>\n\n\n\n<p>Segons l&#8217;informe, en l&#8217;actualitat (any 2017) l&#8217;escalfament global indu\u00eft per l&#8217;home es troba aproximadament 1 \u00b0C per sobre del nivell preindustrial<sup>(1)<\/sup>. Actualment, aquest escalfament est\u00e0 augmentant a un ritme de 0,2 \u00b0C per decenni a causa de les emissions passades i presents de gasos amb efecte d\u2019hivernacle. Amb aquest ritme sostingut d\u2019escalfament s\u2019arribaria al nivell d\u20191,5 \u00b0C probablement entre 2030-2050.<\/p>\n\n\n\n<p>L\u2019escalfament global, entre d\u2019altres efectes, es tradueix en unes condicions meteorol\u00f2giques cada vegada m\u00e9s extremes. En aquest sentit, cal destacar les onades de calor sofertes aquest passat estiu als pa\u00efsos del centre i nord d&#8217;Europa, ja que alguns estudis d&#8217;atribuci\u00f3 les considera el doble de probables per causa del canvi clim\u00e0tic antropog\u00e8nic associat a l&#8217;escalfament global.<\/p>\n\n\n\n<p>A Catalunya, l\u2019any 2017 ha estat el cinqu\u00e8 any m\u00e9s c\u00e0lid des de 1950, nom\u00e9s superat pels anys 2015, 2006, 2014 i 2011. \u00c9s de destacar que la gran majoria d\u2019anys c\u00e0lids al conjunt del pa\u00eds s\u2019han donat els \u00faltims anys: vuit dels \u00faltims deu anys m\u00e9s c\u00e0lids s\u2019han donat aquest segle, cinc dels quals han tingut lloc durant l\u2019actual decenni. M\u00e9s informaci\u00f3 en el Butllet\u00ed Anual d\u2019Indicadors Clim\u00e0tics (<a href=\"https:\/\/static-m.meteo.cat\/wordpressweb\/wp-content\/uploads\/2018\/05\/30132907\/BAIC-2017.pdf\">BAIC<\/a>) de l\u2019SMC.<\/p>\n\n\n\n<p>Per tot plegat, l\u2019informe insta a limitar l&#8217;escalfament global a 1,5 \u00b0C en lloc dels 2 \u00b0C. Aquesta limitaci\u00f3 reduiria els impactes en els ecosistemes, en la productivitat agr\u00edcola, en la disponibilitat d\u2019aigua, en la salut humana i en el benestar. A l\u2019\u00e0mbit mediterrani, on Catalunya es troba emmarcada, l\u2019escalfament global est\u00e0 comportant un empitjorament dels problemes mediambientals ja existents, motivats per una combinaci\u00f3 de canvis en els usos del s\u00f2l, increment de la contaminaci\u00f3 i descens de la biodiversitat (veure el recent article de <a href=\"https:\/\/www.nature.com\/articles\/s41558-018-0299-2\" target=\"_blank\" rel=\"noopener noreferrer\">Cramer <em>et al.<\/em> 2018<\/a>). Per aix\u00f2 \u00e9s tan important treballar per tal de reduir al m\u00e0xim l\u2019increment global de temperatura.<\/p>\n\n\n\n<div class=\"wp-block-image\"><figure class=\"aligncenter\"><a href=\"https:\/\/static-m.meteo.cat\/wordpressweb\/wp-content\/uploads\/2018\/11\/07133327\/RFCs-IPCC-SR1p5-en_catala.jpg\"><img loading=\"lazy\" width=\"1024\" height=\"825\" src=\"https:\/\/static-m.meteo.cat\/wordpressweb\/wp-content\/uploads\/2018\/11\/07133327\/RFCs-IPCC-SR1p5-en_catala-1024x825.jpg\" alt=\"(obre imatge gran)\" class=\"wp-image-21063\"\/><\/a><figcaption>Figura 1. Esquema de com el nivell d&#8217;escalfament global afecta els impactes i\/o riscos associats als \u2018Motius De Preocupaci\u00f3\u2019 (RFCs) de l\u2019IPCC aix\u00ed com als sistemes naturals, naturals gestionats per l\u2019home i estrictament humans (Tradu\u00eft de l\u2019original en angl\u00e8s de l\u2019informe especial de l\u2019IPCC sobre l\u2019escalfament global d\u20191,5 \u00b0C). Els cinc RFCs serveixen per a resumir impactes i riscos per sectors i regions. Il\u00b7lustren les implicacions de l\u2019escalfament global per a la poblaci\u00f3, l\u2019economia i l\u2019ecosistema. L\u2019impacte i\/o el risc associat a cada RFC es basa en l\u2019avaluaci\u00f3 de les \u00faltimes publicacions cient\u00edfiques. La selecci\u00f3 d\u2019impactes i de sistemes (naturals, naturals gestionats per l\u2019home i estrictament humans) de la figura \u00e9s merament descriptiva. En detall, <strong>RFC1<\/strong> (<em>sistemes \u00fanics i amena\u00e7ats<\/em>): sistemes ecol\u00f2gics i humans d\u2019\u00e0mbits geogr\u00e0fics concrets altament dependents de les condicions clim\u00e0tiques, amb endemismes o altres especificitats distintives. Un exemple serien els esculls de corall, l\u2019\u00c0rtic amb les seves comunitats ind\u00edgenes, les glaceres de muntanya i els anomenats \u2018punts calents\u2019 de biodiversitat (\u00e0rees que concentren una gran diversitat d\u2019esp\u00e8cies amb endemismes propis \u2013alguns d\u2019ells a la Mediterr\u00e0nia-). <strong>RCF2<\/strong> (<em>episodis meteorol\u00f2gics extrems<\/em>): riscos\/impactes sobre la salut humana, els mitjans de subsist\u00e8ncia, els b\u00e9ns i els ecosistemes causats per episodis meteorol\u00f2gics extrems (onades de calor, pluges torrencials, sequeres, incendis forestals i inundacions costaneres). <strong>RFC3<\/strong> (<em>distribuci\u00f3 dels impactes<\/em>): riscos\/impactes que afecten de diferent manera grups particulars a causa de la distribuci\u00f3 desigual del perill derivat del canvi clim\u00e0tic, la seva exposici\u00f3 o vulnerabilitat. <strong>RFC4<\/strong> (<em>impactes agregats desiguals<\/em>): p\u00e8rdues econ\u00f2miques globals, degradaci\u00f3 a gran escala i p\u00e8rdua d\u2019ecosistemes i biodiversitat. <strong>RFC5<\/strong> (<em>episodis singulars a gran escala<\/em>): canvis abruptes i de gran abast que poden ser irreversibles, causats per l\u2019escalfament global (com ara la fosa de gel ant\u00e0rtic i de Groenl\u00e0ndia).<\/figcaption><\/figure><\/div>\n\n\n\n<p>Segons l\u2019informe, encara som a temps de limitar l&#8217;escalfament global a 1,5 \u00b0C, tot i que per tal d\u2019assolir aquesta fita cal realitzar transicions \u2018r\u00e0pides i de gran abast\u2019 a tots els nivells de l&#8217;activitat humana. El compliment de l\u2019Acord de Par\u00eds no assegura la limitaci\u00f3 de l\u2019escalfament global a 1,5 \u00b0C. Per poder assolir aquesta fita cal que les emissions globals de CO<sub>2<\/sub> comencin a disminuir abans del 2030. En cas contrari, caldr\u00e0 confiar en l\u2019\u00fas de sistemes d\u2019extracci\u00f3 de di\u00f2xid de carboni (CDR, <em>Carbon Dioxide Removal<\/em>) a gran escala.<\/p>\n\n\n\n<p>Aix\u00ed doncs, les emissions antropog\u00e8niques de CO<sub>2<\/sub> haurien de disminuir al voltant d\u2019un 45% a l\u2019any 2030, mentre que per a l\u2019any 2050 s&#8217;hauria d&#8217;aconseguir un \u2018zero net\u2019 d&#8217;emissions, respecte els nivells de la concentraci\u00f3 de CO<sub>2<\/sub> a l\u2019atmosfera de l\u2019any 2010. Aquest \u00faltim objectiu, far\u00e0 necessari que es compensi qualsevol emissi\u00f3 romanent per mitj\u00e0 de l\u2019eliminaci\u00f3 de CO<sub>2<\/sub> de l&#8217;atmosfera.<\/p>\n\n\n\n<p>Limitar el risc de l\u2019escalfament global d\u20191,5 \u00b0C en un context de desenvolupament sostenible i erradicaci\u00f3 de la pobresa implica un canvi de sistema que pot ser possible amb inversions d\u2019adaptaci\u00f3 i mitigaci\u00f3, instruments pol\u00edtics, acceleraci\u00f3 d\u2019innovacions tecnol\u00f2giques i canvis en la forma d\u2019actuar.<\/p>\n\n\n\n<h2><strong>Notes <\/strong><\/h2>\n\n\n\n<p><strong>(1) El nivell preindustrial fa refer\u00e8ncia al per\u00edode anterior previ a l\u2019inici de l\u2019activitat industrial a gran escala a tot el m\u00f3n (al voltant de l\u2019any 1750). Se sol utilitzar el per\u00edode 1850-1900 com a per\u00edode de refer\u00e8ncia aproximat per tal d\u2019estimar la temperatura mitjana global de la Terra a l\u2019\u00e8poca preindustrial.<\/strong><\/p>\n\n\n\n<h2><strong>Refer\u00e8ncies<\/strong><\/h2>\n\n\n\n<p><strong>Cramer<\/strong>, W., J. Guiot, M. Fader, J. Garrabou, J.-P. Gattuso, A. Iglesias, M.A. Lange, P. Lionello, M.C. Llasat, S. Paz, J. Pe\u00f1uelas, M. Snoussi, A. Toreti, M.N. Tsimplis i E. Xoplaki &nbsp;(2018): \u201c<a href=\"https:\/\/www.nature.com\/articles\/s41558-018-0299-2\">Climate change and interconnected risks to sustainable development in the Mediterranean<\/a>\u201d. <em>Nature Climate Change<\/em>, 8, pp. 972-980. doi:10.1038\/s41558-018-0299-2.<\/p>\n\n\n\n<h2><strong>Enlla\u00e7os d\u2019inter\u00e8s<\/strong><\/h2>\n\n\n\n<ul><li><a href=\"http:\/\/www.ipcc.ch\/report\/sr15\/\" target=\"_blank\" rel=\"noreferrer noopener nofollow\">Informe especial de l\u2019IPCC sobre l\u2019objectiu d\u2019un escalfament global d\u20191,5 \u00b0C<\/a> (en angl\u00e8s)<\/li><li><a href=\"https:\/\/www.meteo.cat\/wpweb\/climatologia\/canvi-climatic-i-evolucio-futura-del-clima\/\">Qu\u00e8 \u00e9s el Canvi Clim\u00e0tic<\/a><\/li><li><a href=\"https:\/\/static-m.meteo.cat\/wordpressweb\/wp-content\/uploads\/2018\/05\/30132907\/BAIC-2017.pdf\">Butllet\u00ed Anual d\u2019Indicadors Clim\u00e0tics (BAIC) 2017<\/a><\/li><li><a href=\"https:\/\/www.meteo.cat\/wpweb\/climatologia\/canvi-climatic-i-evolucio-futura-del-clima\/les-projeccions-de-canvi-climatic\/\">Les projeccions clim\u00e0tiques al Servei Meteorol\u00f2gic de Catalunya<\/a><\/li><\/ul>\n","protected":false},"excerpt":{"rendered":"<p>PUBLICADA EL 07\/11\/2018 El passat 8 d\u2019octubre a la ciutat d\u2019Inchon (Rep\u00fablica de Corea) es va presentar un informe especial de l\u2019IPCC (Grup Intergovernamental d\u2019Experts sobre el Canvi Clim\u00e0tic) en qu\u00e8 es posaven de manifest els impactes al nostre planeta d&#8217;un escalfament global d&#8217;1,5 \u00b0C sobre el nivell preindustrial(1) de la temperatura global de la [&hellip;]<\/p>\n","protected":false},"author":7,"featured_media":0,"parent":18378,"menu_order":0,"comment_status":"closed","ping_status":"closed","template":"template-sidebar.php","meta":{"_mi_skip_tracking":false,"_monsterinsights_sitenote_active":false,"_monsterinsights_sitenote_note":"","_monsterinsights_sitenote_category":0},"_links":{"self":[{"href":"https:\/\/www.meteo.cat\/wpweb\/wp-json\/wp\/v2\/pages\/21046"}],"collection":[{"href":"https:\/\/www.meteo.cat\/wpweb\/wp-json\/wp\/v2\/pages"}],"about":[{"href":"https:\/\/www.meteo.cat\/wpweb\/wp-json\/wp\/v2\/types\/page"}],"author":[{"embeddable":true,"href":"https:\/\/www.meteo.cat\/wpweb\/wp-json\/wp\/v2\/users\/7"}],"replies":[{"embeddable":true,"href":"https:\/\/www.meteo.cat\/wpweb\/wp-json\/wp\/v2\/comments?post=21046"}],"version-history":[{"count":22,"href":"https:\/\/www.meteo.cat\/wpweb\/wp-json\/wp\/v2\/pages\/21046\/revisions"}],"predecessor-version":[{"id":36674,"href":"https:\/\/www.meteo.cat\/wpweb\/wp-json\/wp\/v2\/pages\/21046\/revisions\/36674"}],"up":[{"embeddable":true,"href":"https:\/\/www.meteo.cat\/wpweb\/wp-json\/wp\/v2\/pages\/18378"}],"wp:attachment":[{"href":"https:\/\/www.meteo.cat\/wpweb\/wp-json\/wp\/v2\/media?parent=21046"}],"curies":[{"name":"wp","href":"https:\/\/api.w.org\/{rel}","templated":true}]}}