{"id":20029,"date":"2018-07-17T06:38:20","date_gmt":"2018-07-17T06:38:20","guid":{"rendered":"https:\/\/www.meteo.cat\/wpweb\/?page_id=20029"},"modified":"2025-06-26T16:12:46","modified_gmt":"2025-06-26T16:12:46","slug":"cartografia","status":"publish","type":"page","link":"https:\/\/www.meteo.cat\/wpweb\/serveis\/cataleg-de-serveis\/cartografia\/","title":{"rendered":"Cartografia"},"content":{"rendered":"\n<p>La informaci\u00f3 del Servei Meteorol\u00f2gic de Catalunya est\u00e0 disponible per a particulars, empreses i administracions a trav\u00e9s de diferents canals d&#8217;acc\u00e9s, alguns dels quals s\u00f3n de pagament. Els serveis professionals de l&#8217;SMC inclouen funcions avan\u00e7ades en constant evoluci\u00f3, i la possibilitat de desenvolupar productes a mida.<\/p>\n\n\n\n<p>Les sol\u00b7licituds de serveis es poden demanar per correu electr\u00f2nic <a href=\"&#x6d;a&#x69;&#108;t&#x6f;&#58;&#x63;&#x6f;m&#x65;&#114;c&#x69;&#97;&#x6c;&#46;m&#x65;&#116;e&#x6f;&#99;&#x61;&#116;&#64;&#x67;&#101;&#x6e;&#x63;a&#x74;&#46;c&#x61;&#116;\">&#99;&#x6f;&#109;&#x65;r&#x63;i&#97;&#x6c;&#46;&#x6d;e&#x74;e&#111;&#x63;&#97;&#x74;&#64;&#x67;e&#110;&#x63;&#97;&#x74;&#46;&#x63;a&#116;<\/a><\/p>\n\n\n\n<p>Alguns dels serveis estan subjectes a tarifes, en el document de <a href=\"https:\/\/static-m.meteo.cat\/wordpressweb\/wp-content\/uploads\/2023\/05\/04120733\/Tarifes-SMC_2023.pdf\">Tarifari de productes i serveis per al 2025<\/a> trobar\u00e0s tota la informaci\u00f3.<\/p>\n\n\n\n<div style=\"height:50px\" aria-hidden=\"true\" class=\"wp-block-spacer\"><\/div>\n\n\n\n<h2>Cartografia dels butlletins clim\u00e0tics<\/h2>\n\n\n\n<p>A partir de la interpolaci\u00f3 de les dades de les estacions meteorol\u00f2giques repartides arreu del territori, peri\u00f2dicament s\u2019elaboren els mapes de diverses variables meteorol\u00f2giques per a tot Catalunya.<\/p>\n\n\n\n<p>La periodicitat \u00e9s mensual, estacional i anual, coincidint amb els <a href=\"https:\/\/www.meteo.cat\/wpweb\/climatologia\/butlletins-i-episodis-meteorologics\/\">butlletins clim\u00e0tics<\/a>, i actualment les variables disponibles s\u00f3n les seg\u00fcents:<\/p>\n\n\n\n<ul><li>Temperatura (mitjana i anomalia respecte de la mitjana de refer\u00e8ncia 1961-1990)<\/li><li>Precipitaci\u00f3 (acumulada i percentatge respecte de la mitjana de refer\u00e8ncia 1961-1990)<\/li><li>Irradiaci\u00f3 solar global (anomalia respecte dels darrers 10 anys)<\/li><\/ul>\n\n\n\n<p>Aquests mapes es troben disponibles des de gener de l\u2019any 2008 fins a l\u2019actualitat.<\/p>\n\n\n\n<figure class=\"wp-block-image\"><img src=\"https:\/\/static-m.meteo.cat\/wordpressweb\/wp-content\/uploads\/2018\/06\/01102504\/TMm_1805.png\" alt=\"Mapa de Temperatura mitjana mensual (\u00aaC) - Maig 2018\"\/><\/figure>\n\n\n\n<figure class=\"wp-block-image\"><img src=\"https:\/\/static-m.meteo.cat\/wordpressweb\/wp-content\/uploads\/2018\/06\/06144602\/PPT_1805.png\" alt=\"Mapa de Precipitaci\u00f3 acumulada (mm) - Maig 2018\"\/><\/figure>\n\n\n\n<p>Els formats s\u00f3n:<\/p>\n\n\n\n<ul><li>PNG, consultable en obert a l\u2019apartat <a href=\"https:\/\/www.meteo.cat\/wpweb\/climatologia\/butlletins-i-episodis-meteorologics\/historic-de-cartografia-climatica\/\">Hist\u00f2ric de cartografia clim\u00e0tica<\/a><\/li><li>GeoTIFF, disponible sota demanda, enviant una petici\u00f3 a <a href=\"m&#97;&#x69;&#x6c;&#x74;o&#58;&#x63;&#x6f;&#x6d;e&#114;&#x63;&#x69;&#x61;l&#46;&#x6d;&#x65;&#x74;e&#111;&#x63;&#x61;&#x74;&#64;&#103;&#x65;&#x6e;&#x63;a&#116;&#x2e;&#x63;&#x61;t\">&#x63;&#111;m&#x65;&#x72;&#99;i&#x61;&#108;&#46;&#x6d;&#x65;&#116;e&#x6f;&#99;a&#x74;&#x40;&#103;e&#x6e;&#x63;&#97;&#x74;&#x2e;&#99;a&#x74;<\/a>. La tarifa del servei es de 5\u20ac per mapa (IVA no incl\u00f2s).<\/li><\/ul>\n\n\n\n<div style=\"height:50px\" aria-hidden=\"true\" class=\"wp-block-spacer\"><\/div>\n\n\n\n<h2>\u00cdndex de precipitaci\u00f3 est\u00e0ndard (IPE)<\/h2>\n\n\n\n<p>Aquest \u00edndex permet fer una avaluaci\u00f3 del d\u00e8ficit o exc\u00e9s de precipitaci\u00f3 al territori, per a una varietat d\u2019escales temporals. Els intervals m\u00e9s llargs (superiors a 12 mesos) aporten informaci\u00f3 sobre l\u2019estat de les aig\u00fces subterr\u00e0nies, dels cursos d\u2019aigua i de l\u2019emmagatzematge d\u2019aigua als embassaments, mentre que els m\u00e9s curts (inferiors a 9 mesos) s\u00f3n \u00fatils per a estimar la humitat del s\u00f2l, aspecte molt important per a l\u2019agricultura i els boscos, i responen de manera immediata a la pres\u00e8ncia o abs\u00e8ncia de precipitacions.<\/p>\n\n\n\n<p>L\u2019SMC ofereix mensualment en obert al web&nbsp;els <a href=\"https:\/\/www.meteo.cat\/wpweb\/climatologia\/evolucio-observada-del-clima\/estat-de-la-sequera\/\">mapes en format PNG amb el c\u00e0lcul de l\u2019IPE<\/a>, per a les escales temporals de 6, 9, 12, 24 i 36 mesos. Tamb\u00e9 es mostra l\u2019<a href=\"https:\/\/www.meteo.cat\/wpweb\/climatologia\/evolucio-observada-del-clima\/estat-de-la-sequera\/\">evoluci\u00f3 durant els darrers 12 mesos de l\u2019IPE a 9, 12 i 24 mesos<\/a>.<\/p>\n\n\n\n<p>Podeu sol\u00b7licitar els mapes de l\u2019IPE en format GeoTIFF, fins a 2 anys enrere, enviant una sol\u00b7licitud a &nbsp;<a href=\"m&#97;&#105;&#x6c;&#x74;o:&#99;&#111;&#x6d;&#x65;rc&#105;&#97;&#x6c;&#x2e;me&#116;&#x65;&#x6f;&#x63;a&#116;&#64;&#x67;&#x65;&#x6e;c&#97;&#116;&#x2e;&#x63;&#x61;t\">&#99;&#x6f;&#x6d;&#101;&#x72;&#x63;i&#x61;&#x6c;&#46;&#109;&#x65;t&#101;&#x6f;c&#97;&#x74;&#64;&#103;&#x65;n&#99;&#x61;&#x74;&#46;&#x63;&#x61;&#116;<\/a>. <\/p>\n","protected":false},"excerpt":{"rendered":"<p>La informaci\u00f3 del Servei Meteorol\u00f2gic de Catalunya est\u00e0 disponible per a particulars, empreses i administracions a trav\u00e9s de diferents canals d&#8217;acc\u00e9s, alguns dels quals s\u00f3n de pagament. Els serveis professionals de l&#8217;SMC inclouen funcions avan\u00e7ades en constant evoluci\u00f3, i la possibilitat de desenvolupar productes a mida. Les sol\u00b7licituds de serveis es poden demanar per correu [&hellip;]<\/p>\n","protected":false},"author":1,"featured_media":0,"parent":19937,"menu_order":5,"comment_status":"closed","ping_status":"closed","template":"template-sidebar.php","meta":{"_mi_skip_tracking":false,"_monsterinsights_sitenote_active":false,"_monsterinsights_sitenote_note":"","_monsterinsights_sitenote_category":0},"_links":{"self":[{"href":"https:\/\/www.meteo.cat\/wpweb\/wp-json\/wp\/v2\/pages\/20029"}],"collection":[{"href":"https:\/\/www.meteo.cat\/wpweb\/wp-json\/wp\/v2\/pages"}],"about":[{"href":"https:\/\/www.meteo.cat\/wpweb\/wp-json\/wp\/v2\/types\/page"}],"author":[{"embeddable":true,"href":"https:\/\/www.meteo.cat\/wpweb\/wp-json\/wp\/v2\/users\/1"}],"replies":[{"embeddable":true,"href":"https:\/\/www.meteo.cat\/wpweb\/wp-json\/wp\/v2\/comments?post=20029"}],"version-history":[{"count":10,"href":"https:\/\/www.meteo.cat\/wpweb\/wp-json\/wp\/v2\/pages\/20029\/revisions"}],"predecessor-version":[{"id":43970,"href":"https:\/\/www.meteo.cat\/wpweb\/wp-json\/wp\/v2\/pages\/20029\/revisions\/43970"}],"up":[{"embeddable":true,"href":"https:\/\/www.meteo.cat\/wpweb\/wp-json\/wp\/v2\/pages\/19937"}],"wp:attachment":[{"href":"https:\/\/www.meteo.cat\/wpweb\/wp-json\/wp\/v2\/media?parent=20029"}],"curies":[{"name":"wp","href":"https:\/\/api.w.org\/{rel}","templated":true}]}}