{"id":20026,"date":"2018-07-17T06:37:38","date_gmt":"2018-07-17T06:37:38","guid":{"rendered":"https:\/\/www.meteo.cat\/wpweb\/?page_id=20026"},"modified":"2026-03-27T09:20:52","modified_gmt":"2026-03-27T09:20:52","slug":"prediccio-i-models","status":"publish","type":"page","link":"https:\/\/www.meteo.cat\/wpweb\/serveis\/cataleg-de-serveis\/prediccio-i-models\/","title":{"rendered":"Predicci\u00f3 i models"},"content":{"rendered":"\n<h2 id=\"inici\">Prediccions manuals i autom\u00e0tiques<\/h2>\n\n\n\n<p>El Servei Meteorol\u00f2gic de Catalunya realitza di\u00e0riament dos tipus de prediccions: per una banda les prediccions manuals, que ofereixen el valor afegit del coneixement i experi\u00e8ncia dels t\u00e8cncis predictors que analitzen, discuteixen i defineixen una predicci\u00f3 de manera consensuada , i per l&#8217;altra les prediccions autom\u00e0tiques, que procedeixen directament dels models meteorol\u00f2gics i oceanogr\u00e0fics. <\/p>\n\n\n\n<nav class=\"ancores\">\n<a href=\"#manual\">Prediccions manuals<\/a>\n<a href=\"#auto\">Prediccions autom\u00e0tiques<\/a>\n<a href=\"#models\">Dades dels models meteorol\u00f2gics i oceanogr\u00e0fics<\/a>\n<a href=\"#contractep\">Contractaci\u00f3 i tarifes<\/a>\n<\/nav>\n\n\n\n<div style=\"height:50px\" aria-hidden=\"true\" class=\"wp-block-spacer\"><\/div>\n\n\n\n<h3 id=\"manual\">Prediccions manuals<\/h3>\n\n\n\n<p>L\u2019Equip de Predicci\u00f3 i Vigil\u00e0ncia realitza di\u00e0riament les\nseg\u00fcents prediccions:<\/p>\n\n\n\n<ul><li>Predicci\u00f3 General <\/li><li>Predicci\u00f3 Comarcal<\/li><li>Predicci\u00f3 per al Pirineu <\/li><li>Avisos Meteorol\u00f2gics de Perill quan es preveu la superaci\u00f3 d&#8217;uns llindars espec\u00edfics per cada meteor. <\/li><\/ul>\n\n\n\n<p>Tamb\u00e9 s&#8217;ofereix el servei d&#8217;assessorament meteorol\u00f2gic adre\u00e7at a qualsevol activitat realitzada a l&#8217;aire lliure, esdeveniments culturals, esportius, etc\u2026  que es poden veure afectats pel temps. El servei inclou informes personalitzats amb la informaci\u00f3 de la predicci\u00f3 meteorol\u00f2gica pel lloc, dia i hora de l&#8217;esdeveniment. Aquests serveis estan subjectes a contractaci\u00f3 i tarifes. <\/p>\n\n\n\n<figure class=\"wp-block-image is-resized\"><img loading=\"lazy\" src=\"https:\/\/static-m.meteo.cat\/wordpressweb\/wp-content\/uploads\/2019\/05\/08143736\/serveis_breafing.jpg\" alt=\"Briefing de l'\u00c0rea de Predicci\u00f3 i Vigil\u00e0ncia del meteocat\n\" width=\"573\" height=\"430\"\/><\/figure>\n\n\n\n<p class=\"icon-link-arrow\"> <a href=\"https:\/\/www.meteo.cat\/wpweb\/divulgacio\/la-prediccio-meteorologica\/\">M\u00e9s informaci\u00f3 de les prediccions<\/a><\/p>\n\n\n\n<div style=\"height:30px\" aria-hidden=\"true\" class=\"wp-block-spacer\"><\/div>\n\n\n\n<h4> Formes d&#8217;acc\u00e9s a les dades<\/h4>\n\n\n\n<h5><strong>1. Web<\/strong><\/h5>\n\n\n\n<ul><li><a href=\"https:\/\/www.meteo.cat\/prediccio\/general\">Predicci\u00f3 General i comarcal i Avisos Meteorol\u00f2gics de Perill<\/a><\/li><li><a href=\"https:\/\/www.meteo.cat\/prediccio\/pirineu\">Predicci\u00f3 Pirineu<\/a><\/li><li>En refer\u00e8ncia a informaci\u00f3 de zones de muntanya est\u00e0 disponible el portal <a href=\"http:\/\/meteomuntanya.cat\/\">http:\/\/meteomuntanya.cat\/<\/a>  <\/li><li><a href=\"https:\/\/www.meteo.cat\/wpweb\/prediccio\/audiovisuals-de-prediccio\/\">Predicci\u00f3 en format audiovisual en format v\u00eddeo i audio<\/a><\/li><\/ul>\n\n\n\n<div style=\"height:15px\" aria-hidden=\"true\" class=\"wp-block-spacer\"><\/div>\n\n\n\n<h5><strong>2. Dades obertes<\/strong><\/h5>\n\n\n\n<ul><li><a href=\"https:\/\/analisi.transparenciacatalunya.cat\/Medi-Ambient\/Predicci-meteorol-gica-de-Catalunya\/tbmx-edrm\">Predicci\u00f3 General<\/a><\/li><li><a href=\"https:\/\/analisi.transparenciacatalunya.cat\/Medi-Ambient\/Predicci-meteorol-gica-de-les-comarques-de-Catalun\/h3zv-7tki\">Predicci\u00f3 Comarcal <\/a><\/li><li><a href=\"https:\/\/analisi.transparenciacatalunya.cat\/Medi-Ambient\/Predicci-al-Pirineu\/thfu-m56r\">Predicci\u00f3 al Pirineu<\/a> <\/li><\/ul>\n\n\n\n<div style=\"height:15px\" aria-hidden=\"true\" class=\"wp-block-spacer\"><\/div>\n\n\n\n<h5><strong>3. Ginys<\/strong><\/h5>\n\n\n\n<ul><li><a href=\"https:\/\/static-m.meteo.cat\/ginys\/\">Predicci\u00f3 General i comarcal<\/a><\/li><li><a href=\"https:\/\/static-m.meteo.cat\/ginys\/\">Avisos Meteorol\u00f2gics de Perill<\/a><\/li><\/ul>\n\n\n\n<div style=\"height:15px\" aria-hidden=\"true\" class=\"wp-block-spacer\"><\/div>\n\n\n\n<h5><strong>4. API<\/strong><\/h5>\n\n\n\n<p>L&#8217;API del Servei Meteorol\u00f2gic de Catalunya ofereix als desenvolupadors una forma f\u00e0cil i segura d&#8217;accedir a les prediccions que emmagatzema l&#8217;SMC.<\/p>\n\n\n\n<ul><li><a href=\"https:\/\/apidocs.meteocat.gencat.cat\/documentacio\/prediccio\/#prediccio-general-de-catalunya\">Predicci\u00f3 General<\/a><\/li><li><a href=\"https:\/\/apidocs.meteocat.gencat.cat\/documentacio\/prediccio\/#prediccio-comarcal-de-catalunya\">Predicci\u00f3 Comarcal<\/a><\/li><li><a href=\"https:\/\/apidocs.meteocat.gencat.cat\/documentacio\/prediccio\/#prediccio-de-zones-del-pirineu\">Predicci\u00f3 al Pirineu<\/a><\/li><li><a href=\"https:\/\/apidocs.meteocat.gencat.cat\/documentacio\/prediccio\/#situacions-meteorologiques-de-perill-llista-depisodis-oberts\">Avisos de Situaci\u00f3 Meteorol\u00f2gica de Perill<\/a><\/li><\/ul>\n\n\n\n<p>Per con\u00e8ixer el proc\u00e9s de registre i els diferents plans d&#8217;acc\u00e9s a l&#8217;API &nbsp;us podeu adre\u00e7ar a <a href=\"https:\/\/apidocs.meteocat.gencat.cat\">https:\/\/apidocs.meteocat.gencat.cat<\/a><\/p>\n\n\n\n<div style=\"height:30px\" aria-hidden=\"true\" class=\"wp-block-spacer\"><\/div>\n\n\n\n<a href=\"#inici\" title=\"Puja\" class=\"go-top\">Puja<\/a>\n\n\n\n<div style=\"height:50px\" aria-hidden=\"true\" class=\"wp-block-spacer\"><\/div>\n\n\n\n<h3 id=\"auto\">Prediccions autom\u00e0tiques<\/h3>\n\n\n\n<p>A partir de les dades obtingudes dels models meteorol\u00f2gics operatius s&#8217;extreuen di\u00e0riament les seg\u00fcents prediccions:<\/p>\n\n\n\n<ul><li>Municipal<\/li><li>Platges i esports n\u00e0utics<\/li><li>A mar obert<\/li><li>Refugis del Pirineu<\/li><li>Cims <\/li><li>Pistes d&#8217;esqu\u00ed <\/li><li>\u00cdndex ultraviolat<\/li><\/ul>\n\n\n\n<figure class=\"wp-block-image\"><img loading=\"lazy\" width=\"482\" height=\"282\" src=\"https:\/\/static-m.meteo.cat\/wordpressweb\/wp-content\/uploads\/2019\/05\/08144825\/serveis_prediccio_models.jpg\" alt=\"Giny del temps en un municipi\n\" class=\"wp-image-22733\"\/><\/figure>\n\n\n\n<div style=\"height:30px\" aria-hidden=\"true\" class=\"wp-block-spacer\"><\/div>\n\n\n\n<h4> Formes d&#8217;acc\u00e9s a les dades<\/h4>\n\n\n\n<h5><strong>1. Web<\/strong><\/h5>\n\n\n\n<ul><li><a href=\"https:\/\/www.meteo.cat\/prediccio\/municipal\">Predicci\u00f3 Municipal<\/a><\/li><li><a href=\"https:\/\/www.meteo.cat\/prediccio\/platges\">Platges i esports n\u00e0utics<\/a><\/li><li><a href=\"https:\/\/www.meteo.cat\/prediccio\/maritim\">Predicci\u00f3 a mar obert<\/a><\/li><li><a href=\"https:\/\/www.meteo.cat\/prediccio\/pirineu\">Refugis del Pirineu<\/a><\/li><li><a href=\"http:\/\/meteomuntanya.cat\/prediccio-cims\/\">Cims<\/a><\/li><li><a href=\"https:\/\/www.meteo.cat\/prediccio\/esqui\">Pistes d&#8217;esqu\u00ed<\/a><\/li><li><a href=\"https:\/\/www.meteo.cat\/prediccio\/uvi\">\u00cdndex ultraviolat (UVI)<\/a><\/li><\/ul>\n\n\n\n<div style=\"height:15px\" aria-hidden=\"true\" class=\"wp-block-spacer\"><\/div>\n\n\n\n<h5>2. Dades obertes<\/h5>\n\n\n\n<ul><li><a href=\"https:\/\/analisi.transparenciacatalunya.cat\/Medi-Ambient\/Predicci-mar-tima-a-mar-obert-comarca-a-comarca\/mcf3-tfw8\">Predicci\u00f3 a mar obert<\/a><\/li><\/ul>\n\n\n\n<div style=\"height:15px\" aria-hidden=\"true\" class=\"wp-block-spacer\"><\/div>\n\n\n\n<h5><strong>3. Ginys<\/strong><\/h5>\n\n\n\n<ul><li><a href=\"https:\/\/static-m.meteo.cat\/ginys\/\">Municipal<\/a><\/li><\/ul>\n\n\n\n<div style=\"height:15px\" aria-hidden=\"true\" class=\"wp-block-spacer\"><\/div>\n\n\n\n<h5><strong>4. API<\/strong><\/h5>\n\n\n\n<p>L&#8217;API del Servei Meteorol\u00f2gic de Catalunya ofereix als desenvolupadors una forma f\u00e0cil i segura d&#8217;accedir a les prediccions que emmagatzema l&#8217;SMC.<\/p>\n\n\n\n<ul><li><a href=\"https:\/\/apidocs.meteocat.gencat.cat\/documentacio\/prediccio\/#prediccio-municipal\">Municipal<\/a><\/li><li><a href=\"https:\/\/apidocs.meteocat.gencat.cat\/documentacio\/prediccio\/#prediccio-de-refugis-del-pirineu\">Refugis del Pirineu<\/a><\/li><li><a href=\"https:\/\/apidocs.meteocat.gencat.cat\/documentacio\/prediccio\/#prediccio-de-pics-del-pirineu\">Cims<\/a><\/li><li><a href=\"https:\/\/apidocs.meteocat.gencat.cat\/documentacio\/prediccio\/#prediccio-index-ultraviolat-uvi\">\u00cdndex ultraviolat (UVI)<\/a><\/li><\/ul>\n\n\n\n<p>Per con\u00e8ixer el proc\u00e9s de registre i els diferents plans d&#8217;acc\u00e9s a l&#8217;API &nbsp;us podeu adre\u00e7ar a <a href=\"https:\/\/apidocs.meteocat.gencat.cat\">https:\/\/apidocs.meteocat.gencat.cat.<\/a><\/p>\n\n\n\n<div style=\"height:30px\" aria-hidden=\"true\" class=\"wp-block-spacer\"><\/div>\n\n\n\n<a href=\"#inici\" title=\"Puja\" class=\"go-top\">Puja<\/a>\n\n\n\n<div style=\"height:50px\" aria-hidden=\"true\" class=\"wp-block-spacer\"><\/div>\n\n\n\n<h3 id=\"models\">Dades dels models meteorol\u00f2gics i oceanogr\u00e0fics<\/h3>\n\n\n\n<p>El servei permet accedir a les sortides dels models meteorol\u00f2gics i oceanogr\u00e0fics operatius a l&#8217;SMC, a diferents dominis, resolucions i horitzons de pron\u00f2stic. Existeixen diferents formes d&#8217;accedir als volums de dades:<\/p>\n\n\n\n<ul><li>Sortides num\u00e8riques en format GRIB, Geotiff , Netcdf (depenen del model).<\/li><li>Sortides gr\u00e0fiques en format GIF.<\/li><li>Sortides per punts espec\u00edfics (llistats, meteorogrames, radiosondatges).<\/li><\/ul>\n\n\n\n<figure class=\"wp-block-image is-resized\"><img loading=\"lazy\" src=\"https:\/\/static-m.meteo.cat\/wordpressweb\/wp-content\/uploads\/2019\/05\/08143743\/serveis_models.jpg\" alt=\"Imatge del model WRF 3km\n\" width=\"501\" height=\"471\"\/><\/figure>\n\n\n\n<div style=\"height:15px\" aria-hidden=\"true\" class=\"wp-block-spacer\"><\/div>\n\n\n\n<p>El servei, tamb\u00e9 permet obtenir les dades necess\u00e0ries per\nexecutar d\u2019altres models num\u00e8rics:<\/p>\n\n\n\n<ul><li>Dades brutes (format Netcdf) per niar models meteorol\u00f2gics (WRF).<\/li><li>Dades oceanogr\u00e0fiques brutes (format Netcdf o grib) per niar models d\u2019onatge (SWAN, WAM WW3..).<\/li><li>Camps meteorol\u00f2gics per inicialitzar models de dispersi\u00f3 de contaminants (CALPUFF).<\/li><li>Camps meteorol\u00f2gics&nbsp; per inicialitzar models oceanogr\u00e0fics (SWAN, WAM,WW3..).<\/li><li>Camps meteorol\u00f2gics i oceanogr\u00e0fics per inicialitzar models de Corrents (ROMS\u2026).<\/li><\/ul>\n\n\n\n<div style=\"height:30px\" aria-hidden=\"true\" class=\"wp-block-spacer\"><\/div>\n\n\n\n<h4> Formes d&#8217;acc\u00e9s a les dades<\/h4>\n\n\n\n<h5><strong>1. Web<\/strong><\/h5>\n\n\n\n<p>\n\nEn aquests enlla\u00e7os podeu accedir a tota la informaci\u00f3 p\u00fablica de:\n\n<\/p>\n\n\n\n<ul><li><a href=\"https:\/\/www.meteo.cat\/prediccio\/models\/atmosferics\">Models meteorol\u00f2gics<\/a><\/li><li><a href=\"https:\/\/www.meteo.cat\/prediccio\/models\/oceanografics\">Models oceanogr\u00e0fics<\/a> <\/li><\/ul>\n\n\n\n<div style=\"height:15px\" aria-hidden=\"true\" class=\"wp-block-spacer\"><\/div>\n\n\n\n<h5>2. Enviaments peri\u00f2dics i autom\u00e0tics de dades<\/h5>\n\n\n\n<p>Tamb\u00e9 disposem del servei d\u2019enviaments personalitzats i autom\u00e0tics per correu electr\u00f2nic o per FTP amb dades meteorol\u00f2giques generades pels models meteorol\u00f2gics. <\/p>\n\n\n\n<a href=\"#inici\" title=\"Puja\" class=\"go-top\">Puja<\/a>\n\n\n\n<div style=\"height:50px\" aria-hidden=\"true\" class=\"wp-block-spacer\"><\/div>\n\n\n\n<h3 id=\"contractep\">Contractaci\u00f3 i tarifes<\/h3>\n\n\n\n<p>Si voleu contractar o demanar informaci\u00f3 sobre els serveis professionals que ofereix l&#8217;SMC, nom\u00e9s cal que ompliu el <a href=\"https:\/\/www.meteo.cat\/wpweb\/serveis\/formularis\/contractacio-de-serveis-del-cataleg\/\">formulari de contractaci\u00f3 de serveis del cat\u00e0leg<\/a><\/p>\n\n\n\n<p>Alguns dels serveis estan subjectes a tarifes, en el document de <a href=\"https:\/\/static-m.meteo.cat\/wordpressweb\/wp-content\/uploads\/2025\/06\/26160905\/Tarifes-2025.pdf\">Tarifari de productes i serveis per al 2025<\/a> trobar\u00e0s tota la informaci\u00f3.<\/p>\n\n\n\n<p>Per qualsevol consulta et pots adre\u00e7ar a <a href=\"mailto:c&#111;&#109;&#101;&#114;&#99;&#105;&#97;&#108;&#46;&#109;&#x65;&#x74;&#x65;&#x6f;&#x63;&#x61;&#x74;&#x40;&#x67;&#x65;&#x6e;&#x63;&#x61;&#x74;&#x2e;cat\">&#x63;&#x6f;&#109;e&#x72;&#x63;&#105;&#97;l&#x2e;&#x6d;&#101;&#116;e&#x6f;&#x63;&#97;t&#64;&#x67;&#x65;&#110;c&#x61;&#x74;&#46;&#99;a&#x74;<\/a><\/p>\n","protected":false},"excerpt":{"rendered":"<p>Prediccions manuals i autom\u00e0tiques El Servei Meteorol\u00f2gic de Catalunya realitza di\u00e0riament dos tipus de prediccions: per una banda les prediccions manuals, que ofereixen el valor afegit del coneixement i experi\u00e8ncia dels t\u00e8cncis predictors que analitzen, discuteixen i defineixen una predicci\u00f3 de manera consensuada , i per l&#8217;altra les prediccions autom\u00e0tiques, que procedeixen directament dels models [&hellip;]<\/p>\n","protected":false},"author":1,"featured_media":0,"parent":19937,"menu_order":4,"comment_status":"closed","ping_status":"closed","template":"template-sidebar.php","meta":{"_mi_skip_tracking":false,"_monsterinsights_sitenote_active":false,"_monsterinsights_sitenote_note":"","_monsterinsights_sitenote_category":0},"_links":{"self":[{"href":"https:\/\/www.meteo.cat\/wpweb\/wp-json\/wp\/v2\/pages\/20026"}],"collection":[{"href":"https:\/\/www.meteo.cat\/wpweb\/wp-json\/wp\/v2\/pages"}],"about":[{"href":"https:\/\/www.meteo.cat\/wpweb\/wp-json\/wp\/v2\/types\/page"}],"author":[{"embeddable":true,"href":"https:\/\/www.meteo.cat\/wpweb\/wp-json\/wp\/v2\/users\/1"}],"replies":[{"embeddable":true,"href":"https:\/\/www.meteo.cat\/wpweb\/wp-json\/wp\/v2\/comments?post=20026"}],"version-history":[{"count":29,"href":"https:\/\/www.meteo.cat\/wpweb\/wp-json\/wp\/v2\/pages\/20026\/revisions"}],"predecessor-version":[{"id":45262,"href":"https:\/\/www.meteo.cat\/wpweb\/wp-json\/wp\/v2\/pages\/20026\/revisions\/45262"}],"up":[{"embeddable":true,"href":"https:\/\/www.meteo.cat\/wpweb\/wp-json\/wp\/v2\/pages\/19937"}],"wp:attachment":[{"href":"https:\/\/www.meteo.cat\/wpweb\/wp-json\/wp\/v2\/media?parent=20026"}],"curies":[{"name":"wp","href":"https:\/\/api.w.org\/{rel}","templated":true}]}}