{"id":19935,"date":"2018-07-16T12:29:13","date_gmt":"2018-07-16T12:29:13","guid":{"rendered":"https:\/\/www.meteo.cat\/wpweb\/?page_id=19935"},"modified":"2024-06-17T10:35:24","modified_gmt":"2024-06-17T10:35:24","slug":"peticio-de-dades-meteorologiques","status":"publish","type":"page","link":"https:\/\/www.meteo.cat\/wpweb\/serveis\/formularis\/peticio-dinformes-i-dades-meteorologiques\/peticio-de-dades-meteorologiques\/","title":{"rendered":"Petici\u00f3 de fitxer amb dades meteorol\u00f2giques"},"content":{"rendered":"\n<p>Si necessiteu un fitxer amb les dades meteorol\u00f2giques registrades a una de les estacions autom\u00e0tiques de la Xarxa d&#8217;Equipaments Meteorol\u00f2gics de la Generalitat de Catalunya&nbsp; (XEMEC), ens el podeu demanar mitjan\u00e7ant el&nbsp; formulari que trobareu en aquest apartat.&nbsp;&nbsp;Tamb\u00e9 us recomanem consultar l&#8217;opci\u00f3 <a href=\"https:\/\/www.meteo.cat\/wpweb\/climatologia\/dades-i-productes-climatics\/\">Dades i productes clim\u00e0tics<\/a> on trobareu informaci\u00f3 clim\u00e0tica que pot ser del vostre inter\u00e8s.<\/p>\n\n\n\n<p>L&#8217;extracci\u00f3 de fitxers amb dades meteorol\u00f2giques t\u00e9 un cost econ\u00f2mic d&#8217;acord amb el temps requerit per a la preparaci\u00f3 dels mateixos. Es consideraran exemptes de pagament aquelles peticions que es realitzin amb finalitat no comercial (investigaci\u00f3, recerca o estudis), sempre que el temps requerit per a la seva preparaci\u00f3 sigui inferior a 1 hora. La tarifa aprovada pel Consell d&#8217;Administraci\u00f3 del Servei Meteorol\u00f2gic de Catalunya, el 2024, \u00e9s de 76,29 \u20ac\/h.<\/p>\n\n\n\n<div style=\"height:50px\" aria-hidden=\"true\" class=\"wp-block-spacer\"><\/div>\n\n\n\n<h2><strong>Com demanar dades d&#8217;una estaci\u00f3 autom\u00e0tica<br><\/strong><\/h2>\n\n\n\n<p>Per demanar una extracci\u00f3 de dades meteorol\u00f2giques, ompliu el seg\u00fcent formulari. Les dades es facilitaran en fitxer en format excel o compatible:<\/p>\n\n\n\n<div style=\"height:35px\" aria-hidden=\"true\" class=\"wp-block-spacer\"><\/div>\n\n\n<div role=\"form\" class=\"wpcf7\" id=\"wpcf7-f19933-o1\" lang=\"ca\" dir=\"ltr\">\n<div class=\"screen-reader-response\"><p role=\"status\" aria-live=\"polite\" aria-atomic=\"true\"><\/p> <ul><\/ul><\/div>\n<form action=\"\/wpweb\/wp-json\/wp\/v2\/pages\/19935#wpcf7-f19933-o1\" method=\"post\" class=\"wpcf7-form init\" novalidate=\"novalidate\" data-status=\"init\">\n<div style=\"display: none;\">\n<input type=\"hidden\" name=\"_wpcf7\" value=\"19933\" \/>\n<input type=\"hidden\" name=\"_wpcf7_version\" value=\"5.4.1\" \/>\n<input type=\"hidden\" name=\"_wpcf7_locale\" value=\"ca\" \/>\n<input type=\"hidden\" name=\"_wpcf7_unit_tag\" value=\"wpcf7-f19933-o1\" \/>\n<input type=\"hidden\" name=\"_wpcf7_container_post\" value=\"0\" \/>\n<input type=\"hidden\" name=\"_wpcf7_posted_data_hash\" value=\"\" \/>\n<input type=\"hidden\" name=\"_wpcf7cf_hidden_group_fields\" value=\"\" \/>\n<input type=\"hidden\" name=\"_wpcf7cf_hidden_groups\" value=\"\" \/>\n<input type=\"hidden\" name=\"_wpcf7cf_visible_groups\" value=\"\" \/>\n<input type=\"hidden\" name=\"_wpcf7cf_repeaters\" value=\"[]\" \/>\n<input type=\"hidden\" name=\"_wpcf7cf_steps\" value=\"{}\" \/>\n<input type=\"hidden\" name=\"_wpcf7cf_options\" value=\"{&quot;form_id&quot;:19933,&quot;conditions&quot;:[],&quot;settings&quot;:{&quot;animation&quot;:&quot;yes&quot;,&quot;animation_intime&quot;:200,&quot;animation_outtime&quot;:200,&quot;conditions_ui&quot;:&quot;normal&quot;,&quot;notice_dismissed&quot;:false,&quot;notice_dismissed_update-cf7-5.5.1&quot;:true}}\" \/>\n<input type=\"hidden\" name=\"_wpcf7_recaptcha_response\" value=\"\" \/>\n<\/div>\n<fieldset>\n<legend>Persona de contacte<\/legend>\n<p><label for=\"nom\">Nom (obligatori)<\/label><\/p>\n<p><span class=\"wpcf7-form-control-wrap your-name\"><input type=\"text\" name=\"your-name\" value=\"\" size=\"40\" class=\"wpcf7-form-control wpcf7-text wpcf7-validates-as-required\" id=\"nom\" autocomplete=\"given-name\" aria-required=\"true\" aria-invalid=\"false\" \/><\/span><\/p>\n<p><label for=\"cognom\">Cognoms (obligatori)<\/label><\/p>\n<p><span class=\"wpcf7-form-control-wrap your-surname\"><input type=\"text\" name=\"your-surname\" value=\"\" size=\"40\" class=\"wpcf7-form-control wpcf7-text wpcf7-validates-as-required\" id=\"cognom\" autocomplete=\"family-name\" aria-required=\"true\" aria-invalid=\"false\" \/><\/span><\/p>\n<p><label for=\"adreca\">Adre\u00e7a<\/label><\/p>\n<p><span class=\"wpcf7-form-control-wrap your-adress\"><input type=\"text\" name=\"your-adress\" value=\"\" size=\"40\" class=\"wpcf7-form-control wpcf7-text\" id=\"adreca\" autocomplete=\"street-address\" aria-invalid=\"false\" \/><\/span><\/p>\n<p><label for=\"cp\">Codi postal<\/label><\/p>\n<p><span class=\"wpcf7-form-control-wrap your-code\"><input type=\"text\" name=\"your-code\" value=\"\" size=\"40\" class=\"wpcf7-form-control wpcf7-text\" id=\"cp\" autocomplete=\"postal-code\" aria-invalid=\"false\" \/><\/span><\/p>\n<p><label for=\"poblacio\">Poblaci\u00f3 <\/label><\/p>\n<p><span class=\"wpcf7-form-control-wrap your-city\"><input type=\"text\" name=\"your-city\" value=\"\" size=\"40\" class=\"wpcf7-form-control wpcf7-text\" id=\"poblacio\" autocomplete=\"address-level2\" aria-invalid=\"false\" \/><\/span><\/p>\n<p><label for=\"telf\">Tel\u00e8fon<\/label><\/p>\n<p><span class=\"wpcf7-form-control-wrap your-phone\"><input type=\"text\" name=\"your-phone\" value=\"\" size=\"40\" class=\"wpcf7-form-control wpcf7-text\" id=\"telf\" autocomplete=\"tel\" aria-invalid=\"false\" \/><\/span> <\/p>\n<p><label for=\"mail\">El vostre correu electr\u00f2nic (obligatori)<\/label><\/p>\n<p><span class=\"wpcf7-form-control-wrap email-704\"><input type=\"email\" name=\"email-704\" value=\"\" size=\"40\" class=\"wpcf7-form-control wpcf7-text wpcf7-email wpcf7-validates-as-required wpcf7-validates-as-email\" id=\"mail\" autocomplete=\"email\" aria-required=\"true\" aria-invalid=\"false\" \/><\/span><\/p>\n<p><label for=\"mail2\">Verifiqueu el vostre correu electr\u00f2nic (obligatori)<\/label><\/p>\n<p><span class=\"wpcf7-form-control-wrap your-email2\"><input type=\"email\" name=\"your-email2\" value=\"\" size=\"40\" class=\"wpcf7-form-control wpcf7-text wpcf7-email wpcf7-validates-as-required wpcf7-validates-as-email\" id=\"mail2\" autocomplete=\"email\" aria-required=\"true\" aria-invalid=\"false\" \/><\/span><\/p>\n<\/fieldset>\n<fieldset style=\"margin-top:35px\">\n<legend>Dades de la petici\u00f3<\/legend>\n<p><label for=\"localitat\">Indiqueu la localitat o estaci\u00f3 d'inter\u00e8s (obligatori)<\/label><\/p>\n<p><span class=\"wpcf7-form-control-wrap your-place\"><input type=\"text\" name=\"your-place\" value=\"\" size=\"40\" class=\"wpcf7-form-control wpcf7-text wpcf7-validates-as-required\" id=\"localitat\" autocomplete=\"address-level2\" aria-required=\"true\" aria-invalid=\"false\" \/><\/span><\/p>\n<p>Indiqueu el tipus de dades<\/p>\n<p><span class=\"wpcf7-form-control-wrap your-data\"><span class=\"wpcf7-form-control wpcf7-checkbox wpcf7-validates-as-required wpcf7-exclusive-checkbox\"><span class=\"wpcf7-list-item first\"><label><input type=\"checkbox\" name=\"your-data\" value=\"Per\u00edode (30 minuts o hor\u00e0ria)\" \/><span class=\"wpcf7-list-item-label\">Per\u00edode (30 minuts o hor\u00e0ria)<\/span><\/label><\/span><span class=\"wpcf7-list-item\"><label><input type=\"checkbox\" name=\"your-data\" value=\"Di\u00e0ria\" \/><span class=\"wpcf7-list-item-label\">Di\u00e0ria<\/span><\/label><\/span><span class=\"wpcf7-list-item\"><label><input type=\"checkbox\" name=\"your-data\" value=\"Mensual\" \/><span class=\"wpcf7-list-item-label\">Mensual<\/span><\/label><\/span><span class=\"wpcf7-list-item last\"><label><input type=\"checkbox\" name=\"your-data\" value=\"Anual\" \/><span class=\"wpcf7-list-item-label\">Anual<\/span><\/label><\/span><\/span><\/span><\/p>\n<p>Seleccioneu les variables meteorol\u00f2giques d'inter\u00e8s<\/p>\n<p><span class=\"wpcf7-form-control-wrap your-variable\"><span class=\"wpcf7-form-control wpcf7-checkbox wpcf7-validates-as-required\"><span class=\"wpcf7-list-item first\"><label><input type=\"checkbox\" name=\"your-variable[]\" value=\"Temperatura\" \/><span class=\"wpcf7-list-item-label\">Temperatura<\/span><\/label><\/span><span class=\"wpcf7-list-item\"><label><input type=\"checkbox\" name=\"your-variable[]\" value=\"Humitat Relativa\" \/><span class=\"wpcf7-list-item-label\">Humitat Relativa<\/span><\/label><\/span><span class=\"wpcf7-list-item\"><label><input type=\"checkbox\" name=\"your-variable[]\" value=\"Precipitaci\u00f3\" \/><span class=\"wpcf7-list-item-label\">Precipitaci\u00f3<\/span><\/label><\/span><span class=\"wpcf7-list-item\"><label><input type=\"checkbox\" name=\"your-variable[]\" value=\"Pressi\u00f3 Atmosf\u00e8rica\" \/><span class=\"wpcf7-list-item-label\">Pressi\u00f3 Atmosf\u00e8rica<\/span><\/label><\/span><span class=\"wpcf7-list-item\"><label><input type=\"checkbox\" name=\"your-variable[]\" value=\"Vent\" \/><span class=\"wpcf7-list-item-label\">Vent<\/span><\/label><\/span><span class=\"wpcf7-list-item last\"><label><input type=\"checkbox\" name=\"your-variable[]\" value=\"Radiaci\u00f3 Solar\" \/><span class=\"wpcf7-list-item-label\">Radiaci\u00f3 Solar<\/span><\/label><\/span><\/span><\/span><\/p>\n<p><label for=\"dataini\">Dia inicial de consulta<\/label><\/p>\n<p><span class=\"wpcf7-form-control-wrap date-553\"><input type=\"date\" name=\"date-553\" value=\"\" class=\"wpcf7-form-control wpcf7-date wpcf7-validates-as-required wpcf7-validates-as-date\" id=\"dataini\" aria-required=\"true\" aria-invalid=\"false\" \/><\/span><\/p>\n<p><label for=\"datafi\">Dia final de consulta<\/label><\/p>\n<p><span class=\"wpcf7-form-control-wrap date-140\"><input type=\"date\" name=\"date-140\" value=\"\" class=\"wpcf7-form-control wpcf7-date wpcf7-validates-as-required wpcf7-validates-as-date\" id=\"datafi\" aria-required=\"true\" aria-invalid=\"false\" \/><\/span><\/p>\n<p><label for=\"motiu\">Motiu de la petici\u00f3 o qualsevol informaci\u00f3 que considereu rellevant per a la seva resoluci\u00f3 o no s'hagi incl\u00f2s anteriorment<\/label><\/p>\n<p><span class=\"wpcf7-form-control-wrap your-message\"><textarea name=\"your-message\" cols=\"40\" rows=\"10\" class=\"wpcf7-form-control wpcf7-textarea\" id=\"motiu\" aria-invalid=\"false\"><\/textarea><\/span><\/p>\n<\/fieldset>\n<div class=\"lopd\">\n<p>El Servei Meteorol\u00f2gic de Catalunya us respondr\u00e0 en catal\u00e0. Si voleu rebre la resposta en una altra llengua oficial a Catalunya, o en angl\u00e8s, indiqueu-ho al contingut de la vostra comunicaci\u00f3.<\/p>\n<fieldset style=\"margin-top:35px\">\n<legend>Informaci\u00f3 sobre el tractament de dades personals<\/legend>\n<ul>\n<li><strong>Responsable del tractament<\/strong>: Servei Meteorol\u00f2gic de Catalunya<\/li>\n<li><strong>Delegat de protecci\u00f3 de dades<\/strong>: &#x70;&#114;&#111;&#x74;&#x65;&#99;&#99;&#x69;&#x6f;&#100;&#97;&#x64;&#x65;&#115;&#46;&#x6d;&#x65;&#116;&#101;&#x6f;&#x63;&#97;&#116;&#x40;&#x67;&#101;&#110;&#x63;&#x61;&#116;&#46;&#x63;&#x61;&#116;<\/li>\n<li><strong>Finalitat del tractament<\/strong>: Tramitar les peticions d\u2019informaci\u00f3, d\u2019informes espec\u00edfics, i en general dels serveis del cat\u00e0leg del SMC.<\/li>\n<li><strong>Base jur\u00eddica<\/strong>:\n<ol>\n<li>Per tramitar els serveis sol\u00b7licitats: Execuci\u00f3 d\u2019un contracte (Art. 6.1.b. RGPD). Les dades identificatives i de contacte s\u00f3n necess\u00e0ries per tramitar la vostra sol\u00b7licitud. El fet de no proporcionar-les impedeix el SMC pugui atendre la petici\u00f3.<\/li>\n<li>Per rebre informaci\u00f3 sobre Meteocat: Consentiment del sol\u00b7licitant (Art. 6.1.a. RGPD).Les dades identificatives i de contacte s\u00f3n necess\u00e0ries per trametre la informaci\u00f3. El fet de no proporcionar-les pot impedir que es tramiti.<\/li>\n<\/ol>\n<\/li>\n<li><strong>Destinataris<\/strong>: No es preveu comunicar dades a tercers, excepte si hagu\u00e9s una obligaci\u00f3n legal.<\/li>\n<li><strong>Drets\u202fde les persones<\/strong>: Podeu accedir a les vostres dades, sol\u00b7licitar-ne la rectificaci\u00f3 o supressi\u00f3, oposar-vos al tractament i sol\u00b7licitar-ne la limitaci\u00f3, enviant la vostra sol\u00b7licitud a trav\u00e9s d\u2019un correu electr\u00f2nic, indicant el vostre NIF o document identificatiu equivalent a &#x70;&#114;&#x6f;&#x74;&#101;&#x63;&#99;i&#x6f;&#100;a&#x64;&#101;s&#x2e;&#109;e&#x74;&#101;&#x6f;&#x63;&#97;&#x74;&#x40;&#103;&#x65;&#110;c&#x61;&#116;&#46;&#x63;&#97;t<\/li>\n<li><strong>Termini de conservaci\u00f3 de les dades<\/strong>: Les dades personals proporcionades es conservaran mentre l'interessat no en sol\u00b7liciti la supressi\u00f3. En qualsevol cas, es conservaran el temps necessari per complir amb obligacions legals<\/li>\n<li><strong>Reclamaci\u00f3<\/strong>: Si considereu que els vostres drets no s'han at\u00e8s adequadament, teniu dret a presentar una reclamaci\u00f3 adre\u00e7ada a l'APDCAT, mitjan\u00e7ant la seu electr\u00f2nica de l'Autoritat (https:\/\/seu.apd.cat) o per mitjans no electr\u00f2nics.<\/li>\n<\/ul>\n<\/div>\n<p><span class=\"wpcf7-form-control-wrap acceptance-545\"><span class=\"wpcf7-form-control wpcf7-acceptance\"><span class=\"wpcf7-list-item\"><input type=\"checkbox\" name=\"acceptance-545\" value=\"1\" aria-invalid=\"false\" id=\"accept\" \/><\/span><\/span><\/span> <label for=\"accept\">He llegit i accepto les condicions sobre el tractament de dades personals<\/label><\/p>\n<p><span class=\"wpcf7-form-control-wrap checkbox-178\"><span class=\"wpcf7-form-control wpcf7-checkbox\"><span class=\"wpcf7-list-item first last\"><label><input type=\"checkbox\" name=\"checkbox-178[]\" value=\"Desitjo rebre informaci\u00f3 del Meteocat per correu electr\u00f2nic\" \/><span class=\"wpcf7-list-item-label\">Desitjo rebre informaci\u00f3 del Meteocat per correu electr\u00f2nic<\/span><\/label><\/span><\/span><\/span><\/p>\n<\/fieldset>\n<p><input type=\"submit\" value=\"Enviar\" class=\"wpcf7-form-control wpcf7-submit\" \/><\/p>\n<div class=\"wpcf7-response-output\" aria-hidden=\"true\"><\/div><\/form><\/div>\n\n\n\n<div style=\"height:50px\" aria-hidden=\"true\" class=\"wp-block-spacer\"><\/div>\n\n\n\n<h2><strong>Terminis de resposta<\/strong>\n<\/h2>\n\n\n\n<p>D&#8217;acord amb l&#8217;article 10.1.c) de la Llei 27\/2006, de 18 de juliol, per la que es regulen els drets d&#8217;acc\u00e9s a la informaci\u00f3, de participaci\u00f3 p\u00fablica i d&#8217;acc\u00e9s a la just\u00edcia en mat\u00e8ria de medi ambient, les sol\u00b7licituds d&#8217;informaci\u00f3 ambiental es resoldran amb car\u00e0cter general per part de l&#8217;SMC el m\u00e9s aviat possible i sempre dins el termini m\u00e0xim d&#8217;un mes a comptar des de la recepci\u00f3 de la sol\u00b7licitud en el registre.<\/p>\n\n\n\n<p>Si el volum i la complexitat de la informaci\u00f3 requerida s\u00f3n tals que resulta impossible complir el termini abans indicat, les sol\u00b7licituds es resoldran dins del termini de dos mesos des de la seva recepci\u00f3 en el registre, pr\u00e8via comunicaci\u00f3 al sol\u00b7licitant<\/p>\n","protected":false},"excerpt":{"rendered":"<p>Si necessiteu un fitxer amb les dades meteorol\u00f2giques registrades a una de les estacions autom\u00e0tiques de la Xarxa d&#8217;Equipaments Meteorol\u00f2gics de la Generalitat de Catalunya&nbsp; (XEMEC), ens el podeu demanar mitjan\u00e7ant el&nbsp; formulari que trobareu en aquest apartat.&nbsp;&nbsp;Tamb\u00e9 us recomanem consultar l&#8217;opci\u00f3 Dades i productes clim\u00e0tics on trobareu informaci\u00f3 clim\u00e0tica que pot ser del vostre [&hellip;]<\/p>\n","protected":false},"author":5,"featured_media":0,"parent":228,"menu_order":2,"comment_status":"closed","ping_status":"closed","template":"template-sidebar.php","meta":{"_mi_skip_tracking":false,"_monsterinsights_sitenote_active":false,"_monsterinsights_sitenote_note":"","_monsterinsights_sitenote_category":0},"_links":{"self":[{"href":"https:\/\/www.meteo.cat\/wpweb\/wp-json\/wp\/v2\/pages\/19935"}],"collection":[{"href":"https:\/\/www.meteo.cat\/wpweb\/wp-json\/wp\/v2\/pages"}],"about":[{"href":"https:\/\/www.meteo.cat\/wpweb\/wp-json\/wp\/v2\/types\/page"}],"author":[{"embeddable":true,"href":"https:\/\/www.meteo.cat\/wpweb\/wp-json\/wp\/v2\/users\/5"}],"replies":[{"embeddable":true,"href":"https:\/\/www.meteo.cat\/wpweb\/wp-json\/wp\/v2\/comments?post=19935"}],"version-history":[{"count":18,"href":"https:\/\/www.meteo.cat\/wpweb\/wp-json\/wp\/v2\/pages\/19935\/revisions"}],"predecessor-version":[{"id":40827,"href":"https:\/\/www.meteo.cat\/wpweb\/wp-json\/wp\/v2\/pages\/19935\/revisions\/40827"}],"up":[{"embeddable":true,"href":"https:\/\/www.meteo.cat\/wpweb\/wp-json\/wp\/v2\/pages\/228"}],"wp:attachment":[{"href":"https:\/\/www.meteo.cat\/wpweb\/wp-json\/wp\/v2\/media?parent=19935"}],"curies":[{"name":"wp","href":"https:\/\/api.w.org\/{rel}","templated":true}]}}