{"id":19305,"date":"2019-02-13T15:53:03","date_gmt":"2019-02-13T15:53:03","guid":{"rendered":"https:\/\/www.meteo.cat\/wpweb\/?page_id=19305"},"modified":"2026-02-26T15:10:29","modified_gmt":"2026-02-26T15:10:29","slug":"historic-de-mapes-de-lindex-de-precipitacio-estandard-ipe","status":"publish","type":"page","link":"https:\/\/www.meteo.cat\/wpweb\/climatologia\/butlletins-i-episodis-meteorologics\/historic-de-cartografia-climatica\/historic-de-mapes-de-lindex-de-precipitacio-estandard-ipe\/","title":{"rendered":"Hist\u00f2ric de mapes de l&#8217;\u00edndex de precipitaci\u00f3 est\u00e0ndard (IPE)"},"content":{"rendered":"\n<p>Podeu visualitzar en un \u00fanic espai els mapes mensuals de l&#8217;\u00edndex de precipitaci\u00f3 est\u00e0ndard (IPE) a Catalunya des del gener de 2000 fins a l&#8217;actualitat (intervals de 6, 9, 12, 24 i 36 mesos).<\/p>\n\n\n\n<p>Per a m\u00e9s informaci\u00f3 sobre l&#8217;IPE, dirigiu-vos a <a href=\"\/wpweb\/climatologia\/recerca-i-divulgacio\/divulgacio-clima\/lindex-de-precipitacio-estandard-spi\/\"><strong>suport a la interpretaci\u00f3 de l&#8217;IPE<\/strong><\/a>.<br>&nbsp;<\/p>\n\n\n\n<nav class=\"menu_ancores\" id=\"inici\" aria-label=\"Opcions de p\u00e0gina\">\n<ul>\n<li><a href=\"\/wpweb\/climatologia\/butlletins-i-episodis-meteorologics\/historic-de-cartografia-climatica\/historic-de-mapes-de-lindex-de-precipitacio-estandard-ipe\/historic-de-mapes-de-lindex-de-precipitacio-estandard-6-mesos-ipe\/\"><i class=\"icon-link\" aria-hidden=\"true\"><\/i>6 mesos<\/a><\/li>\n<li><a href=\"\/wpweb\/climatologia\/butlletins-i-episodis-meteorologics\/historic-de-cartografia-climatica\/historic-de-mapes-de-lindex-de-precipitacio-estandard-ipe\/historic-de-mapes-de-lindex-de-precipitacio-estandard-9-mesos-ipe\/\"><i class=\"icon-link\" aria-hidden=\"true\"><\/i>9 mesos<\/a><\/li>\n<li><a href=\"\/wpweb\/climatologia\/butlletins-i-episodis-meteorologics\/historic-de-cartografia-climatica\/historic-de-mapes-de-lindex-de-precipitacio-estandard-ipe\/historic-de-mapes-de-lindex-de-precipitacio-estandard-12-mesos-ipe\/\"><i class=\"icon-link\" aria-hidden=\"true\"><\/i>12 mesos<\/a><\/li>\n<li><a href=\"\/wpweb\/climatologia\/butlletins-i-episodis-meteorologics\/historic-de-cartografia-climatica\/historic-de-mapes-de-lindex-de-precipitacio-estandard-ipe\/historic-de-mapes-de-lindex-de-precipitacio-estandard-24-mesos-ipe\/\"><i class=\"icon-link\" aria-hidden=\"true\"><\/i>24 mesos<\/a><\/li>\n<li><a href=\"\/wpweb\/climatologia\/butlletins-i-episodis-meteorologics\/historic-de-cartografia-climatica\/historic-de-mapes-de-lindex-de-precipitacio-estandard-ipe\/historic-de-mapes-de-lindex-de-precipitacio-estandard-36-mesos-ipe\/\"><i class=\"icon-link\" aria-hidden=\"true\"><\/i>36 mesos<\/a><\/li>\n\n<\/ul>\n<\/nav>\n\n\n\n<p>Accediu tamb\u00e9 a l&#8217;hist\u00f2ric:<\/p>\n\n\n\n<ul id=\"block-a15b9177-003f-4557-b081-c7add39d81cd\"><li><a href=\"\/wpweb\/climatologia\/butlletins-i-episodis-meteorologics\/historic-de-cartografia-climatica\/historic-de-mapes-de-temperatura-mensual\/\">Temperatura mitjana mensual<\/a><\/li><li><a href=\"https:\/\/devbloc.meteocat.gencat.cat\/wpweb\/climatologia\/butlletins-i-episodis-meteorologics\/historic-de-cartografia-climatica\/historic-de-mapes-danomalia-de-temperatura-mitjana-mensual\/\">Anomalia de temperatura mitjana mensual<\/a><\/li><li><a href=\"\/wpweb\/climatologia\/butlletins-i-episodis-meteorologics\/historic-de-cartografia-climatica\/historic-de-mapes-de-precipitacio-mensual\/\">Precipitaci\u00f3 acumulada mensual<\/a><\/li><li><a href=\"\/wpweb\/historic-de-mapes-de-percentatge-de-la-precipitacio-mensual\/\">Percentatge de la precipitaci\u00f3 mensual<\/a><\/li><li><a href=\"\/wpweb\/wp-admin\/historic-de-mapes-dirradiacio-solar-mensual\/\">Anomalia de la irradiaci\u00f3 solar mensual<\/a><\/li><\/ul>\n\n\n\n<p><\/p>\n","protected":false},"excerpt":{"rendered":"<p>Podeu visualitzar en un \u00fanic espai els mapes mensuals de l&#8217;\u00edndex de precipitaci\u00f3 est\u00e0ndard (IPE) a Catalunya des del gener de 2000 fins a l&#8217;actualitat (intervals de 6, 9, 12, 24 i 36 mesos). Per a m\u00e9s informaci\u00f3 sobre l&#8217;IPE, dirigiu-vos a suport a la interpretaci\u00f3 de l&#8217;IPE.&nbsp; 6 mesos 9 mesos 12 mesos 24 [&hellip;]<\/p>\n","protected":false},"author":7,"featured_media":0,"parent":10037,"menu_order":8,"comment_status":"closed","ping_status":"closed","template":"","meta":{"_mi_skip_tracking":false,"_monsterinsights_sitenote_active":false,"_monsterinsights_sitenote_note":"","_monsterinsights_sitenote_category":0},"_links":{"self":[{"href":"https:\/\/www.meteo.cat\/wpweb\/wp-json\/wp\/v2\/pages\/19305"}],"collection":[{"href":"https:\/\/www.meteo.cat\/wpweb\/wp-json\/wp\/v2\/pages"}],"about":[{"href":"https:\/\/www.meteo.cat\/wpweb\/wp-json\/wp\/v2\/types\/page"}],"author":[{"embeddable":true,"href":"https:\/\/www.meteo.cat\/wpweb\/wp-json\/wp\/v2\/users\/7"}],"replies":[{"embeddable":true,"href":"https:\/\/www.meteo.cat\/wpweb\/wp-json\/wp\/v2\/comments?post=19305"}],"version-history":[{"count":426,"href":"https:\/\/www.meteo.cat\/wpweb\/wp-json\/wp\/v2\/pages\/19305\/revisions"}],"predecessor-version":[{"id":45058,"href":"https:\/\/www.meteo.cat\/wpweb\/wp-json\/wp\/v2\/pages\/19305\/revisions\/45058"}],"up":[{"embeddable":true,"href":"https:\/\/www.meteo.cat\/wpweb\/wp-json\/wp\/v2\/pages\/10037"}],"wp:attachment":[{"href":"https:\/\/www.meteo.cat\/wpweb\/wp-json\/wp\/v2\/media?parent=19305"}],"curies":[{"name":"wp","href":"https:\/\/api.w.org\/{rel}","templated":true}]}}