{"id":192,"date":"2014-12-13T11:34:04","date_gmt":"2014-12-13T11:34:04","guid":{"rendered":"http:\/\/\/wpweb\/?page_id=192"},"modified":"2016-12-18T13:01:29","modified_gmt":"2016-12-18T13:01:29","slug":"xarxa-dequipaments-meteorologics-xemec","status":"publish","type":"page","link":"https:\/\/www.meteo.cat\/wpweb\/sobre-meteocat\/xarxa-dequipaments-meteorologics-xemec\/","title":{"rendered":"Xarxa d&#039;Equipaments Meteorol\u00f2gics (XEMEC)"},"content":{"rendered":"<div class=\"FW_sArticleFoto\">\n<div class=\"FW_sEditPro\">\n<p>La societat necessita informaci\u00f3 meteorol\u00f2gica per a la protecci\u00f3 de les persones i b\u00e9ns enfront d\u2019episodis de temps sever, la salvaguarda del medi ambient i la millora del benestar econ\u00f2mic i social de tots els seus sectors i membres.<\/p>\n<p>Part d\u2019aquesta informaci\u00f3 s\u2019obt\u00e9 a partir de la mesura de diferents variables meteorol\u00f2giques o de l\u2019observaci\u00f3 de determinats fen\u00f2mens, de forma sistem\u00e0tica i normalitzada, amb l\u2019adquisici\u00f3 de dades comparables, i organitzada mitjan\u00e7ant xarxes de mesura i observaci\u00f3 que pretenen obtenir dades les m\u00e9s representatives possibles de tot el territori al qual donen cobertura.<\/p>\n<p>Per donar resposta a aquesta necessitat a Catalunya, la Llei 15\/2001, de 14 de novembre, de meteorologia, cre\u00e0 la <strong>Xarxa d\u2019Equipaments Meteorol\u00f2gics de la Generalitat de Catalunya (Xemec)<\/strong>, com a instrument per al mesurament de variables meteorol\u00f2giques i per a la detecci\u00f3 de fen\u00f2mens meteorol\u00f2gics i n\u2019encoman\u00e0 la seva gesti\u00f3 i manteniment al <strong>Servei Meteorol\u00f2gic de Catalunya<\/strong>.<\/p>\n<p>Aix\u00ed, la Llei 15 estableix que les diferents instal\u00b7lacions meteorol\u00f2giques gestionades per diferents organismes de la Generalitat en el moment de la seva aprovaci\u00f3 i les que s\u2019instal\u00b7lin en el futur, passen a integrar-se a la\u00a0Xemec, sota una gesti\u00f3 \u00fanica que s\u2019encomana al <strong>Servei Meteorol\u00f2gic de Catalunya<\/strong>.<\/p>\n<p>La citada Llei tamb\u00e9 contempla que la informaci\u00f3 obtinguda per la\u00a0Xemec\u00a0es pot complementar amb informaci\u00f3 subministrada per observadors meteorol\u00f2gics. Aquest precepte es materialitz\u00e0 amb la creaci\u00f3 de la <strong>Xarxa d\u2019Observadors Meteorol\u00f2gics (XOM)<\/strong>, per Resoluci\u00f3 de 17 de desembre de 2008, del Director del Servei Meteorol\u00f2gic de Catalunya.<\/p>\n<p>La diferent tipologia d\u2019equipament de mesura o metodologia d\u2019obtenci\u00f3 de la informaci\u00f3 fa que la Xarxa d\u2019Equipaments Meteorol\u00f2gics de la Generalitat de Catalunya estigui a la pr\u00e0ctica constitu\u00efda per diferents xarxes o subxarxes, aix\u00ed,\u00a0a hores d&#8217;ara la conformen les xarxes o equipaments seg\u00fcents:<\/p>\n<\/div>\n<\/div>\n<div class=\"FW_clear FW_hrBlanc\"><\/div>\n<div class=\"FW_BorderContTop\">\n<div class=\"FW_BorderContLeft\">\n<div class=\"FW_BorderContRight\">\n<div class=\"FW_BorderContBottom\">\n<div class=\"FW_sPadding8\">\n<ul class=\"FW_sLlistaComu\">\n<li class=\"FW_sInlineImagNoti\"><a href=\"https:\/\/www.meteo.cat\/observacions\/xom_observacio\" target=\"_blank\">Xarxa d&#8217;Observadors Meteorol\u00f2gics (XOM)<\/a><\/li>\n<li class=\"FW_sInlineImagNoti\"><a href=\"https:\/\/www.meteo.cat\/observacions\/xema\" target=\"_blank\">Xarxa d&#8217;Estacions Meteorol\u00f2giques Autom\u00e0tiques (XEMA)<\/a><\/li>\n<li class=\"FW_sInlineImagNoti\"><a href=\"https:\/\/www.meteo.cat\/observacions\/radar\" target=\"_blank\">Xarxa de radars (XRAD)<\/a><\/li>\n<li class=\"FW_sInlineImagNoti\"><a href=\"https:\/\/www.meteo.cat\/observacions\/llamps\" target=\"_blank\">Llamps<\/a><\/li>\n<li class=\"FW_sInlineImagNoti\"><a href=\"https:\/\/www.meteo.cat\/observacions\/radiosondatge\" target=\"_blank\">Equip de radiosondatge<\/a><\/li>\n<li class=\"FW_sInlineImagNoti\"><a href=\"https:\/\/www.meteo.cat\/observacions\/satellit\" target=\"_blank\">Receptor sat\u00e8l\u00b7lit Meteosat<\/a><\/li>\n<\/ul>\n<\/div>\n<\/div>\n<\/div>\n<\/div>\n<\/div>\n<p>&nbsp;<\/p>\n\n","protected":false},"excerpt":{"rendered":"<p>La societat necessita informaci\u00f3 meteorol\u00f2gica per a la protecci\u00f3 de les persones i b\u00e9ns enfront d\u2019episodis de temps sever, la salvaguarda del medi ambient i la millora del benestar econ\u00f2mic i social de tots els seus sectors i membres. Part d\u2019aquesta informaci\u00f3 s\u2019obt\u00e9 a partir de la mesura de diferents variables meteorol\u00f2giques o de l\u2019observaci\u00f3 [&hellip;]<\/p>\n","protected":false},"author":2,"featured_media":0,"parent":70,"menu_order":6,"comment_status":"closed","ping_status":"closed","template":"","meta":{"_mi_skip_tracking":false,"_monsterinsights_sitenote_active":false,"_monsterinsights_sitenote_note":"","_monsterinsights_sitenote_category":0},"_links":{"self":[{"href":"https:\/\/www.meteo.cat\/wpweb\/wp-json\/wp\/v2\/pages\/192"}],"collection":[{"href":"https:\/\/www.meteo.cat\/wpweb\/wp-json\/wp\/v2\/pages"}],"about":[{"href":"https:\/\/www.meteo.cat\/wpweb\/wp-json\/wp\/v2\/types\/page"}],"author":[{"embeddable":true,"href":"https:\/\/www.meteo.cat\/wpweb\/wp-json\/wp\/v2\/users\/2"}],"replies":[{"embeddable":true,"href":"https:\/\/www.meteo.cat\/wpweb\/wp-json\/wp\/v2\/comments?post=192"}],"version-history":[{"count":7,"href":"https:\/\/www.meteo.cat\/wpweb\/wp-json\/wp\/v2\/pages\/192\/revisions"}],"predecessor-version":[{"id":11896,"href":"https:\/\/www.meteo.cat\/wpweb\/wp-json\/wp\/v2\/pages\/192\/revisions\/11896"}],"up":[{"embeddable":true,"href":"https:\/\/www.meteo.cat\/wpweb\/wp-json\/wp\/v2\/pages\/70"}],"wp:attachment":[{"href":"https:\/\/www.meteo.cat\/wpweb\/wp-json\/wp\/v2\/media?parent=192"}],"curies":[{"name":"wp","href":"https:\/\/api.w.org\/{rel}","templated":true}]}}