{"id":18753,"date":"2018-03-29T12:00:31","date_gmt":"2018-03-29T12:00:31","guid":{"rendered":"https:\/\/www.meteo.cat\/wpweb\/?page_id=18753"},"modified":"2023-03-09T09:06:44","modified_gmt":"2023-03-09T09:06:44","slug":"1993-03-01_25-anys-del-temporal-de-neu-de-marc-de-1993","status":"publish","type":"page","link":"https:\/\/www.meteo.cat\/wpweb\/divulgacio\/publicacions\/efemerides\/1993-03-01_25-anys-del-temporal-de-neu-de-marc-de-1993\/","title":{"rendered":"25 anys del temporal de neu de mar\u00e7 de 1993"},"content":{"rendered":"\n<p><strong>PUBLICADA EL 29\/03\/2018<\/strong><\/p>\n\n\n\n<p>A principis d\u2019aquest mes es van complir 25 anys del temporal de neu de l\u2019<strong>1-2 de mar\u00e7 de 1993<\/strong> a gran part de Catalunya, el qual afect\u00e0 principalment la Catalunya Central i les comarques del Nord-est. Aquesta nevada va ser la m\u00e9s important, fora del Pirineu, de la d\u00e8cada dels anys 90 del segle passat, acumulant-se fins a <strong>130 cm a Vidr\u00e0-Collfred (Osona, 1.250 m)<\/strong>. A la ciutat de <strong>Ripoll<\/strong> van assolir-se gruixos de fins a <strong>65 cm<\/strong>.<\/p>\n\n\n\n<div class=\"wp-block-image\"><figure class=\"aligncenter\"><a href=\"https:\/\/static-m.meteo.cat\/wordpressweb\/wp-content\/uploads\/2019\/02\/22105856\/FIG01-Ripoll-nevada-0102MAR1993-Foto-Pere_Punti-Avui-03MAR1993.jpg\"><img loading=\"lazy\" width=\"1024\" height=\"713\" src=\"https:\/\/static-m.meteo.cat\/wordpressweb\/wp-content\/uploads\/2019\/02\/22105856\/FIG01-Ripoll-nevada-0102MAR1993-Foto-Pere_Punti-Avui-03MAR1993-1024x713.jpg\" alt=\"Imatge que presentava l\u2019entorn del monestir de Ripoll (Ripoll\u00e8s, 689 m) cap al migdia del 2 de mar\u00e7 de 1993 (Foto de Pere Punt\u00ed, Diari Avui, n\u00fam. 5513, 03\/03\/1993. Font: Arxiu de Premsa Digitalitzada de l\u2019Ajuntament de Girona\" class=\"wp-image-22011\"\/><\/a><figcaption>Imatge que presentava l\u2019entorn del monestir de Ripoll (Ripoll\u00e8s, 689 m) cap al migdia del 2 de mar\u00e7 de 1993 (Foto de Pere Punt\u00ed, Diari Avui, n\u00fam. 5513, 03\/03\/1993. Font: Arxiu de Premsa Digitalitzada de l\u2019Ajuntament de Girona: <a href=\"http:\/\/www.girona.cat\/sgdap\/cat\/premsa.php\" target=\"_blank\" rel=\"noopener noreferrer\">http:\/\/www.girona.cat\/sgdap\/cat\/premsa.php<\/a>).<\/figcaption><\/figure><\/div>\n\n\n\n<div class=\"wp-block-image\"><figure class=\"aligncenter\"><a href=\"https:\/\/static-m.meteo.cat\/wordpressweb\/wp-content\/uploads\/2019\/02\/22105859\/FIG02-Taradell-02MAR1993-Foto-Joan_Codony-Revista_Taradell-num536-ABR1993.jpg\"><img loading=\"lazy\" width=\"1024\" height=\"671\" src=\"https:\/\/static-m.meteo.cat\/wordpressweb\/wp-content\/uploads\/2019\/02\/22105859\/FIG02-Taradell-02MAR1993-Foto-Joan_Codony-Revista_Taradell-num536-ABR1993-1024x671.jpg\" alt=\"Imatge que presentava la pla\u00e7a de les Eres de Taradell (Osona, 631 m) durant la tarda del 2 de mar\u00e7 de 1993 (Foto de Joan Codony, Revista mensual Taradell, n\u00fam. 576, abril de 1993. Font: Arxiu de Premsa Digitalitzada de la Xarxa d\u2019Arxius Comarcals de Catalunya\" class=\"wp-image-22012\"\/><\/a><figcaption>Imatge que presentava la pla\u00e7a de les Eres de Taradell (Osona, 631 m) durant la tarda del 2 de mar\u00e7 de 1993 (Foto de Joan Codony, Revista mensual Taradell, n\u00fam. 576, abril de 1993. Font: Arxiu de Premsa Digitalitzada de la Xarxa d\u2019Arxius Comarcals de Catalunya: <a href=\"http:\/\/xacpremsa.cultura.gencat.cat\/pandora\/#top\" target=\"_blank\" rel=\"noopener noreferrer\">http:\/\/xacpremsa.cultura.gencat.cat\/pandora\/#top<\/a>).<\/figcaption><\/figure><\/div>\n\n\n\n<h2><strong>Descripci\u00f3 de l\u2019episodi<\/strong><\/h2>\n\n\n\n<p>L\u2019episodi va tenir una durada d\u2019unes 26 hores de nevada gaireb\u00e9 ininterrompuda, entre el mat\u00ed\/migdia del 1r de mar\u00e7 i la tarda\/vespre del 2 de mar\u00e7 de 1993. Aquesta llarga nevada va produir gruixos importants de neu superiors als 50 cm a la Catalunya Central i a les comarques del nord-est, i puntualment, <strong>superiors <\/strong>als<strong> 100 cm <\/strong>a<strong> la serralada Transversal <\/strong>i<strong> el Pirineu oriental<\/strong>. Destaquen els <strong>130 cm <\/strong>de<strong> Vidr\u00e0-Collfred <\/strong>(Osona, 1.250 m)<strong>, 80 cm <\/strong>de <strong>Vallfogona de Ripoll\u00e8s <\/strong>(Ripoll\u00e8s, 940 m)<strong> <\/strong>i<strong> Planoles <\/strong>(Ripoll\u00e8s, 1.140m)<strong>,<\/strong> <strong>75 cm <\/strong>al <strong>Tur\u00f3 de l\u2019Home <\/strong>(Vall\u00e8s Oriental, 1.699 m)<strong>, 68 cm <\/strong>a<strong> Falgars d\u2019en Bas <\/strong>(Garrotxa, 950 m)<strong> <\/strong>i<strong> 65 cm <\/strong>a<strong> Ripoll <\/strong>(Ripoll\u00e8s, 687 m). La neu va caure fins i tot a la mateixa ciutat de Barcelona (de la Gran Via cap amunt), enregistrant-se gruixos destacats a la part alta de la ciutat: <strong>15 cm <\/strong>a<strong> la Bonanova <\/strong>(130 m)<strong>, 20 cm <\/strong>a<strong> <\/strong>l\u2019<strong>Observatori Fabra <\/strong>(420 m) <strong>i 25 cm <\/strong>a <strong>la<\/strong> <strong>Santa Creu d\u2019Olorda <\/strong>(330 m). A nivell de mar va arribar a nevar al Garraf, Baix Pened\u00e8s, Tarragon\u00e8s i Baix Empord\u00e0, per\u00f2 quedant blanques nom\u00e9s <strong>les platges d\u2019Altafulla i Torredembarra <\/strong>(Tarragon\u00e8s)<strong>, Calafell <\/strong>(Baix Pened\u00e8s)<strong>, Sitges i Vilanova i la Geltr\u00fa <\/strong>(Garraf). La nevada va ser m\u00e9s discreta al Pirineu occidental, on s\u2019hi van acumular gruixos de neu for\u00e7a petits, com sol passar en aquest tipus de situacions meteorol\u00f2giques. En canvi, al Pirineu oriental la nevada va ser molt intensa, amb gruixos propers als <strong>100 cm <\/strong>a la zona de<strong> la Collada de Toses <\/strong>(Cerdanya, 1.707 m)<strong>, nord del Ripoll\u00e8s i serra de l\u2019Albera. <\/strong>Els m\u00e0xims gruixos de neu van esdevenir al <strong>Prepirineu oriental<\/strong>, a cavall entre Osona i el Ripoll\u00e8s, amb valors superiors als <strong>100 cm<\/strong>. &nbsp;<\/p>\n\n\n\n<p>En altres indrets de la pen\u00ednsula Ib\u00e8rica tamb\u00e9 va nevar fins al nivell del mar com <strong>Algesires<\/strong> o <strong>Tarifa (Andalusia)<\/strong>, tot i que nom\u00e9s va agafar la neu a les muntanyes que rodegen ambdues viles a partir dels 100-200 m. Cap a l\u2019interior de la prov\u00edncia de Cadis van superar-se els 20 cm de gruix de neu. A la ciutat de <strong>Cadis <\/strong>fins i tot van escapar-se uns pocs flocs en el moment de m\u00e9s intensitat de la precipitaci\u00f3. Al nord d\u2019\u00c0frica, incl\u00fas a la ciutat aut\u00f2noma de <strong>Ceuta<\/strong> va caure aiguaneu fins a nivell de mar, quedant totes les muntanyes properes a la poblaci\u00f3 ben enfarinades. La neu \u00e9s un meteor molt poc habitual a Ceuta i des d\u2019aleshores no hi ha tornat a nevar.&nbsp;<\/p>\n\n\n\n<p>La nevada tamb\u00e9 va ser important a gran part d\u2019<strong>Occit\u00e0nia<\/strong>, on va nevar a totes les cotes i es van acumular&nbsp;gruixos de neu superiors als&nbsp;<strong>40 cm<\/strong> a la comarca de <strong>la Muntanya Negra<\/strong>, al departament del Tarn. A m\u00e9s, la neu va agafar fins arran de mar al <strong>Narbon\u00e8s<\/strong> i <strong>Besier\u00e8s<\/strong>, amb acumulacions de fins a&nbsp;<strong>11 cm<\/strong> a <strong>Grussan<\/strong> (Narbon\u00e8s, 9&nbsp;m), al departament de l\u2019Aude. Tamb\u00e9 cal destacar els gruixos de neu de fins a <strong>22 cm<\/strong> a&nbsp;<strong>Carcassona <\/strong>(Carcass\u00e8s, 122 m) i <strong>12 cm<\/strong> a&nbsp;<strong>Narbona <\/strong>(7 m), al departament de l\u2019Aude, i <strong>10 cm<\/strong> a&nbsp;<strong>Tolosa de Llenguadoc<\/strong> (Tolosan, 141 m), al departament de l\u2019Alta Garona.<\/p>\n\n\n\n<p>A continuaci\u00f3 apareix el llistat amb els gruixos m\u00e0xim de neu nova acumulats de l&#8217;1 al 2 de mar\u00e7 de 1993 a partir de les dades d\u2019observadors meteorol\u00f2gics i informacions dels mitjans de comunicaci\u00f3:<\/p>\n\n\n\n<div class=\"wp-block-image\"><figure class=\"aligncenter size-full\"><a href=\"https:\/\/static-m.meteo.cat\/wordpressweb\/wp-content\/uploads\/2023\/03\/01184815\/FIG03-Taula-GN-0102MAR1993_FINAL.jpg\"><img loading=\"lazy\" width=\"464\" height=\"1078\" src=\"https:\/\/static-m.meteo.cat\/wordpressweb\/wp-content\/uploads\/2023\/03\/01184815\/FIG03-Taula-GN-0102MAR1993_FINAL.jpg\" alt=\"Taula de gruixos de neu per estacio (contingut no accessible)\n\" class=\"wp-image-37354\"\/><\/a><\/figure><\/div>\n\n\n\n<h2><strong>An\u00e0lisi meteorol\u00f2gica<\/strong><\/h2>\n\n\n\n<p>La nevada es va produir per la formaci\u00f3 d\u2019una profunda depressi\u00f3 a l\u2019oest de les Illes Balears (amb valors de pressi\u00f3 al seu centre propers als 984 hPa cap al mat\u00ed i migdia del 1r de mar\u00e7 de 1993) despr\u00e9s d\u2019una important entrada d\u2019aire fred d\u2019origen polar de fins a -4 \u00baC a 850 hPa (1.500 m d\u2019altitud) sobre la vertical de la costa Central i -7 \u00baC sobre la vertical del Pirineu occidental. &nbsp;<\/p>\n\n\n\n<p>La irrupci\u00f3 d\u2019aire polar va veure\u2019s afavorida per la pres\u00e8ncia d\u2019un anticicl\u00f3 de bloqueig a l\u2019Atl\u00e0ntic durant els \u00faltims dies de febrer. Posteriorment, va anar allargassant-se fins a les Illes Brit\u00e0niques, entre el 27 i 28 de febrer, i va acabar poc despr\u00e9s a Escandin\u00e0via (1r de mar\u00e7). L\u2019entrada d\u2019aire fred al seu temps tamb\u00e9 facilit\u00e0 la formaci\u00f3 d\u2019una borrasca al nord d\u2019\u00c0frica (27 de febrer) que va anar progressant cap a les Balears i aprofundint-se cada vegada m\u00e9s fins arribar a un valor m\u00ednim al voltant dels 984 hPa al seu centre, entre Menorca i C\u00f2rcega, el 1r de mar\u00e7.&nbsp;<\/p>\n\n\n\n<p>La profunda borrasca a l\u2019oest de les Balears va comportar una advecci\u00f3 notable d\u2019aire humit i molt inestable cap a Catalunya des de la Mediterr\u00e0nia. Al mateix temps en altura existia un cisallament considerable (el qual afavoreix la inestabilitat), amb flux de vent humit del nord-est en superf\u00edcie, llevant a 850 hPa i de sud a sud-est a 500 hPa (per un embossament d\u2019aire fred amb valors de temperatura al voltant de -37 \u00baC sobre la vertical de la costa d\u2019Ast\u00faries, a uns 5.000 m d\u2019altitud).&nbsp;<\/p>\n\n\n\n<p>Aquesta configuraci\u00f3 va produir nevades generals a cotes molt baixes a gran part del pa\u00eds, per\u00f2 principalment a tota la meitat oriental, i amb intensitat forta a les comarques d\u2019Osona, el Ripoll\u00e8s, la Garrotxa i el Bergued\u00e0, on puntualment van superar-se els <strong>100 cm<\/strong> de gruix de neu. &nbsp;<\/p>\n\n\n\n<p>Amb l\u2019allunyament i debilitament de la borrasca cap al golf de G\u00e8nova a partir del 2 de mar\u00e7, el flux de vent en superf\u00edcie gir\u00e0 cap a mestral i nord, acabant-se poc a poc el temporal de neu i desapareixent la nevada cap a la tarda\/vespre del dia 2 a les comarques del nord-est.<\/p>\n\n\n\n<p>A continuaci\u00f3 es presenten els mapes de les <a href=\"http:\/\/www.esrl.noaa.gov\/psd\/data\/gridded\/data.20thC_ReanV2c.monolevel.html\">rean\u00e0lisis del 20CRP<\/a> (NCAR-NCEP, EUA) del 01\/03\/1993 a les 06 UTC (mapes de l\u2019esquerra) i del 02\/03\/1993 a les 00 UTC (mapes de la dreta) per als camps de temperatura, geopotencial i vent a 500 i 850 hPa (mapes superiors i centrals). Tamb\u00e9 es mostren els camps de temperatura a 2 m, pressi\u00f3 al nivell del mar i vent &nbsp;a 10 m (mapes inferiors). En tots ells poden identificar-se els trets meteorol\u00f2gics generals de l\u2019episodi comentats anteriorment.<\/p>\n\n\n\n<div class=\"wp-block-image\"><figure class=\"aligncenter\"><img loading=\"lazy\" width=\"737\" height=\"1024\" src=\"https:\/\/static-m.meteo.cat\/wordpressweb\/wp-content\/uploads\/2019\/02\/22105853\/FIG04-Reanalisis-20CRP-01MAR1993_6Z02MAR1993_0Z-737x1024.jpg\" alt=\"Mapes de les rean\u00e0lisis del 20CRP (NCAR-NCEP, EUA) del 01\/03\/1993\" class=\"wp-image-22010\"\/><\/figure><\/div>\n\n\n\n<h2><strong>Danys<\/strong><\/h2>\n\n\n\n<p>Com sol ser habitual en els temporals de neu a cotes molt baixes, va haver-hi un elevat nombre d\u2019afectacions en el fluid el\u00e8ctric, per la caiguda de torres d\u2019alta tensi\u00f3 amb els respectius talls de corrent durant m\u00e9s d\u2019un dia. Tamb\u00e9 es produ\u00ed el tall d\u2019una gran quantitat de carreteres, sobretot locals, a tot el pa\u00eds, per\u00f2 especialment a les serralades Litoral i Prelitoral. Les comunicacions radiof\u00f2niques i televises tamb\u00e9 van veure\u2019s afectades en trencar-se pel pes de la neu humida els cables d\u2019alimentaci\u00f3 del <strong>repetidor de Rocacorba (Canet d\u2019Adri, Giron\u00e8s, 970 m), <\/strong>el qual d\u00f3na cobertura a gran part de les comarques gironines.<\/p>\n\n\n\n<p>Aquesta nevada va caure al final d\u2019un hivern suau i for\u00e7a sec a gran part de Catalunya. A m\u00e9s, feia molt de temps que la neu no es deixava veure a cotes molt baixes o a la mateixa l\u00ednia de la costa. Per tant, aquest episodi va ocupar la primera plana de molts diaris i informatius. Actualment, l\u2019important temporal de neu del 8 de mar\u00e7 de 2010 ha despla\u00e7at aquesta nevada de la mem\u00f2ria col\u00b7lectiva de gran part del territori, sobretot al litoral.<\/p>\n\n\n\n<h2><strong>Refer\u00e8ncies i enlla\u00e7os d\u2019inter\u00e8s<\/strong><\/h2>\n\n\n\n<p>&#8211; Ib\u00e1\u00f1ez Villanueva, J. (2012): \u201c<a href=\"http:\/\/historiadeltemps.blogspot.com.es\/2012\/02\/marc-de-1993-nevada-post-olimpica.html\" target=\"_blank\" rel=\"noopener noreferrer\">Mar\u00e7 de 1993. Nevada post-ol\u00edmpica<\/a>\u201d Barcelona: Hist\u00f2ries del temps, 1991-2000. (Article sobre la nevada del 1r de mar\u00e7 de 1993 a l\u2019\u00e0rea metropolitana de Barcelona, del Blog meteorol\u00f2gic de l\u2019observador Quim Ib\u00e1\u00f1ez Villanueva de Cerdanyola del Vall\u00e8s \u2013 Can Coll. En aquest blog es comenten curiositats i episodis meteorol\u00f2gics hist\u00f2rics esdevinguts a la ciutat de Barcelona i a Catalunya, des del segle XVII fins a l\u2019actualitat).<\/p>\n","protected":false},"excerpt":{"rendered":"<p>PUBLICADA EL 29\/03\/2018 A principis d\u2019aquest mes es van complir 25 anys del temporal de neu de l\u20191-2 de mar\u00e7 de 1993 a gran part de Catalunya, el qual afect\u00e0 principalment la Catalunya Central i les comarques del Nord-est. Aquesta nevada va ser la m\u00e9s important, fora del Pirineu, de la d\u00e8cada dels anys 90 [&hellip;]<\/p>\n","protected":false},"author":7,"featured_media":0,"parent":18384,"menu_order":0,"comment_status":"closed","ping_status":"closed","template":"template-sidebar.php","meta":{"_mi_skip_tracking":false,"_monsterinsights_sitenote_active":false,"_monsterinsights_sitenote_note":"","_monsterinsights_sitenote_category":0},"_links":{"self":[{"href":"https:\/\/www.meteo.cat\/wpweb\/wp-json\/wp\/v2\/pages\/18753"}],"collection":[{"href":"https:\/\/www.meteo.cat\/wpweb\/wp-json\/wp\/v2\/pages"}],"about":[{"href":"https:\/\/www.meteo.cat\/wpweb\/wp-json\/wp\/v2\/types\/page"}],"author":[{"embeddable":true,"href":"https:\/\/www.meteo.cat\/wpweb\/wp-json\/wp\/v2\/users\/7"}],"replies":[{"embeddable":true,"href":"https:\/\/www.meteo.cat\/wpweb\/wp-json\/wp\/v2\/comments?post=18753"}],"version-history":[{"count":30,"href":"https:\/\/www.meteo.cat\/wpweb\/wp-json\/wp\/v2\/pages\/18753\/revisions"}],"predecessor-version":[{"id":37451,"href":"https:\/\/www.meteo.cat\/wpweb\/wp-json\/wp\/v2\/pages\/18753\/revisions\/37451"}],"up":[{"embeddable":true,"href":"https:\/\/www.meteo.cat\/wpweb\/wp-json\/wp\/v2\/pages\/18384"}],"wp:attachment":[{"href":"https:\/\/www.meteo.cat\/wpweb\/wp-json\/wp\/v2\/media?parent=18753"}],"curies":[{"name":"wp","href":"https:\/\/api.w.org\/{rel}","templated":true}]}}