{"id":1854,"date":"2014-11-25T12:03:11","date_gmt":"2014-11-25T12:03:11","guid":{"rendered":"http:\/\/\/wpweb\/?page_id=1854"},"modified":"2014-11-25T12:03:11","modified_gmt":"2014-11-25T12:03:11","slug":"escala-beaufort","status":"publish","type":"page","link":"https:\/\/www.meteo.cat\/wpweb\/divulgacio\/la-prediccio-meteorologica\/escales-de-vent-i-mar\/escala-beaufort\/","title":{"rendered":"Escala Beaufort"},"content":{"rendered":"<div class=\"FW_sInfoCanal\"><\/div>\n<div class=\"FW_sArticleFoto\">\n<div class=\"FW_sEditPro\">\n<table class=\"sortable uvi\" summary=\"Beaufort\">\n<thead>\n<tr>\n<th class=\"w5\" scope=\"col\" width=\"40\">Grau<\/th>\n<th class=\"w10\" scope=\"col\" width=\"117\">Catal\u00e0<\/th>\n<th class=\"w10\" scope=\"col\" width=\"88\">m\/s<\/th>\n<th class=\"w10\" scope=\"col\" width=\"72\">Kt (nusos)<\/th>\n<th class=\"w10\" scope=\"col\" width=\"81\">Km\/h<\/th>\n<th class=\"w15\" scope=\"col\" width=\"169\">Castell\u00e0<\/th>\n<th class=\"w15\" scope=\"col\" width=\"128\">Angl\u00e8s<\/th>\n<th class=\"w10\" scope=\"col\" width=\"113\">Franc\u00e8s<\/th>\n<th class=\"w15\" scope=\"col\" width=\"115\">Itali\u00e0<\/th>\n<\/tr>\n<\/thead>\n<tbody>\n<tr class=\"odd\">\n<td>0<\/td>\n<td>calma<\/td>\n<td>0 &#8211; 0.2<\/td>\n<td>menys de 1<\/td>\n<td>0 &#8211; 2<\/td>\n<td>calma<\/td>\n<td>calm<\/td>\n<td>calme<\/td>\n<td>calma<\/td>\n<\/tr>\n<tr class=\"even\">\n<td>1<\/td>\n<td>ventolina<\/td>\n<td>0.3 &#8211; 1.5<\/td>\n<td>1 &#8211; 3<\/td>\n<td>2 &#8211; 6<\/td>\n<td>ventolina<\/td>\n<td>light air<\/td>\n<td>tr\u00e8s l\u00e9g\u00e8re brise<\/td>\n<td>bava di vento<\/td>\n<\/tr>\n<tr class=\"odd\">\n<td>2<\/td>\n<td>vent fluixet<\/td>\n<td>1.6 &#8211; 3.3<\/td>\n<td>4 &#8211; 6<\/td>\n<td>7 &#8211; 11<\/td>\n<td>brisa muy d\u00e9bil<\/td>\n<td>light breeze<\/td>\n<td>\u00e9g\u00e8re brise<\/td>\n<td>brezza leggera<\/td>\n<\/tr>\n<tr class=\"even\">\n<td>3<\/td>\n<td>vent fluix<\/td>\n<td>3.4 &#8211; 5.4<\/td>\n<td>7 &#8211; 10<\/td>\n<td>12 &#8211; 19<\/td>\n<td>brisa d\u00e9bil, flojo<\/td>\n<td>gentle breeze<\/td>\n<td>petite brise<\/td>\n<td>brezza tesa<\/td>\n<\/tr>\n<tr class=\"odd\">\n<td>4<\/td>\n<td>vent moderat<\/td>\n<td>5.5 &#8211; 7.9<\/td>\n<td>11 &#8211; 16<\/td>\n<td>20 29<\/td>\n<td>bonacible, brisa moderada<\/td>\n<td>moderate breeze<\/td>\n<td>jolie brise<\/td>\n<td>vento moderato<\/td>\n<\/tr>\n<tr class=\"even\">\n<td>5<\/td>\n<td>vent fresquet<\/td>\n<td>8.0 &#8211; 10.7<\/td>\n<td>17 &#8211; 21<\/td>\n<td>30 &#8211; 39<\/td>\n<td>brisa fresca, fresquito<\/td>\n<td>fresh breeze<\/td>\n<td>bonne brise<\/td>\n<td>vento teso<\/td>\n<\/tr>\n<tr class=\"odd\">\n<td>6<\/td>\n<td>vent fresc<\/td>\n<td>10.8 &#8211; 13.8<\/td>\n<td>22 &#8211; 27<\/td>\n<td>40 &#8211; 50<\/td>\n<td>brisa fuerte, moderado<\/td>\n<td>strong breeze<\/td>\n<td>vent frais<\/td>\n<td>vento fresco<\/td>\n<\/tr>\n<tr class=\"even\">\n<td>7<\/td>\n<td>vent fort<\/td>\n<td>13.9 &#8211; 17.1<\/td>\n<td>28 &#8211; 33<\/td>\n<td>51 &#8211; 61<\/td>\n<td>frescach\u00f3n, viento fuerte<\/td>\n<td>near gale<\/td>\n<td>grand frais<\/td>\n<td>vento forte<\/td>\n<\/tr>\n<tr class=\"odd\">\n<td>8<\/td>\n<td>temporal<\/td>\n<td>17.2 &#8211; 20.7<\/td>\n<td>34 &#8211; 40<\/td>\n<td>62 &#8211; 74<\/td>\n<td>temporal<\/td>\n<td>gale<\/td>\n<td>coup de vent<\/td>\n<td>burrasca<\/td>\n<\/tr>\n<tr class=\"even\">\n<td>9<\/td>\n<td>temporal fort<\/td>\n<td>20.8 &#8211; 24.4<\/td>\n<td>41 &#8211; 47<\/td>\n<td>75 &#8211; 87<\/td>\n<td>temporal fuerte<\/td>\n<td>strong gale<\/td>\n<td>fort coup de vent<\/td>\n<td>burrasca forte<\/td>\n<\/tr>\n<tr class=\"odd\">\n<td>10<\/td>\n<td>temporal molt fort<\/td>\n<td>24.5 &#8211; 28.4<\/td>\n<td>48 &#8211; 55<\/td>\n<td>88 &#8211; 101<\/td>\n<td>temporal duro<\/td>\n<td>storm<\/td>\n<td>temp\u00e9te<\/td>\n<td>tempesta<\/td>\n<\/tr>\n<tr class=\"even\">\n<td>11<\/td>\n<td>temporal violent<\/td>\n<td>28.5 &#8211; 32.6<\/td>\n<td>56 &#8211; 63<\/td>\n<td>102 &#8211; 117<\/td>\n<td>temporal muy duro<\/td>\n<td>violent storm<\/td>\n<td>violente temp\u00e9te<\/td>\n<td>tempesta violenta<\/td>\n<\/tr>\n<tr class=\"odd\">\n<td>12<\/td>\n<td>hurac\u00e0<\/td>\n<td>m\u00e9s de 32.7<\/td>\n<td>m\u00e9s de 64<\/td>\n<td>m\u00e9s de 118<\/td>\n<td>temporal huracanado<\/td>\n<td>hurricane<\/td>\n<td>ouragan<\/td>\n<td>uragano<\/td>\n<\/tr>\n<\/tbody>\n<\/table>\n<\/div>\n<\/div>\n<div class=\"FW_clear FW_hrBlanc\"><\/div>\n<p>&nbsp;<\/p>\n","protected":false},"excerpt":{"rendered":"<p>Grau Catal\u00e0 m\/s Kt (nusos) Km\/h Castell\u00e0 Angl\u00e8s Franc\u00e8s Itali\u00e0 0 calma 0 &#8211; 0.2 menys de 1 0 &#8211; 2 calma calm calme calma 1 ventolina 0.3 &#8211; 1.5 1 &#8211; 3 2 &#8211; 6 ventolina light air tr\u00e8s l\u00e9g\u00e8re brise bava di vento 2 vent fluixet 1.6 &#8211; 3.3 4 &#8211; 6 7 [&hellip;]<\/p>\n","protected":false},"author":2,"featured_media":0,"parent":130,"menu_order":3,"comment_status":"closed","ping_status":"open","template":"","meta":{"_mi_skip_tracking":false,"_monsterinsights_sitenote_active":false,"_monsterinsights_sitenote_note":"","_monsterinsights_sitenote_category":0},"_links":{"self":[{"href":"https:\/\/www.meteo.cat\/wpweb\/wp-json\/wp\/v2\/pages\/1854"}],"collection":[{"href":"https:\/\/www.meteo.cat\/wpweb\/wp-json\/wp\/v2\/pages"}],"about":[{"href":"https:\/\/www.meteo.cat\/wpweb\/wp-json\/wp\/v2\/types\/page"}],"author":[{"embeddable":true,"href":"https:\/\/www.meteo.cat\/wpweb\/wp-json\/wp\/v2\/users\/2"}],"replies":[{"embeddable":true,"href":"https:\/\/www.meteo.cat\/wpweb\/wp-json\/wp\/v2\/comments?post=1854"}],"version-history":[{"count":2,"href":"https:\/\/www.meteo.cat\/wpweb\/wp-json\/wp\/v2\/pages\/1854\/revisions"}],"predecessor-version":[{"id":1856,"href":"https:\/\/www.meteo.cat\/wpweb\/wp-json\/wp\/v2\/pages\/1854\/revisions\/1856"}],"up":[{"embeddable":true,"href":"https:\/\/www.meteo.cat\/wpweb\/wp-json\/wp\/v2\/pages\/130"}],"wp:attachment":[{"href":"https:\/\/www.meteo.cat\/wpweb\/wp-json\/wp\/v2\/media?parent=1854"}],"curies":[{"name":"wp","href":"https:\/\/api.w.org\/{rel}","templated":true}]}}