{"id":1850,"date":"2014-11-25T12:01:08","date_gmt":"2014-11-25T12:01:08","guid":{"rendered":"http:\/\/\/wpweb\/?page_id=1850"},"modified":"2023-10-10T09:28:38","modified_gmt":"2023-10-10T09:28:38","slug":"escala-douglas","status":"publish","type":"page","link":"https:\/\/www.meteo.cat\/wpweb\/divulgacio\/la-prediccio-meteorologica\/escales-de-vent-i-mar\/escala-douglas\/","title":{"rendered":"Escala Douglas"},"content":{"rendered":"<div class=\"FW_sInfoCanal\"><\/div>\n<div class=\"FW_sArticleFoto\">\n<div class=\"FW_sEditPro\">\n<table class=\"sortable uvi\" summary=\"Escala Douglas\">\n<thead>\n<tr>\n<th class=\"w5\" scope=\"col\" width=\"20\">Grau<\/th>\n<th class=\"w10\" scope=\"col\" width=\"81\">Catal\u00e0<\/th>\n<th class=\"w10\" scope=\"col\" width=\"87\">Altura de les onades<\/th>\n<th class=\"w15\" scope=\"col\" width=\"108\">S\u00edmbol usat al web<\/th>\n<th class=\"w15\" scope=\"col\" width=\"150\">Castell\u00e0<\/th>\n<th class=\"w15\" scope=\"col\" width=\"101\">Angl\u00e8s<\/th>\n<th class=\"w15\" scope=\"col\" width=\"132\">Franc\u00e8s<\/th>\n<th class=\"w15\" scope=\"col\" width=\"197\">Itali\u00e0<\/th>\n<\/tr>\n<\/thead>\n<tbody>\n<tr class=\"odd\">\n<td>0<\/td>\n<td>mar plana<\/td>\n<td>0 m<\/td>\n<td class=\"center\"><img loading=\"lazy\" class=\"aligncenter\" src=\"https:\/\/static-m.meteo.cat\/assets-w3\/images\/meteors\/mar\/50.png\" alt=\"mar plana\" width=\"65\" height=\"65\" \/><\/td>\n<td>mar llana<\/td>\n<td>calm sea<\/td>\n<td>mer calme<\/td>\n<td>mare calmo<\/td>\n<\/tr>\n<tr class=\"even\">\n<td>1<\/td>\n<td>mar arrissada<\/td>\n<td>0 &#8211; 10 cm<\/td>\n<td class=\"center\"><img loading=\"lazy\" class=\"aligncenter\" src=\"https:\/\/static-m.meteo.cat\/assets-w3\/images\/meteors\/mar\/51.png\" alt=\"mar arrissada\" width=\"65\" height=\"65\" \/><\/td>\n<td>mar rizada<\/td>\n<td>rippled sea<\/td>\n<td>mer rid\u00e9e<\/td>\n<td>mari quasi calmo<\/td>\n<\/tr>\n<tr class=\"odd\">\n<td>2<\/td>\n<td>marejol<\/td>\n<td>10 &#8211; 50 cm<\/td>\n<td class=\"center\"><img loading=\"lazy\" class=\"aligncenter\" src=\"https:\/\/static-m.meteo.cat\/assets-w3\/images\/meteors\/mar\/52.png\" alt=\"marejol\" width=\"65\" height=\"65\" \/><\/td>\n<td>marejadilla<\/td>\n<td>smooth sea<\/td>\n<td>mer belle<\/td>\n<td>mare poco mosso<\/td>\n<\/tr>\n<tr class=\"even\">\n<td>3<\/td>\n<td class=\"odd\">maror<\/td>\n<td class=\"odd\">0.5 &#8211; 1.25 m<\/td>\n<td class=\"center\"><img loading=\"lazy\" class=\"aligncenter\" src=\"https:\/\/static-m.meteo.cat\/assets-w3\/images\/meteors\/mar\/53.png\" alt=\"maror\" width=\"65\" height=\"65\" \/><\/td>\n<td class=\"odd\">marejada<\/td>\n<td class=\"odd\">slight sea<\/td>\n<td class=\"odd\">mer peu agit\u00e9e<\/td>\n<td class=\"odd\">mare mosso<\/td>\n<\/tr>\n<tr class=\"odd\">\n<td>4<\/td>\n<td class=\"even\">forta maror<\/td>\n<td class=\"even\">1.25 &#8211; 2.5 m<\/td>\n<td class=\"center\"><img loading=\"lazy\" class=\"aligncenter\" src=\"https:\/\/static-m.meteo.cat\/assets-w3\/images\/meteors\/mar\/54.png\" alt=\"forta maror\" width=\"65\" height=\"65\" \/><\/td>\n<td class=\"even\">fuerte marejada<\/td>\n<td class=\"even\">moderate sea<\/td>\n<td class=\"even\">mer agit\u00e9e<\/td>\n<td class=\"even\">mare molto mosso<\/td>\n<\/tr>\n<tr class=\"even\">\n<td>5<\/td>\n<td class=\"odd\">maregassa<\/td>\n<td class=\"odd\">2.5 &#8211; 4 m<\/td>\n<td class=\"center\"><img loading=\"lazy\" class=\"aligncenter\" src=\"https:\/\/static-m.meteo.cat\/assets-w3\/images\/meteors\/mar\/55.png\" alt=\"maregassa\" width=\"65\" height=\"65\" \/><\/td>\n<td class=\"odd\">mar gruesa<\/td>\n<td class=\"odd\">rough sea<\/td>\n<td class=\"odd\">mer forte<\/td>\n<td class=\"odd\">mare agitato<\/td>\n<\/tr>\n<tr class=\"odd\">\n<td>6<\/td>\n<td class=\"even\">mar brava<\/td>\n<td class=\"even\">4 &#8211; 6 m<\/td>\n<td class=\"center\"><img loading=\"lazy\" class=\"aligncenter\" src=\"https:\/\/static-m.meteo.cat\/assets-w3\/images\/meteors\/mar\/56.png\" alt=\"mar brava\" width=\"65\" height=\"65\" \/><\/td>\n<td class=\"even\">mar muy gruesa<\/td>\n<td class=\"even\">very rough sea<\/td>\n<td class=\"even\">mer tr\u00e8s forte<\/td>\n<td class=\"even\">mare molto agitato<\/td>\n<\/tr>\n<tr class=\"even\">\n<td>7<\/td>\n<td class=\"odd\">mar desfeta<\/td>\n<td class=\"odd\">6 &#8211; 9 m<\/td>\n<td class=\"center\"><img loading=\"lazy\" class=\"aligncenter\" src=\"https:\/\/static-m.meteo.cat\/assets-w3\/images\/meteors\/mar\/57.png\" alt=\"mar desfeta\" width=\"65\" height=\"65\" \/><\/td>\n<td class=\"odd\">mar arbolada<\/td>\n<td class=\"odd\">high sea<\/td>\n<td class=\"odd\">mer grosse<\/td>\n<td class=\"odd\">mare grosso<\/td>\n<\/tr>\n<tr class=\"odd\">\n<td>8<\/td>\n<td class=\"even\">mar molt alta<\/td>\n<td class=\"even\">9 &#8211; 14 m<\/td>\n<td class=\"center\"><img loading=\"lazy\" class=\"aligncenter\" src=\"https:\/\/static-m.meteo.cat\/assets-w3\/images\/meteors\/mar\/58.png\" alt=\"mar molt alta\" width=\"65\" height=\"65\" \/><\/td>\n<td class=\"even\">mar monta\u00f1osa<\/td>\n<td class=\"even\">very high sea<\/td>\n<td class=\"even\">mer tr\u00e8s grosse<\/td>\n<td class=\"even\">mare molto grosso<\/td>\n<\/tr>\n<tr class=\"even\">\n<td>9<\/td>\n<td>mar enorme<\/td>\n<td>&gt; 14 m<\/td>\n<td class=\"center\"><img loading=\"lazy\" class=\"aligncenter\" src=\"https:\/\/static-m.meteo.cat\/assets-w3\/images\/meteors\/mar\/59.png\" alt=\"mar enorme\" width=\"66\" height=\"66\" \/><\/td>\n<td>mar enorme<\/td>\n<td>phenomenal sea<\/td>\n<td>mer \u00e9norme<\/td>\n<td>mare tempestoso<\/td>\n<\/tr>\n<\/tbody>\n<\/table>\n<\/div>\n<\/div>\n<div class=\"FW_clear FW_hrBlanc\"><\/div>\n","protected":false},"excerpt":{"rendered":"<p>Grau Catal\u00e0 Altura de les onades S\u00edmbol usat al web Castell\u00e0 Angl\u00e8s Franc\u00e8s Itali\u00e0 0 mar plana 0 m mar llana calm sea mer calme mare calmo 1 mar arrissada 0 &#8211; 10 cm mar rizada rippled sea mer rid\u00e9e mari quasi calmo 2 marejol 10 &#8211; 50 cm marejadilla smooth sea mer belle mare [&hellip;]<\/p>\n","protected":false},"author":2,"featured_media":0,"parent":130,"menu_order":2,"comment_status":"closed","ping_status":"open","template":"","meta":{"_mi_skip_tracking":false,"_monsterinsights_sitenote_active":false,"_monsterinsights_sitenote_note":"","_monsterinsights_sitenote_category":0},"_links":{"self":[{"href":"https:\/\/www.meteo.cat\/wpweb\/wp-json\/wp\/v2\/pages\/1850"}],"collection":[{"href":"https:\/\/www.meteo.cat\/wpweb\/wp-json\/wp\/v2\/pages"}],"about":[{"href":"https:\/\/www.meteo.cat\/wpweb\/wp-json\/wp\/v2\/types\/page"}],"author":[{"embeddable":true,"href":"https:\/\/www.meteo.cat\/wpweb\/wp-json\/wp\/v2\/users\/2"}],"replies":[{"embeddable":true,"href":"https:\/\/www.meteo.cat\/wpweb\/wp-json\/wp\/v2\/comments?post=1850"}],"version-history":[{"count":5,"href":"https:\/\/www.meteo.cat\/wpweb\/wp-json\/wp\/v2\/pages\/1850\/revisions"}],"predecessor-version":[{"id":38906,"href":"https:\/\/www.meteo.cat\/wpweb\/wp-json\/wp\/v2\/pages\/1850\/revisions\/38906"}],"up":[{"embeddable":true,"href":"https:\/\/www.meteo.cat\/wpweb\/wp-json\/wp\/v2\/pages\/130"}],"wp:attachment":[{"href":"https:\/\/www.meteo.cat\/wpweb\/wp-json\/wp\/v2\/media?parent=1850"}],"curies":[{"name":"wp","href":"https:\/\/api.w.org\/{rel}","templated":true}]}}