{"id":18378,"date":"2018-02-16T12:15:04","date_gmt":"2018-02-16T12:15:04","guid":{"rendered":"https:\/\/www.meteo.cat\/wpweb\/?page_id=18378"},"modified":"2022-11-30T08:17:20","modified_gmt":"2022-11-30T08:17:20","slug":"miscellania","status":"publish","type":"page","link":"https:\/\/www.meteo.cat\/wpweb\/divulgacio\/publicacions\/miscellania\/","title":{"rendered":"Miscel\u00b7l\u00e0nia"},"content":{"rendered":"<ul class=\"list_links\"><li class=\"page_item page-item-25910\"><a href=\"https:\/\/www.meteo.cat\/wpweb\/divulgacio\/publicacions\/miscellania\/el-coronavirus-podria-fer-empitjorar-la-prediccio-meteorologica\/\">El coronavirus podria fer empitjorar la predicci\u00f3 meteorol\u00f2gica<\/a> (30\/03\/2020)<\/li>\n<li class=\"page_item page-item-21046\"><a href=\"https:\/\/www.meteo.cat\/wpweb\/divulgacio\/publicacions\/miscellania\/informe-especial-de-lipcc-sobre-lobjectiu-dun-escalfament-global-d15-oc\/\">Informe especial de l\u2019IPCC sobre l\u2019objectiu d\u2019un escalfament global d\u20191,5 \u00baC<\/a> (07\/11\/2018)<\/li>\n<li class=\"page_item page-item-18964\"><a href=\"https:\/\/www.meteo.cat\/wpweb\/divulgacio\/publicacions\/miscellania\/apunts-sobre-la-climatologia-de-la-setmana-santa-2018\/\">Apunts sobre la climatologia de la Setmana Santa 2018<\/a> (13\/03\/2018)<\/li>\n<li class=\"page_item page-item-2854\"><a href=\"https:\/\/www.meteo.cat\/wpweb\/divulgacio\/publicacions\/miscellania\/apunts-sobre-la-climatologia-de-la-setmana-santa-2017\/\">Apunts sobre la climatologia de la Setmana Santa 2017<\/a> (04\/04\/2017)<\/li>\n<li class=\"page_item page-item-18120\"><a href=\"https:\/\/www.meteo.cat\/wpweb\/divulgacio\/publicacions\/miscellania\/campanyes-dobservacions-cerdanya-gwop17-ccp17\/\">Campanyes d&#8217;observacions de la Cerdanya (GWOP\u201917 i CCP\u201917)<\/a> (10\/02\/2017)<\/li>\n<li class=\"page_item page-item-18115\"><a href=\"https:\/\/www.meteo.cat\/wpweb\/divulgacio\/publicacions\/miscellania\/servei-meteorologic-catalunya-estrena-nou-servei-audiovisual-video-prediccio-pirineu\/\">El Servei Meteorol\u00f2gic de Catalunya estrena un nou servei audiovisual: el v\u00eddeo de la predicci\u00f3 per al Pirineu<\/a> (22\/09\/2016)<\/li>\n<li class=\"page_item page-item-18113\"><a href=\"https:\/\/www.meteo.cat\/wpweb\/divulgacio\/publicacions\/miscellania\/samplia-dos-anys-periode-consulta-dades-destacions-meteorologiques-automatiques-web\/\">S\u2019amplia a dos anys el per\u00edode de consulta de les dades d\u2019Estacions Meteorol\u00f2giques Autom\u00e0tiques al web<\/a> (28\/06\/2016)<\/li>\n<li class=\"page_item page-item-18112\"><a href=\"https:\/\/www.meteo.cat\/wpweb\/divulgacio\/publicacions\/miscellania\/restauracio-conservacio-documentacio-meteorologica-turo-lhome\/\">Restauraci\u00f3 i conservaci\u00f3 de la documentaci\u00f3 meteorol\u00f2gica del Tur\u00f3 de l\u2019Home<\/a> (14\/06\/2016)<\/li>\n<li class=\"page_item page-item-2549\"><a href=\"https:\/\/www.meteo.cat\/wpweb\/divulgacio\/publicacions\/miscellania\/normalitat-batre-records\/\">La normalitat de batre r\u00e8cords<\/a> (24\/05\/2016)<\/li>\n<li class=\"page_item page-item-2542\"><a href=\"https:\/\/www.meteo.cat\/wpweb\/divulgacio\/publicacions\/miscellania\/el-plural-en-meteorologia\/\">El plural en meteorologia<\/a> (18\/04\/2016)<\/li>\n<li class=\"page_item page-item-18109\"><a href=\"https:\/\/www.meteo.cat\/wpweb\/divulgacio\/publicacions\/miscellania\/resum-de-linforme-sobre-la-columna-dozo-a-catalunya\/\">Resum de l\u2019informe sobre la columna d\u2019Oz\u00f3 a Catalunya<\/a> (25\/01\/2016)<\/li>\n<li class=\"page_item page-item-18108\"><a href=\"https:\/\/www.meteo.cat\/wpweb\/divulgacio\/publicacions\/miscellania\/fenomens-de-temps-sever-a-catalunya-cap-a-una-base-de-dades-historica-depisodis\/\">Fen\u00f2mens de \u201ctemps sever\u201d a Catalunya: cap a una base de dades hist\u00f2rica d\u2019episodis<\/a> (23\/10\/2015)<\/li>\n<li class=\"page_item page-item-18105\"><a href=\"https:\/\/www.meteo.cat\/wpweb\/divulgacio\/publicacions\/miscellania\/principals-trets-climatics-del-27-de-setembre\/\">Principals trets clim\u00e0tics del 27 de setembre<\/a> (10\/09\/2015)<\/li>\n<li class=\"page_item page-item-2258\"><a href=\"https:\/\/www.meteo.cat\/wpweb\/divulgacio\/publicacions\/miscellania\/deixants-de-condensacio\/\">Deixants de condensaci\u00f3<\/a> (14\/08\/2015)<\/li>\n<li class=\"page_item page-item-18104\"><a href=\"https:\/\/www.meteo.cat\/wpweb\/divulgacio\/publicacions\/miscellania\/noves-revelacions-sobre-la-possible-desacceleracio-de-lescalfament-global\/\">Noves revelacions sobre la possible desacceleraci\u00f3 de l&#8217;escalfament global<\/a> (22\/07\/2015)<\/li>\n<li class=\"page_item page-item-18103\"><a href=\"https:\/\/www.meteo.cat\/wpweb\/divulgacio\/publicacions\/miscellania\/els-incendis-de-llamp-a-catalunya\/\">Els incendis de llamp a Catalunya<\/a> (09\/07\/2015)<\/li>\n<li class=\"page_item page-item-18102\"><a href=\"https:\/\/www.meteo.cat\/wpweb\/divulgacio\/publicacions\/miscellania\/la-seccio-de-climatologia-del-web-del-servei-meteorologic-de-catalunya-estrena-nova-imatge-i-incorpora-nous-continguts\/\">La secci\u00f3 de climatologia del web del Servei Meteorol\u00f2gic de Catalunya estrena nova imatge i incorpora nous continguts<\/a> (26\/06\/2015)<\/li>\n<li class=\"page_item page-item-18100\"><a href=\"https:\/\/www.meteo.cat\/wpweb\/divulgacio\/publicacions\/miscellania\/parlant-dinterferencies-al-radar-meteorologic\/\">Parlant d\u2019interfer\u00e8ncies al radar meteorol\u00f2gic<\/a> (23\/02\/2015)<\/li>\n<li class=\"page_item page-item-18099\"><a href=\"https:\/\/www.meteo.cat\/wpweb\/divulgacio\/publicacions\/miscellania\/sobre-estimacio-de-la-precipitacio-per-part-del-radar-en-casos-de-nevades-cotes-baixes-la-costa\/\">Sobreestimaci\u00f3 de la precipitaci\u00f3 per part del radar en casos de nevades a cotes baixes a la costa<\/a> (10\/02\/2015)<\/li>\n<li class=\"page_item page-item-18097\"><a href=\"https:\/\/www.meteo.cat\/wpweb\/divulgacio\/publicacions\/miscellania\/ones-de-muntanya\/\">Ones de muntanya<\/a> (18\/12\/2014)<\/li>\n<li class=\"page_item page-item-18096\"><a href=\"https:\/\/www.meteo.cat\/wpweb\/divulgacio\/publicacions\/miscellania\/canvi-en-la-definicio-de-la-calamarsa-la-pedra\/\">Canvi en la definici\u00f3 de la Calamarsa i la Pedra<\/a> (11\/11\/2014)<\/li>\n<li class=\"page_item page-item-18092\"><a href=\"https:\/\/www.meteo.cat\/wpweb\/divulgacio\/publicacions\/miscellania\/premi-la-millor-presentacio-oral-la-vuitena-conferencia-europea-en-radar-meteorologic-hidrologia\/\">Premi a la millor presentaci\u00f3 oral a la 8a Confer\u00e8ncia Europea sobre Radar Meteorol\u00f2gic i Hidrologia<\/a> (17\/09\/2014)<\/li>\n<li class=\"page_item page-item-18087\"><a href=\"https:\/\/www.meteo.cat\/wpweb\/divulgacio\/publicacions\/miscellania\/la-nova-web-del-smc-per-dispositius-mobils\/\">La nova web de l&#8217;SMC per a dispositius m\u00f2bils<\/a> (31\/07\/2014)<\/li>\n<li class=\"page_item page-item-18090\"><a href=\"https:\/\/www.meteo.cat\/wpweb\/divulgacio\/publicacions\/miscellania\/la-premsa-historia-com-eina-de-recopilacio-dinformacio-meteorologica-climatica-el-cas-de-la-ciutat-de-tarragona\/\">La premsa hist\u00f2rica com a eina de recopilaci\u00f3 d&#8217;informaci\u00f3 meteorol\u00f2gica i clim\u00e0tica. El cas de la ciutat de Tarragona<\/a> (21\/07\/2014)<\/li>\n<li class=\"page_item page-item-18089\"><a href=\"https:\/\/www.meteo.cat\/wpweb\/divulgacio\/publicacions\/miscellania\/el-nino-els-seus-impactes-catalunya\/\">El Ni\u00f1o i els seus impactes a Catalunya<\/a> (15\/07\/2014)<\/li>\n<li class=\"page_item page-item-18088\"><a href=\"https:\/\/www.meteo.cat\/wpweb\/divulgacio\/publicacions\/miscellania\/campanya-de-mesures-la-cerdanya-2\/\">Campanya de mesures a la Cerdanya<\/a> (11\/07\/2014)<\/li>\n<li class=\"page_item page-item-18086\"><a href=\"https:\/\/www.meteo.cat\/wpweb\/divulgacio\/publicacions\/miscellania\/1r-webinari-del-meteocat\/\">1r Webinari del Meteocat<\/a> (22\/05\/2014)<\/li>\n<li class=\"page_item page-item-18085\"><a href=\"https:\/\/www.meteo.cat\/wpweb\/divulgacio\/publicacions\/miscellania\/el-servei-meteorologic-de-catalunya-membre-oficial-de-leuropean-meteorological-society-ems\/\">El Servei Meteorol\u00f2gic de Catalunya membre oficial de l\u2019European Meteorological Society (EMS)<\/a> (25\/04\/2014)<\/li>\n<li class=\"page_item page-item-18084\"><a href=\"https:\/\/www.meteo.cat\/wpweb\/divulgacio\/publicacions\/miscellania\/5e-informe-de-lipcc-ipcc-ar5-sobre-impactes-adaptacio-vulnerabilitat\/\">5\u00e8 Informe de l\u2019IPCC (IPCC-AR5) sobre Impactes, Adaptaci\u00f3 i Vulnerabilitat<\/a> (03\/04\/2014)<\/li>\n<li class=\"page_item page-item-1576\"><a href=\"https:\/\/www.meteo.cat\/wpweb\/divulgacio\/publicacions\/miscellania\/recuperacio-historica-dun-tall-de-veu-del-dr-eduard-fontsere-de-1970\/\">Recuperaci\u00f3 hist\u00f2rica d&#8217;un tall de veu del Dr. Eduard Fontser\u00e8 de 1970<\/a> (26\/03\/2014)<\/li>\n<li class=\"page_item page-item-1336\"><a href=\"https:\/\/www.meteo.cat\/wpweb\/divulgacio\/publicacions\/miscellania\/valoracio-de-lepisodi-de-neu-vent-al-pirineu-del-24-25-de-gener-de-2014\/\">Valoraci\u00f3 de l&#8217;episodi de neu i vent al Pirineu del 24 i 25 de gener de 2014<\/a> (06\/02\/2014)<\/li>\n<li class=\"page_item page-item-18081\"><a href=\"https:\/\/www.meteo.cat\/wpweb\/divulgacio\/publicacions\/miscellania\/lany-patxot\/\">Recordant Rafel Patxot i Jubert (1872-1964)<\/a> (28\/01\/2014)<\/li>\n<li class=\"page_item page-item-18079\"><a href=\"https:\/\/www.meteo.cat\/wpweb\/divulgacio\/publicacions\/miscellania\/el-servei-meteorologic-de-catalunya-proteccio-civil-una-forta-collaboracio\/\">El Servei Meteorol\u00f2gic de Catalunya i Protecci\u00f3 Civil:  una forta col\u2022laboraci\u00f3<\/a> (18\/12\/2013)<\/li>\n<li class=\"page_item page-item-18076\"><a href=\"https:\/\/www.meteo.cat\/wpweb\/divulgacio\/publicacions\/miscellania\/col%e2%80%a2loqui-internacional-de-canvi-climatic-en-zones-de-muntanya-organitzat-per-lopcc\/\">Col\u2022loqui internacional de canvi clim\u00e0tic en zones de muntanya organitzat per l&#8217;OPCC<\/a> (05\/11\/2013)<\/li>\n<li class=\"page_item page-item-18075\"><a href=\"https:\/\/www.meteo.cat\/wpweb\/divulgacio\/publicacions\/miscellania\/5e-informe-de-lipcc-ipcc-ar5\/\">5\u00e8 Informe de l\u2019IPCC (IPCC-AR5)<\/a> (28\/10\/2013)<\/li>\n<li class=\"page_item page-item-18072\"><a href=\"https:\/\/www.meteo.cat\/wpweb\/divulgacio\/publicacions\/miscellania\/una-decada-dextrems-climatics-globals\/\">Una d\u00e8cada d\u2019extrems clim\u00e0tics globals<\/a> (18\/07\/2013)<\/li>\n<li class=\"page_item page-item-18070\"><a href=\"https:\/\/www.meteo.cat\/wpweb\/divulgacio\/publicacions\/miscellania\/mesures-de-seguretat-en-cas-de-tempesta\/\">Mesures de seguretat en cas de tempesta<\/a> (05\/07\/2013)<\/li>\n<li class=\"page_item page-item-930\"><a href=\"https:\/\/www.meteo.cat\/wpweb\/divulgacio\/publicacions\/miscellania\/duplicitats-entre-serveis-meteorologics\/\">Duplicitats entre serveis meteorol\u00f2gics? SMC o AEMet?<\/a> (27\/06\/2013)<\/li>\n<li class=\"page_item page-item-18069\"><a href=\"https:\/\/www.meteo.cat\/wpweb\/divulgacio\/publicacions\/miscellania\/com-es-mesura-la-calamarsa-i-la-pedra\/\">Com es mesura la calamarsa i la pedra?<\/a> (26\/06\/2013)<\/li>\n<li class=\"page_item page-item-18068\"><a href=\"https:\/\/www.meteo.cat\/wpweb\/divulgacio\/publicacions\/miscellania\/prediccio-estacional\/\">Predicci\u00f3 estacional<\/a> (25\/06\/2013)<\/li>\n<li class=\"page_item page-item-825\"><a href=\"https:\/\/www.meteo.cat\/wpweb\/divulgacio\/publicacions\/miscellania\/prescat-prediccio-estadistica-per-conjunts-a-catalunya\/\">PRESCAT (PRedicci\u00f3 EStad\u00edstica per conjunts a CATalunya)<\/a> (18\/06\/2013)<\/li>\n<li class=\"page_item page-item-18067\"><a href=\"https:\/\/www.meteo.cat\/wpweb\/divulgacio\/publicacions\/miscellania\/un-estudi-analitza-les-tempestes-de-la-gran-nevada-que-hi-va-haver-a-catalunya-el-2010\/\">Un estudi analitza les tempestes de la gran nevada que hi va haver a Catalunya el 2010<\/a> (10\/06\/2013)<\/li>\n<li class=\"page_item page-item-18063\"><a href=\"https:\/\/www.meteo.cat\/wpweb\/divulgacio\/publicacions\/miscellania\/el-vent-i-la-seva-mesura\/\">El vent i la seva mesura<\/a> (29\/05\/2013)<\/li>\n<li class=\"page_item page-item-18066\"><a href=\"https:\/\/www.meteo.cat\/wpweb\/divulgacio\/publicacions\/miscellania\/creacio-de-la-xarxa-fenologica-de-catalunya-fenocat\/\">Creaci\u00f3 de la xarxa fenol\u00f2gica de Catalunya (FENOCAT)<\/a> (23\/04\/2013)<\/li>\n<li class=\"page_item page-item-18065\"><a href=\"https:\/\/www.meteo.cat\/wpweb\/divulgacio\/publicacions\/miscellania\/automatitzacio-del-radiosondatge-de-barcelona\/\">Automatitzaci\u00f3 del radiosondatge de Barcelona<\/a> (22\/04\/2013)<\/li>\n<li class=\"page_item page-item-18064\"><a href=\"https:\/\/www.meteo.cat\/wpweb\/divulgacio\/publicacions\/miscellania\/avisos-de-situacio-meteorologica-de-perill-smp\/\">Avisos de Situaci\u00f3 Meteorol\u00f2gica de Perill (SMP)<\/a> (19\/02\/2013)<\/li>\n<li class=\"page_item page-item-18060\"><a href=\"https:\/\/www.meteo.cat\/wpweb\/divulgacio\/publicacions\/miscellania\/escenaris-climatics-catalunya\/\">Escenaris clim\u00e0tics amb alta resoluci\u00f3 a Catalunya<\/a> (31\/01\/2013)<\/li>\n<\/ul>\n","protected":false},"excerpt":{"rendered":"","protected":false},"author":7,"featured_media":0,"parent":190,"menu_order":5,"comment_status":"closed","ping_status":"closed","template":"template-sidebar.php","meta":{"_mi_skip_tracking":false,"_monsterinsights_sitenote_active":false,"_monsterinsights_sitenote_note":"","_monsterinsights_sitenote_category":0},"_links":{"self":[{"href":"https:\/\/www.meteo.cat\/wpweb\/wp-json\/wp\/v2\/pages\/18378"}],"collection":[{"href":"https:\/\/www.meteo.cat\/wpweb\/wp-json\/wp\/v2\/pages"}],"about":[{"href":"https:\/\/www.meteo.cat\/wpweb\/wp-json\/wp\/v2\/types\/page"}],"author":[{"embeddable":true,"href":"https:\/\/www.meteo.cat\/wpweb\/wp-json\/wp\/v2\/users\/7"}],"replies":[{"embeddable":true,"href":"https:\/\/www.meteo.cat\/wpweb\/wp-json\/wp\/v2\/comments?post=18378"}],"version-history":[{"count":20,"href":"https:\/\/www.meteo.cat\/wpweb\/wp-json\/wp\/v2\/pages\/18378\/revisions"}],"predecessor-version":[{"id":42146,"href":"https:\/\/www.meteo.cat\/wpweb\/wp-json\/wp\/v2\/pages\/18378\/revisions\/42146"}],"up":[{"embeddable":true,"href":"https:\/\/www.meteo.cat\/wpweb\/wp-json\/wp\/v2\/pages\/190"}],"wp:attachment":[{"href":"https:\/\/www.meteo.cat\/wpweb\/wp-json\/wp\/v2\/media?parent=18378"}],"curies":[{"name":"wp","href":"https:\/\/api.w.org\/{rel}","templated":true}]}}