{"id":1822,"date":"2014-11-25T11:11:57","date_gmt":"2014-11-25T11:11:57","guid":{"rendered":"http:\/\/\/wpweb\/?page_id=1822"},"modified":"2023-06-15T08:47:04","modified_gmt":"2023-06-15T08:47:04","slug":"antecedents","status":"publish","type":"page","link":"https:\/\/www.meteo.cat\/wpweb\/divulgacio\/equipaments-meteorologics\/estacions-meteorologiques-automatiques\/xarxa-destacions-meteorologiques-automatiques-xema\/antecedents\/","title":{"rendered":"Antecedents"},"content":{"rendered":"\n<p>Atenent a la Llei de Meteorologia, 15\/2001, en el per\u00edode 2001 \u2013 2005 el SMC ha passat a gestionar part de les EMA que integraven xarxes gestionades per altres departaments de la Generalitat de Catalunya o per d\u2019altres institucions. L\u2019any 2001 es va efectuar el trasp\u00e0s de la Xarxa Agrometeorol\u00f2gica de Catalunya (XAC) del Departament d\u2019Agricultura Ramaderia i Pesca (DARP) al Departament de Medi Ambient (DMA). Posteriorment, l\u2019any 2003 va ser traspassada la Xarxa Nivol\u00f2gica de Catalunya (XANIC), del Institut Cartogr\u00e0fgic de Catalunya (ICC) al SMC. A banda, el SMC ja disposava d\u2019una Xarxa d\u2019Estacions Meteorol\u00f2giques Autom\u00e0tiques pr\u00f2pia, la XMET.<\/p>\n\n\n\n<p>Aix\u00ed, la XEMA \u00e9s el fruit de la unificaci\u00f3 de les EMA integrades a tres xarxes diferents:<\/p>\n\n\n\n<h2>la Xarxa d\u2019Estacions Meteorol\u00f2giques Autom\u00e0tiques (XMET)<\/h2>\n\n\n\n<p>La Xarxa d\u2019Estacions Meteorol\u00f2giques Autom\u00e0tiques es va crear l\u2019any 1996, al Servei de Meteorologia, dins la Direcci\u00f3 General de Qualitat Ambient delDepartament de Medi Ambient, amb l\u2019objectiu de con\u00e8ixer la situaci\u00f3 meteorol\u00f2gica en temps real a tot el territori i millorar el coneixement clim\u00e0tic del pa\u00eds.<\/p>\n\n\n\n<h2>les EMA de la Xarxa Agrometeorol\u00f2gica de Catalunya (XAC)<\/h2>\n\n\n\n<p>La Xarxa Agrometeorol\u00f2gica de Catalunya es va crear l\u2019any 1988 per part del Departament d\u2019Agricultura Ramaderia i Pesca per donar suport a les activitats agr\u00edcoles i forestals. Per aix\u00f2, a m\u00e9s dels sensors pr\u00f2piament meteorol\u00f2gics, es va dotar de sensors espec\u00edfics com el d&#8217;irradi\u00e0ncia neta, el de temperatura de subs\u00f2l, el de contingut d\u2019aigua al s\u00f2l i el d\u2019humitat de combustible forestal. Les estacions espec\u00edficament destinades al control de plagues i malalties de conreus es van equipar amb un sensor de mesura del grau d\u2019humectaci\u00f3 de les fulles.<br><\/p>\n\n\n\n<p>Les dades agrometeorol\u00f2giques es poden consultar a trav\u00e9s del web <a href=\"https:\/\/ruralcat.gencat.cat\/\">Ruralcat<\/a><\/p>\n\n\n\n<h2>les EMA de la Xarxa Nivol\u00f2gica de Catalunya (XANIC)<\/h2>\n\n\n\n<p>La Xarxa Nivol\u00f2gica de Catalunya va comen\u00e7ar a implantar-se l\u2019hivern del 1997 al Pirineu de Catalunya per part de l\u2019Institut Cartogr\u00e0fic de Catalunya amb l\u2019objectiu d\u2019obtenir dades de l\u2019estat del temps i el mantell nival a alta muntanya per a la predicci\u00f3 d\u2019allaus.<br><\/p>\n\n\n\n<p>Degut a la diferent proced\u00e8ncia de les xarxes, les EMA no estaven ni instal\u00b7lades ni configurades atenent als mateixos criteris i, per aquest motiu, actualment el SMC est\u00e0 modificant algunes instal\u00b7lacions i implantant de forma progressiva a totes les EMA de la XEMA criteris homogenis en relaci\u00f3 als aspectes de mostreig i adquisici\u00f3 de les dades, al manteniment dels equips o als controls de qualitat que s\u2019apliquen a les dades que aquestes generen. Molts d\u2019aquests aspectes es recullen a normatives UNE (<a href=\"http:\/\/www.aenor.es\">www.aenor.es<\/a>) existents, en relaci\u00f3 a les xarxes d\u2019estacions meteorol\u00f2giques autom\u00e0tiques.<\/p>\n","protected":false},"excerpt":{"rendered":"<p>Atenent a la Llei de Meteorologia, 15\/2001, en el per\u00edode 2001 \u2013 2005 el SMC ha passat a gestionar part de les EMA que integraven xarxes gestionades per altres departaments de la Generalitat de Catalunya o per d\u2019altres institucions. L\u2019any 2001 es va efectuar el trasp\u00e0s de la Xarxa Agrometeorol\u00f2gica de Catalunya (XAC) del Departament [&hellip;]<\/p>\n","protected":false},"author":4,"featured_media":0,"parent":1813,"menu_order":1,"comment_status":"closed","ping_status":"open","template":"template-sidebar.php","meta":{"_mi_skip_tracking":false,"_monsterinsights_sitenote_active":false,"_monsterinsights_sitenote_note":"","_monsterinsights_sitenote_category":0},"_links":{"self":[{"href":"https:\/\/www.meteo.cat\/wpweb\/wp-json\/wp\/v2\/pages\/1822"}],"collection":[{"href":"https:\/\/www.meteo.cat\/wpweb\/wp-json\/wp\/v2\/pages"}],"about":[{"href":"https:\/\/www.meteo.cat\/wpweb\/wp-json\/wp\/v2\/types\/page"}],"author":[{"embeddable":true,"href":"https:\/\/www.meteo.cat\/wpweb\/wp-json\/wp\/v2\/users\/4"}],"replies":[{"embeddable":true,"href":"https:\/\/www.meteo.cat\/wpweb\/wp-json\/wp\/v2\/comments?post=1822"}],"version-history":[{"count":4,"href":"https:\/\/www.meteo.cat\/wpweb\/wp-json\/wp\/v2\/pages\/1822\/revisions"}],"predecessor-version":[{"id":38200,"href":"https:\/\/www.meteo.cat\/wpweb\/wp-json\/wp\/v2\/pages\/1822\/revisions\/38200"}],"up":[{"embeddable":true,"href":"https:\/\/www.meteo.cat\/wpweb\/wp-json\/wp\/v2\/pages\/1813"}],"wp:attachment":[{"href":"https:\/\/www.meteo.cat\/wpweb\/wp-json\/wp\/v2\/media?parent=1822"}],"curies":[{"name":"wp","href":"https:\/\/api.w.org\/{rel}","templated":true}]}}