{"id":18119,"date":"2017-01-30T14:29:50","date_gmt":"2017-01-30T13:29:50","guid":{"rendered":"http:\/\/10.116.16.72\/test\/?p=2748"},"modified":"2022-04-13T09:13:50","modified_gmt":"2022-04-13T09:13:50","slug":"1947-01-26_70-anys-gran-nevada-gener-1947","status":"publish","type":"page","link":"https:\/\/www.meteo.cat\/wpweb\/divulgacio\/publicacions\/efemerides\/1947-01-26_70-anys-gran-nevada-gener-1947\/","title":{"rendered":"70 anys de la Gran Nevada de gener de 1947"},"content":{"rendered":"\n<p><strong>PUBLICADA EL 30\/01\/2017<\/strong><\/p>\n\n\n\n<p>La setmana passada es van complir 70 anys del <strong>temporal de neu, vent i onatge del<\/strong> <strong>24-26 de gener de 1947<\/strong>. Aquesta \u00e9s la nevada m\u00e9s important dels \u00faltims 130 anys al litoral i prelitoral de Girona. Van registrar-se gruixos de neu extraordinaris a la mateixa l\u00ednia de la costa, on la precipitaci\u00f3 va ser m\u00e9s intensa, amb valors de fins a <strong>100 cm a Portbou<\/strong> <strong>(40 m), 85 cm a Palam\u00f3s (12 m) i la Bisbal d\u2019Empord\u00e0 (35 m), i 80 cm a Calonge (36 m)<\/strong>. Al<strong> mass\u00eds de les Salines<\/strong> i <strong>la serra de l\u2019Albera <\/strong>els gruixos de neu van ser superiors als <strong>100 cm<\/strong>, amb uns <strong>150 cm<\/strong> a <strong>Ma\u00e7anet de Cabrenys (370 m)<\/strong>. A les Terres de Ponent la nevada tamb\u00e9 va ser considerable a l\u2019<strong>Urgell<\/strong> amb un gruix m\u00e0xim de <strong>120 cm a Sant Mart\u00ed de Mald\u00e0 (382 m)<\/strong>.<\/p>\n\n\n\n<p>El fort vent que va acompanyar el temporal de neu va produir congestes d\u2019entre <strong>1 i 3 m<\/strong> a moltes viles del <strong>mass\u00eds de les Salines, serra de l\u2019Albera,<\/strong> <strong>Empord\u00e0 i Costa Brava<\/strong>. Aquest fet va fer molt dif\u00edcil mesurar la precipitaci\u00f3 que realment va caure, aix\u00ed com el gruix de la neu acumulada. Per aix\u00f2 es van publicar a la premsa de l\u2019\u00e8poca gruixos de neu caiguts del tot inversemblants, com els 175 cm de Palam\u00f3s o els 160 cm de la Bisbal d\u2019Empord\u00e0.<\/p>\n\n\n\n<div class=\"wp-block-image\"><figure class=\"aligncenter\"><a href=\"https:\/\/c1.staticflickr.com\/1\/586\/32171901580_5731d6c825_o.jpg\" rel=\"noopener noreferrer\"><img src=\"https:\/\/c1.staticflickr.com\/1\/586\/32171901580_1fed7de983.jpg\" alt=\"(obre foto gran)\"\/><\/a><figcaption>Imatge esquerra: Carrer de Josep F\u00e0brega i Pou de Palam\u00f3s (3 m) el 25 de gener de 1947 totalment cobert per una capa de neu superior als 80 cm (Font: \u00c0lex Tur, <a href=\"http:\/\/tempspalamos.blogspot.com.es\/search?q=nevada+any+1947\" target=\"_blank\" rel=\"noopener noreferrer\">Blog del Temps a Palam\u00f3s<\/a>). Imatge dreta: Destrosses produ\u00efdes pel fort onatge a la l\u00ednia del ferrocarril del Maresme, entre Caldes d\u2019Estrac i Arenys de Mar, el 26 de gener de 1947. (Font: Revista Destino, n\u00fam. 498 de l\u20191 de febrer de 1947. ARCA, Arxiu de Revistes Catalanes Antigues de la Biblioteca de Catalunya).<\/figcaption><\/figure><\/div>\n\n\n\n<div class=\"wp-block-image\"><figure class=\"aligncenter\"><img src=\"https:\/\/c1.staticflickr.com\/1\/288\/32171901470_ec8e8fb8e5.jpg\" alt=\"Imatge del carrer de Ramon Boy de Torroella de Montgr\u00ed (20 m) el 25 de gener de 1947, amb un gruix de neu al voltant dels 50 cm (obre foto gran)\"\/><figcaption>Imatge del carrer de Ramon Boy de Torroella de Montgr\u00ed (20 m) el 25 de gener de 1947, amb un gruix de neu al voltant dels 50 cm. Es pot veure com la superf\u00edcie de la neu acumulada \u00e9s molt irregular a causa del fort vent (Font: M\u00f2nica Martinoy, Centre de Documentaci\u00f3 del <a href=\"http:\/\/www.museudelamediterrania.cat\/\" target=\"_blank\" rel=\"noopener noreferrer\">Museu de la Mediterr\u00e0nia<\/a> de Torroella de Montgr\u00ed).<\/figcaption><\/figure><\/div>\n\n\n\n<h2><strong>Descripci\u00f3 de l\u2019episodi<\/strong><\/h2>\n\n\n\n<p>El 22 de gener de 1947 va tenir lloc l\u2019inici d\u2019una entrada d\u2019aire fred procedent del centre d\u2019Europa que va provocar un ambient g\u00e8lid a tot el pa\u00eds, generant les condicions \u00f2ptimes per tal que la cota de neu fos al nivell del mar. Aix\u00ed doncs, l\u2019arribada cap al mar Balear d\u2019una profunda borrasca el dia 24 va iniciar una llevantada que va comportar precipitacions de neu fins al nivell del mar al nord-est de Catalunya.<\/p>\n\n\n\n<p>La neu va comen\u00e7ar a caure la tarda i vespre del 24 de gener de 1947 a molts indrets de &nbsp;Catalunya, sobretot del sector nord-est del pa\u00eds, intensificant-se la nevada per la nit del dia 24 i la matinada del dia 25, especialment a la costa de l\u2019Empord\u00e0 i prelitoral giron\u00ed, on la precipitaci\u00f3 va caure amb m\u00e9s intensitat. Durant tot el dia 25 va estar nevant intensament, sobretot a la meitat est del pa\u00eds, aix\u00ed com a la serra de Tivissa i les conques altes dels rius Corb i Foix, amb gruixos de neu superiors als 50 cm. Durant la matinada del 26 va arribar a nevar d\u00e8bilment per\u00f2 sense agafar la neu a terra al delta de l\u2019Ebre, la Costa Daurada i costa Central, inclosa la ciutat de Barcelona. Durant el mat\u00ed del dia 26 la nevada va anar remetent fins a desapar\u00e8ixer cap al migdia.<\/p>\n\n\n\n<p>La nevada va venir acompanyada de fortes r\u00e0fegues de vent que van produir congestes de neu superiors als 100 cm en moltes poblacions de l\u2019Empord\u00e0, com en el cas de <strong>Portbou, la Jonquera, el Port de la Selva, Roses, Palam\u00f3s, la Bisbal de l\u2019Empord\u00e0 i Sant Feliu de Gu\u00edxols<\/strong>, entre d\u2019altres. Aquest fet va fer dif\u00edcil la mesura del gruix de neu real que havia caigut, aix\u00ed com el valor exacte de precipitaci\u00f3 l\u00edquida corresponent. Tamb\u00e9 va provocar un temporal molt dur de mar. El fort onatge va destrossar nombroses platges.<\/p>\n\n\n\n<p>Durant els quasi tres dies que va durar la nevada, van acumular-se importants gruixos de neu superiors als <strong>100 cm<\/strong> a <strong>l\u2019Empord\u00e0 i Urgell<\/strong>. Destaquen els seg\u00fcents gruixos m\u00e0xims de neu assolits durant tota la nevada: <strong>150 cm<\/strong> a <strong>Ma\u00e7anet de Cabrenys (370 m)<\/strong>, <strong>120 cm<\/strong> a <strong>Sant Mart\u00ed de Mald\u00e0 (382 m) <\/strong>i <strong>100 cm<\/strong> a <strong>Portbou (40 m)<\/strong>.<\/p>\n\n\n\n<p>Al Pa\u00eds Valenci\u00e0, la nevada tamb\u00e9 va ser molt intensa a les muntanyes castellonenques de l\u2019Alt Maestrat i els Ports, aix\u00ed com a les zones m\u00e9s elevades de la Vall d\u2019Albaida on el gruix de la neu&nbsp; acumulada es va apropar als 200 cm. Gran part de la Pen\u00ednsula es va veure afectada per la neu per\u00f2 en menor grau, sobretot el Cant\u00e0bric, Castella i Lle\u00f3. Va arribar a nevar fins i tot a les ciutats de C\u00f2rdova (100 m) i Sevilla (10 m), indrets molt poc acostumats a observar aquest meteor.<\/p>\n\n\n\n<p>A la Catalunya Nord les nevades tamb\u00e9 van ser intenses acumulant-se gruixos importants de fins a <strong>43 cm a Perpiny\u00e0 (Rossell\u00f3, 40 m)<\/strong> i superiors als 100 cm a la cara nord del mass\u00eds de les Salines i la serra de l\u2019Albera.<\/p>\n\n\n\n<p>A partir del dia 26 la situaci\u00f3 va canviar cap a una tramuntanada, finalitzant la nevada a cotes baixes per\u00f2 afavorint una nova entrada d\u2019aire fred a Catalunya. Aix\u00ed doncs, la neu caiguda pr\u00e8viament va acabar de gelar-se en molts indrets.<\/p>\n\n\n\n<p>Entre el 28 i 29 de gener de 1947 una nova llevantada, menys intensa que la primera, va tornar a produir nevades a gran part de Catalunya, sobretot a la costa Central, interior de les demarcacions de Barcelona i Girona, aix\u00ed com el Pirineu oriental. Aquesta nova nevada va deixar gruixos de fins a <strong>25 cm a Ribes de Freser i Prats de Llu\u00e7an\u00e8s i 20 cm a Balsareny i Santa Coloma de Farners<\/strong>. Va tornar a nevar a tota la ciutat de Barcelona, per\u00f2 nom\u00e9s va agafar la neu a la part alta amb <strong>5 cm<\/strong> a l\u2019<strong>Observatori Fabra<\/strong>. Gruixos similars van registrar-se a tot el Vall\u00e8s.<\/p>\n\n\n\n<p>Els m\u00e0xims de precipitaci\u00f3 es van registrar a les zones on van acumular-se els majors gruixos de neu, amb valors superiors <strong>als 100 mm<\/strong> al <strong>mass\u00eds de les Salines,<\/strong> <strong>les conques altes del Corb, Ondara, Gai\u00e0 i Foix, la serra de l\u2019Albera<\/strong> <strong>i la Costa Brava<\/strong>. Per contra, com sol ser habitual durant els temporals de llevant a l\u2019hivern, al Pirineu occidental la nevada va ser poc important, amb algunes zones on pr\u00e0cticament no va nevar.<\/p>\n\n\n\n<p>Els observadors van trobar dificultats a l\u2019hora de mesurar correctament la quantitat de precipitaci\u00f3 l\u00edquida que va caure durant l\u2019episodi, ja que una part es devia perdre pels forts cops de vent que van acompanyar la nevada. La falta de mesures complement\u00e0ries fa dif\u00edcil elaborar un llistat amb els valors de precipitaci\u00f3 registrats. No es disposa de la suficient informaci\u00f3 per validar la gran majoria dels registres d\u2019aquest episodi a la base de dades hist\u00f2riques del Servei Meteorol\u00f2gic de Catalunya. D\u2019altra banda s\u00ed que s\u2019ofereix un llistat amb els gruixos de neu enregistrats.<\/p>\n\n\n\n<p>A continuaci\u00f3 es mostra un llistat amb tots els gruixos m\u00e0xims de neu acumulats disponibles a la xarxa d\u2019observadors de Catalunya durant el 24-26 de gener de 1947. Tamb\u00e9 s\u2019inclouen alguns valors de la Catalunya Nord i de l\u2019Arag\u00f3.<\/p>\n\n\n\n<div class=\"wp-block-image\"><figure class=\"aligncenter\"><a href=\"https:\/\/c1.staticflickr.com\/1\/261\/31738972913_1ee7c3f981_o.jpg\"><img src=\"https:\/\/c1.staticflickr.com\/1\/261\/31738972913_8bbbd19aba_z.jpg\" alt=\"Taula de M\u00e0xim gruix de neu acumulada (cm) 24-26 de gener de 1947\"\/><\/a><\/figure><\/div>\n\n\n\n<h2><strong>An\u00e0lisi meteorol\u00f2gica<\/strong><\/h2>\n\n\n\n<p>A partir del 22 de gener de 1947 va penetrar una massa d&#8217;aire molt fred del centre d\u2019Europa, provocant un ambient g\u00e8lid per\u00f2 molt sec a tot Catalunya, aix\u00ed com les condicions necess\u00e0ries perqu\u00e8 la cota de neu se situ\u00e9s a nivell del mar a tot el pa\u00eds. Aquesta entrada va deixar valors de temperatura a 850 hPa (~ 1500 m) inferiors als -5 \u2070C a la meitat nord del pa\u00eds i als -10 \u2070C al Pirineu, el dia 24. El mateix dia, al nivell de 500 hPa (~ 5000 m) al Pirineu la temperatura era inferiors als -25 \u2070C.<\/p>\n\n\n\n<p><strong>Evoluci\u00f3 en superf\u00edcie:<\/strong> Els dies 24 i 25 va despla\u00e7ar-se una depressi\u00f3 pel sud-oest de la pen\u00ednsula Ib\u00e8rica des del golf de Cadis a conseq\u00fc\u00e8ncia del bloqueig provocat per un potent anticicl\u00f3 entre Escandin\u00e0via i les illes Brit\u00e0niques (amb valors de pressi\u00f3 al seu centre superiors als 1040 hPa). Aix\u00f2 va comportar un marcat temporal de llevant amb nevades a gaireb\u00e9 tot el pa\u00eds, per\u00f2 principalment al litoral i prelitoral gironins, aix\u00ed com a la depressi\u00f3 Central. El refor\u00e7ament del temporal de llevant durant el dia 25, coincidint tant amb l\u2019aprofundiment de la borrasca sobre el sud de les Balears (amb valors de pressi\u00f3 al seu centre inferiors als 988 hPa) com amb la intensificaci\u00f3 del centre de l\u2019anticicl\u00f3 que se situ\u00e0 sobre Esc\u00f2cia. El temporal va durar gaireb\u00e9 tres dies, fent possible que s\u2019acumulessin els grans gruixos de neu al mass\u00eds de les Salines, serra de l\u2019Albera, Empord\u00e0, Costa Brava i les conques altes dels rius Corb i Foix. L\u2019allunyament de la depressi\u00f3 cap a Sardenya amb el gir del vent en superf\u00edcie cap a gregal el vespre del dia 25, i a tramuntana durant el dia 26, va fer acabar la nevada.<\/p>\n\n\n\n<p><strong>Evoluci\u00f3 en al\u00e7ada:<\/strong> Durant gaireb\u00e9 els tres dies del temporal va donar-se una situaci\u00f3 meteorol\u00f2gica molt inestable pel cisallament del vent en al\u00e7ada: de llevant en superf\u00edcie, entre llevant i nord-est a 850 hPa, i entre sud-oest i sud a 500 hPa. A m\u00e9s a m\u00e9s, l\u2019aportaci\u00f3 d\u2019aire humit de la mediterr\u00e0nia potencialment inestable a nivells baixos i mitjans de la troposfera va ser constant durant els dies que va durar l\u2019episodi, fent possible les grans acumulacions de neu i precipitaci\u00f3. El fet que en superf\u00edcie el vent fos for\u00e7a agregalat va permetre que el fred acumulat al sector nord-est del pa\u00eds no es vei\u00e9s despla\u00e7at per aire m\u00e9s c\u00e0lid provinent de la Mediterr\u00e0nia com sol passar sovint en aquest tipus de situacions, i que per tant, nev\u00e9s fins al nivell del mar durant tot el temporal a la Costa Brava..<\/p>\n\n\n\n<p>A continuaci\u00f3 es presenten els mapes de les <a href=\"http:\/\/www.esrl.noaa.gov\/psd\/data\/gridded\/data.20thC_ReanV2c.monolevel.html\">rean\u00e0lisis del 20CRP<\/a> (NCAR-NCEP, EUA) a les 00 UTC del 25\/01\/1947 (mapes de l\u2019esquerra) i 26\/01\/1947 (mapes de la dreta) per als camps de temperatura, geopotencial i vent a 500 i 850 hPa (mapes superiors i centrals). Tamb\u00e9 es mostren els camps de temperatura, pressi\u00f3 al nivell del mar i vent en superf\u00edcie (mapes inferiors). En tots ells poden identificar-se els trets meteorol\u00f2gics generals de l\u2019episodi comentats anteriorment.<\/p>\n\n\n\n<div class=\"wp-block-image\"><figure class=\"aligncenter\"><a href=\"https:\/\/c1.staticflickr.com\/1\/656\/32428524691_bc268e8f80_o.jpg\"><img src=\"https:\/\/c1.staticflickr.com\/1\/656\/32428524691_3a341c4dbf_z.jpg\" alt=\"Mapes de les rean\u00e0lisis del 20CRP (NCAR-NCEP, EUA) \"\/><\/a><\/figure><\/div>\n\n\n\n<h2><strong>Danys produ\u00efts<\/strong><\/h2>\n\n\n\n<p>La gran acumulaci\u00f3 de neu en algunes viles de la Costa Brava, poc acostumades a nevades tan importants, va provocar l\u2019esfondrament d\u2019algunes teulades. Gaireb\u00e9 totes les principals carreteres i l\u00ednies de ferrocarril del sector nord-est del pa\u00eds van quedar colgades de neu deixant incomunicades nombroses viles durant gaireb\u00e9 tres setmanes. En algunes vies del ferrocarril les sobreacumulacions de neu van superar els dos metres.<\/p>\n\n\n\n<p>Les importants congestes de neu provocades pel fort vent van oferir estampes in\u00e8dites a diverses viles de la Costa Brava o de l\u2019Empord\u00e0. Per exemple, des d&#8217;algunes cases de Palam\u00f3s es podia sortir al carrer baixant des dels balcons a trav\u00e9s de les muntanyes de neu. Al Port de la Selva, Palam\u00f3s o Portbou van excavar t\u00fanels a la neu per poder transitar pels carrers. A la Bisbal d\u2019Empord\u00e0, la neu acumulada pel vent va arribar a cobrir completament les portes d&#8217;alguns habitatges.<\/p>\n\n\n\n<p>A zones interiors la neu es va gla\u00e7ar, incrementant el perill d\u2019accident per relliscada o caiguda. De fet hi ha not\u00edcies de nombrosos accidents d\u2019aquest tipus a la ciutat de Girona.<\/p>\n\n\n\n<p>El fort onatge generat pel temporal de mar va destrossar nombroses platges tant del litoral catal\u00e0 com valenci\u00e0. Les onades van malmetre un tram important del ferrocarril entre Arenys de Mar i Caldes d\u2019Estrac, on a m\u00e9s dues cases a prop de la platja van quedar destrossades per la for\u00e7a de les onades.<\/p>\n\n\n\n<p>Al Pa\u00eds Valenci\u00e0, el temporal de mar tamb\u00e9 va ser molt dur, aix\u00ed a la costa dels Tarongers les onades van inundar la petita vila de pescadors de Torrenostra a Torreblanca (Plana Alta) i els seus habitants van haver de ser evacuats.<\/p>\n\n\n\n<p>Les viles del litoral i prelitoral giron\u00ed no havien patit un temporal tan dur des d\u2019almenys l\u2019any 1884. Des d\u2019aleshores no ha tornat a haver-hi cap d\u2019igual. El fort temporal de neu del 8 de mar\u00e7 de 2010, tot i ser intens, va ser de menor magnitud que el del 24-26 de gener de 1947. Per aix\u00f2 aquells que el van viure no l\u2019obliden.<\/p>\n\n\n\n<h2><strong>Agra\u00efments<\/strong><\/h2>\n\n\n\n<p>Volem agrair la col\u00b7laboraci\u00f3 dels observadors de la XOM Josep Pascual Massaguer (l\u2019Estartit) i la M\u00f2nica Martinoy (Torroella de Montgr\u00ed) per haver-nos facilitat informaci\u00f3 i fotografies de la gran nevada a Torroella de Montgr\u00ed.<\/p>\n\n\n\n<h2><strong>Enlla\u00e7os d\u2019inter\u00e8s<\/strong><\/h2>\n\n\n\n<p>&#8211; El Temps a Palam\u00f3s (2015): <a href=\"http:\/\/tempspalamos.blogspot.com.es\/search?q=nevada+any+1947&amp;max-results=20&amp;by-date=true\">Recull d\u2019articles sobre la nevada de 1947<\/a> (Enlla\u00e7 del Blog del Temps a Palam\u00f3s amb totes les entrades relacionades amb la nevada del 24-25 de gener de 1947 a Palam\u00f3s amb moltes fotografies il\u00b7lustratives).<\/p>\n","protected":false},"excerpt":{"rendered":"<p>PUBLICADA EL 30\/01\/2017 La setmana passada es van complir 70 anys del temporal de neu, vent i onatge del 24-26 de gener de 1947. Aquesta \u00e9s la nevada m\u00e9s important dels \u00faltims 130 anys al litoral i prelitoral de Girona. Van registrar-se gruixos de neu extraordinaris a la mateixa l\u00ednia de la costa, on la [&hellip;]<\/p>\n","protected":false},"author":7,"featured_media":0,"parent":18384,"menu_order":0,"comment_status":"open","ping_status":"open","template":"template-sidebar.php","meta":{"_mi_skip_tracking":false,"_monsterinsights_sitenote_active":false,"_monsterinsights_sitenote_note":"","_monsterinsights_sitenote_category":0},"_links":{"self":[{"href":"https:\/\/www.meteo.cat\/wpweb\/wp-json\/wp\/v2\/pages\/18119"}],"collection":[{"href":"https:\/\/www.meteo.cat\/wpweb\/wp-json\/wp\/v2\/pages"}],"about":[{"href":"https:\/\/www.meteo.cat\/wpweb\/wp-json\/wp\/v2\/types\/page"}],"author":[{"embeddable":true,"href":"https:\/\/www.meteo.cat\/wpweb\/wp-json\/wp\/v2\/users\/7"}],"replies":[{"embeddable":true,"href":"https:\/\/www.meteo.cat\/wpweb\/wp-json\/wp\/v2\/comments?post=18119"}],"version-history":[{"count":5,"href":"https:\/\/www.meteo.cat\/wpweb\/wp-json\/wp\/v2\/pages\/18119\/revisions"}],"predecessor-version":[{"id":34066,"href":"https:\/\/www.meteo.cat\/wpweb\/wp-json\/wp\/v2\/pages\/18119\/revisions\/34066"}],"up":[{"embeddable":true,"href":"https:\/\/www.meteo.cat\/wpweb\/wp-json\/wp\/v2\/pages\/18384"}],"wp:attachment":[{"href":"https:\/\/www.meteo.cat\/wpweb\/wp-json\/wp\/v2\/media?parent=18119"}],"curies":[{"name":"wp","href":"https:\/\/api.w.org\/{rel}","templated":true}]}}