{"id":18118,"date":"2017-01-13T12:25:46","date_gmt":"2017-01-13T11:25:46","guid":{"rendered":"http:\/\/10.116.16.72\/test\/?p=2721"},"modified":"2024-11-18T11:52:50","modified_gmt":"2024-11-18T11:52:50","slug":"1977-01-06_40-anys-laiguat-reis","status":"publish","type":"page","link":"https:\/\/www.meteo.cat\/wpweb\/divulgacio\/publicacions\/efemerides\/1977-01-06_40-anys-laiguat-reis\/","title":{"rendered":"40 anys de l\u2019Aiguat de Reis (1977)"},"content":{"rendered":"\n<p><strong>PUBLICADA EL 13\/01\/2017<\/strong><\/p>\n\n\n\n<p>La setmana passada van complir-se 40 anys del <strong>temporal de llevant<\/strong> del <strong>5-7 de gener de 1977<\/strong>, el qual va provocar importants aiguats al nord-est de Catalunya i una alteraci\u00f3 mar\u00edtima considerable a la costa catalana. Va ser un temporal de pluja t\u00edpic de la tardor, per\u00f2 en un mes de gener, i amb valors de pressi\u00f3 atmosf\u00e8rica for\u00e7a elevats. Clim\u00e0ticament gener es caracteritza per una situaci\u00f3 anticicl\u00f2nica amb vent en calma en superf\u00edcie i poca precipitaci\u00f3 en general. De fet, els elevats valors de pressi\u00f3 atmosf\u00e8rica sobre la Mediterr\u00e0nia occidental durant molt dies seguits causen un descens del nivell del mar, conegut com les minves de gener.<\/p>\n\n\n\n<p>Els valors m\u00e9s importants de precipitaci\u00f3 al llarg de l\u2019episodi van tenir lloc durant la festivitat del <strong>Dia de Reis <\/strong>(6 de gener). Va afectar una \u00e0mplia zona del litoral i prelitoral del sector nord-est del pa\u00eds, des la Selva i el Vall\u00e8s Oriental fins a l\u2019Empord\u00e0, amb un registre m\u00e0xim de <strong>233,0 mm<\/strong> a <strong>la ciutat de Girona<\/strong>. Altres registres importants varen ser els <strong>206,0 mm a Jafre<\/strong> i <strong>194,0 mm al Monestir de Santa Maria de Solius<\/strong>, al Baix Empord\u00e0. Cal recordar que totes aquestes dades van ser mesurades des de les <strong>7 UTC del 6 de gener<\/strong> fins a les <strong>7 UTC del 7 de gener de 1977<\/strong>, tal com pertoca als registres realitzats de forma manual, en el que es coneix com a <strong>dia pluviom\u00e8tric<\/strong>.<\/p>\n\n\n\n<p>En el total de l\u2019episodi (dies pluviom\u00e8trics 5, 6 i 7) van registrar-se <strong>281,4 mm a Girona, 260,0 mm al Port de la Selva, 234,9 mm al Monestir de Santa Maria de Solius i 229,0 mm a Torroella de Montgr\u00ed.<\/strong><\/p>\n\n\n\n<p>Una important entrada d\u2019aire fred els dies anteriors va fer que comenc\u00e9s nevant el vespre del dia 5 a gaireb\u00e9 tot l\u2019interior del pa\u00eds per damunt dels 300-400 m. La cota de neu a la meitat est de Catalunya va pujar r\u00e0pidament situant-se a m\u00e9s de 1700-1900 m el dia 6 per l\u2019advecci\u00f3 d\u2019aire c\u00e0lid i mar\u00edtim de llevant a la meitat nord. Per contra, com sol passar en aquest tipus de situacions a l\u2019hivern, a la meitat oest del pa\u00eds l\u2019aire fred va mantenir-se, afavorint nevades intenses al prelitoral de Tarragona i punts de les Terres de Ponent per damunt de tant sols 200-400 m. Aix\u00ed doncs, van acumular-se el dia 6 fins a <strong>75 cm<\/strong> de neu <strong>a Falset (350 m)<\/strong>, <strong>20 cm a Prades (950 m)<\/strong> i <strong>12 cm a la Bisbal de Falset (372 m)<\/strong>.<\/p>\n\n\n\n<p>Els forts aiguats van provocar el desbordament de nombrosos torrents i rieres del nord-est de Catalunya, aix\u00ed com del <strong>Dar\u00f3, el Riudaura, el Ter, l\u2019Onyar i el Masrocs<\/strong>. Les inundacions van causar nombrosos danys en camps de cultiu i naus industrials. El fort temporal de llevant al mar, va malmetre platges i passeigs mar\u00edtims de diverses poblacions de la Costa Brava i del Maresme. Per tots aquests motius a l\u2019Empord\u00e0 i comarques ve\u00efnes aquest episodi \u00e9s conegut amb el nom popular de l\u2019<strong>Aiguat de Reis<\/strong>.<\/p>\n\n\n\n<div class=\"wp-block-image\"><figure class=\"aligncenter\"><a href=\"https:\/\/static-m.meteo.cat\/content\/blog\/2017\/01\/FIG01a-Estartit-Salats-GEN1977-JosepPascual.jpg\"><img src=\"https:\/\/static-m.meteo.cat\/content\/blog\/2017\/01\/FIG01a-Estartit-Salats-GEN1977-JosepPascual-1024x688.jpg\" alt=\"FIG01a-Estartit-Salats-GEN1977-JosepPascual\" class=\"wp-image-2729\"\/><\/a><\/figure><\/div>\n\n\n\n<div class=\"wp-block-image\"><figure class=\"aligncenter\"><a href=\"https:\/\/static-m.meteo.cat\/content\/blog\/2017\/01\/FIG01b-Camps-TorrellesEstartit-GEN1977-JosepPascual.jpg\"><img src=\"https:\/\/static-m.meteo.cat\/content\/blog\/2017\/01\/FIG01b-Camps-TorrellesEstartit-GEN1977-JosepPascual-1024x698.jpg\" alt=\"FIG01b-Camps-Torrelles+Estartit-GEN1977-JosepPascual\" class=\"wp-image-2730\"\/><\/a><figcaption>Fotografies del 8 de gener de 1977 dels efectes produ\u00efts pel desbordament del Ter a l\u2019Estartit (Baix Empord\u00e0) a causa dels forts aiguats del 6 de gener de 1977: Zona dels Salats, \u00e0rea que avui dia est\u00e0 urbanitzada (imatge superior); i camps negats d\u2019aigua entre Torrelles de Montgr\u00ed i l\u2019Estartit (imatge inferior) (Font: Josep Pascual, <a href=\"https:\/\/meteolestartit.cat\/\" target=\"_blank\" rel=\"noreferrer noopener\">M\u00e9teo l\u2019Estartit<\/a>).<\/figcaption><\/figure><\/div>\n\n\n\n<h2><strong>Descripci\u00f3 de l\u2019episodi<\/strong><\/h2>\n\n\n\n<p>Entre el 3 i 5 de gener una entrada d\u2019aire fred del nord-est va provocar valors de temperatura for\u00e7a baixos a tot el pa\u00eds amb gla\u00e7ades fortes al Pirineu, on es produ\u00efren nevades destacades a la cara nord i al sector oriental amb gruixos de fins a 35 cm al Santuari de N\u00faria (1971 m).<\/p>\n\n\n\n<p>A partir de la tarda i vespre del dia 5 es va anar configurant una situaci\u00f3 de llevant, m\u00e9s t\u00edpica de la tardor que no pas de l\u2019hivern, amb precipitaci\u00f3 que va anar estenent-se del litoral cap a l\u2019interior. Inicialment va comen\u00e7ar nevant durant la Nit de Reis a molts indrets de l\u2019interior de Catalunya per damunt de tant sols 300-400 m. A la meitat est la cota de neu va anar r\u00e0pidament pujant durant la matinada del dia 6; al llarg del mat\u00ed ja nom\u00e9s queia aiguaneu a llocs for\u00e7a elevats com el Tur\u00f3 de l\u2019Home (1.705 m) o el Santuari de N\u00faria. Per contra, a la meitat oest del pa\u00eds l\u2019aire fred no es va veure despla\u00e7at pel flux de llevant i va estar nevant amb intensitat al prelitoral de Tarragona i punts de les Terres de Ponent per damunt de tant sols 200-400 m, fet habitual en aquest tipus de situacions durant l\u2019hivern. A la mateixa ciutat de <strong>Lleida<\/strong> <strong>(221 m)<\/strong> va arribar a fer una petita enfarinada de <strong>2 cm de gruix <\/strong>la matinada del dia 6. Aix\u00ed doncs, van acumular-se el dia 6 fins a <strong>75 cm<\/strong> de neu <strong>a Falset (350 m)<\/strong>, <strong>20 cm a Prades (950 m)<\/strong> i <strong>12 cm a la Bisbal de Falset (372 m)<\/strong>.<\/p>\n\n\n\n<p>Al Pa\u00eds Valenci\u00e0 la nevada tamb\u00e9 va ser important durant els dies 5 i 6, sobretot a l\u2019interior de la prov\u00edncia de Castell\u00f3 per damunt dels 500-600 m, i a les serres de la Vall d\u2019Albaida, la Marina Alta i el Comtat, acumulant-se fins a <strong>50 cm <\/strong>de neu a <strong>Vistabella del Maestrat (Alcalat\u00e9n, 1250 m) i Vilafranca (Alt Maestrat, 1125 m), 30 cm<\/strong> a <strong>Morella (Ports, 980 m) i 20 cm a Bocairent (Vall d\u2019Albaida, 680 m)<\/strong>.<\/p>\n\n\n\n<p>Els forts aiguats durant el Dia de Reis van ser molt irregulars i concentrats a les serres litorals i prelitorals del nord-est de Catalunya, des de la Selva i el Vall\u00e8s Oriental fins a l\u2019Empord\u00e0. En canvi, a tot el Pirineu occidental i depressi\u00f3 Central hi va ploure poc, com sol passar en les situacions de llevant. Les conques de l\u2019Onyar, sobretot la ciutat de Girona, Dar\u00f3 i Baix Ter varen rebre el gruix dels aiguats, que de cara al vespre van anar perdent intensitat a mesura que es debilitava el flux de llevant a tots els nivells de la troposfera. El dia 7 la pluja va remetre i va quedar restringida al nord-est del pa\u00eds.<\/p>\n\n\n\n<p>Des de les <strong>7 UTC del 6 de gener<\/strong> fins a les <strong>7 UTC del 7 de gener de 1977 <\/strong>(dia pluviom\u00e8tric)<strong>, <\/strong>van registrar-se <strong>233,0 mm<\/strong> a <strong>Girona, 206,0 mm a Jafre<\/strong>, <strong>194,0 mm al Monestir de Santa Maria de Solius<\/strong>,<strong> 191,0 mm al Port de la Selva <\/strong>i<strong> 171,0 mm a Montseny \u2013 Can Vador.<\/strong><\/p>\n\n\n\n<p>En el total de l\u2019episodi (des de les 7 UTC del 05\/01\/1977 fins a les 7 UTC del 08\/01\/1977) destaquen els seg\u00fcents valors totals de precipitaci\u00f3 a Catalunya: <strong>281,4 mm a Girona, 260,0 mm al Port de la Selva<\/strong>,<strong> 234,9 mm al Monestir de Santa Maria de Solius, 229,0 mm a Torroella de Montgr\u00ed<\/strong>,<strong> 219,1 mm al Tur\u00f3 de l\u2019Home<\/strong>,<strong> 213,4 mm a Cadaqu\u00e9s <\/strong>i <strong>211,6 mm a Rupit<\/strong>.<\/p>\n\n\n\n<p>A continuaci\u00f3 es mostra el llistat dels observatoris on els valors de precipitaci\u00f3 van ser superiors als 100 mm durant l\u2019episodi (des de les 07 UTC del 05\/01\/1977 fins a les 07 UTC del 08\/01\/1977) a la Xarxa d\u2019Observadors de Catalunya, aix\u00ed com les precipitacions di\u00e0ries a cadascun d\u2019ells.<\/p>\n\n\n\n<div class=\"wp-block-image\"><figure class=\"aligncenter\"><a href=\"https:\/\/static-m.meteo.cat\/content\/blog\/2017\/01\/FIG02-Taula-PPT-0507GEN1977.jpg\"><img src=\"https:\/\/static-m.meteo.cat\/content\/blog\/2017\/01\/FIG02-Taula-PPT-0507GEN1977-811x1024.jpg\" alt=\"FIG02-Taula-PPT-0507GEN1977\" class=\"wp-image-2732\"\/><\/a><\/figure><\/div>\n\n\n\n<p>Per una altra banda, en el seg\u00fcent llistat es mostren els gruixos m\u00e0xims de neu que van assolir-se a la Xarxa d\u2019Observadors de Catalunya:<\/p>\n\n\n\n<div class=\"wp-block-image\"><figure class=\"aligncenter\"><a href=\"https:\/\/static-m.meteo.cat\/content\/blog\/2017\/01\/FIG03-Taula-GN-0506GEN1977.jpg\"><img src=\"https:\/\/static-m.meteo.cat\/content\/blog\/2017\/01\/FIG03-Taula-GN-0506GEN1977-300x219.jpg\" alt=\"FIG03-Taula-GN-0506GEN1977\" class=\"wp-image-2733\"\/><\/a><\/figure><\/div>\n\n\n\n<p>Tot seguit es mostren uns mapes aproximats del camp de precipitaci\u00f3 total acumulada <strong>des de les 7 UTC del 5 fins a les 7 UTC del 8 de gener de 1977<\/strong> (a tot Catalunya i als sectors nord-est i sud-oest), a partir d\u2019una malla de recent creaci\u00f3 d\u20191 km de resoluci\u00f3 espacial de dades observades (calculada tenint en compte l\u2019altitud, latitud, longitud i dist\u00e0ncia al mar de totes les estacions pluviom\u00e8triques disponibles). En aquests mapes es pot apreciar b\u00e9 com d\u2019irregulars i for\u00e7a locals varen ser els forts aiguats, aix\u00ed com l\u2019efecte d\u2019estar a sobrevent del flux principal de llevant o no. Gran part de la zona litoral i prelitoral va registrar valors abundants de precipitaci\u00f3 per damunt dels 80 mm en 3 dies, mentre que al sector nord-oriental del pa\u00eds va ploure poc. A la zona del Baix Aran i a les valls pirinenques de les conques de la Noguera Pallaresa i Ribagor\u00e7ana, aix\u00ed com de la comarca del Solson\u00e8s, pr\u00e0cticament no va ploure gens. Els m\u00e0xims de precipitaci\u00f3, amb valors superiors als 200 mm en tres dies, van situar-se a les conques de l\u2019Onyar, Dar\u00f3, Baix Ter i cap de Creus, i a les serres del Montseny, Collsacabra i Tivissa.<\/p>\n\n\n\n<div class=\"wp-block-image\"><figure class=\"aligncenter\"><a href=\"https:\/\/static-m.meteo.cat\/content\/blog\/2017\/01\/FIG04-Mapes-PPT_01km-0507GEN1977.jpg\"><img src=\"https:\/\/static-m.meteo.cat\/content\/blog\/2017\/01\/FIG04-Mapes-PPT_01km-0507GEN1977-1024x666.jpg\" alt=\"FIG04-Mapes-PPT_01km-0507GEN1977\" class=\"wp-image-2734\"\/><\/a><\/figure><\/div>\n\n\n\n<h2><strong>An\u00e0lisi meteorol\u00f2gica<\/strong><\/h2>\n\n\n\n<p>La situaci\u00f3 meteorol\u00f2gica entre el 5 i 7 de gener de 1977 va venir caracteritzada per una important llevantada en superf\u00edcie amb valors de pressi\u00f3 atmosf\u00e8rica molt elevats (superiors als 1022-1028 hPa al nord-est de Catalunya), i en al\u00e7ada per un destacat flux d\u2019aire c\u00e0lid i humit d\u2019origen mar\u00edtim, entre llevant i xaloc. El flux de llevant en superf\u00edcie va ser condicionat per la pres\u00e8ncia d\u2019un potent anticicl\u00f3 al sud-oest de les Illes Brit\u00e0niques (amb valors de pressi\u00f3 superiors al 1036 hPa al seu centre) i una zona de baixa pressi\u00f3 relativa al sud de les Balears (amb valors inferiors al 1018 hPa).<\/p>\n\n\n\n<p>Aquesta situaci\u00f3 va provocar forts aiguats principalment a les serres litorals i prelitorals del sector nord-est del pa\u00eds. Quan el flux de llevant es d\u00f3na en un context amb valors d\u2019alta pressi\u00f3, l\u2019aire mar\u00edtim queda confinat a les capes baixes de la troposfera. Aix\u00f2 fa que les petites serres litorals o primers contraforts de les serres prelitorals puguin disparar la convecci\u00f3 per efecte palanca, generant aiguats importants. Aquest tipus de situaci\u00f3 sol ser m\u00e9s habitual a la tardor, sobretot durant els mesos d\u2019octubre i novembre, i no \u00e9s gaire freq\u00fcent en ple hivern. El fet que la temperatura de la superf\u00edcie del mar \u00e9s molt m\u00e9s baixa que a la tardor, va ser limitant a l\u2019hora que no es registressin valors de precipitaci\u00f3 encara molt m\u00e9s elevats dels que es varen mesurar i que podrien haver estat de r\u00e8cord en 24 hores.<\/p>\n\n\n\n<p>Verticalment la troposfera aquells dies presentava un cert cisallament del vent amb l\u2019altura, ja que a 850 hPa (~ 1.500 m d\u2019altura) el vent era entre llevant i sud-est (aportant aire c\u00e0lid i humit amb valors de temperatura superiors als 2 \u00b0C) i a 500 hPa (~ 5.500 m) era del sud-est, per la pres\u00e8ncia d\u2019una borrasca en al\u00e7ada centrada sobre el mar d\u2019Alboran, amb un embossament d\u2019aire fred associat amb valors inferiors als -25 \u00b0C. Aquesta configuraci\u00f3 va afavorir la convecci\u00f3 amb aiguats significatius.<\/p>\n\n\n\n<p>Cal comentar que el dia previ a l\u2019inici del temporal de llevant (dia 4), gran part de Catalunya estava sota la influ\u00e8ncia d\u2019una massa d\u2019aire fred continental amb valors de temperatura a 850 hPa inferiors als -5 \u00b0C, i de prop de -7 \u00b0C al sector nord-occidental del pa\u00eds i depressi\u00f3 Central. Aquest aire fred va fer possible que comenc\u00e9s nevant a molts indrets de l\u2019interior per damunt de 300-400 m la Nit de Reis, per\u00f2 r\u00e0pidament aquesta massa freda va anar escalfant-se i restringint-se cap a ponent per l\u2019important flux de xaloc a 850 hPa, que portava aire m\u00e9s c\u00e0lid del Mediterrani. D\u2019aquesta manera a tota la meitat est del pa\u00eds la cota de neu va pujar sobtadament per damunt dels 1800-1900 m durant la matinada del dia 6, mentre que a les Terres de Ponent i al prelitoral tarragon\u00ed es va mantenir entre 200-400 m. Cap al migdia del dia 6 la temperatura a 850 hPa presentava valors superiors als 0-1 \u00b0C a gran part de Catalunya i superiors als 2-3 \u00b0C cap a la Costa Brava i l\u2019Empord\u00e0. Tot i aix\u00ed, a les capes baixes de la troposfera els valors de temperatura van romandre entre 0 i 3 \u00b0C a la meitat occidental del pa\u00eds, fent possible la continuaci\u00f3 de la nevada a cotes baixes per damunt de 400-500 m. Finalment, la neu va donar pas a la pluja quan ja s\u2019acabava la precipitaci\u00f3.<\/p>\n\n\n\n<p>A continuaci\u00f3 es presenten els mapes de les <a href=\"http:\/\/www.esrl.noaa.gov\/psd\/data\/gridded\/data.20thC_ReanV2c.monolevel.html\">rean\u00e0lisis del 20CRP<\/a> (NCAR-NCEP, EUA) del 05\/01\/1977 a les 18 UTC (mapes de l\u2019esquerra) i del 06\/01\/1977 a les 12 UTC (mapes de la dreta) per als camps de temperatura, geopotencial i vent a 500 i 850 hPa (mapes superiors i centrals). Tamb\u00e9 es mostren els camps de temperatura, pressi\u00f3 al nivell del mar i vent en superf\u00edcie (mapes inferiors). En tots ells poden identificar-se els trets meteorol\u00f2gics generals de l\u2019episodi comentats anteriorment.<\/p>\n\n\n\n<div class=\"wp-block-image\"><figure class=\"aligncenter\"><a href=\"https:\/\/static-m.meteo.cat\/content\/blog\/2017\/01\/FIG05-Reanalisis-20CRP-0506GEN1977.jpg\"><img src=\"https:\/\/static-m.meteo.cat\/content\/blog\/2017\/01\/FIG05-Reanalisis-20CRP-0506GEN1977-739x1024.jpg\" alt=\"FIG05-Reanalisis-20CRP-0506GEN1977\" class=\"wp-image-2735\"\/><\/a><\/figure><\/div>\n\n\n\n<h2><strong>Danys produ\u00efts<\/strong><\/h2>\n\n\n\n<p>Els aiguats van produir nombrosos desbordaments de rius, rieres i torrents al sector nord-est de Catalunya. En especial es varen desbordar <strong>el Dar\u00f3, el Riudaura, el Ter, l\u2019Onyar i el Masrocs<\/strong> i les rieres de <strong>Gotarra i Benaula<\/strong> (Riudellots de la Selva), <strong>Calonge<\/strong> (Sant Antoni de Calonge), <strong>Tossa<\/strong> (Tossa de Mar), <strong>Trencada<\/strong> (Roses), <strong>Romanyac<\/strong> (el Port de la Selva) i <strong>sa Rierassa<\/strong> (Cadaqu\u00e9s), entre d\u2019altres, produint inundacions de molts baixos, carrers i danys en comer\u00e7os.<\/p>\n\n\n\n<p>La majoria dels camps de la plana del Baix Ter i de la conca del Dar\u00f3 varen quedar inundats, aix\u00ed com d\u2019altres zones m\u00e9s interiors de l\u2019Empord\u00e0. La zona de la desembocadura del Ter a l\u2019Estartit, for\u00e7a urbanitzada actualment, va quedar negada d\u2019aigua. Tamb\u00e9 es va inundar la vall de la desembocadura del Riudaura a Platja d\u2019Aro, on molts carrers propers al riu van omplir-se d\u2019aigua i sediments.<\/p>\n\n\n\n<p>El desbordament del Dar\u00f3 va negar carrers de la Bisbal d\u2019Empord\u00e0 i a Gualta el nivell de les aig\u00fces va arribar al cim de l&#8217;antic pont Verd. El camp de futbol de la Bisbal va quedar for\u00e7a afectat per la inundaci\u00f3, aix\u00ed com algunes naus industrials als afores de la vila.<\/p>\n\n\n\n<p>L\u2019Onyar va experimentar una gran crescuda desbordant-se a Riudellots de la Selva i negant camps de conreu, mentre a Girona va estar a punt de fer-ho. Tot i aix\u00ed, la for\u00e7a de l\u2019Onyar va emportar-se un pontet a la barriada de la Creueta del municipi de Quart.<\/p>\n\n\n\n<p>El desbordament de la riera de Calonge va trencar un altre pont i dos murs de canalitzaci\u00f3 a Sant Antoni de Calonge. Una persona va morir ofegada en ser arrossegat el seu vehicle mentre intentava creuar la riera la matinada del Dia de Reis. Aquest tipus d\u2019accidents, recurrents al nostre pa\u00eds, continuen esdevenint possiblement perqu\u00e8 se sobrevalora la protecci\u00f3 del vehicle i es menysprea la for\u00e7a del cabal d\u2019aigua.<\/p>\n\n\n\n<p>Durant aquells dies Torroella de Montgr\u00ed va quedar incomunicada per la inundaci\u00f3 de les carreteres que v\u00e9nen d\u2019Ull\u00e0 i Serra de Dar\u00f3. Roses tamb\u00e9 va quedar pr\u00e0cticament incomunicada, ja que gran part de les carreteres que l&#8217;envolten estaven tallades pels desbordaments de diversos recs. Per una altra banda, les inundacions de l\u2019Empord\u00e0 van provocar la caiguda d\u2019algunes torretes de subministrament el\u00e8ctric amb els conseq\u00fcents talls de llum a diversos municipis durant m\u00e9s de dos dies.<\/p>\n\n\n\n<p>Vivim en un pa\u00eds d\u2019extrems, on les llargues ratxes seques es combinen amb episodis notables de precipitaci\u00f3. Despr\u00e9s de l\u2019Aiguat de Reis, possiblement m\u00e9s d\u2019un haur\u00e0 demanat a Ses Majestats els Reis d\u2019Orient el dif\u00edcil repte que la pluja caigui amb seny. Esperem que la propera vegada que vulguin regalar-nos aigua no la deixin anar de manera tan intensa com el 6 de gener de 1977.<\/p>\n\n\n\n<h2><strong>Refer\u00e8ncies i enlla\u00e7os d\u2019inter\u00e8s<\/strong><\/h2>\n\n\n\n<p>&#8211; M\u00e9teo l\u2019Estartit: Aiguat de Reis de 1977. Fen\u00f2mens destacats. (Breu explicaci\u00f3 de l\u2019episodi amb for\u00e7a fotografies dels efectes de les inundacions a l\u2019Estartit i Torroella de Montgr\u00ed, al portal d\u2019internet de l\u2019observador meteorol\u00f2gic Josep Pascual Massagu\u00e9 de l\u2019Estartit, on hi ha informaci\u00f3 meteorol\u00f2gica i clim\u00e0tica de l\u2019Estartit i Torroella de Montgr\u00ed).<\/p>\n","protected":false},"excerpt":{"rendered":"<p>PUBLICADA EL 13\/01\/2017 La setmana passada van complir-se 40 anys del temporal de llevant del 5-7 de gener de 1977, el qual va provocar importants aiguats al nord-est de Catalunya i una alteraci\u00f3 mar\u00edtima considerable a la costa catalana. Va ser un temporal de pluja t\u00edpic de la tardor, per\u00f2 en un mes de gener, [&hellip;]<\/p>\n","protected":false},"author":7,"featured_media":0,"parent":18384,"menu_order":0,"comment_status":"open","ping_status":"open","template":"template-sidebar.php","meta":{"_mi_skip_tracking":false,"_monsterinsights_sitenote_active":false,"_monsterinsights_sitenote_note":"","_monsterinsights_sitenote_category":0},"_links":{"self":[{"href":"https:\/\/www.meteo.cat\/wpweb\/wp-json\/wp\/v2\/pages\/18118"}],"collection":[{"href":"https:\/\/www.meteo.cat\/wpweb\/wp-json\/wp\/v2\/pages"}],"about":[{"href":"https:\/\/www.meteo.cat\/wpweb\/wp-json\/wp\/v2\/types\/page"}],"author":[{"embeddable":true,"href":"https:\/\/www.meteo.cat\/wpweb\/wp-json\/wp\/v2\/users\/7"}],"replies":[{"embeddable":true,"href":"https:\/\/www.meteo.cat\/wpweb\/wp-json\/wp\/v2\/comments?post=18118"}],"version-history":[{"count":8,"href":"https:\/\/www.meteo.cat\/wpweb\/wp-json\/wp\/v2\/pages\/18118\/revisions"}],"predecessor-version":[{"id":41769,"href":"https:\/\/www.meteo.cat\/wpweb\/wp-json\/wp\/v2\/pages\/18118\/revisions\/41769"}],"up":[{"embeddable":true,"href":"https:\/\/www.meteo.cat\/wpweb\/wp-json\/wp\/v2\/pages\/18384"}],"wp:attachment":[{"href":"https:\/\/www.meteo.cat\/wpweb\/wp-json\/wp\/v2\/media?parent=18118"}],"curies":[{"name":"wp","href":"https:\/\/api.w.org\/{rel}","templated":true}]}}