{"id":18115,"date":"2016-09-22T09:35:08","date_gmt":"2016-09-22T08:35:08","guid":{"rendered":"http:\/\/10.116.16.72\/test\/?p=2622"},"modified":"2020-10-19T08:29:49","modified_gmt":"2020-10-19T08:29:49","slug":"servei-meteorologic-catalunya-estrena-nou-servei-audiovisual-video-prediccio-pirineu","status":"publish","type":"page","link":"https:\/\/www.meteo.cat\/wpweb\/divulgacio\/publicacions\/miscellania\/servei-meteorologic-catalunya-estrena-nou-servei-audiovisual-video-prediccio-pirineu\/","title":{"rendered":"El Servei Meteorol\u00f2gic de Catalunya estrena un nou servei audiovisual: el v\u00eddeo de la predicci\u00f3 per al Pirineu"},"content":{"rendered":"\n<p style=\"text-align:left\"><strong>PUBLICADA EL 22\/09\/2016<\/strong><\/p>\n\n\n\n<p>El Servei Meteorol\u00f2gic de Catalunya informa que a partir de dijous 22 de setembre de 2016, oferir\u00e0 un nou producte en format audiovisual anomenat \u201cV\u00eddeo de la predicci\u00f3 per al Pirineu\u201d.<\/p>\n\n\n\n<p>Aquest v\u00eddeo, que tindr\u00e0 una durada d\u2019uns 2 minuts aproximadament, s\u2019elaborar\u00e0 des de l\u2019\u00c0rea de Predicci\u00f3 i s\u2019actualitzar\u00e0 di\u00e0riament, de dilluns a diumenge, a les 17 h. El contingut ser\u00e0 el seg\u00fcent:<\/p>\n\n\n\n<ul><li>Explicaci\u00f3 d\u2019informaci\u00f3 procedent de models meteorol\u00f2gics o de diferents eines de teledetecci\u00f3 (Xarxa de Radars, sat\u00e8l\u00b7lit METEOSAT, Xarxa de desc\u00e0rregues el\u00e8ctriques, dades de les Estacions Meteorol\u00f2giques Autom\u00e0tiques, etc&#8230;), segons la situaci\u00f3 meteorol\u00f2gica prevista.<\/li><li>Explicaci\u00f3 detallada de la predicci\u00f3 meteorol\u00f2gica de l\u2019endem\u00e0 (D+1) del Pirineu Occidental i del Pirineu Oriental.<\/li><li>Mapes de s\u00edmbols de l\u2019endem\u00e0 (D+1) de diversos punts d\u2019inter\u00e8s del Pirineu Occidental i de l\u2019Oriental, aix\u00ed com predicci\u00f3 de temperatura m\u00ednima, m\u00e0xima i, en cas de nevades, de la cota de neu prevista.<\/li><li>Explicaci\u00f3 de la predicci\u00f3 meteorol\u00f2gica del segon i tercer dia vista (D+2 i D+3) pel Pirineu.<\/li><li>Mapes de s\u00edmbols del segon i tercer dia vista (D+2 i D+3).<\/li><li>Explicaci\u00f3 de qualsevol altra informaci\u00f3 meteorol\u00f2gica destacada (Avisos de Situaci\u00f3 Meteorol\u00f2gica de Perill, dades climatol\u00f2giques, fotografies o v\u00eddeos de fen\u00f2mens meteorol\u00f2gics d\u2019inter\u00e8s, etc&#8230;)<\/li><\/ul>\n\n\n\n<p>Aquest nou servei es podr\u00e0 consultar, juntament amb el v\u00eddeo de la predicci\u00f3 general de Catalunya, al web <a href=\"https:\/\/www.meteo.cat\">www.meteo.cat<\/a> \u00a0mitjan\u00e7ant el <a href=\"https:\/\/www.meteo.cat\/wpweb\/prediccio\/audiovisuals-de-prediccio\/\">portal de V\u00eddeos de predicci\u00f3<\/a>.<\/p>\n","protected":false},"excerpt":{"rendered":"<p>PUBLICADA EL 22\/09\/2016 El Servei Meteorol\u00f2gic de Catalunya informa que a partir de dijous 22 de setembre de 2016, oferir\u00e0 un nou producte en format audiovisual anomenat \u201cV\u00eddeo de la predicci\u00f3 per al Pirineu\u201d. Aquest v\u00eddeo, que tindr\u00e0 una durada d\u2019uns 2 minuts aproximadament, s\u2019elaborar\u00e0 des de l\u2019\u00c0rea de Predicci\u00f3 i s\u2019actualitzar\u00e0 di\u00e0riament, de dilluns [&hellip;]<\/p>\n","protected":false},"author":2,"featured_media":0,"parent":18378,"menu_order":0,"comment_status":"open","ping_status":"open","template":"template-sidebar.php","meta":{"_mi_skip_tracking":false,"_monsterinsights_sitenote_active":false,"_monsterinsights_sitenote_note":"","_monsterinsights_sitenote_category":0},"_links":{"self":[{"href":"https:\/\/www.meteo.cat\/wpweb\/wp-json\/wp\/v2\/pages\/18115"}],"collection":[{"href":"https:\/\/www.meteo.cat\/wpweb\/wp-json\/wp\/v2\/pages"}],"about":[{"href":"https:\/\/www.meteo.cat\/wpweb\/wp-json\/wp\/v2\/types\/page"}],"author":[{"embeddable":true,"href":"https:\/\/www.meteo.cat\/wpweb\/wp-json\/wp\/v2\/users\/2"}],"replies":[{"embeddable":true,"href":"https:\/\/www.meteo.cat\/wpweb\/wp-json\/wp\/v2\/comments?post=18115"}],"version-history":[{"count":5,"href":"https:\/\/www.meteo.cat\/wpweb\/wp-json\/wp\/v2\/pages\/18115\/revisions"}],"predecessor-version":[{"id":29126,"href":"https:\/\/www.meteo.cat\/wpweb\/wp-json\/wp\/v2\/pages\/18115\/revisions\/29126"}],"up":[{"embeddable":true,"href":"https:\/\/www.meteo.cat\/wpweb\/wp-json\/wp\/v2\/pages\/18378"}],"wp:attachment":[{"href":"https:\/\/www.meteo.cat\/wpweb\/wp-json\/wp\/v2\/media?parent=18115"}],"curies":[{"name":"wp","href":"https:\/\/api.w.org\/{rel}","templated":true}]}}