{"id":18113,"date":"2016-06-28T10:09:03","date_gmt":"2016-06-28T09:09:03","guid":{"rendered":"http:\/\/10.116.16.72\/test\/?p=2578"},"modified":"2024-11-18T11:54:48","modified_gmt":"2024-11-18T11:54:48","slug":"samplia-dos-anys-periode-consulta-dades-destacions-meteorologiques-automatiques-web","status":"publish","type":"page","link":"https:\/\/www.meteo.cat\/wpweb\/divulgacio\/publicacions\/miscellania\/samplia-dos-anys-periode-consulta-dades-destacions-meteorologiques-automatiques-web\/","title":{"rendered":"S\u2019amplia a dos anys el per\u00edode de consulta de les dades d\u2019Estacions Meteorol\u00f2giques Autom\u00e0tiques al web"},"content":{"rendered":"\n<p><strong>PUBLICADA EL 28\/06\/2016<\/strong><\/p>\n\n\n\n<p>A partir d\u2019avui 28 de juny el web del Servei Meteorol\u00f2gic de Catalunya amplia a <strong>dos anys<\/strong> el temps de <a href=\"https:\/\/www.meteo.cat\/observacions\/xema\">consulta de dades de la Xarxa d\u2019Estacions Meteorol\u00f2giques Autom\u00e0tiques<\/a> (XEMA). D\u2019aquesta manera es recupera un dels serveis que s\u2019havien perdut el desembre de 2014 per motius t\u00e8cnics i de limitacions d\u2019infraestructura, derivats de la migraci\u00f3 del web de l\u2019SMC fora de l\u2019entorn corporatiu de la Generalitat de Catalunya. Durant l\u2019any 2015 i primera meitat de 2016 l\u2019\u00e0rea TIC de l\u2019SMC ha treballat per a tornar a oferir aquesta funcionalitat i evitar problemes de c\u00e0rrega.<\/p>\n\n\n\n<p>A trav\u00e9s del web s\u2019ofereixen lliurement dades semihor\u00e0ries i en temps real de 185 estacions meteorol\u00f2giques autom\u00e0tiques i, a partir d\u2019ara, es poden consultar les dades dels dos anys previs al dia en curs. Aquesta possibilitat situa l\u2019SMC com a un dels serveis meteorol\u00f2gics que ofereix m\u00e9s dades lliures a alta resoluci\u00f3 temporal, tal com es mostra a la taula adjunta.<\/p>\n\n\n\n<figure class=\"wp-block-table sortable\"><table><tbody><tr><th><strong>Centre<\/strong><\/th><th><strong>Pa\u00eds<\/strong><\/th><th><strong>Finestra temporal<\/strong><\/th><th><strong>Resoluci\u00f3<\/strong><\/th><\/tr><tr><td><strong><a href=\"http:\/\/webescriptoripre.meteo.cat\/observacions\/xema\">SMC<\/a><\/strong><\/td><td>Catalunya<\/td><td>2 anys<\/td><td>Semihor\u00e0ria \/ Extrems i mitjanes di\u00e0ries<\/td><\/tr><tr><td><strong><a href=\"http:\/\/www.aemet.es\/es\/eltiempo\/observacion\/ultimosdatos?k=cat&amp;l=9698U&amp;w=2&amp;datos=det\" target=\"_blank\" rel=\"noreferrer noopener\">AEMET<\/a><\/strong><\/td><td>Espanya<\/td><td>\n1 dia\n7 dies\n<\/td><td>\nHor\u00e0ria\nExtrems i mitjanes di\u00e0ries\n<\/td><\/tr><tr><td><strong><a href=\"https:\/\/meteofrance.com\/\" target=\"_blank\" rel=\"noreferrer noopener\">M\u00e9teo-France<\/a><\/strong><\/td><td>Fran\u00e7a<\/td><td>\n1 any\n10 anys\n<\/td><td>\nExtrems i mitjanes di\u00e0ries\nExtrems i mitjanes mensuals\n<\/td><\/tr><tr><td><strong><a href=\"http:\/\/wow.metoffice.gov.uk\/\" target=\"_blank\" rel=\"noreferrer noopener\">Met Office<\/a><\/strong><\/td><td>Regne Unit<\/td><td>tot l\u2019hist\u00f2ric<\/td><td>Hor\u00e0ria<\/td><\/tr><tr><td><strong><a href=\"http:\/\/www.dwd.de\/bvbw\/appmanager\/bvbw\/dwdwwwDesktop?_nfpb=true&amp;_pageLabel=_dwdwww_klima_umwelt_klimadaten_deutschland&amp;T82002gsbDocumentPath=Navigation%2FOeffentlichkeit%2FKlima__Umwelt%2FKlimadaten%2Fkldaten__kostenfrei%2Fkldat__D__node.html%3F__nnn%3Dtrue\">DWD<\/a><\/strong><\/td><td>Alemanya<\/td><td>tot l\u2019hist\u00f2ric<\/td><td>Extrems i mitjanes di\u00e0ries<\/td><\/tr><tr><td><strong><a href=\"http:\/\/www.met.ie\/climate\/daily-data.asp\" target=\"_blank\" rel=\"noreferrer noopener\">Met \u00c9ireann<\/a><\/strong><\/td><td>Irlanda<\/td><td>3 anys<\/td><td>Extrems i mitjanes di\u00e0ries<\/td><\/tr><tr><td><strong><a href=\"http:\/\/www.knmi.nl\/klimatologie\/geografische_overzichten\/archief.cgi\" target=\"_blank\" rel=\"noreferrer noopener\">KNMI<\/a><\/strong><\/td><td>Holanda<\/td><td>tot l\u2019hist\u00f2ric<\/td><td>Hor\u00e0ria i extrems i mitjanes di\u00e0ries<\/td><\/tr><tr><td><strong><a href=\"https:\/\/www.meteoswiss.admin.ch\/home.html?tab=overview\" target=\"_blank\" rel=\"noreferrer noopener\">Meteo Swiss<\/a><\/strong><\/td><td>Su\u00efssa<\/td><td>\nFins a 3 dies\nFins a1,5 anys\n<\/td><td>\nHor\u00e0ria\nExtrems i mitjanes di\u00e0ries\n<\/td><\/tr><tr><td><strong><a href=\"http:\/\/www.zamg.ac.at\/cms\/en\/climate\/climate-overview\/climate_monitor\/jahr\/ried_im_innkreis\/?jahr=2014\" target=\"_blank\" rel=\"noreferrer noopener\">ZAMG<\/a><\/strong><\/td><td>\u00c0ustria<\/td><td>tot l\u2019hist\u00f2ric<\/td><td>Extrems i mitjanes di\u00e0ries<\/td><\/tr><tr><td><strong><a href=\"http:\/\/www.meteo.be\/\" target=\"_blank\" rel=\"noreferrer noopener\">RMI<\/a><\/strong><\/td><td>B\u00e8lgica<\/td><td>1 hora<\/td><td>Hor\u00e0ria<\/td><\/tr><tr><td><strong><a href=\"https:\/\/www.dmi.dk\/vejr\/arkiver\/ugeoversigt\/\" target=\"_blank\" rel=\"noreferrer noopener\">DMI<\/a><\/strong><\/td><td>Dinamarca<\/td><td>4 anys<\/td><td>Extrems i mitjanes di\u00e0ries<\/td><\/tr><tr><td><strong><a href=\"https:\/\/en.ilmatieteenlaitos.fi\/observations-in-finland?p_p_id=stationstatusportlet_WAR_fmiwwwweatherportlets&amp;parameter=4&amp;station=100932\" target=\"_blank\" rel=\"noreferrer noopener\">FMI<\/a><\/strong><\/td><td>Finl\u00e0ndia<\/td><td>\n2 dies\ntot hist\u00f2ric\n<\/td><td>\nHor\u00e0ria\nExtrems i mitjanes di\u00e0ries\n<\/td><\/tr><tr><td><strong><a href=\"http:\/\/climate.weather.gc.ca\/\" target=\"_blank\" rel=\"noreferrer noopener\">MSoC<\/a><\/strong><\/td><td>Canad\u00e0<\/td><td>\n24 h\ntot l\u2019hist\u00f2ric\n<\/td><td>\nHor\u00e0ria\nHor\u00e0ria i extrems i mitjanes di\u00e0ries\n<\/td><\/tr><tr><td><strong>NWS<\/strong><\/td><td>EEUU<\/td><td>tot l\u2019hist\u00f2ric<\/td><td>Hor\u00e0ria i extrems i mitjanes di\u00e0ries<\/td><\/tr><\/tbody><\/table><\/figure>\n\n\n\n<p>Taula 1. Disponibilitat de dades d\u2019estacions meteorol\u00f2giques autom\u00e0tiques al web de diversos serveis meteorol\u00f2gics mundials.<\/p>\n","protected":false},"excerpt":{"rendered":"<p>PUBLICADA EL 28\/06\/2016 A partir d\u2019avui 28 de juny el web del Servei Meteorol\u00f2gic de Catalunya amplia a dos anys el temps de consulta de dades de la Xarxa d\u2019Estacions Meteorol\u00f2giques Autom\u00e0tiques (XEMA). D\u2019aquesta manera es recupera un dels serveis que s\u2019havien perdut el desembre de 2014 per motius t\u00e8cnics i de limitacions d\u2019infraestructura, derivats [&hellip;]<\/p>\n","protected":false},"author":2,"featured_media":0,"parent":18378,"menu_order":0,"comment_status":"open","ping_status":"open","template":"template-sidebar.php","meta":{"_mi_skip_tracking":false,"_monsterinsights_sitenote_active":false,"_monsterinsights_sitenote_note":"","_monsterinsights_sitenote_category":0},"_links":{"self":[{"href":"https:\/\/www.meteo.cat\/wpweb\/wp-json\/wp\/v2\/pages\/18113"}],"collection":[{"href":"https:\/\/www.meteo.cat\/wpweb\/wp-json\/wp\/v2\/pages"}],"about":[{"href":"https:\/\/www.meteo.cat\/wpweb\/wp-json\/wp\/v2\/types\/page"}],"author":[{"embeddable":true,"href":"https:\/\/www.meteo.cat\/wpweb\/wp-json\/wp\/v2\/users\/2"}],"replies":[{"embeddable":true,"href":"https:\/\/www.meteo.cat\/wpweb\/wp-json\/wp\/v2\/comments?post=18113"}],"version-history":[{"count":9,"href":"https:\/\/www.meteo.cat\/wpweb\/wp-json\/wp\/v2\/pages\/18113\/revisions"}],"predecessor-version":[{"id":41770,"href":"https:\/\/www.meteo.cat\/wpweb\/wp-json\/wp\/v2\/pages\/18113\/revisions\/41770"}],"up":[{"embeddable":true,"href":"https:\/\/www.meteo.cat\/wpweb\/wp-json\/wp\/v2\/pages\/18378"}],"wp:attachment":[{"href":"https:\/\/www.meteo.cat\/wpweb\/wp-json\/wp\/v2\/media?parent=18113"}],"curies":[{"name":"wp","href":"https:\/\/api.w.org\/{rel}","templated":true}]}}