{"id":18110,"date":"2016-01-29T14:10:14","date_gmt":"2016-01-29T13:10:14","guid":{"rendered":"http:\/\/10.116.16.72\/test\/?p=2473"},"modified":"2026-01-28T16:37:28","modified_gmt":"2026-01-28T16:37:28","slug":"1986-01-30_30-anys-de-la-gran-nevada-del-30-de-gener-de-1986","status":"publish","type":"page","link":"https:\/\/www.meteo.cat\/wpweb\/divulgacio\/publicacions\/efemerides\/1986-01-30_30-anys-de-la-gran-nevada-del-30-de-gener-de-1986\/","title":{"rendered":"30 anys de la Gran Nevada del 30 de gener de 1986"},"content":{"rendered":"\n<p><strong>PUBLICADA EL 29\/01\/2016<\/strong><\/p>\n\n\n\n<p>Dem\u00e0 far\u00e0 <strong>30 anys<\/strong> del temporal de neu i vent del <strong>30 de gener de 1986<\/strong> que va tenir lloc a bona part de Catalunya. Va afectar principalment les comarques centrals i del nord-est del pa\u00eds, aix\u00ed com les serralades litoral i prelitoral, i alguns punts de les Terres de Ponent. A la <strong>serralada Transversal, el Montseny i el Pirineu Oriental<\/strong> van acumular-se m\u00e9s de <strong>100 cm de neu<\/strong> i entre <strong>60-80 cm<\/strong> a gran part de la <strong>serralada Prelitoral<\/strong> des de la <strong>Conca de Barber\u00e0<\/strong> fins al <strong>mass\u00eds de les Guilleries<\/strong>. La nevada va arribar tamb\u00e9 fins al nivell del mar al litoral central i nord, per\u00f2 nom\u00e9s va agafar la neu fins a cota zero a la zona de la <strong>Baixa Tordera<\/strong> i alguns punts del <strong>Baix Empord\u00e0<\/strong>. El fort vent va provocar importants <strong>sobreacumulacions<\/strong> <strong>de neu<\/strong> i <strong>congestes <\/strong>superiors als <strong>dos metres<\/strong>, fent molt dif\u00edcil de mesurar amb exactitud el gruix de neu que realment havia caigut.<\/p>\n\n\n\n<div class=\"wp-block-image\"><figure class=\"aligncenter\"><a href=\"https:\/\/static-m.meteo.cat\/content\/blog\/2016\/01\/FIG01-Imatges-Nevada-30GEN1986.jpg\"><img src=\"https:\/\/static-m.meteo.cat\/content\/blog\/2016\/01\/FIG01-Imatges-Nevada-30GEN1986-1024x778.jpg\" alt=\"FIG01-Imatges-Nevada-30GEN1986\" class=\"wp-image-2476\"\/><\/a><figcaption>Imatges de la neu caiguda durant el temporal del 30-31 de gener de 1986: (a) Restes de la neu molt humida que va caure al Peu del Funicular del Tibidabo (Barcelona, 222 m) el dia despr\u00e9s de la nevada (Foto Eliseu Vilaclara, SMC). (b) Sant Miquel de Baleny\u00e0 (592 m) encara ben nevat tres dies despr\u00e9s de la gran nevada amb uns 40 cm al centre de la Vila (Foto Eliseu Vilaclara, SMC). (c) Neu sobre unes cadires i taula de terrassa, amb m\u00e9s de 80 cm de gruix, a Sant Pau de Seg\u00faries (854 m) el mat\u00ed del 31 de gener de 1986 (Foto Jacint Lapedra). (d) i (e) Carrers de Setcases (1.266 m) colgats per la neu una setmana despr\u00e9s de la nevada. Es poden apreciar els grans caramells i r\u00e0fecs de neu que es van formar a les teulades (Fotos Joan Sol\u00e0 Galceran, observador meteorol\u00f2gic de Sant Pau de Seg\u00faries).<\/figcaption><\/figure><\/div>\n\n\n\n<h2><strong>Descripci\u00f3 general<\/strong><\/h2>\n\n\n\n<p>L\u2019important temporal de neu i vent del 30 de gener de 1986 va ser provocat per una borrasca molt profunda i extensa, que va despenjar-se des d\u2019Isl\u00e0ndia fins situar-se davant la costa catalana. Va aprofundir-se notablement produint un temporal fort de llevant-gregal amb intensa precipitaci\u00f3 de neu degut a la baixa temperatura en al\u00e7ada. Aquell dia la baixa m\u00e9s profunda de tot el continent europeu es trobava sobre Catalunya. El pas de la depressi\u00f3 va ser r\u00e0pid, per\u00f2 va provocar precipitacions intenses en forma de neu durant 12-18 hores.<\/p>\n\n\n\n<p>Van acumular-se gruixos superiors al <strong>metre de neu<\/strong> a <strong>la Serralada Transversal, el Montseny i el Pirineu Oriental<\/strong>. La nevada va afectar a gran part del pa\u00eds, comen\u00e7ant pel nord-est de manera t\u00edmida cap a mig mat\u00ed del 30 de gener, per\u00f2 intensificant-se a partir de migdia gaireb\u00e9 a tot arreu, per\u00f2 sobretot a la meitat nord. Durant la tarda la nevada va continuar, arribant fins al nivell del mar al litoral central i la Costa Brava. A partir del vespre va anar perdent for\u00e7a fins desapar\u00e8ixer pr\u00e0cticament cap a la mitjanit a gran part del pa\u00eds, excepte en algunes zones interiors de la meitat nord del pa\u00eds, sobretot del nord-est, on la nevada va continuar d\u00e8bilment fins a mig mat\u00ed del dia 31.<\/p>\n\n\n\n<p>La nevada va ser molt humida i amb una temperatura no gaire baixa, acumulant-se importants gruixos de neu i agafant-se amb molta facilitat damunt de cables el\u00e8ctrics, pals, torres d\u2019alta tensi\u00f3 i arbres, els quals van caure amb facilitat pel pes de la neu i les fortes ratxes de vent. El vent va provocar tamb\u00e9 sobreacumulacions de neu i la formaci\u00f3 de congestes, que en alguns punts de l\u2019interior i del Pirineu Oriental varen superar els dos metres de gruix, i puntualment arribaren als tres o quatre metres. En canvi, a les zones m\u00e9s exposades al vent pr\u00e0cticament no se\u2019n va acumular. Aquest fet va fer molt dif\u00edcil poder mesurar amb exactitud el gruix de neu caigut realment en moltes zones del pa\u00eds. Com a cas extrem cal comentar que la boca sud del t\u00fanel del Cad\u00ed, d\u2019uns 5 m d\u2019al\u00e7ada, va quedar completament bloquejada per la neu. A l\u2019interior i a les comarques del nord-est la neu va romandre for\u00e7a dies despr\u00e9s de la nevada. Per exemple, a les valls del Ripoll\u00e8s va perdurar m\u00e9s de 15 dies.<\/p>\n\n\n\n<p>La neu va agafar sobretot a partir dels <strong>100-200 m<\/strong>, depenent de la zona, i <strong>puntualment fins a nivell del mar.<\/strong> Tant <strong>Sant Feliu de Gu\u00edxols <\/strong>com<strong> Sant Antoni de Calonge <\/strong>i les platges de <strong>Malgrat de Mar <\/strong>van quedar coberts de blanc amb un gruix d\u2019entre <strong>1 <\/strong>i <strong>5 cm<\/strong>. En canvi, a la ciutat de Barcelona la neu va agafar principalment de la Diagonal cap amunt, tot i que al centre de la ciutat algunes superf\u00edcies van quedar enfarinades amb menys d\u20191 cm de gruix. A la costa Central i litoral de la meitat nord va comen\u00e7ar plovent amb for\u00e7a, dificultant que la neu agaf\u00e9s quan va caure amb intensitat a partir de la tarda. De totes maneres, la temperatura a la costa no va ser suficientment baixa per a permetre que la neu agaf\u00e9s a terra i que la precipitaci\u00f3 s\u2019an\u00e9s alternant entre neu i aiguaneu. A les Terres de l\u2019Ebre i el litoral tarragon\u00ed va nevar o ploure poc.<\/p>\n\n\n\n<p>La nevada va deixar gruixos d\u2019entre <strong>5 i 20 cm a la Costa Brava, el Solson\u00e8s i la plana de l\u2019Empord\u00e0, <\/strong>d\u2019entre<strong> 20 i 40 cm a les muntanyes de l\u2019Ordal, serra de Collserola i del Corredor, mass\u00eds del Montnegre, el Giron\u00e8s, la Selva, el Pla de l\u2019Estany, la plana de Vic, l\u2019Urgell<\/strong>, de m\u00e9s de<strong> 30-40 cm a la Garrotxa<\/strong>, de m\u00e9s de<strong> 40-60 cm a la Cerdanya i a les serres del Vall\u00e8s<\/strong>, de m\u00e9s de<strong> 60-80 cm al Ripoll\u00e8s i la Conca de Barber\u00e0<\/strong>, i de m\u00e9s de<strong> 100 cm a la serralada Tranversal, el Montseny, el Costabona, les serres de Montgrony, Cavallera, i de l\u2019Albera, aix\u00ed com el mass\u00eds de les Salines<\/strong>. A continuaci\u00f3 es presenta el mapa amb l\u2019estimaci\u00f3 dels gruixos de neu m\u00e0xims mesurats durant la nevada a partir de les dades hist\u00f2riques de la Xarxa d\u2019Observadors de Catalunya i de dades de premsa que fossin coherents amb les primeres.<\/p>\n\n\n\n<div class=\"wp-block-image\"><figure class=\"aligncenter\"><a href=\"https:\/\/static-m.meteo.cat\/content\/blog\/2016\/02\/FIG02-Estimacio-GN-Nevada-3031GEN1986.png\"><img src=\"https:\/\/static-m.meteo.cat\/content\/blog\/2016\/02\/FIG02-Estimacio-GN-Nevada-3031GEN1986-1024x978.png\" alt=\"FIG02-Estimacio-GN-Nevada-3031GEN1986\" class=\"wp-image-2534\"\/><\/a><\/figure><\/div>\n\n\n\n<p>A part de la important nevada a moltes zones del pa\u00eds, s\u2019ha de comentar que la profunda borrasca va provocar un temporal de mar molt dur. La notable pujada del nivell del mar per la baixa pressi\u00f3, juntament amb les onades de gran al\u00e7ada pel fort temporal de mar, van provocar inundacions a la Costa Brava. Tamb\u00e9 s\u2019ha de destacar que a gran part de la Costa Brava i de l\u2019Alt Empord\u00e0 la precipitaci\u00f3 acumulada va ser molt abundant amb valors superiors als 100 mm des de les 07 UTC del 30\/01\/1986 fins a les 07 UTC del 31\/01\/1986: <strong>143,0 mm a Darnius<\/strong>, <strong>128,0 mm a Palam\u00f3s, 115,5 mm a Roses, 113,0 mm a Santa Coloma de Farners, 110,6 a Gualba, 110,2 mm al Castell de Peralada, 105 mm a Santa Cristina d\u2019Aro i Tossa de Mar, 102 mm a Castell d\u2019Aro i 100 mm a Portbou. <\/strong>A la resta del nord-est del pa\u00eds la precipitaci\u00f3 acumulada va oscil\u00b7lar entre els <strong>40 i 80 mm<\/strong>. On menys va precipitar va ser al <strong>ter\u00e7 oriental<\/strong> del pa\u00eds amb valors acumulats entre <strong>0 i 20 mm<\/strong>.<\/p>\n\n\n\n<p>La taula seg\u00fcent mostra els gruixos de neu m\u00e0xims (en cm) mesurats a la Xarxa d\u2019Observadors de Catalunya durant la nevada del 30 i 31 de gener de 1986:<\/p>\n\n\n\n<div class=\"wp-block-image\"><figure class=\"aligncenter\"><a href=\"https:\/\/static-m.meteo.cat\/content\/blog\/2016\/01\/FIG03-TAULA_GN-3031GEN1986.jpg\"><img src=\"https:\/\/static-m.meteo.cat\/content\/blog\/2016\/01\/FIG03-TAULA_GN-3031GEN1986-593x1024.jpg\" alt=\"FIG03-TAULA_GN-3031GEN1986\" class=\"wp-image-2479\"\/><\/a><\/figure><\/div>\n\n\n\n<h2><strong>An\u00e0lisi meteorol\u00f2gica<\/strong><\/h2>\n\n\n\n<p>Una profunda borrasca, amb una pressi\u00f3 inferior als 988 hPa al seu centre, situada a Isl\u00e0ndia el 29 de gener de 1986, es va despenjar i va anar a parar davant les costes catalanes cap al mat\u00ed del dia 30. En aquest llarg cam\u00ed recorregut en poc m\u00e9s de 24 hores, la depressi\u00f3 va intensificar-se profundament fins als gaireb\u00e9 <strong>970 hPa<\/strong> entre les 16 i 18 h UTC (Es van mesurar valors de pressions de 973,1 hPa a l\u2019Observatori de l\u2019Ebre, 972,5 hPa a la Bisbal d\u2019Empord\u00e0 i l\u2019Estartit, registres que representen el m\u00ednim absolut d\u2019aquestes s\u00e8ries). Va provocar un temporal de vent fort, entre llevant i gregal, amb precipitaci\u00f3 intensa en forma de neu, a cotes baixes inicialment, i finalment fins al nivell del mar al litoral central i la Costa Brava.<\/p>\n\n\n\n<p>Tot i no ser molt baixa la temperatura a <strong>850 hPa<\/strong> (uns 1.500 m), amb un valor de <strong>\u20132\u00b0C<\/strong>, la neu va arribar arran de mar a la costa Central i nord del pa\u00eds degut a l\u2019important embossament d\u2019aire fred en altura associat a la borrasca, amb una temperatura inferior als <strong>\u201333\u00b0C<\/strong> a <strong>500 hPa<\/strong> (uns 5.500 m) sobre la vertical de Catalunya. Aquestes condicions van fer que la neu fos molt humida. Per aquest mateix motiu, a cotes molt baixes la precipitaci\u00f3 va ser inicialment d\u2019aigua i en forma d\u2019aiguaneu a partir de la tarda. Cap a la mitjanit la baixa va despla\u00e7ar-se cap el golf de Lle\u00f3, girant llavors el vent cap a mestral i nord acabant la nevada de manera sobtada a gran part del pa\u00eds. En algunes zones del nord-est continu\u00e0 nevant d\u00e8bilment fins a mig mat\u00ed del dia 31. En canvi, a la <strong>Val d\u2019Aran<\/strong> i <strong>cara nord del Pirineu<\/strong> a partir de la mitjanit del 31, amb el canvi del flux de vent cap al nord, \u00e9s quan va nevar amb for\u00e7a. L\u2019<strong>1 de febrer de 1986<\/strong> a la <strong>Val d\u2019Aran <\/strong>es va mesurar un gruix acumulat de neu de fins a <strong>105 cm a la Centrau de Ben\u00f3s (es B\u00f2rdes)<\/strong>.<\/p>\n\n\n\n<p>S\u2019ha de destacar que la situaci\u00f3 meteorol\u00f2gica del dia 30 va ser molt inestable, amb un cisallament molt marcat en al\u00e7ada: vents entre l\u2019est i nord-est en superf\u00edcie, entre sud-est i sud a 850 hPa i entre sud-oest i sud a 500 hPa. Aquest fet, juntament amb l\u2019aire fred en al\u00e7ada, va afavorir la convecci\u00f3 i la formaci\u00f3 de tempestes. En alguns indrets de la Costa Brava i del nord-est va estar nevant amb llamps i trons.<\/p>\n\n\n\n<p>A la seg\u00fcent figura es poden veure les rean\u00e0lisis del <a href=\"http:\/\/www.esrl.noaa.gov\/psd\/data\/gridded\/data.20thC_ReanV2c.monolevel.html\" target=\"_blank\" rel=\"noopener noreferrer\">20CRP<\/a>&nbsp;a les 00 UTC del 30\/01\/1986 (mapes a l\u2019esquerra) i a les 12 UTC del 30\/01\/1986 (mapes a la dreta) per als camps de temperatura i altura geopotencial a 500 i 850 hPa (mapes superiors i centrals) d\u2019una banda, i de l\u2019altra els camps de temperatura i pressi\u00f3 al nivell del mar en superf\u00edcie (mapes inferiors).<\/p>\n\n\n\n<div class=\"wp-block-image\"><figure class=\"aligncenter\"><a href=\"https:\/\/static-m.meteo.cat\/content\/blog\/2016\/01\/FIG04-Reanalisis-20CRP-30GEN1986_12Z-18Z.jpg\"><img src=\"https:\/\/static-m.meteo.cat\/content\/blog\/2016\/01\/FIG04-Reanalisis-20CRP-30GEN1986_12Z-18Z-741x1024.jpg\" alt=\"FIG04-Reanalisis-20CRP-30GEN1986_12Z+18Z\" class=\"wp-image-2480\"\/><\/a><\/figure><\/div>\n\n\n\n<h2><strong>Danys provocats<\/strong><\/h2>\n\n\n\n<p>L\u00b4excepcionalitat del temporal de vent entre llevant i gregal, juntament amb l\u00b4elevat nivell d\u2019humitat de la neu, va provocar molts danys materials. Quan la neu \u00e9s humida, els flocs tenen molta m\u00e9s facilitat per adherir-se entre ells i tamb\u00e9 als objectes, encara que tinguin molt poca superf\u00edcie, com \u00e9s el cas dels cables. Si, a m\u00e9s, fa vent, part del l\u00edquid s\u2019evapora r\u00e0pidament, robant calor a la resta de l\u2019aigua, que es congela i d\u00f3na cohesi\u00f3 a la neu, essent capa\u00e7 de formar, poc a poc, aut\u00e8ntics llen\u00e7ols de neu gla\u00e7ada que pengen dels cables. Aquests llen\u00e7ols actuen com a veles enfront del vent, oscil\u00b7lant i fent oscil\u00b7lar tamb\u00e9 les torres el\u00e8ctriques o els pals de tel\u00e8fon. El pes d\u2019aquesta neu gla\u00e7ada, a m\u00e9s, exerceix una for\u00e7a cap avall que es descompon en tensions laterals a les torres ve\u00efnes, que poden acabar cedint.<\/p>\n\n\n\n<p>Un gran nombre de cases es va quedar sense antenes, molts arbres varen caure pel pes de la neu i les fortes ratxes de vent, van aixecar-se teulades, van caure pals el\u00e8ctrics i nombroses torres el\u00e8ctriques es varen doblegar, deixant sense llum for\u00e7a dies a nombroses poblacions, sobretot del nord-est del pa\u00eds. Molts d\u2019aquests efectes van tornar a repetir-se durant l\u2019important <strong><a href=\"https:\/\/govern.cat\/salapremsa\/notes-premsa\/26543\/temporal-neu-sallunya\" target=\"_blank\" rel=\"noreferrer noopener\">temporal de neu i vent del 8 de mar\u00e7 de 2010<\/a> <\/strong>(<a href=\"https:\/\/www.facebook.com\/meteocat\/photos\/p.862577810447464\/862577810447464\/?type=3&amp;theater\" target=\"_blank\" rel=\"noopener noreferrer\">veure mapa gruixos de neu<\/a>), tot i que en una menor extensi\u00f3.<\/p>\n\n\n\n<p>La majoria de carreteres del nord-est del pa\u00eds van quedar colgades per la neu i van haver de tallar-se al tr\u00e0nsit. Concretament es van tancar totes les carreteres <strong>de Vic a Olot, de Manresa a&nbsp; Solsona, de Vilanova i la Geltr\u00fa a Igualada, de Jorba a Calaf, de Solsona a Berga i Ripoll, el coll del Bruc, el de la Bonaigua i la collada de Toses<\/strong>. Tamb\u00e9 van quedar afectades les <strong>autopistes AP-7 i AP-2<\/strong>, i l\u2019<strong>N-II<\/strong>, on es feia dif\u00edcil poder circular. L&#8217;autopista AP-7 es va tancar entre Ma\u00e7anet de la Selva i Girona, aix\u00ed com entre la Jonquera i el Pert\u00fas, la N-340 va quedar tallada a la zona de l\u2019Ordal, l\u2019AP-2 entre el Vendrell i les Borges Blanques i l\u2019N-II al coll de la Panadella. Els vehicles havien de circular amb cadenes a l\u2019N-II entre Malgrat de Mar i Girona, les quals tamb\u00e9 van ser necess\u00e0ries per tal de poder circular pels carrers del centre de la ciutat de Girona o Figueres. Tot plegat va deixar un gran nombre de municipis totalment a\u00efllats i incomunicats.<\/p>\n\n\n\n<p>Aquesta gran nevada \u00e9s ben recordada per tothom per la seva magnitud, l\u2019a\u00efllament i la manca de llum i aigua que van patir molts pobles i viles fins for\u00e7a dies despr\u00e9s.<\/p>\n","protected":false},"excerpt":{"rendered":"<p>PUBLICADA EL 29\/01\/2016 Dem\u00e0 far\u00e0 30 anys del temporal de neu i vent del 30 de gener de 1986 que va tenir lloc a bona part de Catalunya. Va afectar principalment les comarques centrals i del nord-est del pa\u00eds, aix\u00ed com les serralades litoral i prelitoral, i alguns punts de les Terres de Ponent. A [&hellip;]<\/p>\n","protected":false},"author":7,"featured_media":2476,"parent":18384,"menu_order":0,"comment_status":"open","ping_status":"open","template":"template-sidebar.php","meta":{"_mi_skip_tracking":false,"_monsterinsights_sitenote_active":false,"_monsterinsights_sitenote_note":"","_monsterinsights_sitenote_category":0},"_links":{"self":[{"href":"https:\/\/www.meteo.cat\/wpweb\/wp-json\/wp\/v2\/pages\/18110"}],"collection":[{"href":"https:\/\/www.meteo.cat\/wpweb\/wp-json\/wp\/v2\/pages"}],"about":[{"href":"https:\/\/www.meteo.cat\/wpweb\/wp-json\/wp\/v2\/types\/page"}],"author":[{"embeddable":true,"href":"https:\/\/www.meteo.cat\/wpweb\/wp-json\/wp\/v2\/users\/7"}],"replies":[{"embeddable":true,"href":"https:\/\/www.meteo.cat\/wpweb\/wp-json\/wp\/v2\/comments?post=18110"}],"version-history":[{"count":7,"href":"https:\/\/www.meteo.cat\/wpweb\/wp-json\/wp\/v2\/pages\/18110\/revisions"}],"predecessor-version":[{"id":44908,"href":"https:\/\/www.meteo.cat\/wpweb\/wp-json\/wp\/v2\/pages\/18110\/revisions\/44908"}],"up":[{"embeddable":true,"href":"https:\/\/www.meteo.cat\/wpweb\/wp-json\/wp\/v2\/pages\/18384"}],"wp:featuredmedia":[{"embeddable":true,"href":"https:\/\/www.meteo.cat\/wpweb\/wp-json\/wp\/v2\/media\/2476"}],"wp:attachment":[{"href":"https:\/\/www.meteo.cat\/wpweb\/wp-json\/wp\/v2\/media?parent=18110"}],"curies":[{"name":"wp","href":"https:\/\/api.w.org\/{rel}","templated":true}]}}