{"id":18106,"date":"2015-09-21T07:45:34","date_gmt":"2015-09-21T06:45:34","guid":{"rendered":"http:\/\/10.116.16.72\/test\/?p=2320"},"modified":"2025-09-17T12:37:38","modified_gmt":"2025-09-17T12:37:38","slug":"1995-09-21_20-anys-de-la-tempesta-del-segle-a-barcelona","status":"publish","type":"page","link":"https:\/\/www.meteo.cat\/wpweb\/divulgacio\/publicacions\/efemerides\/1995-09-21_20-anys-de-la-tempesta-del-segle-a-barcelona\/","title":{"rendered":"20 anys de la Tempesta del Segle a Barcelona (1995)"},"content":{"rendered":"\n<p><strong>PUBLICADA EL 21\/09\/2015<\/strong> \/\/ REVISADA EL 17\/09\/2025<\/p>\n\n\n\n<p>Avui es compleixen <strong>20 anys<\/strong> del fort aiguat que es va produir a la costa Central la nit del <strong>21 de setembre de 1995<\/strong>. Aquest aiguat va ser batejat com a <strong><em>la Tempesta del Segle<\/em><\/strong>, ja que va deixar fins a <strong>91,9 mm<\/strong> al pluvi\u00f2metre de CLABSA (Clavegueram de Barcelona SA, actualment <a href=\"https:\/\/www.bcasa.cat\/\" target=\"_blank\" rel=\"noreferrer noopener\">BCASA-Barcelona Cicle de l\u2019Aigua SA<\/a>) de la<strong> pla\u00e7a de<\/strong> <strong>Lesseps<\/strong>,&nbsp;gran part d\u2019ells en tan sols uns <strong>45 min<\/strong>, amb unes intensitats de la precipitaci\u00f3 molt elevades: <strong>19,6 mm<\/strong> van caure en nom\u00e9s <strong>5 min <\/strong>i <strong>51,8 mm<\/strong> en <strong>20 min<\/strong>, convertint tots els carrers de Gr\u00e0cia, l\u2019Eixample i Ciutat Vella en torrents d\u2019aigua desbordats. Es va considerar l&#8217;aiguat com un dels m\u00e9s intensos a la ciutat de Barcelona des del 1927 (any en qu\u00e8 es va posar en funcionament el pluvi\u00f2graf d\u2019intensitats Jard\u00ed a l\u2019Observatori Fabra) i va ocasionar <strong>1 mort<\/strong>. Els models meteorol\u00f2gics del moment no van ser capa\u00e7os de reproduir la situaci\u00f3 meteorol\u00f2gica correctament, per la qual cosa l\u2019episodi no va poder ser pronosticat des de l\u2019antic INM, i per tant Protecci\u00f3 Civil no va poder prendre les mesures oportunes.<\/p>\n\n\n\n<div class=\"wp-block-image wp-image-2324 size-full\"><figure class=\"aligncenter\"><img src=\"https:\/\/static-m.meteo.cat\/content\/blog\/2015\/09\/FIG01-foto_cotxes-arrossegats-Raval-Diari_Avui-23SET1995.jpg\" alt=\"FIG01-foto_cotxes-arrossegats-Raval-Diari_Avui-23SET1995\" class=\"wp-image-2324\"\/><figcaption>Estat en qu\u00e8 van quedar dos cotxes arrossegats per la for\u00e7a de les aig\u00fces en un carrer del Raval de Barcelona despr\u00e9s de la tempesta de la nit del 21\/09\/1995 (Foto Francesc Melcion, Diari Avui 23\/09\/1995 p\u00e0g. 14).<\/figcaption><\/figure><\/div>\n\n\n\n<div class=\"wp-block-image wp-image-2324 size-full\"><figure class=\"aligncenter size-large\"><a href=\"https:\/\/www.meteo.cat\/wpweb\/wp-content\/uploads\/2025\/09\/1995-09-22_SauGordillo_Pont-ctra-NII-rieradeSantSimo_malmes_Mataro_MA_3.jpeg\"><img loading=\"lazy\" width=\"1024\" height=\"679\" src=\"https:\/\/www.meteo.cat\/wpweb\/wp-content\/uploads\/2025\/09\/1995-09-22_SauGordillo_Pont-ctra-NII-rieradeSantSimo_malmes_Mataro_MA_3-1024x679.jpeg\" alt=\"\" class=\"wp-image-44322\"\/><\/a><figcaption>Estat del pont de la carretera N-II sobre la riera de Sant Sim\u00f3 a Matar\u00f3 el 22\/09\/1995, malm\u00e8s per la forta rierada esdevinguda durant la tempesta de la nit del 21\/09\/1995 (Foto de Sa\u00fcl Gordillo).<\/figcaption><\/figure><\/div>\n\n\n\n<h2><strong>Descripci\u00f3 general<\/strong><\/h2>\n\n\n\n<p>Les precipitacions m\u00e9s intenses van caure entre les 18:30 i les 21:30 TU a diferents punts de la Costa Daurada, costa Central, Maresme i Pened\u00e8s. A la ciutat de Barcelona el gruix de la tempesta va caure entre les 20 i 21 TU. Els valors m\u00e0xims de precipitaci\u00f3 en 24 h es van produir entre la Costa Daurada i la costa Central, per\u00f2 amb una distribuci\u00f3 molt irregular, com ja sol \u00e9sser habitual en aquest tipus de situacions. Per exemple, a la ciutat de Barcelona la precipitaci\u00f3 mesurada va anar dels <strong>6,1 mm<\/strong> a <strong>la Zona Franca<\/strong> fins als <strong>91,9 mm <\/strong>a la<strong> pla\u00e7a de Lesseps<\/strong>, tot i que molt probablement en alguns punts de la ciutat, com ara al voltant del<strong> Camp Nou<\/strong> o <strong>la Sagrada Fam\u00edlia<\/strong>, els acumulats varen ser superiors als <strong>100-110 mm <\/strong>aquella nit. Els m\u00e0xims valors de precipitaci\u00f3 mesurats van ser els seg\u00fcents: \u00a0<strong>97,5 mm<\/strong> a <strong>Sitges <\/strong>(Garraf)<strong>, 91,9 mm <\/strong>a <strong>Barcelona-Lesseps<\/strong>,<strong> 89,5 mm <\/strong>a<strong> Barcelona-la Sagrera <\/strong>i<strong> 87,2 mm <\/strong>a<strong> Coma-ruga<\/strong> (Baix Pened\u00e8s).<\/p>\n\n\n\n<p>La intensitat de totes les tempestes va ser molt elevada, ja que gaireb\u00e9 el total de les precipitacions van caure entre 30 minuts i una hora. Per exemple, al pluvi\u00f2metre de CLABSA a la <strong>pla\u00e7a de Lesseps de Barcelona<\/strong> la intensitat de la precipitaci\u00f3 va ser torrencial amb valors acumulats de <strong>19,6 mm en nom\u00e9s 5 min i 51,8 mm en 20 min<\/strong>. Tot i ser valors d\u2019intensitat de precipitaci\u00f3 molt elevats, no s\u00f3n valors excepcionals a Catalunya. Cal recordar que recentment s\u2019han mesurat valors similars o incl\u00fas superiors d\u2019intensitat associats a fortes tempestes. A la ciutat d\u2019<strong>Olot<\/strong> (Garrotxa)<strong> <\/strong>el <strong>10 de juny de 2015<\/strong> van mesurar-se <strong>51,7 mm en 20 min<\/strong> en una tempesta de poc menys de dues hores. A <strong>Montserrat<\/strong> (Bages) el <strong>4 de setembre de 2014<\/strong> van acumular-se <strong>22,8 mm en 5 min<\/strong> en una altra tempesta de nom\u00e9s uns 15 minuts de durada.<\/p>\n\n\n\n<p>Tot i no ser excepcionals els registres d\u2019intensitat de precipitaci\u00f3 mesurats a Barcelona, s\u2019ha de comentar que la ciutat est\u00e0 constru\u00efda en una zona on antigament m\u00e9s d\u2019una vintena de rieres i torrents principals condu\u00efen les aig\u00fces pluvials des de la serra de Collserola fins al mar. En aquest episodi la intensa precipitaci\u00f3 sobre el pla de Barcelona va desbordar la xarxa de clavegueram de la ciutat, recuperant molts carrers la seva antiga funci\u00f3 de riera o torrent.<\/p>\n\n\n\n<p>A continuaci\u00f3 es mostra un llistat amb els valors diaris de precipitaci\u00f3 superiors als 50 mm caiguts des de les 07 TU del 21\/09\/1995 fins a les 07 TU del 22\/09\/1995, segons la xarxa d\u2019observadors de Catalunya i la xarxa pluviom\u00e8trica de CLABSA.<\/p>\n\n\n\n<div class=\"wp-block-image\"><figure class=\"aligncenter\"><a href=\"https:\/\/static-m.meteo.cat\/content\/blog\/2015\/09\/FIG02-PPT-7a7-21SET1995.jpg\"><img src=\"https:\/\/static-m.meteo.cat\/content\/blog\/2015\/09\/FIG02-PPT-7a7-21SET1995.jpg\" alt=\"FIG02-PPT-7a7-21SET1995\" class=\"wp-image-2325\"\/><\/a><\/figure><\/div>\n\n\n\n<h2><strong>An\u00e0lisi meteorol\u00f2gica<\/strong><\/h2>\n\n\n\n<p>La situaci\u00f3 meteorol\u00f2gica durant l\u2019episodi va venir caracteritzada per una certa indefinici\u00f3 en la circulaci\u00f3 principal de l\u2019aire en superf\u00edcie i a 850 hPa, fet que sol afavorir el r\u00e8gim de brises i vents locals aix\u00ed com la formaci\u00f3 de l\u00ednies de converg\u00e8ncia que poden disparar la convecci\u00f3 i la generaci\u00f3 de tempestes si les condicions en altura s\u00f3n favorables. La modelitzaci\u00f3 d\u2019aquestes l\u00ednies per part dels models meteorol\u00f2gics \u00e9s en general complicada, tot i que s\u2019ha avan\u00e7at molt darrerament. No obstant aix\u00f2, a l\u2019any 1995 era gaireb\u00e9 impossible pronosticar-les amb un grau acceptable de fiabilitat amb els models existents.<\/p>\n\n\n\n<p>Aquell dia a nivells alts de la troposfera, a 500 hPa (uns 5500 m), el pas d\u2019un t\u00e0lveg, amb una llengua d\u2019aire fred de -16\u00baC i junt amb un marcat flux de vent de l\u2019oest, va ser el desencadenant de la gran activitat convectiva. A aquest fet, s\u2019hi va sumar l\u2019exist\u00e8ncia d\u2019una massa d&#8217;aire for\u00e7a c\u00e0lida, humida i potencialment inestable que hi havia pr\u00e8viament tant en&nbsp;superf\u00edcie com a nivells mitjans de la troposfera. Tot plegat va afavorir les violentes tempestes que van tenir lloc aquella nit.<\/p>\n\n\n\n<p>Per tal d\u2019il\u00b7lustrar la situaci\u00f3 sin\u00f2ptica pr\u00e8via i posterior a les fortes tempestes, a la seg\u00fcent figura es poden veure les <a rel=\"noopener noreferrer\" href=\"http:\/\/www.esrl.noaa.gov\/psd\/data\/gridded\/data.20thC_ReanV2c.monolevel.html\" target=\"_blank\">rean\u00e0lisis del 20CRP<\/a> a les 18 TU del 21\/09\/1995 (mapes a l\u2019esquerra) i a les 00 TU del 22\/09\/1995 (mapes a la dreta) per als camps de temperatura i altura geopotencial a 500 i 850 hPa (mapes superiors i centrals). Tamb\u00e9 es mostren els camps de temperatura i pressi\u00f3 al nivell del mar en superf\u00edcie (mapes inferiors).<\/p>\n\n\n\n<div class=\"wp-block-image\"><figure class=\"aligncenter\"><a href=\"https:\/\/static-m.meteo.cat\/content\/blog\/2015\/09\/FIG03-Renalisis-21SET1995.jpg\"><img src=\"https:\/\/static-m.meteo.cat\/content\/blog\/2015\/09\/FIG03-Renalisis-21SET1995-742x1024.jpg\" alt=\"FIG03-Renalisis-21SET1995\" class=\"wp-image-2326\"\/><\/a><\/figure><\/div>\n\n\n\n<h2><strong>Danys provocats<\/strong><\/h2>\n\n\n\n<p>Els aiguats del dia 21 van produir nombroses inundacions de baixos i carrers a la ciutat de <strong>Barcelona<\/strong>, els quals es van convertir en veritables torrents d\u2019aigua desbordats, sobretot el <strong>carrer de Casanova<\/strong>, antiga llera de la <strong>riera de la Creu d\u2019en Malla<\/strong>, on un motorista va morir arrossegat per la for\u00e7a de les aig\u00fces. For\u00e7a contenidors de la brossa i fins i tot alguns cotxes aparcats al carrer tamb\u00e9 van ser arrossegats. La part baixa de <strong>Ciutat Vella<\/strong> i l\u2019<strong>Esquerra de l\u2019Eixample<\/strong>, on existien llacunes litorals en el passat, van inundar-se completament arribant les aig\u00fces a una al\u00e7ada de <strong>75 cm<\/strong> en el barri de <strong>Sant Antoni<\/strong>. A <strong>Sitges<\/strong> tamb\u00e9 es van inundar baixos i carrers, molts d\u2019ells tamb\u00e9 convertits en torrents d\u2019aigua desbordats. Diverses rieres del Maresme van baixar amb for\u00e7a, esfondrant-se el pont de la carretera N-II sobre la <strong>riera de Sant Sim\u00f3<\/strong> a <strong>Matar\u00f3<\/strong>.<\/p>\n\n\n\n<p>Aquest episodi va provocar un gran impacte social a la ciutat de Barcelona, batejant-lo la premsa local com <strong><em>la Tempesta del Segle<\/em> <\/strong>o <strong><em>l\u2019Aiguat del Segle<\/em><\/strong>, i fent que es desencall\u00e9s un projecte de millora i modernitzaci\u00f3 de la xarxa de clavegueram de la ciutat amb la construcci\u00f3 de diversos dip\u00f2sits pluvials subterranis. La funci\u00f3 d\u2019aquests dip\u00f2sits \u00e9s retenir la gran quantitat d\u2019aigua recollida per la xarxa de drenatge en dies de forts aiguats i alliberar-la cap al mar pausadament. Aquestes millores han redu\u00eft dr\u00e0sticament l\u2019ocurr\u00e8ncia d\u2019inundacions urbanes de carrers i desbordament de clavegueres que patia la ciutat gaireb\u00e9 cada any a causa dels forts aiguats de primavera, estiu o tardor. A la d\u00e8cada dels 90 del segle passat, abans de la construcci\u00f3 dels dip\u00f2sits pluvials, hi havia una inundaci\u00f3 greu cada dos anys. Actualment, la freq\u00fc\u00e8ncia mitjana d\u2019inundacions greus ha passat a ser-ne d\u2019una cada sis anys (<a href=\"http:\/\/www.hydrol-earth-syst-sci.net\/19\/465\/2015\/hess-19-465-2015.pdf\" target=\"_blank\" rel=\"noopener noreferrer\">Barrera-Escoda i Llasat, 2015<\/a>), reduint la seva incid\u00e8ncia en dos ter\u00e7os (66%). Aquest model d\u2019\u00e8xit s\u2019ha exportat a d\u2019altres ciutats mediterr\u00e0nies i de la resta del m\u00f3n amb el mateix problema.<\/p>\n","protected":false},"excerpt":{"rendered":"<p>PUBLICADA EL 21\/09\/2015 \/\/ REVISADA EL 17\/09\/2025 Avui es compleixen 20 anys del fort aiguat que es va produir a la costa Central la nit del 21 de setembre de 1995. Aquest aiguat va ser batejat com a la Tempesta del Segle, ja que va deixar fins a 91,9 mm al pluvi\u00f2metre de CLABSA (Clavegueram [&hellip;]<\/p>\n","protected":false},"author":7,"featured_media":0,"parent":18384,"menu_order":0,"comment_status":"open","ping_status":"open","template":"template-sidebar.php","meta":{"_mi_skip_tracking":false,"_monsterinsights_sitenote_active":false,"_monsterinsights_sitenote_note":"","_monsterinsights_sitenote_category":0},"_links":{"self":[{"href":"https:\/\/www.meteo.cat\/wpweb\/wp-json\/wp\/v2\/pages\/18106"}],"collection":[{"href":"https:\/\/www.meteo.cat\/wpweb\/wp-json\/wp\/v2\/pages"}],"about":[{"href":"https:\/\/www.meteo.cat\/wpweb\/wp-json\/wp\/v2\/types\/page"}],"author":[{"embeddable":true,"href":"https:\/\/www.meteo.cat\/wpweb\/wp-json\/wp\/v2\/users\/7"}],"replies":[{"embeddable":true,"href":"https:\/\/www.meteo.cat\/wpweb\/wp-json\/wp\/v2\/comments?post=18106"}],"version-history":[{"count":13,"href":"https:\/\/www.meteo.cat\/wpweb\/wp-json\/wp\/v2\/pages\/18106\/revisions"}],"predecessor-version":[{"id":44326,"href":"https:\/\/www.meteo.cat\/wpweb\/wp-json\/wp\/v2\/pages\/18106\/revisions\/44326"}],"up":[{"embeddable":true,"href":"https:\/\/www.meteo.cat\/wpweb\/wp-json\/wp\/v2\/pages\/18384"}],"wp:attachment":[{"href":"https:\/\/www.meteo.cat\/wpweb\/wp-json\/wp\/v2\/media?parent=18106"}],"curies":[{"name":"wp","href":"https:\/\/api.w.org\/{rel}","templated":true}]}}