{"id":18105,"date":"2015-09-10T12:16:39","date_gmt":"2015-09-10T11:16:39","guid":{"rendered":"http:\/\/10.116.16.72\/test\/?p=2307"},"modified":"2020-10-19T09:36:18","modified_gmt":"2020-10-19T09:36:18","slug":"principals-trets-climatics-del-27-de-setembre","status":"publish","type":"page","link":"https:\/\/www.meteo.cat\/wpweb\/divulgacio\/publicacions\/miscellania\/principals-trets-climatics-del-27-de-setembre\/","title":{"rendered":"Principals trets clim\u00e0tics del 27 de setembre"},"content":{"rendered":"\n<p><strong>PUBLICADA EL 10\/09\/2015<\/strong><strong>L\u2019estudi es basa en l\u2019an\u00e0lisi de les dades di\u00e0ries de temperatura i precipitaci\u00f3 a una trentena d\u2019observatoris catalans, pel per\u00edode de refer\u00e8ncia 1981-2010.<\/strong><\/p>\n\n\n\n<p><strong>El percentatge de dies amb precipitaci\u00f3 en un 27 de setembre oscil\u00b7la entre el 10% i el 24%, essent l\u2019\u00e0mbit pirinenc i de les Terres de l\u2019Ebre els que presenten valors m\u00e9s elevats.<\/strong><\/p>\n\n\n\n<p>El Servei Meteorol\u00f2gic de Catalunya ha analitzat els principals trets clim\u00e0tics que caracteritzen el 27 de setembre (27S), data de les eleccions al Parlament de Catalunya.<\/p>\n\n\n\n<p>L\u2019estudi es basa en els valors diaris de temperatura m\u00e0xima, temperatura m\u00ednima i precipitaci\u00f3 registrats a trenta-una s\u00e8ries clim\u00e0tiques catalanes i dins del darrer trentenni de refer\u00e8ncia, 1981-2010. En climatologia s\u2019estipula en trenta anys el per\u00edode m\u00ednim per a tenir una bona representativitat clim\u00e0tica d\u2019un indret.<\/p>\n\n\n\n<h2><strong>Temperatura<\/strong><\/h2>\n\n\n\n<p>La temperatura mitjana d\u2019un 27S t\u00edpic oscil\u00b7la entre els 20 \u00baC i els 21 \u00baC a les comarques meridionals i del litoral, i entre els 13 \u00baC i els 15 \u00baC a les valls del Pirineu i Prepirineu. La mitjana de la temperatura m\u00e0xima presenta una distribuci\u00f3 similar: els 25 \u00baC i 27 \u00baC&nbsp; s\u00f3n habituals al sud i al pre-litoral, mentre que al Pirineu, fa\u00e7ana litoral i algunes conques interiors s\u2019assoleixen temperatures inferiors, de 20 \u00baC a 23 \u00baC. Pel que fa a la mitjana de la temperatura m\u00ednima, novament \u00e9s l\u2019\u00e0rea pirinenca i prepirinenca la que assoleix habitualment temperatures inferiors als 10 \u00baC, mentre que a la costa i el pre-litoral oscil\u00b7la al voltant dels 13 a 16\u00baC.<\/p>\n\n\n\n<p>Dins del trentenni 1981-2010, majorit\u00e0riament l\u2019any 1988 va assolir les temperatures m\u00e9s elevades en un 27S, amb una m\u00e0xima que va superar els 30 \u00baC a diversos indrets. Per contra l\u2019any 1995, fou el m\u00e9s fred amb temperatures m\u00ednimes inferiors als 5\u00baC al Pirineu i a les valls de l\u2019interior. Per a m\u00e9s detalls, consulteu la taula seg\u00fcent.<\/p>\n\n\n\n<table class=\"wp-block-table sortable\"><tbody><tr><th><strong>S\u00e8rie<\/strong><\/th><th><strong>TMm (\u00b0C)<\/strong><\/th><th><strong>TXm (\u00b0C)<\/strong><\/th><th><strong>TXx (\u00b0C)<\/strong><\/th><th><strong>ANY TXx<\/strong><\/th><th><strong>TNm (\u00b0C)<\/strong><\/th><th><strong>TNn (\u00b0C)<\/strong><\/th><th><strong>ANY TNn<\/strong><\/th><\/tr><tr><td><strong>A. Girona-C. Brava<\/strong><\/td><td>17.9<\/td><td>24.4<\/td><td>27.8<\/td><td>1988<\/td><td>11.5<\/td><td>5.8<\/td><td>1995<\/td><\/tr><tr><td><strong>Arenys de Mar<\/strong><\/td><td>19.6<\/td><td>23.3<\/td><td>27.0<\/td><td>2009<\/td><td>16.0<\/td><td>11.6<\/td><td>1995<\/td><\/tr><tr><td><strong>Barcelona &#8211; Aeroport<\/strong><\/td><td>20.1<\/td><td>24.4<\/td><td>27.3<\/td><td>1998<\/td><td>15.8<\/td><td>11.6<\/td><td>1991<\/td><\/tr><tr><td><strong>Barcelona \u2013 Fabra<\/strong><\/td><td>16.9<\/td><td>22.8<\/td><td>27.2<\/td><td>1987<\/td><td>14.8<\/td><td>9.0<\/td><td>1993<\/td><\/tr><tr><td><strong>El Pont de Suert<\/strong><\/td><td>13.1<\/td><td>21.1<\/td><td>27.2<\/td><td>1988<\/td><td>4.9<\/td><td>-2.9<\/td><td>1984<\/td><\/tr><tr><td><strong>El Vendrell<\/strong><\/td><td>19.3<\/td><td>24.8<\/td><td>28.5<\/td><td>1987<\/td><td>13.8<\/td><td>8.0<\/td><td>1995<\/td><\/tr><tr><td><strong>Figueres-Cabanes<\/strong><\/td><td>18.1<\/td><td>24.5<\/td><td>34.1<\/td><td>1983<\/td><td>11.6<\/td><td>5.3<\/td><td>1981<\/td><\/tr><tr><td><strong>Flix-Vinebre<\/strong><\/td><td>18.9<\/td><td>26.3<\/td><td>32.9<\/td><td>1996<\/td><td>11.6<\/td><td>6.3<\/td><td>1995<\/td><\/tr><tr><td><strong>Girona<\/strong><\/td><td>17.6<\/td><td>25.1<\/td><td>30.0<\/td><td>1988<\/td><td>10.1<\/td><td>4.1<\/td><td>1995<\/td><\/tr><tr><td><strong>Granollers<\/strong><\/td><td>19.6<\/td><td>25.1<\/td><td>29.2<\/td><td>2002<\/td><td>14.0<\/td><td>10.5<\/td><td>1995<\/td><\/tr><tr><td><strong>Igualada<\/strong><\/td><td>18.2<\/td><td>24.5<\/td><td>32.8<\/td><td>1983<\/td><td>11.9<\/td><td>7.0<\/td><td>2010<\/td><\/tr><tr><td><strong>L\u2019Estartit<\/strong><\/td><td>18.8<\/td><td>22.6<\/td><td>26.8<\/td><td>1989<\/td><td>15.0<\/td><td>9.4<\/td><td>1995<\/td><\/tr><tr><td><strong>Lleida<\/strong><\/td><td>18.1<\/td><td>24.7<\/td><td>29.8<\/td><td>1988<\/td><td>11.5<\/td><td>5.1<\/td><td>1995<\/td><\/tr><tr><td><strong>Malla<\/strong><\/td><td>14.9<\/td><td>22.4<\/td><td>28.0<\/td><td>1988<\/td><td>7.4<\/td><td>1.5<\/td><td>1995<\/td><\/tr><tr><td><strong>Manresa<\/strong><\/td><td>17.6<\/td><td>24.1<\/td><td>29.5<\/td><td>1987<\/td><td>11.1<\/td><td>5.5<\/td><td>1995<\/td><\/tr><tr><td><strong>Moi\u00e0<\/strong><\/td><td>15.5<\/td><td>20.7<\/td><td>27.4<\/td><td>1988<\/td><td>10.4<\/td><td>5.8<\/td><td>2007<\/td><\/tr><tr><td><strong>Montblanc<\/strong><\/td><td>18.2<\/td><td>24.2<\/td><td>29.0<\/td><td>1990<\/td><td>12.2<\/td><td>7.0<\/td><td>1984<\/td><\/tr><tr><td><strong>Oliana<\/strong><\/td><td>15.7<\/td><td>23.0<\/td><td>30.2<\/td><td>1988<\/td><td>8.5<\/td><td>1.6<\/td><td>2010<\/td><\/tr><tr><td><strong>Olot<\/strong><\/td><td>16.3<\/td><td>23.8<\/td><td>30.0<\/td><td>1988<\/td><td>8.8<\/td><td>5.0<\/td><td>1995<\/td><\/tr><tr><td><strong>Reus<\/strong><\/td><td>19.1<\/td><td>24.4<\/td><td>28.0<\/td><td>1987<\/td><td>13.7<\/td><td>7.2<\/td><td>2010<\/td><\/tr><tr><td><strong>Ripoll<\/strong><\/td><td>15.3<\/td><td>22.6<\/td><td>30.0<\/td><td>1988<\/td><td>8.0<\/td><td>0.0<\/td><td>2007<\/td><\/tr><tr><td><strong>Roquetes-Ob. Ebre<\/strong><\/td><td>20.9<\/td><td>26.7<\/td><td>31.9<\/td><td>1987<\/td><td>15.1<\/td><td>10.3<\/td><td>1981<\/td><\/tr><tr><td><strong>T\u00e0rrega<\/strong><\/td><td>17.4<\/td><td>23.2<\/td><td>28.8<\/td><td>1988<\/td><td>11.6<\/td><td>5.5<\/td><td>1995<\/td><\/tr><tr><td><strong>Terrassa<\/strong><\/td><td>18.6<\/td><td>23.6<\/td><td>26.6<\/td><td>1988<\/td><td>13.5<\/td><td>9.4<\/td><td>1995<\/td><\/tr><tr><td><strong>Tivissa<\/strong><\/td><td>18.0<\/td><td>23.9<\/td><td>28.6<\/td><td>1988<\/td><td>12.2<\/td><td>6.7<\/td><td>1995<\/td><\/tr><tr><td><strong>Tremp<\/strong><\/td><td>16.2<\/td><td>23.7<\/td><td>30.3<\/td><td>1988<\/td><td>8.6<\/td><td>1.1<\/td><td>1984<\/td><\/tr><tr><td><strong>Valls<\/strong><\/td><td>18.2<\/td><td>24.1<\/td><td>27.2<\/td><td>1987<\/td><td>12.4<\/td><td>7.7<\/td><td>2002<\/td><\/tr><tr><td><strong>Vic<\/strong><\/td><td>16.0<\/td><td>22.6<\/td><td>28.1<\/td><td>1988<\/td><td>9.4<\/td><td>4.0<\/td><td>1995<\/td><\/tr><tr><td><strong>Vielha<\/strong><\/td><td>12.8<\/td><td>19.1<\/td><td>25.3<\/td><td>1988<\/td><td>6.5<\/td><td>-0.4<\/td><td>2010<\/td><\/tr><tr><td><strong>Vilafranca del Pened\u00e8s<\/strong><\/td><td>18.1<\/td><td>23.9<\/td><td>28.5<\/td><td>1987<\/td><td>12.3<\/td><td>8.0<\/td><td>1995<\/td><\/tr><tr><td><strong>Vilalba dels Arcs<\/strong><\/td><td>19.1<\/td><td>24.9<\/td><td>31.0<\/td><td>1988<\/td><td>13.3<\/td><td>8.0<\/td><td>2010<\/td><\/tr><\/tbody><\/table>\n\n\n\n<p><strong>TMm: <\/strong>Temperatura mitjana (\u00b0C) \/ <strong>TXm:<\/strong>&nbsp; Mitjana de la temperatura m\u00e0xima (\u00b0C) \/ <strong>TXx: <\/strong>Temperatura m\u00e0xima absoluta (\u00b0C) \/ <strong>TNm: <\/strong>Mitjana de la temperatura m\u00ednima (\u00b0C) \/ <strong>TNn: <\/strong>Temperatura m\u00ednima absoluta (\u00b0C)<\/p>\n\n\n\n<h2><strong>Precipitaci\u00f3<\/strong><\/h2>\n\n\n\n<p>L\u2019estudi s\u2019ha centrat a analitzar el percentatge de dies amb precipitaci\u00f3 en un 27S i dins del trentenni 1981-2010, per a trenta-una s\u00e8ries clim\u00e0tiques del pa\u00eds. Concretament, s\u2019han definit tres llindars: precipitaci\u00f3 apreciable (\u22650,1 mm\/24h), precipitaci\u00f3 moderada (\u2265 5 mm) i precipitaci\u00f3 destacada (\u226520 mm\/24h).<\/p>\n\n\n\n<p>El percentatge de dies amb precipitaci\u00f3 apreciable oscil\u00b7la entre el 10% i el 24%. Les Terres de l\u2019Ebre i el Pirineu s\u00f3n els sectors amb percentatges m\u00e9s elevats, per damunt del 20%, mentre que als sectors propers a Osona i al Moian\u00e8s els percentatges volten el 10%.<\/p>\n\n\n\n<p>Pel que fa al percentatge de dies amb precipitaci\u00f3 moderada (superior als 5 mm\/24h) no supera el 10% en cap de les s\u00e8ries analitzades, i pels dies amb precipitaci\u00f3 destacada (superior als 20 mm\/24h) el percentatge cau al 3% o 4%.<\/p>\n\n\n\n<p>El mapa il\u00b7lustra la distribuci\u00f3 espacial del percentatge de dies de precipitaci\u00f3 apreciable i es donen m\u00e9s detalls a la taula immediatament seg\u00fcent.<\/p>\n\n\n\n<p>En definitiva la climatologia del 27S presenta encara trets propers a l\u2019estiu, m\u00e9s que no pas de la tardor. No hi s\u00f3n estranys els dies calorosos, fins i tot amb una temperatura m\u00e0xima superior als 30\u00baC i el percentatge de dies plujosos \u00e9s baix a bona part del pa\u00eds. A excepci\u00f3 del Pirineu i determinats punts del sud del pa\u00eds, on un&nbsp; de cada cinc dies sol ploure, a la resta aquesta probabilitat \u00e9s inferior.<\/p>\n\n\n\n<div class=\"wp-block-image\"><figure class=\"aligncenter\"><a href=\"https:\/\/static-m.meteo.cat\/content\/blog\/2015\/09\/Mapa-prob-PPT-27S_definitiu.png\"><img src=\"https:\/\/static-m.meteo.cat\/content\/blog\/2015\/09\/Mapa-prob-PPT-27S_definitiu-300x277.png\" alt=\"Mapa prob PPT 27S_definitiu\" class=\"wp-image-2310\"\/><\/a><\/figure><\/div>\n\n\n\n<table class=\"wp-block-table sortable\"><tbody><tr><th><strong>S\u00e8rie<\/strong><\/th><th><strong>%dPPT (\u22650,1 mm)<\/strong><\/th><th><strong>%dPPT (\u2265 5 mm)<\/strong><\/th><th><strong>%dPPT (\u226520 mm)<\/strong><\/th><th><strong>PPTx24h<\/strong><\/th><th><strong>ANY PPTx24h<\/strong><\/th><\/tr><tr><td><strong>A. Girona-C. Brava<\/strong><\/td><td>17%<\/td><td>3%<\/td><td>0%<\/td><td>6.2<\/td><td>2003<\/td><\/tr><tr><td><strong>Arenys de Mar<\/strong><\/td><td>17%<\/td><td>3%<\/td><td>3%<\/td><td>36.6<\/td><td>2003<\/td><\/tr><tr><td><strong>Barcelona &#8211; Aeroport<\/strong><\/td><td>17%<\/td><td>3%<\/td><td>3%<\/td><td>64.8<\/td><td>2003<\/td><\/tr><tr><td><strong>Barcelona \u2013 Ob. Fabra<\/strong><\/td><td>19%<\/td><td>7%<\/td><td>3%<\/td><td>27.5<\/td><td>2003<\/td><\/tr><tr><td><strong>El Pont de Suert<\/strong><\/td><td>17%<\/td><td>7%<\/td><td>0%<\/td><td>13.0<\/td><td>1981<\/td><\/tr><tr><td><strong>El Vendrell<\/strong><\/td><td>10%<\/td><td>7%<\/td><td>3%<\/td><td>27.0<\/td><td>2003<\/td><\/tr><tr><td><strong>Figueres-Cabanes<\/strong><\/td><td>22%<\/td><td>13%<\/td><td>0%<\/td><td>16.0<\/td><td>1988<\/td><\/tr><tr><td><strong>Flix-Vinebre<\/strong><\/td><td>17%<\/td><td>3%<\/td><td>0%<\/td><td>19.5<\/td><td>1985<\/td><\/tr><tr><td><strong>Girona<\/strong><\/td><td>13%<\/td><td>3%<\/td><td>0%<\/td><td>8.2<\/td><td>2003<\/td><\/tr><tr><td><strong>Granollers<\/strong><\/td><td>14%<\/td><td>10%<\/td><td>0%<\/td><td>16.0<\/td><td>2000<\/td><\/tr><tr><td><strong>Igualada<\/strong><\/td><td>14%<\/td><td>4%<\/td><td>0%<\/td><td>11.4<\/td><td>2003<\/td><\/tr><tr><td><strong>L\u2019Estartit<\/strong><\/td><td>13%<\/td><td>7%<\/td><td>3%<\/td><td>23.8<\/td><td>2003<\/td><\/tr><tr><td><strong>Lleida<\/strong><\/td><td>17%<\/td><td>3%<\/td><td>0%<\/td><td>15.5<\/td><td>2003<\/td><\/tr><tr><td><strong>Malla<\/strong><\/td><td>10%<\/td><td>3%<\/td><td>0%<\/td><td>11.8<\/td><td>2003<\/td><\/tr><tr><td><strong>Manresa<\/strong><\/td><td>14%<\/td><td>0%<\/td><td>0%<\/td><td>2.9<\/td><td>1993<\/td><\/tr><tr><td><strong>Moi\u00e0<\/strong><\/td><td>10%<\/td><td>3%<\/td><td>0%<\/td><td>5.6<\/td><td>2003<\/td><\/tr><tr><td><strong>Montblanc<\/strong><\/td><td>14%<\/td><td>4%<\/td><td>0%<\/td><td>10.2<\/td><td>2000<\/td><\/tr><tr><td><strong>Oliana<\/strong><\/td><td>13%<\/td><td>3%<\/td><td>0%<\/td><td>8.6<\/td><td>2003<\/td><\/tr><tr><td><strong>Olot<\/strong><\/td><td>20%<\/td><td>10%<\/td><td>0%<\/td><td>15.0<\/td><td>2003<\/td><\/tr><tr><td><strong>Reus<\/strong><\/td><td>17%<\/td><td>7%<\/td><td>3%<\/td><td>42.0<\/td><td>1985<\/td><\/tr><tr><td><strong>Ripoll<\/strong><\/td><td>23%<\/td><td>3%<\/td><td>0%<\/td><td>18.0<\/td><td>2003<\/td><\/tr><tr><td><strong>Roquetes &#8211; Ob Ebre<\/strong><\/td><td>23%<\/td><td>10%<\/td><td>3%<\/td><td>31.6<\/td><td>1985<\/td><\/tr><tr><td><strong>T\u00e0rrega<\/strong><\/td><td>11%<\/td><td>0%<\/td><td>0%<\/td><td>1.0<\/td><td>1991\/2001<\/td><\/tr><tr><td><strong>Terrassa<\/strong><\/td><td>17%<\/td><td>3%<\/td><td>3%<\/td><td>21.0<\/td><td>2003<\/td><\/tr><tr><td><strong>Tivissa<\/strong><\/td><td>10%<\/td><td>3%<\/td><td>3%<\/td><td>95.0<\/td><td>1985<\/td><\/tr><tr><td><strong>Tremp<\/strong><\/td><td>14%<\/td><td>4%<\/td><td>0%<\/td><td>7.0<\/td><td>1985<\/td><\/tr><tr><td><strong>Valls<\/strong><\/td><td>24%<\/td><td>7%<\/td><td>0%<\/td><td>10.0<\/td><td>2000<\/td><\/tr><tr><td><strong>Vic<\/strong><\/td><td>10%<\/td><td>3%<\/td><td>0%<\/td><td>14.3<\/td><td>1990<\/td><\/tr><tr><td><strong>Vielha<\/strong><\/td><td>23%<\/td><td>7%<\/td><td>4%<\/td><td>48.0<\/td><td>1992<\/td><\/tr><tr><td><strong>Vilafranca del Pened\u00e8s<\/strong><\/td><td>13%<\/td><td>3%<\/td><td>3%<\/td><td>38.6<\/td><td>2003<\/td><\/tr><tr><td><strong>Vilalba i els Arcs<\/strong><\/td><td>13%<\/td><td>7%<\/td><td>3%<\/td><td>26.6<\/td><td>1985<\/td><\/tr><\/tbody><\/table>\n\n\n\n<p><strong>%PPT<\/strong><strong>\u2265<\/strong><strong> 1 mm:&nbsp; <\/strong>Percentatge de dies amb PPT \u2265 0,1 mm \/ <strong>%dPPT<\/strong><strong>\u2265<\/strong><strong> 5 mm: <\/strong>Percentatge de dies amb PPT \u2265 5 mm \/ <strong>%PPT<\/strong><strong>\u2265<\/strong><strong> 20 mm: <\/strong>Percentatge de dies \u2265 20 mm (%) \/ <strong>PPTx24h: <\/strong>Precipitaci\u00f3 m\u00e0xima en 24 hores (mm)<\/p>\n","protected":false},"excerpt":{"rendered":"<p>PUBLICADA EL 10\/09\/2015L\u2019estudi es basa en l\u2019an\u00e0lisi de les dades di\u00e0ries de temperatura i precipitaci\u00f3 a una trentena d\u2019observatoris catalans, pel per\u00edode de refer\u00e8ncia 1981-2010. El percentatge de dies amb precipitaci\u00f3 en un 27 de setembre oscil\u00b7la entre el 10% i el 24%, essent l\u2019\u00e0mbit pirinenc i de les Terres de l\u2019Ebre els que presenten [&hellip;]<\/p>\n","protected":false},"author":5,"featured_media":0,"parent":18378,"menu_order":0,"comment_status":"open","ping_status":"open","template":"template-sidebar.php","meta":{"_mi_skip_tracking":false,"_monsterinsights_sitenote_active":false,"_monsterinsights_sitenote_note":"","_monsterinsights_sitenote_category":0},"_links":{"self":[{"href":"https:\/\/www.meteo.cat\/wpweb\/wp-json\/wp\/v2\/pages\/18105"}],"collection":[{"href":"https:\/\/www.meteo.cat\/wpweb\/wp-json\/wp\/v2\/pages"}],"about":[{"href":"https:\/\/www.meteo.cat\/wpweb\/wp-json\/wp\/v2\/types\/page"}],"author":[{"embeddable":true,"href":"https:\/\/www.meteo.cat\/wpweb\/wp-json\/wp\/v2\/users\/5"}],"replies":[{"embeddable":true,"href":"https:\/\/www.meteo.cat\/wpweb\/wp-json\/wp\/v2\/comments?post=18105"}],"version-history":[{"count":6,"href":"https:\/\/www.meteo.cat\/wpweb\/wp-json\/wp\/v2\/pages\/18105\/revisions"}],"predecessor-version":[{"id":29162,"href":"https:\/\/www.meteo.cat\/wpweb\/wp-json\/wp\/v2\/pages\/18105\/revisions\/29162"}],"up":[{"embeddable":true,"href":"https:\/\/www.meteo.cat\/wpweb\/wp-json\/wp\/v2\/pages\/18378"}],"wp:attachment":[{"href":"https:\/\/www.meteo.cat\/wpweb\/wp-json\/wp\/v2\/media?parent=18105"}],"curies":[{"name":"wp","href":"https:\/\/api.w.org\/{rel}","templated":true}]}}