{"id":18104,"date":"2015-07-22T08:42:45","date_gmt":"2015-07-22T07:42:45","guid":{"rendered":"http:\/\/10.116.16.72\/test\/?p=2239"},"modified":"2022-12-27T09:20:18","modified_gmt":"2022-12-27T09:20:18","slug":"noves-revelacions-sobre-la-possible-desacceleracio-de-lescalfament-global","status":"publish","type":"page","link":"https:\/\/www.meteo.cat\/wpweb\/divulgacio\/publicacions\/miscellania\/noves-revelacions-sobre-la-possible-desacceleracio-de-lescalfament-global\/","title":{"rendered":"Noves revelacions sobre la possible desacceleraci\u00f3 de l&#8217;escalfament global"},"content":{"rendered":"\n<p><strong>PUBLICADA EL 22\/07\/2015<\/strong><\/p>\n\n\n\n<p>Un estudi recentment publicat a la revista <em>Science<\/em> (Karl <em>et al.<\/em> 2015) conclou que el ritme d&#8221;escalfament global experimentat durant els \u00faltims 15 anys ha estat tan r\u00e0pid o m\u00e9s que l&#8221;observat durant la segona meitat del segle XX. D\u2019aquesta manera refuta la idea \u00e0mpliament estesa que s&#8221;havia produ\u00eft una desacceleraci\u00f3 o &#8220;pausa&#8221; en el ritme de l&#8221;escalfament global en els \u00faltims anys, el que es coneix en la denominaci\u00f3 anglesa com a <em>\u201cwarming hiatus\u201d<\/em>.<\/p>\n\n\n\n<p>L\u2019estudi ha estat impulsat per un equip de cient\u00edfics de diverses administracions nord-americanes (<a href=\"http:\/\/www.noaa.gov\/\" target=\"_blank\" rel=\"noopener noreferrer\">NOAA<\/a>, <a href=\"https:\/\/ncei.noaa.gov\/\" target=\"_blank\" rel=\"noopener noreferrer\">NCEI<\/a> i <a href=\"http:\/\/www.lmi.org\/\" target=\"_blank\" rel=\"noopener noreferrer\">LMI<\/a>) i es basa en una nova i actualitzada base de dades de temperatura global. Segons els autors, les principals causes que explicarien la discrep\u00e0ncia amb estudis previs es basen en:<\/p>\n\n\n\n<ul><li><u>La identificaci\u00f3 de biaixos significatius en la temperatura superficial del mar derivats de la metodologia i la t\u00e8cnica de presa de mesures<\/u>. Amb anterioritat a mitjans de la d\u00e8cada de 1970, l\u2019observaci\u00f3 des de vaixells era la manera predominant per mesurar la temperatura de la superf\u00edcie del mar i els oceans, i des de llavors ha augmentat l\u2019\u00fas de les boies com a font d\u2019informaci\u00f3. En comparaci\u00f3 amb els vaixells, les boies proporcionen dades de m\u00e9s qualitat, i s\u2019ha determinat que aquestes dades s\u00f3n significativament m\u00e9s fredes que les obtingudes a partir dels vaixells. L\u2019estudi ha desenvolupat i implantat un m\u00e8tode per a corregir aquesta difer\u00e8ncia.<\/li><li><u>La incorporaci\u00f3 de dades de 2013 i 2014<\/u>, el tercer i primer any m\u00e9s c\u00e0lid a nivell global respectivament, ha tingut un pes clar en l\u2019actualitzaci\u00f3 de la tend\u00e8ncia detectada.<\/li><li><u>La integraci\u00f3 de noves bases de dades<\/u> han millorat notablement la cobertura espacial i, per tant, la informaci\u00f3 disponible. Aquest \u00e9s el cas de l\u2019\u00c0rtic, l\u2019\u00e0rea del planeta que ha experimentat&nbsp;un escalfament m\u00e9s evident en les darreres d\u00e8cades. Globalment, la integraci\u00f3 de noves bases de dades ha significat doblar el nombre de s\u00e8ries clim\u00e0tiques ara disponibles.<\/li><\/ul>\n\n\n\n<p>Aquesta revelaci\u00f3 aporta noves dades a les estimacions publicades al darrer informe del IPCC AR5 (IPCC, 2013), que recollia la informaci\u00f3 m\u00e9s actualitzada fins al moment, i indicava la desacceleraci\u00f3 de l\u2019escalfament durant el per\u00edode 1998-2012 en relaci\u00f3 a per\u00edodes previs. Alguns autors posaven l\u2019ull en el vulcanisme com a possible motivaci\u00f3 de la pausa (Santer <em>et al.<\/em> 2015) i ara semblaria que es tracta d\u2019un aspecte m\u00e9s lligat a la disponibilitat i la qualitat de les dades.<\/p>\n\n\n\n<div class=\"wp-block-image\"><figure class=\"aligncenter\"><a href=\"https:\/\/static-m.meteo.cat\/content\/blog\/2015\/07\/no-slow-down-in-global-warming-web.jpg\"><img src=\"https:\/\/static-m.meteo.cat\/content\/blog\/2015\/07\/no-slow-down-in-global-warming-web.jpg\" alt=\"(obre imatge gran)\" class=\"wp-image-2245\"\/><\/a><figcaption>Contr\u00e0riament al que es creia, les darreres correccions indiquen que el ritme d\u2019escalfament global ha continuat, i no s\u2019ha desaccelerat (Karl et al. 2015)<\/figcaption><\/figure><\/div>\n\n\n\n<p>Aix\u00ed doncs, aquest estudi posa de rellev\u00e0ncia la import\u00e0ncia de l\u2019an\u00e0lisi previ de qualitat de les dades i el tractament de la seva homogene\u00eftat, i continua sent una de les l\u00ednies de recerca a desenvolupar. Des del Servei Meteorol\u00f2gic de Catalunya s\u2019est\u00e0 treballant en aquesta l\u00ednia des de fa anys, per tal de disminuir al m\u00e0xim la incertesa del senyal clim\u00e0tic, extraient els possibles biaixos no clim\u00e0tics i derivats de canvis d\u2019instrumental, d\u2019ubicaci\u00f3&#8230; (consulteu el <a href=\"https:\/\/www.meteo.cat\/wpweb\/climatologia\/butlletins-i-episodis-meteorologics\/butlleti-anual-dindicadors-climatics\/\">Butllet\u00ed Anual d\u2019Indicadors Clim\u00e0tics, 2014<\/a> per a m\u00e9s detalls).<\/p>\n\n\n\n<h2><strong>Refer\u00e8ncies<\/strong><\/h2>\n\n\n\n<ul><li>Santer, BD et al. (2015): Observed multivariable signals of late 20th and early 21st century volcanic activity, <em>Geophys. Res. Lett.<\/em>,42, 500\u2013509. <\/li><li>T.R. Karl, A. Arguez, B. Huang, J.H. Lawrimore, J.R. McMahon, M.J. Menne, T.C. Peterson, R.S. Vose, and H. Zhang, &#8220;Possible artifacts of data biases in the recent global surface warming hiatus&#8221;, Science, 2015. <\/li><\/ul>\n\n\n\n<p><\/p>\n","protected":false},"excerpt":{"rendered":"<p>PUBLICADA EL 22\/07\/2015 Un estudi recentment publicat a la revista Science (Karl et al. 2015) conclou que el ritme d&#8221;escalfament global experimentat durant els \u00faltims 15 anys ha estat tan r\u00e0pid o m\u00e9s que l&#8221;observat durant la segona meitat del segle XX. D\u2019aquesta manera refuta la idea \u00e0mpliament estesa que s&#8221;havia produ\u00eft una desacceleraci\u00f3 o [&hellip;]<\/p>\n","protected":false},"author":7,"featured_media":0,"parent":18378,"menu_order":0,"comment_status":"open","ping_status":"open","template":"template-sidebar.php","meta":{"_mi_skip_tracking":false,"_monsterinsights_sitenote_active":false,"_monsterinsights_sitenote_note":"","_monsterinsights_sitenote_category":0},"_links":{"self":[{"href":"https:\/\/www.meteo.cat\/wpweb\/wp-json\/wp\/v2\/pages\/18104"}],"collection":[{"href":"https:\/\/www.meteo.cat\/wpweb\/wp-json\/wp\/v2\/pages"}],"about":[{"href":"https:\/\/www.meteo.cat\/wpweb\/wp-json\/wp\/v2\/types\/page"}],"author":[{"embeddable":true,"href":"https:\/\/www.meteo.cat\/wpweb\/wp-json\/wp\/v2\/users\/7"}],"replies":[{"embeddable":true,"href":"https:\/\/www.meteo.cat\/wpweb\/wp-json\/wp\/v2\/comments?post=18104"}],"version-history":[{"count":7,"href":"https:\/\/www.meteo.cat\/wpweb\/wp-json\/wp\/v2\/pages\/18104\/revisions"}],"predecessor-version":[{"id":36663,"href":"https:\/\/www.meteo.cat\/wpweb\/wp-json\/wp\/v2\/pages\/18104\/revisions\/36663"}],"up":[{"embeddable":true,"href":"https:\/\/www.meteo.cat\/wpweb\/wp-json\/wp\/v2\/pages\/18378"}],"wp:attachment":[{"href":"https:\/\/www.meteo.cat\/wpweb\/wp-json\/wp\/v2\/media?parent=18104"}],"curies":[{"name":"wp","href":"https:\/\/api.w.org\/{rel}","templated":true}]}}