{"id":18097,"date":"2014-12-18T13:25:51","date_gmt":"2014-12-18T12:25:51","guid":{"rendered":"http:\/\/10.116.16.72\/test\/?p=1996"},"modified":"2020-10-19T10:28:09","modified_gmt":"2020-10-19T10:28:09","slug":"ones-de-muntanya","status":"publish","type":"page","link":"https:\/\/www.meteo.cat\/wpweb\/divulgacio\/publicacions\/miscellania\/ones-de-muntanya\/","title":{"rendered":"Ones de muntanya"},"content":{"rendered":"\n<p><strong>PUBLICADA EL 18\/12\/2014<\/strong><\/p>\n\n\n\n<p>La interacci\u00f3 entre un flux de vent i una serralada pot generar ones de muntanya i nuvolositat associada a aquestes. A m\u00e9s, tamb\u00e9 hi ha situacions en qu\u00e8 la interacci\u00f3 amb la serralada pot afavorir el refor\u00e7ament del vent a cotes baixes a sotavent de la serralada, com va passar al llarg del dia 9 de desembre. Tot seguit es presenten les condicions \u00f2ptimes per tal que es generin ones de muntanya i en quines situacions pot donar-se un refor\u00e7ament del vent a cotes baixes.<\/p>\n\n\n\n<p>Quan el vent interacciona amb una serralada es poden generar ones de muntanya. Aquestes ones acostumen a tenir una durada d\u2019unes hores (dif\u00edcilment m\u00e9s d\u2019un dia) i en determinades situacions produeixen la formaci\u00f3 de nuvolositat a sotavent de la muntanya. Els elements que condicionen la generaci\u00f3 d\u2019ones de muntanya s\u00f3n els seg\u00fcents:<\/p>\n\n\n\n<h2>For\u00e7a del vent<\/h2>\n\n\n\n<p>Ha d\u2019augmentar amb l\u2019al\u00e7ada. La intensitat m\u00ednima dependr\u00e0, entre altres factors,&nbsp; de la llarg\u00e0ria de la serralada. Com m\u00e9s fort sigui el vent, m\u00e9s ampla ha de ser la serralada per generar ones de muntanya. D\u2019altra banda, com m\u00e9s llarga sigui la serralada hi haur\u00e0 m\u00e9s probabilitat de formaci\u00f3 d\u2019ones de muntanya.<\/p>\n\n\n\n<h2>L\u2019estratificaci\u00f3 atmosf\u00e8rica<\/h2>\n\n\n\n<p>L\u2019estratificaci\u00f3 ha de ser estable, tot i que massa estabilitat pot impedir que el flux de vent remunti la muntanya.<\/p>\n\n\n\n<h2>Orientaci\u00f3 de la serralada<\/h2>\n\n\n\n<p>La formaci\u00f3 d\u2019ones \u00e9s m\u00e9s efectiva quan m\u00e9s perpendicular sigui el flux de vent amb la serralada. La intensitat del vent augmenta amb l\u2019al\u00e7ada a sobrevent.<\/p>\n\n\n\n<h2>El perfil orogr\u00e0fic<\/h2>\n\n\n\n<p>La nuvolositat que es generen a les ones de muntanya dependr\u00e0 de tots els factors anteriorment esmentats. A trets generals, els n\u00favols m\u00e9s t\u00edpics que es poden observar, depenent del contingut d\u2019humitat a l\u2019atmosfera, s\u00f3n els altoc\u00famuls lenticulars i els n\u00favols rotors a sotavent de la serralada (figura 1).<\/p>\n\n\n\n<div class=\"wp-block-image\"><figure class=\"aligncenter\"><a href=\"https:\/\/static-m.meteo.cat\/content\/blog\/2014\/12\/nuvols-muntanya.jpg\"><img src=\"https:\/\/static-m.meteo.cat\/content\/blog\/2014\/12\/nuvols-muntanya.jpg\" alt=\"Figura 1. Ones de muntanya i nuvolositat associada\" class=\"wp-image-2002\"\/><\/a><figcaption>Figura 1. Ones de muntanya i nuvolositat associada<\/figcaption><\/figure><\/div>\n\n\n\n<p>Un cop es generen aquestes ones de muntanya, hi ha situacions on el flux de vent es pot canalitzar cap a les cotes baixes. Aquesta situaci\u00f3 es d\u00f3na quan a la vertical atmosf\u00e8rica ens trobem amb un nivell cr\u00edtic. La formaci\u00f3 del nivell cr\u00edtic t\u00e9 lloc en diferents situacions:<\/p>\n\n\n\n<ul><li>Amb la pres\u00e8ncia d\u2019una inversi\u00f3 sobre el cim (figura 2). Aquesta inversi\u00f3 actua inhibint la propagaci\u00f3 de l\u2019energia cap amunt i com a conseq\u00fc\u00e8ncia el vent descendent es refor\u00e7a.<\/li><\/ul>\n\n\n\n<div class=\"wp-block-image\"><figure class=\"aligncenter\"><a href=\"https:\/\/static-m.meteo.cat\/content\/blog\/2014\/12\/Inversio.jpg\"><img src=\"https:\/\/static-m.meteo.cat\/content\/blog\/2014\/12\/Inversio.jpg\" alt=\"Figura 2. Situaci\u00f3 amb inversi\u00f3 per sobre el cim\" class=\"wp-image-2010\"\/><\/a><figcaption>Figura 2. Situaci\u00f3 amb inversi\u00f3 per sobre el cim<\/figcaption><\/figure><\/div>\n\n\n\n<ul><li>Cisalla del vent (figura 3): la pres\u00e8ncia d\u2019un canvi de direcci\u00f3 del vent segons la vertical pot donar lloc a un nivell on la for\u00e7a del vent sigui nul\u00b7la, conegut com a nivell cr\u00edtic. Si hi ha condicions per desenvolupar ones de muntanya aquest nivell no permet que l\u2019energia es transmeti cap amunt i, com en el cas anterior, l\u2019energia ser\u00e0 reflectida cap a la superf\u00edcie.<\/li><\/ul>\n\n\n\n<div class=\"wp-block-image\"><figure class=\"aligncenter\"><a href=\"https:\/\/static-m.meteo.cat\/content\/blog\/2014\/12\/critical-level.jpg\"><img src=\"https:\/\/static-m.meteo.cat\/content\/blog\/2014\/12\/critical-level.jpg\" alt=\"Figura 3. Nivell cr\u00edtic per sobre del cim generat per la cisalla del vent\" class=\"wp-image-1997\"\/><\/a><figcaption>Figura 3. Nivell cr\u00edtic per sobre del cim generat per la cisalla del vent<\/figcaption><\/figure><\/div>\n\n\n\n<ul><li>&nbsp;Ones gravitat\u00f2ries (figura 4): quan hi ha condicions per la generaci\u00f3 d\u2019aquestes ones tamb\u00e9 es pot generar un nivell cr\u00edtic.<\/li><\/ul>\n\n\n\n<div class=\"wp-block-image\"><figure class=\"aligncenter\"><a href=\"https:\/\/static-m.meteo.cat\/content\/blog\/2014\/12\/vent-a-sotavent.gif\"><img src=\"https:\/\/static-m.meteo.cat\/content\/blog\/2014\/12\/vent-a-sotavent.gif\" alt=\"Figura 4. Tall vertical de la temperatura potencial (isol\u00ednies) i del vent (zona vermella, vent descendent i zona blava vent ascendent). Simulaci\u00f3 num\u00e8rica del model RAMS\" class=\"wp-image-2007\"\/><\/a><figcaption>Figura 4. Tall vertical de la temperatura potencial (isol\u00ednies) i del vent (zona vermella, vent descendent i zona blava vent ascendent). Simulaci\u00f3 num\u00e8rica del model RAMS<\/figcaption><\/figure><\/div>\n\n\n\n<p>En qualsevol d\u2019aquests tres casos, la pres\u00e8ncia d\u2019aquest nivell cr\u00edtic per sobre del cim fa que l\u2019energia de les ones de muntanya no es propagui a capes m\u00e9s altes i, per tant, es canalitzi tota a sotavent del cim, refor\u00e7ant el vent descendent i provocant ratxes de vent fortes a la superf\u00edcie.<\/p>\n\n\n\n<p>Un altre factor que pot provocar l\u2019acceleraci\u00f3 del vent a cotes baixes \u00e9s el <em>jet stream<\/em> (m\u00e0xim de vent en altura). A la zona dreta d\u2019aquest m\u00e0xim de vent es produeix subsid\u00e8ncia (descensos d\u2019aire). En aquesta \u00e0rea es refor\u00e7a l\u2019estabilitat a nivells inferiors i, en conseq\u00fc\u00e8ncia, s\u2019accelera el vent a capes m\u00e9s baixes (figura 5).<\/p>\n\n\n\n<div class=\"wp-block-image\"><figure class=\"aligncenter\"><a href=\"https:\/\/static-m.meteo.cat\/content\/blog\/2014\/12\/jet.png\"><img src=\"https:\/\/static-m.meteo.cat\/content\/blog\/2014\/12\/jet.png\" alt=\"Figura 5. Esquema on es presenta la zona de subsid\u00e8ncia (cercle) en un m\u00e0xim de vent\" class=\"wp-image-2000\"\/><\/a><figcaption>Figura 5. Esquema on es presenta la zona de subsid\u00e8ncia (cercle) en un m\u00e0xim de vent<\/figcaption><\/figure><\/div>\n\n\n\n<p>En el cas del passat 9 de desembre, la situaci\u00f3 meteorol\u00f2gica es va caracteritzar per la pres\u00e8ncia d\u2019una dorsal anticicl\u00f2nica a la meitat oest de la pen\u00ednsula Ib\u00e8rica i d\u2019una baixa entre C\u00f2rsega i Sic\u00edlia, tal com es pot veure a la rean\u00e0lisi del model WRF-27 km (figura 6).<\/p>\n\n\n\n<div class=\"wp-block-image\"><figure class=\"aligncenter\"><a href=\"https:\/\/static-m.meteo.cat\/content\/blog\/2014\/12\/pressio12.png\"><img src=\"https:\/\/static-m.meteo.cat\/content\/blog\/2014\/12\/pressio12-1024x649.png\" alt=\"Figura 6. Rean\u00e0lisi de la pressi\u00f3 a superf\u00edcie a les 12 UTC del 9 de desembre de 2014. Model mesoescalar WRF-27 km\" class=\"wp-image-2003\"\/><\/a><figcaption>Figura 6. Rean\u00e0lisi de la pressi\u00f3 a superf\u00edcie a les 12 UTC del 9 de desembre de 2014. Model mesoescalar WRF-27 km<\/figcaption><\/figure><\/div>\n\n\n\n<p>El flux de vent sobre Catalunya era del nord a tots els nivells, amb un m\u00e0xim de 70 kt (130 km\/h) entre 9 i 11 km. A les imatges seg\u00fcents es superposa el vent a 300 hPa amb les imatges del meteosat MSG canal infraroig (10.8 \u00b5m) d\u2019EUMETSAT (figura 7).<\/p>\n\n\n\n<div class=\"wp-block-image\"><figure class=\"aligncenter\"><a href=\"https:\/\/static-m.meteo.cat\/content\/blog\/2014\/12\/sat\u00e8l\u00b7lit.jpg\"><img src=\"https:\/\/static-m.meteo.cat\/content\/blog\/2014\/12\/sat\u00e8l\u00b7lit.jpg\" alt=\"Figura 7. Evoluci\u00f3 temporal del m\u00e0xim de vent a 300 hPa (isol\u00ednies grogues) superposades amb les imatges del meteosat MSG del canal infraroig (10.8 \u00b5m)\" class=\"wp-image-2006\"\/><\/a><figcaption>Figura 7. Evoluci\u00f3 temporal del m\u00e0xim de vent a 300 hPa (isol\u00ednies grogues) superposades amb les imatges del meteosat MSG del canal infraroig (10.8 \u00b5m)<\/figcaption><\/figure><\/div>\n\n\n\n<p>En aquest marc, les condicions eren favorables per la intensificaci\u00f3 del vent a sotavent de la serralada del Pirineu. El tall vertical de la temperatura potencial i del vent de l\u2019an\u00e0lisi del model WRF-3km a les 12 UTC, permet observar la formaci\u00f3 de les ones a sotavent del Pirineu, &nbsp;i la propagaci\u00f3 d\u2019aquestes cap el sud, aix\u00ed com els vents ascendents i descendents (figura 8).<\/p>\n\n\n\n<div class=\"wp-block-image\"><figure class=\"aligncenter\"><a href=\"https:\/\/static-m.meteo.cat\/content\/blog\/2014\/12\/wrf_ones-muntanya12.png\"><img src=\"https:\/\/static-m.meteo.cat\/content\/blog\/2014\/12\/wrf_ones-muntanya12-1024x435.png\" alt=\"Figura 8. Tall vertical de la temperatura potencial (l\u00ednies negres) i intensitat del vent (zona vermella, vent ascendent i zona blava, vent descendent) a les 12 UTC del model WRF-3km. A la imatge de la dreta es presenta la zona del tall (l\u00ednia negra discontinua)\" class=\"wp-image-2008\"\/><\/a><figcaption>Figura 8. Tall vertical de la temperatura potencial (l\u00ednies negres) i intensitat del vent (zona vermella, vent ascendent i zona blava, vent descendent) a les 12 UTC del model WRF-3km. A la imatge de la dreta es presenta la zona del tall (l\u00ednia negra discontinua)<\/figcaption><\/figure><\/div>\n\n\n\n<p>A m\u00e9s, tamb\u00e9 es podria haver produ\u00eft un refor\u00e7ament del vent a les capes baixes per la pres\u00e8ncia d\u2019una zona d\u2019inversi\u00f3 de subsid\u00e8ncia que, en el cas d\u2019algunes serralades, quedava per sobre dels seus cims. Aquesta inversi\u00f3 es pot observar al radiosondatge previst pel model mesoescalar WRF-9km a les 15UTC a la zona del Bergued\u00e0 (figura 9). A aquesta hora, la base de la inversi\u00f3 se situava al voltant dels 1700 metres, mentre que a les 12UTC encara no es detectava.<\/p>\n\n\n\n<div class=\"wp-block-image\"><figure class=\"aligncenter\"><a href=\"https:\/\/static-m.meteo.cat\/content\/blog\/2014\/12\/radiosondatge.png\" rel=\"https:\/\/static-m.meteo.cat\/content\/blog\/2014\/12\/radiosondatge.png noopener\"><img src=\"https:\/\/static-m.meteo.cat\/content\/blog\/2014\/12\/radiosondatge-300x130.png\" alt=\"Figura 9. Radiosondatges previstos pel model mesoescalar WRF-9km a les 12 UTC (esquerra) i 15 UTC (dreta) a la zona del Bergued\u00e0. La zona verda mostra la inversi\u00f3 de subsid\u00e8ncia (imatge de la dreta)\" class=\"wp-image-2004\"\/><\/a><figcaption>Figura 9. Radiosondatges previstos pel model mesoescalar WRF-9km a les 12 UTC (esquerra) i 15 UTC (dreta) a la zona del Bergued\u00e0. La zona verda mostra la inversi\u00f3 de subsid\u00e8ncia (imatge de la dreta)<\/figcaption><\/figure><\/div>\n\n\n\n<p>La subsid\u00e8ncia present a la dreta del m\u00e0xim de vent, tal com es veu a l\u2019esquema de la figura 5, va afavorir la formaci\u00f3 de la inversi\u00f3. El moviment posterior cap al SSE va derivar en una disminuci\u00f3 molt not\u00f2ria de la velocitat del vent.<\/p>\n\n\n\n<p>Si s\u2019observa l\u2019evoluci\u00f3 del vent de l\u2019estaci\u00f3 situada al Santuari de Queralt, a 1167 metres d\u2019altitud (figura 10), es detecta un refor\u00e7ament en la seva intensitat entre les 13 UTC i les 15 UTC, hora a la que la inversi\u00f3 ja era present. La ratxa m\u00e0xima registrada a l\u2019estaci\u00f3 es va assolir entre les 16 UTC i les 16:30 UTC, amb un cop m\u00e0xim de 175.7 km\/h (r\u00e8cord d\u2019aquesta estaci\u00f3 en 13 anys de dades).<\/p>\n\n\n\n<div class=\"wp-block-image\"><figure class=\"aligncenter\"><a href=\"https:\/\/static-m.meteo.cat\/content\/blog\/2014\/12\/Santa-Coloma-Queralt.jpg\"><img src=\"https:\/\/static-m.meteo.cat\/content\/blog\/2014\/12\/Santa-Coloma-Queralt.jpg\" alt=\"Figura 10. Direcci\u00f3 (punts blaus) i intensitat del vent (l\u00ednia taronja) de l\u2019estaci\u00f3 autom\u00e0tica del Santuari de Queralt\" class=\"wp-image-2005\"\/><\/a><figcaption>Figura 10. Direcci\u00f3 (punts blaus) i intensitat del vent (l\u00ednia taronja) de l\u2019estaci\u00f3 autom\u00e0tica del Santuari de Queralt<\/figcaption><\/figure><\/div>\n\n\n\n<p>Comparant-la amb una altra estaci\u00f3 propera a la zona, Guardiola de Bergued\u00e0, a 788 metres d\u2019altitud (figura 11), s\u2019observa de nou l\u2019acceleraci\u00f3 del vent, per\u00f2 en aquest cas, aproximadament una hora abans.<\/p>\n\n\n\n<div class=\"wp-block-image\"><figure class=\"aligncenter\"><a href=\"https:\/\/static-m.meteo.cat\/content\/blog\/2014\/12\/Guardiola-de-Bergued\u00e0.jpg\"><img src=\"https:\/\/static-m.meteo.cat\/content\/blog\/2014\/12\/Guardiola-de-Bergued\u00e0.jpg\" alt=\"Figura 11. Direcci\u00f3 (punts blaus) i intensitat del vent (l\u00ednia taronja) de l\u2019estaci\u00f3 autom\u00e0tica de Guardiola de Bergued\u00e0\" class=\"wp-image-1999\"\/><\/a><figcaption>Figura 11. Direcci\u00f3 (punts blaus) i intensitat del vent (l\u00ednia taronja) de l\u2019estaci\u00f3 autom\u00e0tica de Guardiola de Bergued\u00e0<\/figcaption><\/figure><\/div>\n\n\n\n<p>Finalment, cal comentar que les situacions de vent fort del nord s\u00f3n molt freq\u00fcents en el nostre territori, si b\u00e9 la situaci\u00f3 del dia 9 de desembre de 2014 va ser excepcional a causa de la intensitat del vent assolida i associada a una direcci\u00f3 perpendicular a la serralada del Pirineu. A m\u00e9s, el despla\u00e7ament del m\u00e0xim de vent d\u2019oest a est a les nostres latituds tamb\u00e9 va propiciar que la subsid\u00e8ncia fos important a la meitat est de Catalunya i, per tant, es form\u00e9s la inversi\u00f3 per sobre dels cims i actu\u00e9s com a tapadora refor\u00e7ant el vent a sotavent de les serralades.<\/p>\n","protected":false},"excerpt":{"rendered":"<p>PUBLICADA EL 18\/12\/2014 La interacci\u00f3 entre un flux de vent i una serralada pot generar ones de muntanya i nuvolositat associada a aquestes. A m\u00e9s, tamb\u00e9 hi ha situacions en qu\u00e8 la interacci\u00f3 amb la serralada pot afavorir el refor\u00e7ament del vent a cotes baixes a sotavent de la serralada, com va passar al llarg [&hellip;]<\/p>\n","protected":false},"author":2,"featured_media":0,"parent":18378,"menu_order":0,"comment_status":"open","ping_status":"open","template":"template-sidebar.php","meta":{"_mi_skip_tracking":false,"_monsterinsights_sitenote_active":false,"_monsterinsights_sitenote_note":"","_monsterinsights_sitenote_category":0},"_links":{"self":[{"href":"https:\/\/www.meteo.cat\/wpweb\/wp-json\/wp\/v2\/pages\/18097"}],"collection":[{"href":"https:\/\/www.meteo.cat\/wpweb\/wp-json\/wp\/v2\/pages"}],"about":[{"href":"https:\/\/www.meteo.cat\/wpweb\/wp-json\/wp\/v2\/types\/page"}],"author":[{"embeddable":true,"href":"https:\/\/www.meteo.cat\/wpweb\/wp-json\/wp\/v2\/users\/2"}],"replies":[{"embeddable":true,"href":"https:\/\/www.meteo.cat\/wpweb\/wp-json\/wp\/v2\/comments?post=18097"}],"version-history":[{"count":5,"href":"https:\/\/www.meteo.cat\/wpweb\/wp-json\/wp\/v2\/pages\/18097\/revisions"}],"predecessor-version":[{"id":29192,"href":"https:\/\/www.meteo.cat\/wpweb\/wp-json\/wp\/v2\/pages\/18097\/revisions\/29192"}],"up":[{"embeddable":true,"href":"https:\/\/www.meteo.cat\/wpweb\/wp-json\/wp\/v2\/pages\/18378"}],"wp:attachment":[{"href":"https:\/\/www.meteo.cat\/wpweb\/wp-json\/wp\/v2\/media?parent=18097"}],"curies":[{"name":"wp","href":"https:\/\/api.w.org\/{rel}","templated":true}]}}