{"id":18094,"date":"2014-10-10T08:57:06","date_gmt":"2014-10-10T07:57:06","guid":{"rendered":"http:\/\/10.116.16.72\/test\/?p=1934"},"modified":"2024-09-25T13:23:57","modified_gmt":"2024-09-25T13:23:57","slug":"1994-10-10_20-anys-de-laiguat-de-sant-tomas","status":"publish","type":"page","link":"https:\/\/www.meteo.cat\/wpweb\/divulgacio\/publicacions\/efemerides\/1994-10-10_20-anys-de-laiguat-de-sant-tomas\/","title":{"rendered":"20 anys de l\u2019Aiguat de Sant Tom\u00e0s (1994)"},"content":{"rendered":"\n<p><strong> PUBLICADA EL 10\/10\/2014 <\/strong><\/p>\n\n\n\n<p>El <b>10 d\u2019octubre de 1994<\/b>, ara fa vint anys, va tenir lloc un episodi de pluja torrencial que va provocar importants riuades i inundacions a bona part de Catalunya, sobretot al prelitoral. Les zones m\u00e9s afectades van ser les conques del <b>Baix Ebre, Siurana, Ondara, Francol\u00ed, Gai\u00e0, Foix, Anoia, Baix Llobregat, Bes\u00f2s, Tordera, Dar\u00f3, Ll\u00e9mena, Fluvi\u00e0 i Cap de Creus<\/b>. En elles es van produir danys econ\u00f2mics valorats en m\u00e9s <b>15.000 milions de pessetes<\/b> (<b>90 milions d\u2019euros<\/b>) i, el que \u00e9s m\u00e9s important, <b>deu v\u00edctimes mortals<\/b>. Aquest episodi es coneix amb el nom popular de l&#8221;<b>Aiguat de Sant Tom\u00e0s<\/b>, ja que el 10 d\u2019octubre \u00e9s el dia de <b>Sant Tom\u00e0s de Vilanova<\/b>.<\/p>\n\n\n\n<div class=\"wp-block-image\"><figure class=\"aligncenter\"><a href=\"https:\/\/farm4.staticflickr.com\/3928\/15307140277_b490b845ce_o.jpg\"><img src=\"https:\/\/farm4.staticflickr.com\/3928\/15307140277_b490b845ce_o.jpg\" alt=\"El Francol\u00ed completament desbordat (obre imatge gran)\"\/><\/a><figcaption>El Francol\u00ed completament desbordat al passar per Montblanc el 10 d\u2019octubre de 1994 (Font: Arxiu Comarcal de la Conca de Barber\u00e0).<\/figcaption><\/figure><\/div>\n\n\n\n<div class=\"wp-block-image\"><figure class=\"aligncenter\"><a href=\"https:\/\/farm4.staticflickr.com\/3936\/15306809959_757b3d2c7c_o.jpg\"><img src=\"https:\/\/farm4.staticflickr.com\/3936\/15306809959_757b3d2c7c_o.jpg\" alt=\"Desembocadura del Francol\u00ed al Port de Tarragona el 10 d\u2019octubre de 1994 (obre imatge gran)\"\/><\/a><figcaption>Desembocadura del Francol\u00ed al Port de Tarragona el 10 d\u2019octubre de 1994 (Font: Generalitat de Catalunya).<\/figcaption><\/figure><\/div>\n\n\n\n<h2><b>Descripci\u00f3 general<\/b><\/h2>\n\n\n\n<p>A mig mat\u00ed del 9 d\u2019octubre de 1994 va comen\u00e7ar a ploure a les comarques m\u00e9s meridionals de Catalunya. Cap a la tarda la pluja ja queia de forma moderada a pr\u00e0cticament tot el territori, afectant principalment a la zona prelitoral. Durant la matinada del dia 10 la precipitaci\u00f3 va intensificar-se notablement, deixant registres de m\u00e9s de 200 mm en poques hores a les muntanyes de Prades i el Montsant. La pluja torrencial va continuar al llarg de tot el mat\u00ed a les comarques tarragonines estenent-se cap a les barcelonines. Al nord-est del pa\u00eds la precipitaci\u00f3 no va intensificar-se fins a la tarda del dia 10, moment en qu\u00e8 va comen\u00e7ar a remetre a la meitat sud (excepte al mass\u00eds del Port on va continuar plovent). Els aiguats van continuar gran part del dia 11, per\u00f2 ja nom\u00e9s a les comarques gironines, sent especialment intensos al Baix Empord\u00e0.<\/p>\n\n\n\n<p>Els registres de precipitaci\u00f3 van ser especialment extraordinaris a les muntanyes de Prades i el Montsant. Tamb\u00e9 va ploure molt a les muntanyes de l\u2019Alt Pened\u00e8s, serra d\u2019Ancosa, Sant Lloren\u00e7 del Munt i Mare de D\u00e9u del Mont, aix\u00ed com a la conca del Ll\u00e9mena, l\u2019Empord\u00e0 i el Cap de Creus. Des de la tarda\/nit del dia 9 d\u2019octubre fins al vespre del dia 11 es van acumular <b>424,4 mm<\/b> a <b>Alforja<\/b>; <b>406,5 mm<\/b> a <b>Cornudella de Montsant<\/b>; <b>381,0 mm<\/b> a <b>Torroella de Montgr\u00ed <\/b>i <b>376,5 mm <\/b>a <b>Mas de Barberans<\/b>. \u00c9s molt possible que a la Mussara se superessin els 500 mm durant aquest episodi. S\u2019ha de destacar que la gran majoria d\u2019aquesta pluja va caure en unes 34 hores, tot i que m\u00e9s de la meitat de la precipitaci\u00f3 total de l\u2019episodi es va concentrar en poc m\u00e9s de dues hores. Aquestes dades donen compte del car\u00e0cter torrencial de l\u2019Aiguat de Sant Tom\u00e0s.<\/p>\n\n\n\n<p>La precipitaci\u00f3 caiguda a Catalunya durant aquest episodi va ser molt irregular, amb valors acumulats molt diferents en observatoris for\u00e7a propers entre ells. Per exemple de les 07 UTC del dia 9 fins a les 07 UTC del dia 10 es van registrar 250,0 mm a Alforja mentre a Riudoms, a uns 12 km en l\u00ednia recta, la quantitat de pluja va ser inapreciable. O b\u00e9, de les 07 UTC del dia 10 fins a les 07 UTC del dia 11 van caure 218,0 mm a l\u2019Aer\u00f2drom de Sabadell mentre a Rub\u00ed, a uns 9 km en l\u00ednia recta, van caure 71,5 mm.<\/p>\n\n\n\n<p>A la seg\u00fcent taula es mostra un llistat de les precipitacions acumulades superiors als <strong>200 mm<\/strong> a la Xarxa d\u2019Observadors de Catalunya i la Xarxa d\u2019Estacions Meteorol\u00f2giques Autom\u00e0tiques de l\u2019SMC des de les <strong>07 UTC<\/strong> del <strong>09\/10\/1994<\/strong> fins a les<strong> 07 UTC<\/strong> del <strong>12\/10\/1994<\/strong>. Cal esmentar que els valors de pluja a les estacions meteorol\u00f2giques manuals es mesuren cap a les 07 UTC, anotant la precipitaci\u00f3 recollida durant les 24 hores anteriors i assignant aquest valor al dia anterior en qu\u00e8 es realitza la mesura. Per aquest motiu la gran quantitat de pluja caiguda la matinada del dia 10 a molts observatoris consta oficialment com a pluja del dia&nbsp;9 i no del dia 10. Aquest interval de temps de 24 h que no correspon exactament amb el dia civil, es coneix com a <b>dia pluviom\u00e8tric<\/b>.<\/p>\n\n\n\n<div class=\"wp-block-image\"><figure class=\"aligncenter\"><a href=\"https:\/\/farm3.staticflickr.com\/2949\/15307006860_5e096b9589_o.jpg\"><img src=\"https:\/\/farm3.staticflickr.com\/2949\/15307006860_4395152a12.jpg\" alt=\"Precipitaci\u00f3 acumulada durant l'Aig\u00fcat de Sant Tom\u00e0s\"\/><\/a><\/figure><\/div>\n\n\n\n<h2><b>An\u00e0lisi meteorol\u00f2gica<\/b><\/h2>\n\n\n\n<p>La situaci\u00f3 meteorol\u00f2gica durant l\u2019episodi va venir caracteritzada per una profunda baixa situada al nord de les A\u00e7ores i un anticicl\u00f3 a l\u2019Europa central, la posici\u00f3 dels quals va ser for\u00e7a est\u00e0tica aquells dies. Aquests dos centres d\u2019acci\u00f3 van produir un marcada i continua advecci\u00f3 d\u2019aire c\u00e0lid i molt humit del nord d\u2019\u00c0frica sobre Catalunya a tots els nivells de la troposfera durant uns quants dies: del sud-est en superf\u00edcie, del sud a 850 hPa i del sud-oest a 500 hPa. L\u2019aire c\u00e0lid i humit \u00e9s potencialment molt inestable i la massa d\u2019aire nord-africana empesa cap a Catalunya es va veure obligada a ascendir violentament en topar contra la serralada Prelitoral, produint-se els forts aiguats del 10 i 11 d\u2019octubre. Contr\u00e0riament a com sol ser habitual en els episodis de pluges torrencials al pa\u00eds, no hi havia gaire aire fred en altura, ja que el centre de la baixa es trobava molt lluny de Catalunya, aix\u00ed com l\u2019eix central del t\u00e0lveg associat a la borrasca. Aquest fet va ser un dels causants principals que els aiguats m\u00e9s forts es donessin a la serralada Prelitoral i no a la costa catalana.<\/p>\n\n\n\n<p>A continuaci\u00f3 es presenten els mapes de les rean\u00e0lisis del <a>20CRP<\/a> del <strong>10\/10\/1994<\/strong> a les <strong>00 UTC<\/strong> (mapes de l\u2019esquerra) i a les <strong>12 UTC<\/strong> (mapes de la dreta) per als camps de temperatura i geopotencial a <strong>500<\/strong> i <strong>850 hPa<\/strong> (mapes superiors i centrals). Tamb\u00e9 es mostren els camps de temperatura i pressi\u00f3 al nivell del mar en superf\u00edcie (mapes inferiors). En tots ells poden identificar-se els trets meteorol\u00f2gics generals de l\u2019episodi&nbsp; comentats anteriorment.<\/p>\n\n\n\n<div class=\"wp-block-image\"><figure class=\"aligncenter\"><a href=\"https:\/\/farm4.staticflickr.com\/3935\/15493358912_db999fdb34_o.jpg\"><img src=\"https:\/\/farm4.staticflickr.com\/3935\/15493358912_55932cb096.jpg\" alt=\"Mapes de les rean\u00e0lisis del 20CRP\"\/><\/a><\/figure><\/div>\n\n\n\n<h2><b>Danys produ\u00efts<\/b><\/h2>\n\n\n\n<p>Degut als forts aiguats registrats en diferents punts de la serralada Prelitoral molts rius i rieres van patir desbordaments sobtats que van provocar molts danys materials, sobretot a les infraestructures. Es van desbordar els rius<b> Siurana, Cortiella, Montsant, Ondara, Milans, Francol\u00ed, Anguera, Brugent, Gai\u00e0, Foix, Anoia, Calders, Llobregat, Congost, Bes\u00f2s, Tordera, Dar\u00f3 i Fluvi\u00e0<\/b>, les rieres d\u2019<b>Alforja<\/b>, <b>Riudoms<\/b>, <b>Riudecanyes, Maspujols, Mura, Caldes, Tenes i Calonge, <\/b>aix\u00ed com<b> <\/b>nombrosos barrancs i rieres del litoral i prelitoral des del Baix Ebre fins a l\u2019Alt Empord\u00e0. El pant\u00e0 de Riudecanyes, que estava gaireb\u00e9 buit, es va omplir en tan sols tres hores.<\/p>\n\n\n\n<p>La for\u00e7a de les aig\u00fces es va endur nombrosos ponts, sobretot a la conca del Francol\u00ed, deixant diverses viles incomunicades com la Riba, i va inundar tot el barri del Serrallo de Tarragona. El complex petroqu\u00edmic del camp de Tarragona va quedar tamb\u00e9 negat pel desbordament de les rieres que el creuen. Diversos ponts de les conques del Foix, Llobregat i Bes\u00f2s tamb\u00e9 van ser malmesos o destru\u00efts.<\/p>\n\n\n\n<p>Les grans crescudes i desbordaments dels rius i rieres es van veure afavorits pel fet que els aiguats van tenir lloc despr\u00e9s d\u2019una primavera i estiu molt secs a gran part del pa\u00eds, que havien deixat el s\u00f2l amb poca capacitat d\u2019absorci\u00f3. A m\u00e9s els nombrosos incendis forestals produ\u00efts a la serralada Prelitoral (Priorat, Segarra, Alt Camp, Vall\u00e8s, Selva i Alt Empord\u00e0) durant l\u2019estiu van deixar molt vessants sense coberta vegetal. Per tot aix\u00f2, bona part de la pluja caiguda va anar a parar directament als cursos fluvials. En aquest indrets el record de l\u2019Aiguat de Sant Tom\u00e0s \u00e9s encara ben viu i molt tr\u00e0gic degut a la combinaci\u00f3 dels focs de l\u2019estiu i les inundacions d\u2019aquell octubre.<\/p>\n\n\n\n<h2><b>Enlla\u00e7os d\u2019inter\u00e8s<\/b><\/h2>\n\n\n\n<ul><li> Article sobre l\u2019episodi al blog del meteor\u00f2leg Joan Ar\u00fas: <a rel=\"noopener noreferrer\" href=\"http:\/\/oratge.org\/10-oct.html\" target=\"_blank\">http:\/\/oratge.org\/10-oct.html<\/a><\/li><li> Article \u201cLa For\u00e7a d\u2019una rierada\u201d de la <a rel=\"noreferrer noopener\" href=\"https:\/\/www.revistacambrils.cat\/\" target=\"_blank\">Revista de Cambrils<\/a> sobre els efectes de l\u2019episodi a Cambrils (cont\u00e9 imatges i v\u00eddeos de la rierada)<\/li><\/ul>\n\n\n\n<p><\/p>\n","protected":false},"excerpt":{"rendered":"<p>PUBLICADA EL 10\/10\/2014 El 10 d\u2019octubre de 1994, ara fa vint anys, va tenir lloc un episodi de pluja torrencial que va provocar importants riuades i inundacions a bona part de Catalunya, sobretot al prelitoral. Les zones m\u00e9s afectades van ser les conques del Baix Ebre, Siurana, Ondara, Francol\u00ed, Gai\u00e0, Foix, Anoia, Baix Llobregat, Bes\u00f2s, [&hellip;]<\/p>\n","protected":false},"author":7,"featured_media":0,"parent":18384,"menu_order":0,"comment_status":"open","ping_status":"open","template":"template-sidebar.php","meta":{"_mi_skip_tracking":false,"_monsterinsights_sitenote_active":false,"_monsterinsights_sitenote_note":"","_monsterinsights_sitenote_category":0},"_links":{"self":[{"href":"https:\/\/www.meteo.cat\/wpweb\/wp-json\/wp\/v2\/pages\/18094"}],"collection":[{"href":"https:\/\/www.meteo.cat\/wpweb\/wp-json\/wp\/v2\/pages"}],"about":[{"href":"https:\/\/www.meteo.cat\/wpweb\/wp-json\/wp\/v2\/types\/page"}],"author":[{"embeddable":true,"href":"https:\/\/www.meteo.cat\/wpweb\/wp-json\/wp\/v2\/users\/7"}],"replies":[{"embeddable":true,"href":"https:\/\/www.meteo.cat\/wpweb\/wp-json\/wp\/v2\/comments?post=18094"}],"version-history":[{"count":6,"href":"https:\/\/www.meteo.cat\/wpweb\/wp-json\/wp\/v2\/pages\/18094\/revisions"}],"predecessor-version":[{"id":41399,"href":"https:\/\/www.meteo.cat\/wpweb\/wp-json\/wp\/v2\/pages\/18094\/revisions\/41399"}],"up":[{"embeddable":true,"href":"https:\/\/www.meteo.cat\/wpweb\/wp-json\/wp\/v2\/pages\/18384"}],"wp:attachment":[{"href":"https:\/\/www.meteo.cat\/wpweb\/wp-json\/wp\/v2\/media?parent=18094"}],"curies":[{"name":"wp","href":"https:\/\/api.w.org\/{rel}","templated":true}]}}