{"id":18092,"date":"2014-09-17T09:16:40","date_gmt":"2014-09-17T08:16:40","guid":{"rendered":"http:\/\/10.116.16.72\/test\/?p=1907"},"modified":"2020-10-21T06:36:46","modified_gmt":"2020-10-21T06:36:46","slug":"premi-la-millor-presentacio-oral-la-vuitena-conferencia-europea-en-radar-meteorologic-hidrologia","status":"publish","type":"page","link":"https:\/\/www.meteo.cat\/wpweb\/divulgacio\/publicacions\/miscellania\/premi-la-millor-presentacio-oral-la-vuitena-conferencia-europea-en-radar-meteorologic-hidrologia\/","title":{"rendered":"Premi a la millor presentaci\u00f3 oral a la 8a Confer\u00e8ncia Europea sobre Radar Meteorol\u00f2gic i Hidrologia"},"content":{"rendered":"\n<p><strong>PUBLICADA EL 17\/09\/2014<\/strong><\/p>\n\n\n\n<p><strong>Patr\u00edcia Altube<\/strong>, doctorand de l\u2019Equip de Teledetecci\u00f3 i Radiosondatge, a la Unitat de Sistemes d\u2019Observaci\u00f3 Meteorol\u00f2gica (SOM) del Servei Meteorol\u00f2gic de Catalunya (SMC), dins del pla de Doctorats Industrials, i en col\u00b7laboraci\u00f3 amb la Universitat de Barcelona (UB), guanya el premi a la millor presentaci\u00f3 oral d&#8217;un estudiant a la 8a Confer\u00e8ncia Europea en Radar Meteorol\u00f2gic i Hidrologia (&#8220;8th European Conference on Radar in Meteorology and Hydrology, ERAD 2014&#8221;), celebrat a Garmisch-Partenkirchen, Alemanya, entre l\u20191 i el 5 de setembre de 2014.<\/p>\n\n\n\n<div class=\"wp-block-image\"><figure class=\"aligncenter\"><img src=\"https:\/\/farm4.staticflickr.com\/3856\/15254257801_071f634bc6.jpg\" alt=\"\"\/><\/figure><\/div>\n\n\n\n<p>Es tracta d&#8217;un congr\u00e9s biennal que se celebra des de l&#8217;any 2000 i aplega investigadors i meteor\u00f2legs de serveis governamentals, universitats, centres de recerca i empreses privades d&#8217;arreu del m\u00f3n que treballen en diferents \u00e0mbits del radar meteorol\u00f2gic (des dels components electr\u00f2nics i mec\u00e0nics, fins als productes de programari m\u00e9s desenvolupats a escala operativa).<\/p>\n\n\n\n<p>El treball presentat mostra el desenvolupament i posada en funcionament d&#8217;una aplicaci\u00f3 operativa que treballa en continu analitzant el funcionament de la xarxa de radars del SMC, la XRAD, i esdev\u00e9 una eina de gran valor per a la prevenci\u00f3 i detecci\u00f3 de caigudes en la qualitat de les dades del sistema. Des de principis d&#8217;any, aquesta eina est\u00e0 corrent a les m\u00e0quines del SMC facilitant les tasques de manteniment i control de la xarxa.<\/p>\n\n\n\n<p>A la figura mostrada a continuaci\u00f3 es pot veure un exemple de la detecci\u00f3 real d&#8217;una situaci\u00f3 de desalineaci\u00f3 de l&#8217;antena per degradaci\u00f3 d&#8217;un component del radar de Tivissa-Llaberia (LMI) durant l&#8217;any 2014. En aquest cas, la r\u00e0pida detecci\u00f3 d\u2019aquesta incid\u00e8ncia va evitar que els problemes en el sistema fossin molt majors (incloent-hi que l\u2019antena qued\u00e9s inservible).<\/p>\n\n\n\n<div class=\"wp-block-image\"><figure class=\"aligncenter\"><img src=\"https:\/\/farm6.staticflickr.com\/5585\/15234344836_9915626746.jpg\" alt=\"\"\/><\/figure><\/div>\n\n\n\n<p>El m\u00e8tode, que es basa en la posici\u00f3 del sol \u2212 del qual es coneix la seva localitzaci\u00f3 al cel i la freq\u00fc\u00e8ncia d&#8217;emissi\u00f3 \u2212, funciona a partir de la detecci\u00f3 de les seves emissions per part del radar. L\u2019Aplicaci\u00f3 detecta i caracteritza les interfer\u00e8ncies solars identificades dins els volums radar. Aquesta t\u00e8cnica es basa en els desenvolupaments previs realitzats pels serveis meteorol\u00f2gics d\u2019Holanda (KNMI) i Finl\u00e0ndia (FMI), i actualment ja est\u00e0 en funcionament en altres pa\u00efsos d\u2019arreu d&#8217;Europa. Tanmateix, el reconeixement del treball presentat pel SMC ha estat possible gr\u00e0cies a les diverses millores implementades, &nbsp;les quals &nbsp;permeten disposar de m\u00e9s informaci\u00f3, i de m\u00e9s qualitat, en relaci\u00f3 al funcionament del sistema radar, tant pel que fa a l&#8217;apuntament de l\u2019antena com a la pot\u00e8ncia d&#8217;emissi\u00f3 del radar (elements claus dins la qualitat de les dades proporcionades).<\/p>\n\n\n\n<p>A la figura seg\u00fcent es mostra la detecci\u00f3 d&#8217;una interfer\u00e8ncia solar (marcada per la fletxa vermella) a la imatge del radar de Puig d&#8217;Arques (PDA) el dia 16\/06\/2013 a les 19:03 h UTC, i per a l&#8217;elevaci\u00f3 d&#8217;1.3\u00ba (posta de sol). Les interfer\u00e8ncies solars es caracteritzen per ocupar de forma gaireb\u00e9 cont\u00ednua tota una direcci\u00f3 de la circumfer\u00e8ncia radar i la metodologia \u00e9s capa\u00e7 d\u2019identificar-les, caracteritzar-les i separar-les d\u2019altres tipus d\u2019interfer\u00e8ncies, com ara les procedents de sistemes de comunicacions per microones tipus WiMAX, per exemple.<\/p>\n\n\n\n<div class=\"wp-block-image\"><figure class=\"aligncenter\"><img src=\"https:\/\/farm4.staticflickr.com\/3875\/15234344926_cfb6da67ee.jpg\" alt=\"\"\/><\/figure><\/div>\n","protected":false},"excerpt":{"rendered":"<p>PUBLICADA EL 17\/09\/2014 Patr\u00edcia Altube, doctorand de l\u2019Equip de Teledetecci\u00f3 i Radiosondatge, a la Unitat de Sistemes d\u2019Observaci\u00f3 Meteorol\u00f2gica (SOM) del Servei Meteorol\u00f2gic de Catalunya (SMC), dins del pla de Doctorats Industrials, i en col\u00b7laboraci\u00f3 amb la Universitat de Barcelona (UB), guanya el premi a la millor presentaci\u00f3 oral d&#8217;un estudiant a la 8a Confer\u00e8ncia [&hellip;]<\/p>\n","protected":false},"author":4,"featured_media":0,"parent":18378,"menu_order":0,"comment_status":"open","ping_status":"closed","template":"template-sidebar.php","meta":{"_mi_skip_tracking":false,"_monsterinsights_sitenote_active":false,"_monsterinsights_sitenote_note":"","_monsterinsights_sitenote_category":0},"_links":{"self":[{"href":"https:\/\/www.meteo.cat\/wpweb\/wp-json\/wp\/v2\/pages\/18092"}],"collection":[{"href":"https:\/\/www.meteo.cat\/wpweb\/wp-json\/wp\/v2\/pages"}],"about":[{"href":"https:\/\/www.meteo.cat\/wpweb\/wp-json\/wp\/v2\/types\/page"}],"author":[{"embeddable":true,"href":"https:\/\/www.meteo.cat\/wpweb\/wp-json\/wp\/v2\/users\/4"}],"replies":[{"embeddable":true,"href":"https:\/\/www.meteo.cat\/wpweb\/wp-json\/wp\/v2\/comments?post=18092"}],"version-history":[{"count":5,"href":"https:\/\/www.meteo.cat\/wpweb\/wp-json\/wp\/v2\/pages\/18092\/revisions"}],"predecessor-version":[{"id":29197,"href":"https:\/\/www.meteo.cat\/wpweb\/wp-json\/wp\/v2\/pages\/18092\/revisions\/29197"}],"up":[{"embeddable":true,"href":"https:\/\/www.meteo.cat\/wpweb\/wp-json\/wp\/v2\/pages\/18378"}],"wp:attachment":[{"href":"https:\/\/www.meteo.cat\/wpweb\/wp-json\/wp\/v2\/media?parent=18092"}],"curies":[{"name":"wp","href":"https:\/\/api.w.org\/{rel}","templated":true}]}}