{"id":18087,"date":"2014-07-31T11:01:02","date_gmt":"2014-07-31T10:01:02","guid":{"rendered":"http:\/\/10.116.16.72\/test\/?p=1717"},"modified":"2022-04-12T15:54:19","modified_gmt":"2022-04-12T15:54:19","slug":"la-nova-web-del-smc-per-dispositius-mobils","status":"publish","type":"page","link":"https:\/\/www.meteo.cat\/wpweb\/divulgacio\/publicacions\/miscellania\/la-nova-web-del-smc-per-dispositius-mobils\/","title":{"rendered":"La nova web de l&#8217;SMC per a dispositius m\u00f2bils"},"content":{"rendered":"\n<p><strong>PUBLICADA EL 31\/07\/2014<\/strong><\/p>\n\n\n\n<div class=\"wp-block-image\"><figure class=\"alignleft\"><img src=\"https:\/\/static-m.meteo.cat\/content\/blog\/2014\/07\/mob-home.jpg\" alt=\"m.meteo.cat - p\u00e0gina inicial\"\/><\/figure><\/div>\n\n\n\n<p>El Servei Meteorol\u00f2gic de Catalunya (SMC) posa a la teva disposici\u00f3 una versi\u00f3 simplificada de la&nbsp;web <a title=\"V\u00e9s a la web del Servei Meteorol\u00f2gic de Catalunya\" href=\"https:\/\/www.meteo.cat\">meteo.cat<\/a>,&nbsp;adaptada&nbsp;a dispositius m\u00f2bils, per tal de facilitar l&#8217;acc\u00e9s a la informaci\u00f3 m\u00e9s sol\u00b7licitada oferint un format visual atractiu i f\u00e0cil d&#8217;utilitzar des d&#8217;aquestes plataformes.<\/p>\n\n\n\n<p><span style=\"line-height: 1.5em;\">Navegant a la&nbsp;web <strong><a title=\"V\u00e9s a la web del Servei Meteorol\u00f2gic de Catalunya\" href=\"https:\/\/www.meteo.cat\">meteo.cat<\/a><\/strong>&nbsp;des d&#8217;un tel\u00e8fon intel\u00b7ligent&nbsp;o tauleta t\u00e0ctil, tens acc\u00e9s directament a la nova versi\u00f3 per a m\u00f2bils: <\/span><a title=\"web de meteo.cat per a dispositius m\u00f2bils\" href=\"http:\/\/m.meteo.cat\">m.meteo.cat<\/a><\/p>\n\n\n\n<p>Per una millor experi\u00e8ncia de navegaci\u00f3,&nbsp;&nbsp;<strong>cal disposar de les versions m\u00e9s actuals de navegadors&nbsp;<\/strong>per a dispositius m\u00f2bils.<\/p>\n\n\n\n<h2><strong>Quina informaci\u00f3 hi puc trobar?<\/strong><\/h2>\n\n\n\n<p>La versi\u00f3 per a m\u00f2bils ofereix les darreres&nbsp;<strong>observacions<\/strong> del temps&nbsp;i la&nbsp;<strong>predicci\u00f3 <\/strong>pels pr\u00f2xims dies, tant a nivell general de Catalunya com acotat al municipi seleccionat. Tamb\u00e9 pots consultar les <span style=\"text-decoration: underline;\">not\u00edcies d&#8217;\u00faltima hora<\/span> emeses a trav\u00e9s dels canals oficials de l&#8217;SMC a les <strong>xarxes socials<\/strong>.<\/p>\n\n\n\n<div class=\"wp-block-image\"><figure class=\"aligncenter\"><a href=\"https:\/\/static-m.meteo.cat\/content\/blog\/2014\/07\/varies-pantalles1.png\"><img src=\"https:\/\/static-m.meteo.cat\/content\/blog\/2014\/07\/varies-pantalles1.png\" alt=\"pantalles web al m\u00f2bil\" class=\"wp-image-1840\"\/><\/a><\/figure><\/div>\n\n\n\n<p>Concretament, pel que fa a <strong>observacions meteorol\u00f2giques<\/strong>&nbsp;disposes de:<\/p>\n\n\n\n<ul><li><strong>\u00daltimes dades enregistrades <\/strong>a&nbsp;l&#8217;estaci\u00f3 meteorol\u00f2gica autom\u00e0tica (EMA) representativa del municipi seleccionat.<\/li><li>Visualitzaci\u00f3&nbsp;de les \u00faltimes dades de&nbsp;<b>precipitaci\u00f3&nbsp;<\/b>detectades per la <span style=\"text-decoration: underline;\">xarxa de&nbsp;radars<\/span>&nbsp;de l&#8217;SMC.<\/li><li>Visualitzaci\u00f3 de les \u00faltimes&nbsp;<strong>desc\u00e0rregues el\u00e8ctriques <\/strong>detectades.<\/li><li><span style=\"line-height: 1.5em;\"><strong>Resum de dades<\/strong> &nbsp;d&#8217;avui, ahir i tamb\u00e9 del mes i any en curs,&nbsp;enregistrades per la xarxa d&#8217;estacions autom\u00e0tiques.<\/span><\/li><\/ul>\n\n\n\n<p>Pel que fa a la <span style=\"text-decoration: underline;\"><strong>predicci\u00f3<\/strong><\/span>:<\/p>\n\n\n\n<ul><li>Temps previst per les <strong>properes hores<\/strong> al teu municipi (predicci\u00f3 autom\u00e0tica generada a partir de models meteorol\u00f2gics).<\/li><li>Predicci\u00f3 pels&nbsp;<strong>pr\u00f2xims dies<\/strong> al teu municipi (sortida autom\u00e0tica de models).<\/li><li>Visualitzaci\u00f3 del mapa general de <strong>predicci\u00f3 a Catalunya<\/strong> pels pr\u00f2xim dies.<\/li><li>Visualitzaci\u00f3 de la<strong> predicci\u00f3 comarcal<\/strong> pels pr\u00f2xims dies.<\/li><li>Predicci\u00f3 di\u00e0ria en format <strong>audiovisual<\/strong>.<\/li><\/ul>\n\n\n\n<p>Tamb\u00e9 pots consultar les \u00faltimes novetats emeses pel canal <strong>@meteocat<\/strong> i participar activament a pintar el <span style=\"text-decoration: underline;\">mapa social de s\u00edmbols<\/span>&nbsp;a trav\u00e9s de la publicaci\u00f3 de tuits geolocalitzats amb l&#8217;etiqueta&nbsp;<strong>#meteocat<\/strong>.<\/p>\n\n\n\n<div class=\"wp-block-image\"><figure class=\"aligncenter\"><a href=\"https:\/\/static-m.meteo.cat\/content\/blog\/2014\/07\/geotuits.png\"><img src=\"https:\/\/static-m.meteo.cat\/content\/blog\/2014\/07\/geotuits.png\" alt=\"instruccions per participar en mapa de geo-tuits\" class=\"wp-image-1824\"\/><\/a><\/figure><\/div>\n\n\n\n<h2><strong>Com puc trobar la informaci\u00f3?<\/strong><\/h2>\n\n\n\n<div class=\"wp-block-image\"><figure class=\"alignright\"><a href=\"https:\/\/static-m.meteo.cat\/content\/blog\/2014\/07\/mob-navegacio1.jpg\"><img src=\"https:\/\/static-m.meteo.cat\/content\/blog\/2014\/07\/mob-navegacio1-228x300.jpg\" alt=\"men\u00fas de navegaci\u00f3\"\/><\/a><\/figure><\/div>\n\n\n\n<p><span style=\"line-height: 1.5em;\">La&nbsp;web disposa d&#8217;un <span style=\"text-decoration: underline;\">men\u00fa principal<\/span> de navegaci\u00f3 que es troba a la part inferior de la pantalla i est\u00e0 sempre visible. <\/span><\/p>\n\n\n\n<p><span style=\"line-height: 1.5em;\">Actualment hi ha 4 seccions principals:<\/span><\/p>\n\n\n\n<ul><li>&#8216;<strong>El meu lloc<\/strong>&#8216;: on hi trobar\u00e0s les dades acotades pel municipi seleccionat.<\/li><li>&#8216;<strong>Catalunya<\/strong>&#8216;: dades generals de tot el territori.<\/li><li>&#8216;<strong>Social<\/strong>&#8216;: novetats a trav\u00e9s del canal @meteocat.<\/li><li>&#8216;<strong>V\u00eddeo<\/strong>&#8216;: predicci\u00f3 del dia en format audiovisual.<\/li><\/ul>\n\n\n\n<p><span style=\"line-height: 1.5em;\">I a la part superior de la pantalla tens el <span style=\"text-decoration: underline;\">men\u00fa secundari<\/span>, que canvia en funci\u00f3 de la secci\u00f3 escollida.<\/span><\/p>\n\n\n\n<h2>Altres elements de navegaci\u00f3<\/h2>\n\n\n\n<div class=\"wp-block-image\"><figure class=\"alignleft\"><a href=\"https:\/\/static-m.meteo.cat\/content\/blog\/2014\/07\/mob-cercador1.jpg\"><img src=\"https:\/\/static-m.meteo.cat\/content\/blog\/2014\/07\/mob-cercador1-300x291.jpg\" alt=\"m.meteo.cat - cerca per municipi\"\/><\/a><\/figure><\/div>\n\n\n\n<p>La web al m\u00f2bil permet <strong>seleccionar un municipi<\/strong> de refer\u00e8ncia per tal de visualitzar la seva informaci\u00f3 en detall. Aquesta informaci\u00f3 es recordar\u00e0 el pr\u00f2xim cop que visitis la web.<\/p>\n\n\n\n<p>El cercador per canviar de municipi es troba a la part superior de la web.<\/p>\n\n\n\n<div class=\"wp-block-image\"><figure class=\"alignright\"><a href=\"https:\/\/static-m.meteo.cat\/content\/blog\/2014\/07\/mob-elements-navegacio.jpg\"><img src=\"https:\/\/static-m.meteo.cat\/content\/blog\/2014\/07\/mob-elements-navegacio-248x300.jpg\" alt=\"elements de navegaci\u00f3 en mapes\"\/><\/a><\/figure><\/div>\n\n\n\n<p>En la visualitzaci\u00f3 de mapes, a m\u00e9s, trobar\u00e0s les opcions seg\u00fcents<\/p>\n\n\n\n<ul><li><strong>Zoom<\/strong>: per ampliar o reduir la secci\u00f3 de mapa i accedir a informaci\u00f3 m\u00e9s o menys detallada.<\/li><li><strong>Selecci\u00f3 de capes<\/strong> disponibles: per seleccionar el tipus d&#8217;informaci\u00f3 que vols visualitzar.<\/li><li><strong>L\u00ednia de temps<\/strong>: per avan\u00e7ar o retrocedir en el temps.<\/li><\/ul>\n\n\n\n<p><span style=\"line-height: 1.5em;\">&nbsp;<\/span><\/p>\n\n\n\n<p>Et convidem a que visitis la nostra nova web des del teu dispositiu m\u00f2bil i, si ho prefereixes, sempre podr\u00e0s seguir navegant per la versi\u00f3 cl\u00e0ssica <a title=\"V\u00e9s a www.meteo.cat\" href=\"https:\/\/www.meteo.cat\">www.meteo.cat<\/a>.<\/p>\n\n\n\n<p><span style=\"color: #333333; font-size: 14px; line-height: 1.5em;\">&nbsp;<\/span><\/p>\n","protected":false},"excerpt":{"rendered":"<p>PUBLICADA EL 31\/07\/2014 El Servei Meteorol\u00f2gic de Catalunya (SMC) posa a la teva disposici\u00f3 una versi\u00f3 simplificada de la&nbsp;web meteo.cat,&nbsp;adaptada&nbsp;a dispositius m\u00f2bils, per tal de facilitar l&#8217;acc\u00e9s a la informaci\u00f3 m\u00e9s sol\u00b7licitada oferint un format visual atractiu i f\u00e0cil d&#8217;utilitzar des d&#8217;aquestes plataformes. Navegant a la&nbsp;web meteo.cat&nbsp;des d&#8217;un tel\u00e8fon intel\u00b7ligent&nbsp;o tauleta t\u00e0ctil, tens acc\u00e9s directament [&hellip;]<\/p>\n","protected":false},"author":1,"featured_media":0,"parent":18378,"menu_order":0,"comment_status":"closed","ping_status":"open","template":"template-sidebar.php","meta":{"_mi_skip_tracking":false,"_monsterinsights_sitenote_active":false,"_monsterinsights_sitenote_note":"","_monsterinsights_sitenote_category":0},"_links":{"self":[{"href":"https:\/\/www.meteo.cat\/wpweb\/wp-json\/wp\/v2\/pages\/18087"}],"collection":[{"href":"https:\/\/www.meteo.cat\/wpweb\/wp-json\/wp\/v2\/pages"}],"about":[{"href":"https:\/\/www.meteo.cat\/wpweb\/wp-json\/wp\/v2\/types\/page"}],"author":[{"embeddable":true,"href":"https:\/\/www.meteo.cat\/wpweb\/wp-json\/wp\/v2\/users\/1"}],"replies":[{"embeddable":true,"href":"https:\/\/www.meteo.cat\/wpweb\/wp-json\/wp\/v2\/comments?post=18087"}],"version-history":[{"count":6,"href":"https:\/\/www.meteo.cat\/wpweb\/wp-json\/wp\/v2\/pages\/18087\/revisions"}],"predecessor-version":[{"id":34027,"href":"https:\/\/www.meteo.cat\/wpweb\/wp-json\/wp\/v2\/pages\/18087\/revisions\/34027"}],"up":[{"embeddable":true,"href":"https:\/\/www.meteo.cat\/wpweb\/wp-json\/wp\/v2\/pages\/18378"}],"wp:attachment":[{"href":"https:\/\/www.meteo.cat\/wpweb\/wp-json\/wp\/v2\/media?parent=18087"}],"curies":[{"name":"wp","href":"https:\/\/api.w.org\/{rel}","templated":true}]}}