{"id":18086,"date":"2014-05-22T10:19:09","date_gmt":"2014-05-22T09:19:09","guid":{"rendered":"http:\/\/10.116.16.72\/test\/?p=1690"},"modified":"2024-11-07T16:07:02","modified_gmt":"2024-11-07T16:07:02","slug":"1r-webinari-del-meteocat","status":"publish","type":"page","link":"https:\/\/www.meteo.cat\/wpweb\/divulgacio\/publicacions\/miscellania\/1r-webinari-del-meteocat\/","title":{"rendered":"1r Webinari del Meteocat"},"content":{"rendered":"\n<p><strong> PUBLICADA 22\/05\/2014<\/strong><\/p>\n\n\n\n<p>El passat 9 d\u2019abril el Servei Meteorol\u00f2gic de Catalunya (SMC) va realitzar el seu primer <b>webinari<\/b>. Un <b>webinari<\/b>,<b> seminari en l\u00ednia<\/b>, <b>seminari web<\/b> o <b>teleconfer\u00e8ncia<\/b> \u00e9s un seminari multim\u00e8dia i interactiu, que \u00e9s accessible en l\u00ednia i que es pot seguir, en directe o en diferit, a trav\u00e9s d&#8221;un web. Aquest esdeveniment es crea des d\u2019una organitzaci\u00f3 (en aquest cas l\u2019SMC) i es difon a un grup de persones o col\u00b7lectius a trav\u00e9s de l\u2019ordinador via internet. Durant un webinari un expert explica un tema concret acompanyant l\u2019explicaci\u00f3 amb diverses eines de suport visual (presentacions, v\u00eddeos, p\u00e0gines web&#8230;). Els webinaris permeten la interacci\u00f3 entre el ponent i l\u2019audi\u00e8ncia, que pot formular preguntes en temps real de viva veu o amb un xat en directe, despr\u00e9s de l\u2019exposici\u00f3.<\/p>\n\n\n\n<p>Aquesta acci\u00f3 de l\u2019SMC s\u2019emmarca en un projecte pilot que pret\u00e9n l\u2019elaboraci\u00f3 de diferents webinaris dirigits en un principi a escoles d\u2019educaci\u00f3 prim\u00e0ria (6\u00e8 curs). En certa manera, es tracta de fer virtual el que l\u2019SMC ja ofereix de manera presencial als instituts i escoles de prim\u00e0ria de tot Catalunya.<\/p>\n\n\n\n<p>El primer webinari realitzat va tractar sobre <b>com es fa una predicci\u00f3 meteorol\u00f2gica<\/b>. Es va gravar aprofitant el set de televisi\u00f3 de l\u2019SMC, inaugurat el Dia Meteorol\u00f2gic Mundial del 2011 (<a>not\u00edcia<\/a>), i des del qual es realitzen les prediccions di\u00e0ries del canal meteorol\u00f2gic del <a href=\"http:\/\/www.youtube.com\/user\/meteocattv#p\/u\" target=\"_blank\" rel=\"noreferrer noopener nofollow\">Meteocat a <b>Youtube<\/b><\/a> i per a la <b><a href=\"http:\/\/www.laxarxa.com\/\" target=\"_blank\" rel=\"noreferrer noopener nofollow\">Xarxa de Televisions Locals de Catalunya<\/a><\/b>.<\/p>\n\n\n\n<p>L\u2019Escola La Trama de Sabadell va ser l\u2019escola escollida per a dur a terme aquesta primera experi\u00e8ncia que es va desenvolupar des de la <b>Sala Polivalent<\/b> de la seu de l\u2019SMC a Barcelona (Carrer de Berl\u00edn 38-48, 5a planta).<\/p>\n\n\n\n<p>Les seg\u00fcents fotografies mostres dues instant\u00e0nies de la sessi\u00f3 que es va dur a terme el passat 9 d\u2019abril (Les cares dels alumnes del centre apareixen difuminades per tal de preservar la seva intimitat).<\/p>\n\n\n\n<div class=\"wp-block-image\"><figure class=\"aligncenter size-large is-resized\"><a href=\"https:\/\/static-m.meteo.cat\/wordpressweb\/wp-content\/uploads\/2021\/10\/14084713\/webinar-2.jpg\"><img loading=\"lazy\" src=\"https:\/\/static-m.meteo.cat\/wordpressweb\/wp-content\/uploads\/2021\/10\/14084713\/webinar-2.jpg\" alt=\"Treballadors impartint un webinar\" class=\"wp-image-32670\" width=\"500\" height=\"375\"\/><\/a><\/figure><\/div>\n\n\n\n<div class=\"wp-block-image\"><figure class=\"aligncenter size-large\"><a href=\"https:\/\/static-m.meteo.cat\/wordpressweb\/wp-content\/uploads\/2021\/10\/14084714\/webinar-1.jpg\"><img loading=\"lazy\" width=\"500\" height=\"375\" src=\"https:\/\/static-m.meteo.cat\/wordpressweb\/wp-content\/uploads\/2021\/10\/14084714\/webinar-1.jpg\" alt=\"Ordinador on es veu una aula amb alumnes\" class=\"wp-image-32671\"\/><\/a><\/figure><\/div>\n\n\n\n<p><b style=\"line-height: 1.5em;\">Des de l\u2019SMC estem molt agra\u00efts a l\u2019inter\u00e8s mostrat pels mestres i sobretot els alumnes de 6\u00e8 de prim\u00e0ria de l\u2019escola La Trama de Sabadell.<\/b><\/p>\n","protected":false},"excerpt":{"rendered":"<p>PUBLICADA 22\/05\/2014 El passat 9 d\u2019abril el Servei Meteorol\u00f2gic de Catalunya (SMC) va realitzar el seu primer webinari. Un webinari, seminari en l\u00ednia, seminari web o teleconfer\u00e8ncia \u00e9s un seminari multim\u00e8dia i interactiu, que \u00e9s accessible en l\u00ednia i que es pot seguir, en directe o en diferit, a trav\u00e9s d&#8221;un web. Aquest esdeveniment es [&hellip;]<\/p>\n","protected":false},"author":7,"featured_media":0,"parent":18378,"menu_order":0,"comment_status":"open","ping_status":"open","template":"template-sidebar.php","meta":{"_mi_skip_tracking":false,"_monsterinsights_sitenote_active":false,"_monsterinsights_sitenote_note":"","_monsterinsights_sitenote_category":0},"_links":{"self":[{"href":"https:\/\/www.meteo.cat\/wpweb\/wp-json\/wp\/v2\/pages\/18086"}],"collection":[{"href":"https:\/\/www.meteo.cat\/wpweb\/wp-json\/wp\/v2\/pages"}],"about":[{"href":"https:\/\/www.meteo.cat\/wpweb\/wp-json\/wp\/v2\/types\/page"}],"author":[{"embeddable":true,"href":"https:\/\/www.meteo.cat\/wpweb\/wp-json\/wp\/v2\/users\/7"}],"replies":[{"embeddable":true,"href":"https:\/\/www.meteo.cat\/wpweb\/wp-json\/wp\/v2\/comments?post=18086"}],"version-history":[{"count":6,"href":"https:\/\/www.meteo.cat\/wpweb\/wp-json\/wp\/v2\/pages\/18086\/revisions"}],"predecessor-version":[{"id":41724,"href":"https:\/\/www.meteo.cat\/wpweb\/wp-json\/wp\/v2\/pages\/18086\/revisions\/41724"}],"up":[{"embeddable":true,"href":"https:\/\/www.meteo.cat\/wpweb\/wp-json\/wp\/v2\/pages\/18378"}],"wp:attachment":[{"href":"https:\/\/www.meteo.cat\/wpweb\/wp-json\/wp\/v2\/media?parent=18086"}],"curies":[{"name":"wp","href":"https:\/\/api.w.org\/{rel}","templated":true}]}}