{"id":18085,"date":"2014-04-25T10:27:15","date_gmt":"2014-04-25T09:27:15","guid":{"rendered":"http:\/\/10.116.16.72\/test\/?p=1621"},"modified":"2020-10-19T10:37:17","modified_gmt":"2020-10-19T10:37:17","slug":"el-servei-meteorologic-de-catalunya-membre-oficial-de-leuropean-meteorological-society-ems","status":"publish","type":"page","link":"https:\/\/www.meteo.cat\/wpweb\/divulgacio\/publicacions\/miscellania\/el-servei-meteorologic-de-catalunya-membre-oficial-de-leuropean-meteorological-society-ems\/","title":{"rendered":"El Servei Meteorol\u00f2gic de Catalunya membre oficial de l\u2019European Meteorological Society (EMS)"},"content":{"rendered":"\n<p><strong>PUBLICADA EL 25\/04\/2014<\/strong><\/p>\n\n\n\n<p>El Servei Meteorol\u00f2gic de Catalunya ha estat adm\u00e8s a la Societat Meteorol\u00f2gica Europea (European Meteorological Society, EMS) com a membre associat. La pertinen\u00e7a a aquesta instituci\u00f3 permetr\u00e0 formar part de la xarxa europea que engloba serveis meteorol\u00f2gics i hidrol\u00f2gics, empreses i instituts de recerca que tenen en la meteorologia i la climatologia els seus camps principals de treball. &nbsp;Serveis com M\u00e9t\u00e9o-France (Fran\u00e7a), MeteoSwiss (Su\u00efssa), KNMI (Holanda), MetOffice (Regne Unit), Deutscher Wetterdienst (Alemanya) o Aemet (Espanya) i institucions com EUMETNET o ECMWF en formen part, i des d\u2019aquest mes d\u2019abril ho \u00e9s el Servei Meteorol\u00f2gic de Catalunya. Entre els beneficis que aportar\u00e0 formar part de l\u2019EMS, destaquen:<\/p>\n\n\n\n<ul><li>&nbsp;Facilitar l\u2019acc\u00e9s a un f\u00f2rum d\u2019intercanvi i discussi\u00f3 sobre l\u2019actualitat de la ci\u00e8ncia meteorol\u00f2gica a nivell europeu i que integra 68 entitats i serveis meteorol\u00f2gics.<\/li><li>Organitzar congressos i seminaris sota l\u2019auspici de l\u2019EMS, com a ara l\u2019ECAC (European Congress of Applied Climatology).<\/li><li>Acc\u00e9s a preus redu\u00efts a nombrosos congressos i seminaris de formaci\u00f3 en mat\u00e8ria meteorol\u00f2gica i climatol\u00f2gica.<\/li><li>Guanyar pres\u00e8ncia internacional i poder accedir a productes i a coneixement en mat\u00e8ria meteorol\u00f2gica i climatol\u00f2gica.<\/li><\/ul>\n\n\n\n<p>M\u00e9s informaci\u00f3 a: <a href=\"http:\/\/www.emetsoc.org\">http:\/\/www.emetsoc.org<\/a><\/p>\n","protected":false},"excerpt":{"rendered":"<p>PUBLICADA EL 25\/04\/2014 El Servei Meteorol\u00f2gic de Catalunya ha estat adm\u00e8s a la Societat Meteorol\u00f2gica Europea (European Meteorological Society, EMS) com a membre associat. La pertinen\u00e7a a aquesta instituci\u00f3 permetr\u00e0 formar part de la xarxa europea que engloba serveis meteorol\u00f2gics i hidrol\u00f2gics, empreses i instituts de recerca que tenen en la meteorologia i la climatologia [&hellip;]<\/p>\n","protected":false},"author":2,"featured_media":0,"parent":18378,"menu_order":0,"comment_status":"open","ping_status":"closed","template":"template-sidebar.php","meta":{"_mi_skip_tracking":false,"_monsterinsights_sitenote_active":false,"_monsterinsights_sitenote_note":"","_monsterinsights_sitenote_category":0},"_links":{"self":[{"href":"https:\/\/www.meteo.cat\/wpweb\/wp-json\/wp\/v2\/pages\/18085"}],"collection":[{"href":"https:\/\/www.meteo.cat\/wpweb\/wp-json\/wp\/v2\/pages"}],"about":[{"href":"https:\/\/www.meteo.cat\/wpweb\/wp-json\/wp\/v2\/types\/page"}],"author":[{"embeddable":true,"href":"https:\/\/www.meteo.cat\/wpweb\/wp-json\/wp\/v2\/users\/2"}],"replies":[{"embeddable":true,"href":"https:\/\/www.meteo.cat\/wpweb\/wp-json\/wp\/v2\/comments?post=18085"}],"version-history":[{"count":4,"href":"https:\/\/www.meteo.cat\/wpweb\/wp-json\/wp\/v2\/pages\/18085\/revisions"}],"predecessor-version":[{"id":29209,"href":"https:\/\/www.meteo.cat\/wpweb\/wp-json\/wp\/v2\/pages\/18085\/revisions\/29209"}],"up":[{"embeddable":true,"href":"https:\/\/www.meteo.cat\/wpweb\/wp-json\/wp\/v2\/pages\/18378"}],"wp:attachment":[{"href":"https:\/\/www.meteo.cat\/wpweb\/wp-json\/wp\/v2\/media?parent=18085"}],"curies":[{"name":"wp","href":"https:\/\/api.w.org\/{rel}","templated":true}]}}