{"id":18082,"date":"2014-01-29T10:44:51","date_gmt":"2014-01-29T09:44:51","guid":{"rendered":"http:\/\/10.116.16.72\/test\/?p=1320"},"modified":"2022-01-26T09:18:15","modified_gmt":"2022-01-26T09:18:15","slug":"1939-01-29_75-anys-del-tancament-del-1r-servei-meteorologic-de-catalunya","status":"publish","type":"page","link":"https:\/\/www.meteo.cat\/wpweb\/divulgacio\/publicacions\/efemerides\/1939-01-29_75-anys-del-tancament-del-1r-servei-meteorologic-de-catalunya\/","title":{"rendered":"75 anys del tancament del 1r Servei Meteorol\u00f2gic de Catalunya (1921-1939)"},"content":{"rendered":"\n<p><strong>PUBLICADA EL 29\/01\/2014<\/strong><\/p>\n\n\n\n<p>Avui es compleixen <strong>75 anys<\/strong> del <strong>tancament i destrucci\u00f3<\/strong> del <a title=\"Hist\u00f2ria del Servei Meteorol\u00f2gic de Catalunya\" href=\"https:\/\/www.meteo.cat\/wpweb\/sobre-meteocat\/historia\/\" target=\"_blank\" rel=\"noopener noreferrer\"><strong>primer Servei Meteorol\u00f2gic de Catalunya<\/strong><\/a> (1921-1939), tres dies despr\u00e9s de la caiguda de Barcelona a mans de l\u2019ex\u00e8rcit franquista.<\/p>\n\n\n\n<p>El personal mobilitzat del Servei Meteorol\u00f2gic de Catalunya ja havia marxat cap al nord amb les forces combatents i les darreres formacions d\u2019auxiliars i de personal d\u2019oficina els dies <strong>23 i 24 de gener de 1939<\/strong>. Els meteor\u00f2legs del <i>Servicio Meteorol\u00f3gico Nacional <\/i>(nom d\u2019aquella \u00e8poca que tenia l\u2019AEMET) es quedaren tots a les oficines de la Travessera de Dalt, tret de Mariano Doporto, meteor\u00f2leg que es va exiliar a Irlanda i que va arribar a ser cap del seu servei meteorol\u00f2gic. A les oficines de l\u2019SMC nom\u00e9s van quedar cinc persones que malgrat tot van portar a terme les tasques di\u00e0ries de l\u2019SMC, segons paraules del <strong>Sr. Pons<\/strong>: \u201c<i>Quedaren solament, els darrers temps, el Cap Dr. Fontser\u00e8, dues noies, un subaltern mig malalt i jo\u201d<\/i>.<\/p>\n\n\n\n<p>A quarts d\u2019onze del mat\u00ed del <strong>29 de gener de 1939<\/strong> el tinent meteor\u00f2leg <strong>Adolfo Mart\u00edn Beloso<\/strong>, acompanyat de dos soldats, va prendre possessi\u00f3 del Servei Meteorol\u00f2gic de Catalunya per ordre de la <i>Jefatura del Servicio Meteorol\u00f3gico Nacional<\/i>. L&#8217;ordre havia estat donada pel <strong>coronel P\u00edo Pita Su\u00e1rez-Cobi\u00e1n<\/strong> i amb el benepl\u00e0cit del director del <em>Servicio Meteorol\u00f3gico Nacional<\/em> (actualment <em><a href=\"http:\/\/www.aemet.es\/\" target=\"_blank\" rel=\"noopener noreferrer\">Agencia Estatal de Meteorolog\u00eda<\/a>, <\/em>AEMET), <strong>Dr. Rafael Mar\u00edn Sanz<\/strong>. En no trobar el seu director, el <strong>Dr. Eduard Fontser\u00e8 i Riba<\/strong>, va tornar al dia seg\u00fcent reclamant espec\u00edficament la documentaci\u00f3 de la Secci\u00f3 Nefol\u00f2gica del Servei Meteorol\u00f2gic, que t\u00e8cnicament era propietat del <strong>Sr. Rafel Patxot i Jubert<\/strong> en estar sufragada gr\u00e0cies a una fundaci\u00f3 per ell creada anomenada <strong>Fundaci\u00f3 Concepci\u00f3 Rabell<\/strong>. Aquest material havia estat recentment donat a l\u2019<strong>Organitzaci\u00f3 Meteorol\u00f2gica Internacional<\/strong> (precursora de l\u2019Organitzaci\u00f3 Meteorol\u00f2gica Mundial d\u2019avui en dia) per a la seva protecci\u00f3.<\/p>\n\n\n\n<div class=\"wp-block-image\"><figure class=\"aligncenter\"><img src=\"http:\/\/farm4.staticflickr.com\/3675\/12202825114_ac48e4d342.jpg\" alt=\"\"\/><figcaption>Tarja del tinent d\u2019aviaci\u00f3 que va prendre possessi\u00f3 del Servei Meteorol\u00f2gic de Catalunya. L\u2019anotaci\u00f3 al peu \u00e9s del propi Dr. Fontser\u00e8&nbsp;(Fons Eduard Fontser\u00e8, Cartoteca de l\u2019Institut Cartogr\u00e0fic de Catalunya).<\/figcaption><\/figure><\/div>\n\n\n\n<p>El material es trobava a l\u2019Observatori Fabra, lluny del perill de les constants bombes que queien a la ciutat. Beloso hi va anar juntament amb Fontser\u00e8 i es qued\u00e0 amb les claus dels armaris i de l\u2019observatori. Dies despr\u00e9s van carregar tot el material fotogr\u00e0fic i documental del fons nefol\u00f2gic i se\u2019l van endur.<\/p>\n\n\n\n<p>El fot\u00f2graf del Servei, el Sr. Pons, explic\u00e0: \u201c<i>Tot seguit el Dr. Fontser\u00e8, dues noies i jo, deix\u00e0rem, amb la recan\u00e7a i l\u2019angoixa que es pot suposar, el nostre Servei per sempre m\u00e9s, la fi del qual fou l\u2019esmicolament de tot el qu\u00e8 hi havia de caire cient\u00edfic<\/i>\u201d.<\/p>\n\n\n\n<p>Fontser\u00e8 va deixar escrit en unes notes personals: \u201c<i>El material del Servei fou vand\u00e0licament destru\u00eft. \u00c0dhuc el replanet de marbre del nefoscopi Besson que hi havia al terrat fou trencat a cop de martell, com tamb\u00e9 la placa de ferro porcellanat que hi havia a la porta de l\u2019oficina. Un dels nostres millors aparells de r\u00e0dio fou regalat a uns soldats que feien gu\u00e0rdia a la porteria de can Batll\u00f3. Alg\u00fa va indicar-me que la nostra espl\u00e8ndida col\u00b7lecci\u00f3 de treballs originals (cartes del temps, sondatges, estudis en curs, estoc de publicacions, etc.) havia estat carregat en un cami\u00f3 militar i venuda per en Beloso a un drapaire per 500 pessetes<\/i>\u201d.<\/p>\n\n\n\n<div class=\"wp-block-image\"><figure class=\"aligncenter\"><img src=\"http:\/\/farm6.staticflickr.com\/5490\/12202824414_a16bfefea4.jpg\" alt=\"\"\/><figcaption>Estaci\u00f3 radiotelegr\u00e0fica del primer Servei Meteorol\u00f2gic de Catalunya en temps de la Rep\u00fablica (Fons Hist\u00f2ric del Servei Meteorol\u00f2gic de Catalunya, Cartoteca de l\u2019Institut Cartogr\u00e0fic de Catalunya).<\/figcaption><\/figure><\/div>\n\n\n\n<p>Finalment, Rafel Patxot explica a la p\u00e0gina 671 de la seves mem\u00f2ries <b>Guaitant Enrera<\/b>: \u201c<i>El Sr. Mar\u00edn, Director del Servei Meteorol\u00f2gic Espanyol, que s\u2019esmunyia a Barcelona, havia estat deixeble del Dr. Fontser\u00e8 i \u00e0dhuc havia fet pr\u00e0ctiques en el S. M. de Catalunya; el Dr. Fontser\u00e8 tingu\u00e9 la noble generositat d\u2019anar-lo a trobar: fou indignament rebut, insultat i obligat a retirar-se amb amenaces.<\/i><\/p>\n\n\n\n<p><i>Un dels agents del Sr. Mar\u00edn, complet\u00e0 la informaci\u00f3 confessant que, a m\u00e9s de l\u2019ordre escrita, tamb\u00e9 s\u2019havia rebut l\u2019ordre verbal de trepitjar tot el que pertanyia al S. M. de Catalunya. <\/i><\/p>\n\n\n\n<p><i>Despr\u00e9s, se\u2019n portaren els meus milers de clix\u00e9s cap a Madrid el somni de venjan\u00e7a del qual, destorbat d\u2019en\u00e7\u00e0 de tants anys, era aix\u00ed acomplert. Fou el c\u00e0stig espanyol de la meva col\u00b7laboraci\u00f3 a la publicaci\u00f3 de l\u2019Atlas internacional dels N\u00favols (Comit\u00e8 Meteorol\u00f2gic Internacional), associat amb el nom de Catalunya<\/i>.\u201d<\/p>\n\n\n\n<div class=\"wp-block-image\"><figure class=\"aligncenter\"><img src=\"http:\/\/farm4.staticflickr.com\/3688\/12202655433_656b91d6c0.jpg\" alt=\"\"\/><\/figure><\/div>\n\n\n\n<div class=\"wp-block-image\"><figure class=\"aligncenter\"><img src=\"http:\/\/farm4.staticflickr.com\/3677\/12202823424_ae10ef0e7c.jpg\" alt=\"\"\/><figcaption>Imatges dels clix\u00e9s de n\u00favols de la Secci\u00f3 Nefol\u00f2gica del Servei Meteorol\u00f2gic de Catalunya (Fons Hist\u00f2ric del Servei Meteorol\u00f2gic de Catalunya, Cartoteca de l\u2019Institut Cartogr\u00e0fic de Catalunya).<\/figcaption><\/figure><\/div>\n\n\n\n<p>Aquests foren els \u00faltims moments de la hist\u00f2ria del primer Servei Meteorol\u00f2gic de Catalunya. 57 anys m\u00e9s tard (el 1996) el Consell Executiu de la Generalitat de Catalunya crearia el <i>Servei de Meteorologia de Catalunya <\/i>com a \u00f2rgan administratiu adscrit a la Direcci\u00f3 General de Qualitat Ambiental del &nbsp;Departament de Medi Ambient. Per\u00f2 no va ser fins l\u2019aprovaci\u00f3 de la Llei 15\/2001, de 14 de novembre, de meteorologia, quan es va restablir el Servei Meteorol\u00f2gic de Catalunya com a entitat amb personalitat jur\u00eddica pr\u00f2pia.<\/p>\n\n\n\n<p>Els arxius confiscats de l&#8217;antic SMC van ser retornats a la <strong>Generalitat de Catalunya<\/strong> l&#8217;any 1983, tot i que les males condicions d\u2019emmagatzematge i conservaci\u00f3 del fons van malmetre una part important del mateix. Despr\u00e9s de ser catalogats, es conserven a la Cartoteca de l\u2019<strong>Institut Cartogr\u00e0fic de Catalunya<\/strong>.<\/p>\n","protected":false},"excerpt":{"rendered":"<p>PUBLICADA EL 29\/01\/2014 Avui es compleixen 75 anys del tancament i destrucci\u00f3 del primer Servei Meteorol\u00f2gic de Catalunya (1921-1939), tres dies despr\u00e9s de la caiguda de Barcelona a mans de l\u2019ex\u00e8rcit franquista. El personal mobilitzat del Servei Meteorol\u00f2gic de Catalunya ja havia marxat cap al nord amb les forces combatents i les darreres formacions d\u2019auxiliars [&hellip;]<\/p>\n","protected":false},"author":7,"featured_media":0,"parent":18384,"menu_order":0,"comment_status":"open","ping_status":"closed","template":"template-sidebar.php","meta":{"_mi_skip_tracking":false,"_monsterinsights_sitenote_active":false,"_monsterinsights_sitenote_note":"","_monsterinsights_sitenote_category":0},"_links":{"self":[{"href":"https:\/\/www.meteo.cat\/wpweb\/wp-json\/wp\/v2\/pages\/18082"}],"collection":[{"href":"https:\/\/www.meteo.cat\/wpweb\/wp-json\/wp\/v2\/pages"}],"about":[{"href":"https:\/\/www.meteo.cat\/wpweb\/wp-json\/wp\/v2\/types\/page"}],"author":[{"embeddable":true,"href":"https:\/\/www.meteo.cat\/wpweb\/wp-json\/wp\/v2\/users\/7"}],"replies":[{"embeddable":true,"href":"https:\/\/www.meteo.cat\/wpweb\/wp-json\/wp\/v2\/comments?post=18082"}],"version-history":[{"count":5,"href":"https:\/\/www.meteo.cat\/wpweb\/wp-json\/wp\/v2\/pages\/18082\/revisions"}],"predecessor-version":[{"id":29333,"href":"https:\/\/www.meteo.cat\/wpweb\/wp-json\/wp\/v2\/pages\/18082\/revisions\/29333"}],"up":[{"embeddable":true,"href":"https:\/\/www.meteo.cat\/wpweb\/wp-json\/wp\/v2\/pages\/18384"}],"wp:attachment":[{"href":"https:\/\/www.meteo.cat\/wpweb\/wp-json\/wp\/v2\/media?parent=18082"}],"curies":[{"name":"wp","href":"https:\/\/api.w.org\/{rel}","templated":true}]}}